{"id":855,"date":"2025-03-07T17:56:34","date_gmt":"2025-03-07T17:56:34","guid":{"rendered":"https:\/\/imperioelectrodomesticos.uy\/?post_type=product&#038;p=855"},"modified":"2025-05-15T18:52:44","modified_gmt":"2025-05-15T18:52:44","slug":"cocina-tem-maia-con-visor","status":"publish","type":"product","link":"https:\/\/imperioelectrodomesticos.uy\/index.php\/producto\/cocina-tem-maia-con-visor\/","title":{"rendered":"Cocina TEM Z2723 Maia Combinada 3+1 Disco"},"content":{"rendered":"<div class=\"ui-pdp-container__col col-3 ui-pdp-container--column-center pb-40\">\n<div class=\"ui-pdp-container__row\">\n<div class=\"ui-pdp-container__col col-1 pl-24 pr-24\">\n<div class=\"ui-pdp-collapsable mt-24 ui-pdp-description-collapse\">\n<div class=\"ui-pdp-collapsable__container\">\n<div class=\"ui-pdp-description\"><\/div>\n<\/div>\n<\/div>\n<\/div>\n<\/div>\n<div class=\"ui-pdp-container__row\">\n<div class=\"ui-pdp-container__col col-1\">\n<p>Esta cocina Tem te ayudar\u00e1 a lucirte y sorprender a todos tus comensales. Su dise\u00f1o y funcionalidad te garantizan el mejor desempe\u00f1o para que elabores tus platos de una manera c\u00f3moda y pr\u00e1ctica.<\/p>\n<p>Limpieza inmediata<br \/>\nDebido a su funci\u00f3n autolimpiante, sus paredes interiores cuentan con un recubrimiento que evita la acumulaci\u00f3n de grasa haciendo mucho m\u00e1s sencilla su limpieza.<\/p>\n<p>Seguridad para tu hogar<br \/>\nEn caso de que se apague la llama, la v\u00e1lvula de seguridad incorporada bloquear\u00e1 la salida de gas, evitando derroches y accidentes. As\u00ed, \u00a1solo tendr\u00e1s que preocuparte por cocinar!<\/p>\n<p>Comodidad y seguridad<br \/>\nGracias a una sofisticada tecnolog\u00eda, los quemadores se encienden autom\u00e1ticamente. Para ello bastar\u00e1 con un sencillo giro del mando con una mano, manteni\u00e9ndolo presionado durante el proceso de encendido.<\/p>\n<p>Temporizador incorporado<br \/>\nCon esta funci\u00f3n podr\u00e1s programar el tiempo de cocci\u00f3n de los alimentos evitando as\u00ed el recalentamiento. Esto te permitir\u00e1 hacer otras tareas del hogar dejando que el horno haga todo el trabajo. Adem\u00e1s evitar\u00e1s las molestias de que se quemen tus comidas por cualquier descuido.<\/p>\n<p>Cuidado energ\u00e9tico garantizado<br \/>\nLa categor\u00eda \u00abA\u00bb del horno permite que dicho electrodom\u00e9stico consuma aproximadamente un 50% menos de energ\u00eda que los que presentan un consumo medio.<\/p>\n<\/div>\n<\/div>\n<div class=\"ui-pdp-container__row ui-pdp-recommendations-row\">\n<div class=\"ui-pdp-container__col col-1\">\n<div class=\"ui-pdp-spot-middle\"><\/div>\n<\/div>\n<\/div>\n<\/div>\n<div class=\"ui-pdp-container__col col-1 ui-pdp-container--column-right mt-24 mr-8 pr-16\">\n<div class=\"ui-pdp-container__row\"><\/div>\n<\/div>\n","protected":false},"excerpt":{"rendered":"<div class=\"title\">Descripci\u00f3n<\/div>\n<div class=\"answer\">\n<ul>\n<li>Cocina combinada<\/li>\n<li>Encendido electr\u00f3nico<\/li>\n<li>GLP Convertible para GN<\/li>\n<li>3 hornallas<\/li>\n<li>1 Disco El\u00e9ctrico<\/li>\n<li>Potencia del quemador grande = 3,0 kW<\/li>\n<li>Potencia del quemador medio = 1,78 kW<\/li>\n<li>Potencia del quemador chico = 0,88 kW<\/li>\n<li>Potencia del quemador el\u00e9ctrico 1500 W<\/li>\n<li>Rejillas y Hornallas esmaltadas<\/li>\n<li>Mesada esmaltada<\/li>\n<li>Tapa de cristal<\/li>\n<li>Medidas cocina (cm): Ancho 50 \u2013 Prof. 55 \u2013 Alto 87<\/li>\n<\/ul>\n<p><strong>Horno:<\/strong><\/p>\n<ul>\n<li>El\u00e9ctrico<\/li>\n<li>Luz en el horno<\/li>\n<li>Doble Vidrio en la puerta<\/li>\n<li>2 Parrillas<\/li>\n<li>1 Bandeja<\/li>\n<li>Potencia de las resistencias del horno: inferior: 1500W \u2013 superior: 1000W<\/li>\n<li>Medidas internas del horno (cm): Ancho 40 x Prof. 43 x Alto 34<\/li>\n<\/ul>\n<\/div>\n","protected":false},"featured_media":250,"template":"","meta":{"site-sidebar-layout":"default","site-content-layout":"","ast-site-content-layout":"default","site-content-style":"default","site-sidebar-style":"default","ast-global-header-display":"","ast-banner-title-visibility":"","ast-main-header-display":"","ast-hfb-above-header-display":"","ast-hfb-below-header-display":"","ast-hfb-mobile-header-display":"","site-post-title":"","ast-breadcrumbs-content":"","ast-featured-img":"","footer-sml-layout":"","ast-disable-related-posts":"","theme-transparent-header-meta":"default","adv-header-id-meta":"","stick-header-meta":"","header-above-stick-meta":"","header-main-stick-meta":"","header-below-stick-meta":"","astra-migrate-meta-layouts":"set","ast-page-background-enabled":"default","ast-page-background-meta":{"desktop":{"background-color":"var(--ast-global-color-5)","background-image":"","background-repeat":"repeat","background-position":"center center","background-size":"auto","background-attachment":"scroll","background-type":"","background-media":"","overlay-type":"","overlay-color":"","overlay-opacity":"","overlay-gradient":""},"tablet":{"background-color":"","background-image":"","background-repeat":"repeat","background-position":"center center","background-size":"auto","background-attachment":"scroll","background-type":"","background-media":"","overlay-type":"","overlay-color":"","overlay-opacity":"","overlay-gradient":""},"mobile":{"background-color":"","background-image":"","background-repeat":"repeat","background-position":"center center","background-size":"auto","background-attachment":"scroll","background-type":"","background-media":"","overlay-type":"","overlay-color":"","overlay-opacity":"","overlay-gradient":""}},"ast-content-background-meta":{"desktop":{"background-color":"var(--ast-global-color-4)","background-image":"","background-repeat":"repeat","background-position":"center center","background-size":"auto","background-attachment":"scroll","background-type":"","background-media":"","overlay-type":"","overlay-color":"","overlay-opacity":"","overlay-gradient":""},"tablet":{"background-color":"var(--ast-global-color-4)","background-image":"","background-repeat":"repeat","background-position":"center center","background-size":"auto","background-attachment":"scroll","background-type":"","background-media":"","overlay-type":"","overlay-color":"","overlay-opacity":"","overlay-gradient":""},"mobile":{"background-color":"var(--ast-global-color-4)","background-image":"","background-repeat":"repeat","background-position":"center center","background-size":"auto","background-attachment":"scroll","background-type":"","background-media":"","overlay-type":"","overlay-color":"","overlay-opacity":"","overlay-gradient":""}}},"product_brand":[],"product_cat":[20,41,89,32],"product_tag":[],"class_list":{"0":"post-855","1":"product","2":"type-product","3":"status-publish","4":"has-post-thumbnail","6":"product_cat-cocinas","7":"product_cat-cocinas-cocinas","8":"product_cat-combinada","9":"product_cat-productos","10":"desktop-align-center","11":"tablet-align-left","12":"mobile-align-left","14":"first","15":"instock","16":"shipping-taxable","17":"purchasable","18":"product-type-simple"},"yoast_head":"<!-- This site is optimized with the Yoast SEO plugin v27.3 - https:\/\/yoast.com\/product\/yoast-seo-wordpress\/ -->\n<title>Cocina TEM Z2723 Maia Combinada 3+1 Disco - Imperio Electrodom\u00e9sticos<\/title>\n<meta name=\"robots\" content=\"index, follow, max-snippet:-1, max-image-preview:large, max-video-preview:-1\" \/>\n<link rel=\"canonical\" href=\"https:\/\/imperioelectrodomesticos.uy\/index.php\/producto\/cocina-tem-maia-con-visor\/\" \/>\n<meta property=\"og:locale\" content=\"es_ES\" \/>\n<meta property=\"og:type\" content=\"article\" \/>\n<meta property=\"og:title\" content=\"Cocina TEM Z2723 Maia Combinada 3+1 Disco - Imperio Electrodom\u00e9sticos\" \/>\n<meta property=\"og:description\" content=\"Descripci\u00f3n    Cocina combinada  Encendido electr\u00f3nico  GLP Convertible para GN  3 hornallas  1 Disco El\u00e9ctrico  Potencia del quemador grande = 3,0 kW  Potencia del quemador medio = 1,78 kW  Potencia del quemador chico = 0,88 kW  Potencia del quemador el\u00e9ctrico 1500 W  Rejillas y Hornallas esmaltadas  Mesada esmaltada  Tapa de cristal  Medidas cocina (cm): Ancho 50 \u2013 Prof. 55 \u2013 Alto 87  Horno:   El\u00e9ctrico  Luz en el horno  Doble Vidrio en la puerta  2 Parrillas  1 Bandeja  Potencia de las resistencias del horno: inferior: 1500W \u2013 superior: 1000W  Medidas internas del horno (cm): Ancho 40 x Prof. 43 x Alto 34\" \/>\n<meta property=\"og:url\" content=\"https:\/\/imperioelectrodomesticos.uy\/index.php\/producto\/cocina-tem-maia-con-visor\/\" \/>\n<meta property=\"og:site_name\" content=\"Imperio Electrodom\u00e9sticos\" \/>\n<meta property=\"article:publisher\" content=\"https:\/\/www.facebook.com\/imperioelectrodomesticos\/\" \/>\n<meta property=\"article:modified_time\" content=\"2025-05-15T18:52:44+00:00\" \/>\n<meta property=\"og:image\" content=\"https:\/\/imperioelectrodomesticos.uy\/wp-content\/uploads\/2025\/02\/Cocina-Tem-Maia-color-blanco-con-puerta-con-visor-220V.jpg\" \/>\n\t<meta property=\"og:image:width\" content=\"1200\" \/>\n\t<meta property=\"og:image:height\" content=\"1200\" \/>\n\t<meta property=\"og:image:type\" content=\"image\/jpeg\" \/>\n<meta name=\"twitter:card\" content=\"summary_large_image\" \/>\n<meta name=\"twitter:label1\" content=\"Tiempo de lectura\" \/>\n\t<meta name=\"twitter:data1\" content=\"2 minutos\" \/>\n<script type=\"application\/ld+json\" class=\"yoast-schema-graph\">{\"@context\":\"https:\\\/\\\/schema.org\",\"@graph\":[{\"@type\":\"WebPage\",\"@id\":\"https:\\\/\\\/imperioelectrodomesticos.uy\\\/index.php\\\/producto\\\/cocina-tem-maia-con-visor\\\/\",\"url\":\"https:\\\/\\\/imperioelectrodomesticos.uy\\\/index.php\\\/producto\\\/cocina-tem-maia-con-visor\\\/\",\"name\":\"Cocina TEM Z2723 Maia Combinada 3+1 Disco - Imperio Electrodom\u00e9sticos\",\"isPartOf\":{\"@id\":\"https:\\\/\\\/imperioelectrodomesticos.uy\\\/#website\"},\"primaryImageOfPage\":{\"@id\":\"https:\\\/\\\/imperioelectrodomesticos.uy\\\/index.php\\\/producto\\\/cocina-tem-maia-con-visor\\\/#primaryimage\"},\"image\":{\"@id\":\"https:\\\/\\\/imperioelectrodomesticos.uy\\\/index.php\\\/producto\\\/cocina-tem-maia-con-visor\\\/#primaryimage\"},\"thumbnailUrl\":\"https:\\\/\\\/imperioelectrodomesticos.uy\\\/wp-content\\\/uploads\\\/2025\\\/02\\\/Cocina-Tem-Maia-color-blanco-con-puerta-con-visor-220V.jpg\",\"datePublished\":\"2025-03-07T17:56:34+00:00\",\"dateModified\":\"2025-05-15T18:52:44+00:00\",\"breadcrumb\":{\"@id\":\"https:\\\/\\\/imperioelectrodomesticos.uy\\\/index.php\\\/producto\\\/cocina-tem-maia-con-visor\\\/#breadcrumb\"},\"inLanguage\":\"es\",\"potentialAction\":[{\"@type\":\"ReadAction\",\"target\":[\"https:\\\/\\\/imperioelectrodomesticos.uy\\\/index.php\\\/producto\\\/cocina-tem-maia-con-visor\\\/\"]}]},{\"@type\":\"ImageObject\",\"inLanguage\":\"es\",\"@id\":\"https:\\\/\\\/imperioelectrodomesticos.uy\\\/index.php\\\/producto\\\/cocina-tem-maia-con-visor\\\/#primaryimage\",\"url\":\"https:\\\/\\\/imperioelectrodomesticos.uy\\\/wp-content\\\/uploads\\\/2025\\\/02\\\/Cocina-Tem-Maia-color-blanco-con-puerta-con-visor-220V.jpg\",\"contentUrl\":\"https:\\\/\\\/imperioelectrodomesticos.uy\\\/wp-content\\\/uploads\\\/2025\\\/02\\\/Cocina-Tem-Maia-color-blanco-con-puerta-con-visor-220V.jpg\",\"width\":1200,\"height\":1200},{\"@type\":\"BreadcrumbList\",\"@id\":\"https:\\\/\\\/imperioelectrodomesticos.uy\\\/index.php\\\/producto\\\/cocina-tem-maia-con-visor\\\/#breadcrumb\",\"itemListElement\":[{\"@type\":\"ListItem\",\"position\":1,\"name\":\"Portada\",\"item\":\"https:\\\/\\\/imperioelectrodomesticos.uy\\\/\"},{\"@type\":\"ListItem\",\"position\":2,\"name\":\"Tienda\",\"item\":\"https:\\\/\\\/imperioelectrodomesticos.uy\\\/index.php\\\/tienda\\\/\"},{\"@type\":\"ListItem\",\"position\":3,\"name\":\"Cocina TEM Z2723 Maia Combinada 3+1 Disco\"}]},{\"@type\":\"WebSite\",\"@id\":\"https:\\\/\\\/imperioelectrodomesticos.uy\\\/#website\",\"url\":\"https:\\\/\\\/imperioelectrodomesticos.uy\\\/\",\"name\":\"Imperio Electrodom\u00e9sticos\",\"description\":\"Todo en electrodom\u00e9sticos y art\u00edculos para el hogar\",\"publisher\":{\"@id\":\"https:\\\/\\\/imperioelectrodomesticos.uy\\\/#organization\"},\"alternateName\":\"Imperio Electrodom\u00e9sticos\",\"potentialAction\":[{\"@type\":\"SearchAction\",\"target\":{\"@type\":\"EntryPoint\",\"urlTemplate\":\"https:\\\/\\\/imperioelectrodomesticos.uy\\\/?s={search_term_string}\"},\"query-input\":{\"@type\":\"PropertyValueSpecification\",\"valueRequired\":true,\"valueName\":\"search_term_string\"}}],\"inLanguage\":\"es\"},{\"@type\":\"Organization\",\"@id\":\"https:\\\/\\\/imperioelectrodomesticos.uy\\\/#organization\",\"name\":\"Imperio Electrodom\u00e9sticos\",\"url\":\"https:\\\/\\\/imperioelectrodomesticos.uy\\\/\",\"logo\":{\"@type\":\"ImageObject\",\"inLanguage\":\"es\",\"@id\":\"https:\\\/\\\/imperioelectrodomesticos.uy\\\/#\\\/schema\\\/logo\\\/image\\\/\",\"url\":\"https:\\\/\\\/imperioelectrodomesticos.uy\\\/wp-content\\\/uploads\\\/2025\\\/03\\\/cropped-ELECTRODOMESTICOS-3.png\",\"contentUrl\":\"https:\\\/\\\/imperioelectrodomesticos.uy\\\/wp-content\\\/uploads\\\/2025\\\/03\\\/cropped-ELECTRODOMESTICOS-3.png\",\"width\":1080,\"height\":245,\"caption\":\"Imperio Electrodom\u00e9sticos\"},\"image\":{\"@id\":\"https:\\\/\\\/imperioelectrodomesticos.uy\\\/#\\\/schema\\\/logo\\\/image\\\/\"},\"sameAs\":[\"https:\\\/\\\/www.facebook.com\\\/imperioelectrodomesticos\\\/\",\"https:\\\/\\\/www.instagram.com\\\/imperioelectrodomesticos.uy\\\/\"]}]}<\/script>\n<!-- \/ Yoast SEO plugin. -->","yoast_head_json":{"title":"Cocina TEM Z2723 Maia Combinada 3+1 Disco - Imperio Electrodom\u00e9sticos","robots":{"index":"index","follow":"follow","max-snippet":"max-snippet:-1","max-image-preview":"max-image-preview:large","max-video-preview":"max-video-preview:-1"},"canonical":"https:\/\/imperioelectrodomesticos.uy\/index.php\/producto\/cocina-tem-maia-con-visor\/","og_locale":"es_ES","og_type":"article","og_title":"Cocina TEM Z2723 Maia Combinada 3+1 Disco - Imperio Electrodom\u00e9sticos","og_description":"Descripci\u00f3n    Cocina combinada  Encendido electr\u00f3nico  GLP Convertible para GN  3 hornallas  1 Disco El\u00e9ctrico  Potencia del quemador grande = 3,0 kW  Potencia del quemador medio = 1,78 kW  Potencia del quemador chico = 0,88 kW  Potencia del quemador el\u00e9ctrico 1500 W  Rejillas y Hornallas esmaltadas  Mesada esmaltada  Tapa de cristal  Medidas cocina (cm): Ancho 50 \u2013 Prof. 55 \u2013 Alto 87  Horno:   El\u00e9ctrico  Luz en el horno  Doble Vidrio en la puerta  2 Parrillas  1 Bandeja  Potencia de las resistencias del horno: inferior: 1500W \u2013 superior: 1000W  Medidas internas del horno (cm): Ancho 40 x Prof. 43 x Alto 34","og_url":"https:\/\/imperioelectrodomesticos.uy\/index.php\/producto\/cocina-tem-maia-con-visor\/","og_site_name":"Imperio Electrodom\u00e9sticos","article_publisher":"https:\/\/www.facebook.com\/imperioelectrodomesticos\/","article_modified_time":"2025-05-15T18:52:44+00:00","og_image":[{"width":1200,"height":1200,"url":"https:\/\/imperioelectrodomesticos.uy\/wp-content\/uploads\/2025\/02\/Cocina-Tem-Maia-color-blanco-con-puerta-con-visor-220V.jpg","type":"image\/jpeg"}],"twitter_card":"summary_large_image","twitter_misc":{"Tiempo de lectura":"2 minutos"},"schema":{"@context":"https:\/\/schema.org","@graph":[{"@type":"WebPage","@id":"https:\/\/imperioelectrodomesticos.uy\/index.php\/producto\/cocina-tem-maia-con-visor\/","url":"https:\/\/imperioelectrodomesticos.uy\/index.php\/producto\/cocina-tem-maia-con-visor\/","name":"Cocina TEM Z2723 Maia Combinada 3+1 Disco - Imperio Electrodom\u00e9sticos","isPartOf":{"@id":"https:\/\/imperioelectrodomesticos.uy\/#website"},"primaryImageOfPage":{"@id":"https:\/\/imperioelectrodomesticos.uy\/index.php\/producto\/cocina-tem-maia-con-visor\/#primaryimage"},"image":{"@id":"https:\/\/imperioelectrodomesticos.uy\/index.php\/producto\/cocina-tem-maia-con-visor\/#primaryimage"},"thumbnailUrl":"https:\/\/imperioelectrodomesticos.uy\/wp-content\/uploads\/2025\/02\/Cocina-Tem-Maia-color-blanco-con-puerta-con-visor-220V.jpg","datePublished":"2025-03-07T17:56:34+00:00","dateModified":"2025-05-15T18:52:44+00:00","breadcrumb":{"@id":"https:\/\/imperioelectrodomesticos.uy\/index.php\/producto\/cocina-tem-maia-con-visor\/#breadcrumb"},"inLanguage":"es","potentialAction":[{"@type":"ReadAction","target":["https:\/\/imperioelectrodomesticos.uy\/index.php\/producto\/cocina-tem-maia-con-visor\/"]}]},{"@type":"ImageObject","inLanguage":"es","@id":"https:\/\/imperioelectrodomesticos.uy\/index.php\/producto\/cocina-tem-maia-con-visor\/#primaryimage","url":"https:\/\/imperioelectrodomesticos.uy\/wp-content\/uploads\/2025\/02\/Cocina-Tem-Maia-color-blanco-con-puerta-con-visor-220V.jpg","contentUrl":"https:\/\/imperioelectrodomesticos.uy\/wp-content\/uploads\/2025\/02\/Cocina-Tem-Maia-color-blanco-con-puerta-con-visor-220V.jpg","width":1200,"height":1200},{"@type":"BreadcrumbList","@id":"https:\/\/imperioelectrodomesticos.uy\/index.php\/producto\/cocina-tem-maia-con-visor\/#breadcrumb","itemListElement":[{"@type":"ListItem","position":1,"name":"Portada","item":"https:\/\/imperioelectrodomesticos.uy\/"},{"@type":"ListItem","position":2,"name":"Tienda","item":"https:\/\/imperioelectrodomesticos.uy\/index.php\/tienda\/"},{"@type":"ListItem","position":3,"name":"Cocina TEM Z2723 Maia Combinada 3+1 Disco"}]},{"@type":"WebSite","@id":"https:\/\/imperioelectrodomesticos.uy\/#website","url":"https:\/\/imperioelectrodomesticos.uy\/","name":"Imperio Electrodom\u00e9sticos","description":"Todo en electrodom\u00e9sticos y art\u00edculos para el hogar","publisher":{"@id":"https:\/\/imperioelectrodomesticos.uy\/#organization"},"alternateName":"Imperio Electrodom\u00e9sticos","potentialAction":[{"@type":"SearchAction","target":{"@type":"EntryPoint","urlTemplate":"https:\/\/imperioelectrodomesticos.uy\/?s={search_term_string}"},"query-input":{"@type":"PropertyValueSpecification","valueRequired":true,"valueName":"search_term_string"}}],"inLanguage":"es"},{"@type":"Organization","@id":"https:\/\/imperioelectrodomesticos.uy\/#organization","name":"Imperio Electrodom\u00e9sticos","url":"https:\/\/imperioelectrodomesticos.uy\/","logo":{"@type":"ImageObject","inLanguage":"es","@id":"https:\/\/imperioelectrodomesticos.uy\/#\/schema\/logo\/image\/","url":"https:\/\/imperioelectrodomesticos.uy\/wp-content\/uploads\/2025\/03\/cropped-ELECTRODOMESTICOS-3.png","contentUrl":"https:\/\/imperioelectrodomesticos.uy\/wp-content\/uploads\/2025\/03\/cropped-ELECTRODOMESTICOS-3.png","width":1080,"height":245,"caption":"Imperio Electrodom\u00e9sticos"},"image":{"@id":"https:\/\/imperioelectrodomesticos.uy\/#\/schema\/logo\/image\/"},"sameAs":["https:\/\/www.facebook.com\/imperioelectrodomesticos\/","https:\/\/www.instagram.com\/imperioelectrodomesticos.uy\/"]}]}},"_links":{"self":[{"href":"https:\/\/imperioelectrodomesticos.uy\/index.php\/wp-json\/wp\/v2\/product\/855","targetHints":{"allow":["GET"]}}],"collection":[{"href":"https:\/\/imperioelectrodomesticos.uy\/index.php\/wp-json\/wp\/v2\/product"}],"about":[{"href":"https:\/\/imperioelectrodomesticos.uy\/index.php\/wp-json\/wp\/v2\/types\/product"}],"wp:featuredmedia":[{"embeddable":true,"href":"https:\/\/imperioelectrodomesticos.uy\/index.php\/wp-json\/wp\/v2\/media\/250"}],"wp:attachment":[{"href":"https:\/\/imperioelectrodomesticos.uy\/index.php\/wp-json\/wp\/v2\/media?parent=855"}],"wp:term":[{"taxonomy":"product_brand","embeddable":true,"href":"https:\/\/imperioelectrodomesticos.uy\/index.php\/wp-json\/wp\/v2\/product_brand?post=855"},{"taxonomy":"product_cat","embeddable":true,"href":"https:\/\/imperioelectrodomesticos.uy\/index.php\/wp-json\/wp\/v2\/product_cat?post=855"},{"taxonomy":"product_tag","embeddable":true,"href":"https:\/\/imperioelectrodomesticos.uy\/index.php\/wp-json\/wp\/v2\/product_tag?post=855"}],"curies":[{"name":"wp","href":"https:\/\/api.w.org\/{rel}","templated":true}]}}