{"id":809,"date":"2025-03-07T16:28:58","date_gmt":"2025-03-07T16:28:58","guid":{"rendered":"https:\/\/imperioelectrodomesticos.uy\/?post_type=product&#038;p=809"},"modified":"2025-05-21T20:14:29","modified_gmt":"2025-05-21T20:14:29","slug":"jarra-electrica-smartlife-color-plateado","status":"publish","type":"product","link":"https:\/\/imperioelectrodomesticos.uy\/index.php\/producto\/jarra-electrica-smartlife-color-plateado\/","title":{"rendered":"Jarra El\u00e9ctrica SMARTLIFE SL-CE1510 Acero Inox"},"content":{"rendered":"<div class=\"ui-pdp-container__col col-3 ui-pdp-container--column-center pb-40\">\n<div class=\"ui-pdp-container__row\">\n<div class=\"ui-pdp-container__col col-1 pl-24 pr-24\">\n<div class=\"ui-pdp-collapsable mt-24 ui-pdp-description-collapse\">\n<div class=\"ui-pdp-collapsable__container\">\n<div class=\"ui-pdp-description\"><\/div>\n<\/div>\n<\/div>\n<\/div>\n<\/div>\n<div class=\"ui-pdp-container__row\">\n<div class=\"ui-pdp-container__col col-1\">La Jarra El\u00e9ctrica Smartlife SL-CE1510 es la soluci\u00f3n perfecta para quienes buscan eficiencia y estilo en su cocina. Con una potente capacidad de 1850-2200W, esta jarra calienta hasta 1.5 litros de agua en un abrir y cerrar de ojos. Su elegante dise\u00f1o en acero inoxidable no solo aporta durabilidad, sino que tambi\u00e9n se integra perfectamente en cualquier ambiente. La tapa con funci\u00f3n pop-up facilita el acceso al agua, mientras que el visor de nivel de agua te permite controlar la cantidad que necesitas. Adem\u00e1s, cuenta con un interruptor de encendido\/apagado con luz indicadora, garantizando un uso seguro y pr\u00e1ctico. Las resistencias ocultas aseguran una limpieza sencilla, y su base antideslizante proporciona estabilidad. Con el sistema de apagado autom\u00e1tico, puedes estar tranquilo sabiendo que la jarra se detendr\u00e1 cuando el agua est\u00e9 lista. \u00a1Disfruta de la comodidad y la calidad que solo Smartlife puede ofrecer!<\/div>\n<\/div>\n<div class=\"ui-pdp-container__row ui-pdp-recommendations-row\">\n<div class=\"ui-pdp-container__col col-1\">\n<div class=\"ui-pdp-spot-middle\"><\/div>\n<\/div>\n<\/div>\n<\/div>\n<div class=\"ui-pdp-container__col col-1 ui-pdp-container--column-right mt-24 mr-8 pr-16\">\n<div class=\"ui-pdp-container__row\">\n<form id=\"buybox-form\" class=\"ui-pdp-buybox\" method=\"get\">\n<div><\/div>\n<div class=\"ui-pdp-stock-and-full\"><\/div>\n<div class=\"ui-pdp-actions\">\n<div class=\"ui-pdp-actions__container ui-pdp-actions__container--one-element\"><\/div>\n<\/div>\n<\/form>\n<\/div>\n<\/div>\n<p>&nbsp;<\/p>\n","protected":false},"excerpt":{"rendered":"<div class=\"ui-vpp-striped-specs\">\n<div class=\"ui-vpp-striped-specs__table\">\n<h3 class=\"ui-vpp-striped-specs__header\">Caracter\u00edsticas generales<\/h3>\n<table class=\"andes-table\">\n<tbody class=\"andes-table__body\">\n<tr class=\"andes-table__row ui-vpp-striped-specs__row\">\n<th class=\"andes-table__header andes-table__header--left ui-vpp-striped-specs__row__column ui-vpp-striped-specs__row__column--id\" scope=\"row\">\n<div class=\"andes-table__header__container\">Marca<\/div>\n<\/th>\n<td id=\":Rkjqlpakkvm:\" class=\"andes-table__column andes-table__column--left andes-table__column--vertical-align-center ui-vpp-striped-specs__row__column\"><span id=\":Rkjqlpakkvm:-value\" class=\"andes-table__column--value\">Smartlife<\/span><\/td>\n<\/tr>\n<tr class=\"andes-table__row ui-vpp-striped-specs__row\">\n<th class=\"andes-table__header andes-table__header--left ui-vpp-striped-specs__row__column ui-vpp-striped-specs__row__column--id\" scope=\"row\">\n<div class=\"andes-table__header__container\">L\u00ednea<\/div>\n<\/th>\n<td id=\":Rklqlpakkvm:\" class=\"andes-table__column andes-table__column--left andes-table__column--vertical-align-center ui-vpp-striped-specs__row__column\"><span id=\":Rklqlpakkvm:-value\" class=\"andes-table__column--value\">S\u00ec<\/span><\/td>\n<\/tr>\n<tr class=\"andes-table__row ui-vpp-striped-specs__row\">\n<th class=\"andes-table__header andes-table__header--left ui-vpp-striped-specs__row__column ui-vpp-striped-specs__row__column--id\" scope=\"row\">\n<div class=\"andes-table__header__container\">Modelo<\/div>\n<\/th>\n<td id=\":Rknqlpakkvm:\" class=\"andes-table__column andes-table__column--left andes-table__column--vertical-align-center ui-vpp-striped-specs__row__column\"><span id=\":Rknqlpakkvm:-value\" class=\"andes-table__column--value\">SI-CE1510<\/span><\/td>\n<\/tr>\n<tr class=\"andes-table__row ui-vpp-striped-specs__row\">\n<th class=\"andes-table__header andes-table__header--left ui-vpp-striped-specs__row__column ui-vpp-striped-specs__row__column--id\" scope=\"row\">\n<div class=\"andes-table__header__container\">Color<\/div>\n<\/th>\n<td id=\":Rkpqlpakkvm:\" class=\"andes-table__column andes-table__column--left andes-table__column--vertical-align-center ui-vpp-striped-specs__row__column\"><span id=\":Rkpqlpakkvm:-value\" class=\"andes-table__column--value\">Plateado<\/span><\/td>\n<\/tr>\n<tr class=\"andes-table__row ui-vpp-striped-specs__row\">\n<th class=\"andes-table__header andes-table__header--left ui-vpp-striped-specs__row__column ui-vpp-striped-specs__row__column--id\" scope=\"row\">\n<div class=\"andes-table__header__container\">Voltaje<\/div>\n<\/th>\n<td id=\":Rkrqlpakkvm:\" class=\"andes-table__column andes-table__column--left andes-table__column--vertical-align-center ui-vpp-striped-specs__row__column\"><span id=\":Rkrqlpakkvm:-value\" class=\"andes-table__column--value\">220V<\/span><\/td>\n<\/tr>\n<tr class=\"andes-table__row ui-vpp-striped-specs__row\">\n<th class=\"andes-table__header andes-table__header--left ui-vpp-striped-specs__row__column ui-vpp-striped-specs__row__column--id\" scope=\"row\">\n<div class=\"andes-table__header__container\">Modelo detallado<\/div>\n<\/th>\n<td id=\":Rktqlpakkvm:\" class=\"andes-table__column andes-table__column--left andes-table__column--vertical-align-center ui-vpp-striped-specs__row__column\"><span id=\":Rktqlpakkvm:-value\" class=\"andes-table__column--value\">Sl-CE1510<\/span><\/td>\n<\/tr>\n<\/tbody>\n<\/table>\n<\/div>\n<\/div>\n<div class=\"ui-vpp-striped-specs\">\n<div class=\"ui-vpp-striped-specs__table\">\n<h3 class=\"ui-vpp-striped-specs__header\">Especificaciones<\/h3>\n<table class=\"andes-table\">\n<tbody class=\"andes-table__body\">\n<tr class=\"andes-table__row ui-vpp-striped-specs__row\">\n<th class=\"andes-table__header andes-table__header--left ui-vpp-striped-specs__row__column ui-vpp-striped-specs__row__column--id\" scope=\"row\">\n<div class=\"andes-table__header__container\">Capacidad en volumen<\/div>\n<\/th>\n<td id=\":Rknj5pakkvm:\" class=\"andes-table__column andes-table__column--left andes-table__column--vertical-align-center ui-vpp-striped-specs__row__column\"><span id=\":Rknj5pakkvm:-value\" class=\"andes-table__column--value\">1,5 L<\/span><\/td>\n<\/tr>\n<tr class=\"andes-table__row ui-vpp-striped-specs__row\">\n<th class=\"andes-table__header andes-table__header--left ui-vpp-striped-specs__row__column ui-vpp-striped-specs__row__column--id\" scope=\"row\">\n<div class=\"andes-table__header__container\">Con control de temperatura<\/div>\n<\/th>\n<td id=\":Rkrj5pakkvm:\" class=\"andes-table__column andes-table__column--left andes-table__column--vertical-align-center ui-vpp-striped-specs__row__column\"><span id=\":Rkrj5pakkvm:-value\" class=\"andes-table__column--value\">No<\/span><\/td>\n<\/tr>\n<\/tbody>\n<\/table>\n<\/div>\n<div class=\"ui-vpp-striped-specs__table\">\n<h3 class=\"ui-vpp-striped-specs__header\">Caracter\u00edsticas de la estructura<\/h3>\n<table class=\"andes-table\">\n<tbody class=\"andes-table__body\">\n<tr class=\"andes-table__row ui-vpp-striped-specs__row\">\n<th class=\"andes-table__header andes-table__header--left ui-vpp-striped-specs__row__column ui-vpp-striped-specs__row__column--id\" scope=\"row\">\n<div class=\"andes-table__header__container\">Materiales<\/div>\n<\/th>\n<td id=\":Rafl5pakkvm:\" class=\"andes-table__column andes-table__column--left andes-table__column--vertical-align-center ui-vpp-striped-specs__row__column\"><span id=\":Rafl5pakkvm:-value\" class=\"andes-table__column--value\">Acero inoxidable<\/span><\/td>\n<\/tr>\n<\/tbody>\n<\/table>\n<\/div>\n<div class=\"ui-vpp-striped-specs__table\">\n<h3 class=\"ui-vpp-striped-specs__header\">Otros<\/h3>\n<table class=\"andes-table\">\n<tbody class=\"andes-table__body\">\n<tr class=\"andes-table__row ui-vpp-striped-specs__row\">\n<th class=\"andes-table__header andes-table__header--left ui-vpp-striped-specs__row__column ui-vpp-striped-specs__row__column--id\" scope=\"row\">\n<div class=\"andes-table__header__container\">Con term\u00f3metro<\/div>\n<\/th>\n<td id=\":R197n5pakkvm:\" class=\"andes-table__column andes-table__column--left andes-table__column--vertical-align-center ui-vpp-striped-specs__row__column\"><span id=\":R197n5pakkvm:-value\" class=\"andes-table__column--value\">No<\/span><\/td>\n<\/tr>\n<tr class=\"andes-table__row ui-vpp-striped-specs__row\">\n<th class=\"andes-table__header andes-table__header--left ui-vpp-striped-specs__row__column ui-vpp-striped-specs__row__column--id\" scope=\"row\">\n<div class=\"andes-table__header__container\">Con corte autom\u00e1tico<\/div>\n<\/th>\n<td id=\":R19bn5pakkvm:\" class=\"andes-table__column andes-table__column--left andes-table__column--vertical-align-center ui-vpp-striped-specs__row__column\"><span id=\":R19bn5pakkvm:-value\" class=\"andes-table__column--value\">S\u00ed<\/span><\/td>\n<\/tr>\n<tr class=\"andes-table__row ui-vpp-striped-specs__row\">\n<th class=\"andes-table__header andes-table__header--left ui-vpp-striped-specs__row__column ui-vpp-striped-specs__row__column--id\" scope=\"row\">\n<div class=\"andes-table__header__container\">Con indicador de agua<\/div>\n<\/th>\n<td id=\":R19fn5pakkvm:\" class=\"andes-table__column andes-table__column--left andes-table__column--vertical-align-center ui-vpp-striped-specs__row__column\"><span id=\":R19fn5pakkvm:-value\" class=\"andes-table__column--value\">S\u00ed<\/span><\/td>\n<\/tr>\n<tr class=\"andes-table__row ui-vpp-striped-specs__row\">\n<th class=\"andes-table__header andes-table__header--left ui-vpp-striped-specs__row__column ui-vpp-striped-specs__row__column--id\" scope=\"row\">\n<div class=\"andes-table__header__container\">Con luz indicadora de funcionamiento<\/div>\n<\/th>\n<td id=\":R19jn5pakkvm:\" class=\"andes-table__column andes-table__column--left andes-table__column--vertical-align-center ui-vpp-striped-specs__row__column\"><span id=\":R19jn5pakkvm:-value\" class=\"andes-table__column--value\">S\u00ed<\/span><\/td>\n<\/tr>\n<\/tbody>\n<\/table>\n<\/div>\n<\/div>\n","protected":false},"featured_media":348,"template":"","meta":{"site-sidebar-layout":"default","site-content-layout":"","ast-site-content-layout":"default","site-content-style":"default","site-sidebar-style":"default","ast-global-header-display":"","ast-banner-title-visibility":"","ast-main-header-display":"","ast-hfb-above-header-display":"","ast-hfb-below-header-display":"","ast-hfb-mobile-header-display":"","site-post-title":"","ast-breadcrumbs-content":"","ast-featured-img":"","footer-sml-layout":"","ast-disable-related-posts":"","theme-transparent-header-meta":"default","adv-header-id-meta":"","stick-header-meta":"","header-above-stick-meta":"","header-main-stick-meta":"","header-below-stick-meta":"","astra-migrate-meta-layouts":"set","ast-page-background-enabled":"default","ast-page-background-meta":{"desktop":{"background-color":"var(--ast-global-color-5)","background-image":"","background-repeat":"repeat","background-position":"center center","background-size":"auto","background-attachment":"scroll","background-type":"","background-media":"","overlay-type":"","overlay-color":"","overlay-opacity":"","overlay-gradient":""},"tablet":{"background-color":"","background-image":"","background-repeat":"repeat","background-position":"center center","background-size":"auto","background-attachment":"scroll","background-type":"","background-media":"","overlay-type":"","overlay-color":"","overlay-opacity":"","overlay-gradient":""},"mobile":{"background-color":"","background-image":"","background-repeat":"repeat","background-position":"center center","background-size":"auto","background-attachment":"scroll","background-type":"","background-media":"","overlay-type":"","overlay-color":"","overlay-opacity":"","overlay-gradient":""}},"ast-content-background-meta":{"desktop":{"background-color":"var(--ast-global-color-4)","background-image":"","background-repeat":"repeat","background-position":"center center","background-size":"auto","background-attachment":"scroll","background-type":"","background-media":"","overlay-type":"","overlay-color":"","overlay-opacity":"","overlay-gradient":""},"tablet":{"background-color":"var(--ast-global-color-4)","background-image":"","background-repeat":"repeat","background-position":"center center","background-size":"auto","background-attachment":"scroll","background-type":"","background-media":"","overlay-type":"","overlay-color":"","overlay-opacity":"","overlay-gradient":""},"mobile":{"background-color":"var(--ast-global-color-4)","background-image":"","background-repeat":"repeat","background-position":"center center","background-size":"auto","background-attachment":"scroll","background-type":"","background-media":"","overlay-type":"","overlay-color":"","overlay-opacity":"","overlay-gradient":""}}},"product_brand":[],"product_cat":[75,27,32],"product_tag":[],"class_list":{"0":"post-809","1":"product","2":"type-product","3":"status-publish","4":"has-post-thumbnail","6":"product_cat-jarras-electricas","7":"product_cat-minidomesticos","8":"product_cat-productos","9":"desktop-align-center","10":"tablet-align-left","11":"mobile-align-left","13":"first","14":"instock","15":"shipping-taxable","16":"purchasable","17":"product-type-simple"},"yoast_head":"<!-- This site is optimized with the Yoast SEO plugin v27.3 - https:\/\/yoast.com\/product\/yoast-seo-wordpress\/ -->\n<title>Jarra El\u00e9ctrica SMARTLIFE SL-CE1510 Acero Inox - Imperio Electrodom\u00e9sticos<\/title>\n<meta name=\"robots\" content=\"index, follow, max-snippet:-1, max-image-preview:large, max-video-preview:-1\" \/>\n<link rel=\"canonical\" href=\"https:\/\/imperioelectrodomesticos.uy\/index.php\/producto\/jarra-electrica-smartlife-color-plateado\/\" \/>\n<meta property=\"og:locale\" content=\"es_ES\" \/>\n<meta property=\"og:type\" content=\"article\" \/>\n<meta property=\"og:title\" content=\"Jarra El\u00e9ctrica SMARTLIFE SL-CE1510 Acero Inox - Imperio Electrodom\u00e9sticos\" \/>\n<meta property=\"og:description\" content=\"Caracter\u00edsticas generales     Marca Smartlife    L\u00ednea S\u00ec    Modelo SI-CE1510    Color Plateado    Voltaje 220V    Modelo detallado Sl-CE1510        Especificaciones     Capacidad en volumen 1,5 L    Con control de temperatura No      Caracter\u00edsticas de la estructura     Materiales Acero inoxidable      Otros     Con term\u00f3metro No    Con corte autom\u00e1tico S\u00ed    Con indicador de agua S\u00ed    Con luz indicadora de funcionamiento S\u00ed\" \/>\n<meta property=\"og:url\" content=\"https:\/\/imperioelectrodomesticos.uy\/index.php\/producto\/jarra-electrica-smartlife-color-plateado\/\" \/>\n<meta property=\"og:site_name\" content=\"Imperio Electrodom\u00e9sticos\" \/>\n<meta property=\"article:publisher\" content=\"https:\/\/www.facebook.com\/imperioelectrodomesticos\/\" \/>\n<meta property=\"article:modified_time\" content=\"2025-05-21T20:14:29+00:00\" \/>\n<meta property=\"og:image\" content=\"https:\/\/imperioelectrodomesticos.uy\/wp-content\/uploads\/2025\/02\/Jarra-Electrica-Smartlife-Sl-ce1510-Garantia-Oficial-Color-Plateado.jpg\" \/>\n\t<meta property=\"og:image:width\" content=\"1200\" \/>\n\t<meta property=\"og:image:height\" content=\"1200\" \/>\n\t<meta property=\"og:image:type\" content=\"image\/jpeg\" \/>\n<meta name=\"twitter:card\" content=\"summary_large_image\" \/>\n<meta name=\"twitter:label1\" content=\"Tiempo de lectura\" \/>\n\t<meta name=\"twitter:data1\" content=\"1 minuto\" \/>\n<script type=\"application\/ld+json\" class=\"yoast-schema-graph\">{\"@context\":\"https:\\\/\\\/schema.org\",\"@graph\":[{\"@type\":\"WebPage\",\"@id\":\"https:\\\/\\\/imperioelectrodomesticos.uy\\\/index.php\\\/producto\\\/jarra-electrica-smartlife-color-plateado\\\/\",\"url\":\"https:\\\/\\\/imperioelectrodomesticos.uy\\\/index.php\\\/producto\\\/jarra-electrica-smartlife-color-plateado\\\/\",\"name\":\"Jarra El\u00e9ctrica SMARTLIFE SL-CE1510 Acero Inox - Imperio Electrodom\u00e9sticos\",\"isPartOf\":{\"@id\":\"https:\\\/\\\/imperioelectrodomesticos.uy\\\/#website\"},\"primaryImageOfPage\":{\"@id\":\"https:\\\/\\\/imperioelectrodomesticos.uy\\\/index.php\\\/producto\\\/jarra-electrica-smartlife-color-plateado\\\/#primaryimage\"},\"image\":{\"@id\":\"https:\\\/\\\/imperioelectrodomesticos.uy\\\/index.php\\\/producto\\\/jarra-electrica-smartlife-color-plateado\\\/#primaryimage\"},\"thumbnailUrl\":\"https:\\\/\\\/imperioelectrodomesticos.uy\\\/wp-content\\\/uploads\\\/2025\\\/02\\\/Jarra-Electrica-Smartlife-Sl-ce1510-Garantia-Oficial-Color-Plateado.jpg\",\"datePublished\":\"2025-03-07T16:28:58+00:00\",\"dateModified\":\"2025-05-21T20:14:29+00:00\",\"breadcrumb\":{\"@id\":\"https:\\\/\\\/imperioelectrodomesticos.uy\\\/index.php\\\/producto\\\/jarra-electrica-smartlife-color-plateado\\\/#breadcrumb\"},\"inLanguage\":\"es\",\"potentialAction\":[{\"@type\":\"ReadAction\",\"target\":[\"https:\\\/\\\/imperioelectrodomesticos.uy\\\/index.php\\\/producto\\\/jarra-electrica-smartlife-color-plateado\\\/\"]}]},{\"@type\":\"ImageObject\",\"inLanguage\":\"es\",\"@id\":\"https:\\\/\\\/imperioelectrodomesticos.uy\\\/index.php\\\/producto\\\/jarra-electrica-smartlife-color-plateado\\\/#primaryimage\",\"url\":\"https:\\\/\\\/imperioelectrodomesticos.uy\\\/wp-content\\\/uploads\\\/2025\\\/02\\\/Jarra-Electrica-Smartlife-Sl-ce1510-Garantia-Oficial-Color-Plateado.jpg\",\"contentUrl\":\"https:\\\/\\\/imperioelectrodomesticos.uy\\\/wp-content\\\/uploads\\\/2025\\\/02\\\/Jarra-Electrica-Smartlife-Sl-ce1510-Garantia-Oficial-Color-Plateado.jpg\",\"width\":1200,\"height\":1200},{\"@type\":\"BreadcrumbList\",\"@id\":\"https:\\\/\\\/imperioelectrodomesticos.uy\\\/index.php\\\/producto\\\/jarra-electrica-smartlife-color-plateado\\\/#breadcrumb\",\"itemListElement\":[{\"@type\":\"ListItem\",\"position\":1,\"name\":\"Portada\",\"item\":\"https:\\\/\\\/imperioelectrodomesticos.uy\\\/\"},{\"@type\":\"ListItem\",\"position\":2,\"name\":\"Tienda\",\"item\":\"https:\\\/\\\/imperioelectrodomesticos.uy\\\/index.php\\\/tienda\\\/\"},{\"@type\":\"ListItem\",\"position\":3,\"name\":\"Jarra El\u00e9ctrica SMARTLIFE SL-CE1510 Acero Inox\"}]},{\"@type\":\"WebSite\",\"@id\":\"https:\\\/\\\/imperioelectrodomesticos.uy\\\/#website\",\"url\":\"https:\\\/\\\/imperioelectrodomesticos.uy\\\/\",\"name\":\"Imperio Electrodom\u00e9sticos\",\"description\":\"Todo en electrodom\u00e9sticos y art\u00edculos para el hogar\",\"publisher\":{\"@id\":\"https:\\\/\\\/imperioelectrodomesticos.uy\\\/#organization\"},\"alternateName\":\"Imperio Electrodom\u00e9sticos\",\"potentialAction\":[{\"@type\":\"SearchAction\",\"target\":{\"@type\":\"EntryPoint\",\"urlTemplate\":\"https:\\\/\\\/imperioelectrodomesticos.uy\\\/?s={search_term_string}\"},\"query-input\":{\"@type\":\"PropertyValueSpecification\",\"valueRequired\":true,\"valueName\":\"search_term_string\"}}],\"inLanguage\":\"es\"},{\"@type\":\"Organization\",\"@id\":\"https:\\\/\\\/imperioelectrodomesticos.uy\\\/#organization\",\"name\":\"Imperio Electrodom\u00e9sticos\",\"url\":\"https:\\\/\\\/imperioelectrodomesticos.uy\\\/\",\"logo\":{\"@type\":\"ImageObject\",\"inLanguage\":\"es\",\"@id\":\"https:\\\/\\\/imperioelectrodomesticos.uy\\\/#\\\/schema\\\/logo\\\/image\\\/\",\"url\":\"https:\\\/\\\/imperioelectrodomesticos.uy\\\/wp-content\\\/uploads\\\/2025\\\/03\\\/cropped-ELECTRODOMESTICOS-3.png\",\"contentUrl\":\"https:\\\/\\\/imperioelectrodomesticos.uy\\\/wp-content\\\/uploads\\\/2025\\\/03\\\/cropped-ELECTRODOMESTICOS-3.png\",\"width\":1080,\"height\":245,\"caption\":\"Imperio Electrodom\u00e9sticos\"},\"image\":{\"@id\":\"https:\\\/\\\/imperioelectrodomesticos.uy\\\/#\\\/schema\\\/logo\\\/image\\\/\"},\"sameAs\":[\"https:\\\/\\\/www.facebook.com\\\/imperioelectrodomesticos\\\/\",\"https:\\\/\\\/www.instagram.com\\\/imperioelectrodomesticos.uy\\\/\"]}]}<\/script>\n<!-- \/ Yoast SEO plugin. -->","yoast_head_json":{"title":"Jarra El\u00e9ctrica SMARTLIFE SL-CE1510 Acero Inox - Imperio Electrodom\u00e9sticos","robots":{"index":"index","follow":"follow","max-snippet":"max-snippet:-1","max-image-preview":"max-image-preview:large","max-video-preview":"max-video-preview:-1"},"canonical":"https:\/\/imperioelectrodomesticos.uy\/index.php\/producto\/jarra-electrica-smartlife-color-plateado\/","og_locale":"es_ES","og_type":"article","og_title":"Jarra El\u00e9ctrica SMARTLIFE SL-CE1510 Acero Inox - Imperio Electrodom\u00e9sticos","og_description":"Caracter\u00edsticas generales     Marca Smartlife    L\u00ednea S\u00ec    Modelo SI-CE1510    Color Plateado    Voltaje 220V    Modelo detallado Sl-CE1510        Especificaciones     Capacidad en volumen 1,5 L    Con control de temperatura No      Caracter\u00edsticas de la estructura     Materiales Acero inoxidable      Otros     Con term\u00f3metro No    Con corte autom\u00e1tico S\u00ed    Con indicador de agua S\u00ed    Con luz indicadora de funcionamiento S\u00ed","og_url":"https:\/\/imperioelectrodomesticos.uy\/index.php\/producto\/jarra-electrica-smartlife-color-plateado\/","og_site_name":"Imperio Electrodom\u00e9sticos","article_publisher":"https:\/\/www.facebook.com\/imperioelectrodomesticos\/","article_modified_time":"2025-05-21T20:14:29+00:00","og_image":[{"width":1200,"height":1200,"url":"https:\/\/imperioelectrodomesticos.uy\/wp-content\/uploads\/2025\/02\/Jarra-Electrica-Smartlife-Sl-ce1510-Garantia-Oficial-Color-Plateado.jpg","type":"image\/jpeg"}],"twitter_card":"summary_large_image","twitter_misc":{"Tiempo de lectura":"1 minuto"},"schema":{"@context":"https:\/\/schema.org","@graph":[{"@type":"WebPage","@id":"https:\/\/imperioelectrodomesticos.uy\/index.php\/producto\/jarra-electrica-smartlife-color-plateado\/","url":"https:\/\/imperioelectrodomesticos.uy\/index.php\/producto\/jarra-electrica-smartlife-color-plateado\/","name":"Jarra El\u00e9ctrica SMARTLIFE SL-CE1510 Acero Inox - Imperio Electrodom\u00e9sticos","isPartOf":{"@id":"https:\/\/imperioelectrodomesticos.uy\/#website"},"primaryImageOfPage":{"@id":"https:\/\/imperioelectrodomesticos.uy\/index.php\/producto\/jarra-electrica-smartlife-color-plateado\/#primaryimage"},"image":{"@id":"https:\/\/imperioelectrodomesticos.uy\/index.php\/producto\/jarra-electrica-smartlife-color-plateado\/#primaryimage"},"thumbnailUrl":"https:\/\/imperioelectrodomesticos.uy\/wp-content\/uploads\/2025\/02\/Jarra-Electrica-Smartlife-Sl-ce1510-Garantia-Oficial-Color-Plateado.jpg","datePublished":"2025-03-07T16:28:58+00:00","dateModified":"2025-05-21T20:14:29+00:00","breadcrumb":{"@id":"https:\/\/imperioelectrodomesticos.uy\/index.php\/producto\/jarra-electrica-smartlife-color-plateado\/#breadcrumb"},"inLanguage":"es","potentialAction":[{"@type":"ReadAction","target":["https:\/\/imperioelectrodomesticos.uy\/index.php\/producto\/jarra-electrica-smartlife-color-plateado\/"]}]},{"@type":"ImageObject","inLanguage":"es","@id":"https:\/\/imperioelectrodomesticos.uy\/index.php\/producto\/jarra-electrica-smartlife-color-plateado\/#primaryimage","url":"https:\/\/imperioelectrodomesticos.uy\/wp-content\/uploads\/2025\/02\/Jarra-Electrica-Smartlife-Sl-ce1510-Garantia-Oficial-Color-Plateado.jpg","contentUrl":"https:\/\/imperioelectrodomesticos.uy\/wp-content\/uploads\/2025\/02\/Jarra-Electrica-Smartlife-Sl-ce1510-Garantia-Oficial-Color-Plateado.jpg","width":1200,"height":1200},{"@type":"BreadcrumbList","@id":"https:\/\/imperioelectrodomesticos.uy\/index.php\/producto\/jarra-electrica-smartlife-color-plateado\/#breadcrumb","itemListElement":[{"@type":"ListItem","position":1,"name":"Portada","item":"https:\/\/imperioelectrodomesticos.uy\/"},{"@type":"ListItem","position":2,"name":"Tienda","item":"https:\/\/imperioelectrodomesticos.uy\/index.php\/tienda\/"},{"@type":"ListItem","position":3,"name":"Jarra El\u00e9ctrica SMARTLIFE SL-CE1510 Acero Inox"}]},{"@type":"WebSite","@id":"https:\/\/imperioelectrodomesticos.uy\/#website","url":"https:\/\/imperioelectrodomesticos.uy\/","name":"Imperio Electrodom\u00e9sticos","description":"Todo en electrodom\u00e9sticos y art\u00edculos para el hogar","publisher":{"@id":"https:\/\/imperioelectrodomesticos.uy\/#organization"},"alternateName":"Imperio Electrodom\u00e9sticos","potentialAction":[{"@type":"SearchAction","target":{"@type":"EntryPoint","urlTemplate":"https:\/\/imperioelectrodomesticos.uy\/?s={search_term_string}"},"query-input":{"@type":"PropertyValueSpecification","valueRequired":true,"valueName":"search_term_string"}}],"inLanguage":"es"},{"@type":"Organization","@id":"https:\/\/imperioelectrodomesticos.uy\/#organization","name":"Imperio Electrodom\u00e9sticos","url":"https:\/\/imperioelectrodomesticos.uy\/","logo":{"@type":"ImageObject","inLanguage":"es","@id":"https:\/\/imperioelectrodomesticos.uy\/#\/schema\/logo\/image\/","url":"https:\/\/imperioelectrodomesticos.uy\/wp-content\/uploads\/2025\/03\/cropped-ELECTRODOMESTICOS-3.png","contentUrl":"https:\/\/imperioelectrodomesticos.uy\/wp-content\/uploads\/2025\/03\/cropped-ELECTRODOMESTICOS-3.png","width":1080,"height":245,"caption":"Imperio Electrodom\u00e9sticos"},"image":{"@id":"https:\/\/imperioelectrodomesticos.uy\/#\/schema\/logo\/image\/"},"sameAs":["https:\/\/www.facebook.com\/imperioelectrodomesticos\/","https:\/\/www.instagram.com\/imperioelectrodomesticos.uy\/"]}]}},"_links":{"self":[{"href":"https:\/\/imperioelectrodomesticos.uy\/index.php\/wp-json\/wp\/v2\/product\/809","targetHints":{"allow":["GET"]}}],"collection":[{"href":"https:\/\/imperioelectrodomesticos.uy\/index.php\/wp-json\/wp\/v2\/product"}],"about":[{"href":"https:\/\/imperioelectrodomesticos.uy\/index.php\/wp-json\/wp\/v2\/types\/product"}],"wp:featuredmedia":[{"embeddable":true,"href":"https:\/\/imperioelectrodomesticos.uy\/index.php\/wp-json\/wp\/v2\/media\/348"}],"wp:attachment":[{"href":"https:\/\/imperioelectrodomesticos.uy\/index.php\/wp-json\/wp\/v2\/media?parent=809"}],"wp:term":[{"taxonomy":"product_brand","embeddable":true,"href":"https:\/\/imperioelectrodomesticos.uy\/index.php\/wp-json\/wp\/v2\/product_brand?post=809"},{"taxonomy":"product_cat","embeddable":true,"href":"https:\/\/imperioelectrodomesticos.uy\/index.php\/wp-json\/wp\/v2\/product_cat?post=809"},{"taxonomy":"product_tag","embeddable":true,"href":"https:\/\/imperioelectrodomesticos.uy\/index.php\/wp-json\/wp\/v2\/product_tag?post=809"}],"curies":[{"name":"wp","href":"https:\/\/api.w.org\/{rel}","templated":true}]}}