{"id":697,"date":"2025-03-04T18:16:28","date_gmt":"2025-03-04T18:16:28","guid":{"rendered":"https:\/\/imperioelectrodomesticos.uy\/?post_type=product&#038;p=697"},"modified":"2025-05-31T14:56:01","modified_gmt":"2025-05-31T14:56:01","slug":"maquina-de-coser-singer-overlock","status":"publish","type":"product","link":"https:\/\/imperioelectrodomesticos.uy\/index.php\/producto\/maquina-de-coser-singer-overlock\/","title":{"rendered":"M\u00e1quina De Coser Singer Overlock S-0100\/S-0105"},"content":{"rendered":"<div class=\"ui-pdp-container__col col-3 ui-pdp-container--column-center pb-40\">\n<div class=\"ui-pdp-container__row\">\n<div class=\"ui-pdp-container__col col-1 pl-24 pr-24\">\n<div class=\"ui-pdp-collapsable mt-24 ui-pdp-description-collapse\">\n<div class=\"ui-pdp-collapsable__container\">\n<div class=\"ui-pdp-description\">\n<p><span style=\"font-size: 16px;\">SKU: 900316<\/span><\/p>\n<\/div>\n<\/div>\n<\/div>\n<\/div>\n<\/div>\n<\/div>\n<div class=\"ui-pdp-container__col col-1 ui-pdp-container--column-right mt-24 mr-8 pr-16\">\n<div class=\"ui-pdp-container__row\">\n<form id=\"buybox-form\" class=\"ui-pdp-buybox\" method=\"get\">\n<div class=\"ui-pdp-stock-and-full\">\n<p>Descripci\u00f3n: M\u00e1quina SINGER Overlock S0105<\/p>\n<p>La mejor opci\u00f3n para tu casa. Esta m\u00e1quina es la indicada para quienes desean iniciarse en el aprendizaje de la costura. Funcional y de f\u00e1cil uso, podr\u00e1s arreglar prendas, coser simples roturas y realizar tus propios dise\u00f1os textiles.<\/p>\n<p>&#8211; F\u00e1cil de transportar, se coloca en cualquier superficie plana.<br \/>\n&#8211; Cose hasta 1,300 puntadas por minuto.<br \/>\n&#8211; Sobreh\u00edla y corta simult\u00e1neamente con 4, 3 y 2 hilos.<br \/>\n&#8211; Facilidad de enhebrar gracias a su gu\u00eda de colores y su luz LED que iluminan los ganchos de enhebrado.<br \/>\n&#8211; Brazo libre: Con s\u00f3lo quitar la extensi\u00f3n de la base, facilita la costura de mangas, pu\u00f1os o cualquier tipo de prendas tubulares o peque\u00f1as.<br \/>\n&#8211; Realiza diferentes terminados como: Sobrehilado para terminados profesionales de 2 a 4 hilos, sobrehilado con puntada de seguridad simulada con 4 hilos, sobrehilado plano de 3 hilos con diferentes anchos (1.5 hasta 6.7 mm), sobrehilado enrollado con 3 hilos, sobrehilado con 2 hilos, fest\u00f3n, dobladillo enrollado de pa\u00f1oleta con 2 o 3 hilos, olanes y plisados.<br \/>\n&#8211; Antena gu\u00eda hilos: Ayuda a que los hilos se deslicen f\u00e1cilmente evitando que se enreden.<br \/>\n&#8211; Cuchillas (m\u00f3vil y fija): Cortan el sobrante de la tela al mismo tiempo que cose.<br \/>\n&#8211; Caracter\u00edsticas el\u00e9ctricas: 120 V ~ 60 Hz \/ 1A \/ 0.9A.<br \/>\n&#8211; Accesorios incluidos: Prensatelas b\u00e1sico de Overlock, separador, pinzas de enhebrado, paquete de agujas, desarmador.<br \/>\n&#8211; Medidas: Ancho: 34 cm x Profundidad: 28.5 cm x Alto: 27 cm | Peso: 7 kg.<\/p>\n<\/div>\n<div class=\"ui-pdp-actions\">\n<div class=\"ui-pdp-actions__container ui-pdp-actions__container--one-element\"><\/div>\n<\/div>\n<\/form>\n<\/div>\n<\/div>\n","protected":false},"excerpt":{"rendered":"<p class=\"codigo\">S-0105<\/p>\n<h1>M\u00e1quina de Coser<\/h1>\n<p class=\"descripcion\">Overlock<\/p>\n<div class=\"ficha\">\n<h6>Descripci\u00f3n:<\/h6>\n<p>M\u00e1quina port\u00e1til de sobrehilado<br \/>\nLuz LED en los ganchos de enhebrado<br \/>\nSelector de ancho de puntada<br \/>\nSelector de largo de puntada<br \/>\nAntena gu\u00eda hilos<br \/>\nRegulador de arrastre diferencial<br \/>\nCubierta abatible<br \/>\nGu\u00eda de f\u00e1cil enhebrado<\/p>\n<h6>Medidas:<\/h6>\n<p>Dimensiones (Fr. x Prof. x Alt.) 340x285x270 mm<br \/>\nPeso 7 Kg<\/p><\/div>\n","protected":false},"featured_media":369,"template":"","meta":{"site-sidebar-layout":"default","site-content-layout":"","ast-site-content-layout":"default","site-content-style":"default","site-sidebar-style":"default","ast-global-header-display":"","ast-banner-title-visibility":"","ast-main-header-display":"","ast-hfb-above-header-display":"","ast-hfb-below-header-display":"","ast-hfb-mobile-header-display":"","site-post-title":"","ast-breadcrumbs-content":"","ast-featured-img":"","footer-sml-layout":"","ast-disable-related-posts":"","theme-transparent-header-meta":"default","adv-header-id-meta":"","stick-header-meta":"","header-above-stick-meta":"","header-main-stick-meta":"","header-below-stick-meta":"","astra-migrate-meta-layouts":"set","ast-page-background-enabled":"default","ast-page-background-meta":{"desktop":{"background-color":"var(--ast-global-color-5)","background-image":"","background-repeat":"repeat","background-position":"center center","background-size":"auto","background-attachment":"scroll","background-type":"","background-media":"","overlay-type":"","overlay-color":"","overlay-opacity":"","overlay-gradient":""},"tablet":{"background-color":"","background-image":"","background-repeat":"repeat","background-position":"center center","background-size":"auto","background-attachment":"scroll","background-type":"","background-media":"","overlay-type":"","overlay-color":"","overlay-opacity":"","overlay-gradient":""},"mobile":{"background-color":"","background-image":"","background-repeat":"repeat","background-position":"center center","background-size":"auto","background-attachment":"scroll","background-type":"","background-media":"","overlay-type":"","overlay-color":"","overlay-opacity":"","overlay-gradient":""}},"ast-content-background-meta":{"desktop":{"background-color":"var(--ast-global-color-4)","background-image":"","background-repeat":"repeat","background-position":"center center","background-size":"auto","background-attachment":"scroll","background-type":"","background-media":"","overlay-type":"","overlay-color":"","overlay-opacity":"","overlay-gradient":""},"tablet":{"background-color":"var(--ast-global-color-4)","background-image":"","background-repeat":"repeat","background-position":"center center","background-size":"auto","background-attachment":"scroll","background-type":"","background-media":"","overlay-type":"","overlay-color":"","overlay-opacity":"","overlay-gradient":""},"mobile":{"background-color":"var(--ast-global-color-4)","background-image":"","background-repeat":"repeat","background-position":"center center","background-size":"auto","background-attachment":"scroll","background-type":"","background-media":"","overlay-type":"","overlay-color":"","overlay-opacity":"","overlay-gradient":""}}},"product_brand":[],"product_cat":[40,32],"product_tag":[],"class_list":{"0":"post-697","1":"product","2":"type-product","3":"status-publish","4":"has-post-thumbnail","6":"product_cat-maquinas-de-coser","7":"product_cat-productos","8":"desktop-align-center","9":"tablet-align-left","10":"mobile-align-left","12":"first","13":"instock","14":"shipping-taxable","15":"purchasable","16":"product-type-simple"},"yoast_head":"<!-- This site is optimized with the Yoast SEO plugin v27.3 - https:\/\/yoast.com\/product\/yoast-seo-wordpress\/ -->\n<title>M\u00e1quina De Coser Singer Overlock S-0100\/S-0105 - Imperio Electrodom\u00e9sticos<\/title>\n<meta name=\"robots\" content=\"index, follow, max-snippet:-1, max-image-preview:large, max-video-preview:-1\" \/>\n<link rel=\"canonical\" href=\"https:\/\/imperioelectrodomesticos.uy\/index.php\/producto\/maquina-de-coser-singer-overlock\/\" \/>\n<meta property=\"og:locale\" content=\"es_ES\" \/>\n<meta property=\"og:type\" content=\"article\" \/>\n<meta property=\"og:title\" content=\"M\u00e1quina De Coser Singer Overlock S-0100\/S-0105 - Imperio Electrodom\u00e9sticos\" \/>\n<meta property=\"og:description\" content=\"S-0105  M\u00e1quina de Coser Overlock   Descripci\u00f3n: M\u00e1quina port\u00e1til de sobrehilado Luz LED en los ganchos de enhebrado Selector de ancho de puntada Selector de largo de puntada Antena gu\u00eda hilos Regulador de arrastre diferencial Cubierta abatible Gu\u00eda de f\u00e1cil enhebrado Medidas: Dimensiones (Fr. x Prof. x Alt.) 340x285x270 mm Peso 7 Kg\" \/>\n<meta property=\"og:url\" content=\"https:\/\/imperioelectrodomesticos.uy\/index.php\/producto\/maquina-de-coser-singer-overlock\/\" \/>\n<meta property=\"og:site_name\" content=\"Imperio Electrodom\u00e9sticos\" \/>\n<meta property=\"article:publisher\" content=\"https:\/\/www.facebook.com\/imperioelectrodomesticos\/\" \/>\n<meta property=\"article:modified_time\" content=\"2025-05-31T14:56:01+00:00\" \/>\n<meta property=\"og:image\" content=\"https:\/\/imperioelectrodomesticos.uy\/wp-content\/uploads\/2025\/02\/Maquina-de-coser-overlock-Singer-Overlock-S0105-portable-color-blanco-220V.jpg\" \/>\n\t<meta property=\"og:image:width\" content=\"1200\" \/>\n\t<meta property=\"og:image:height\" content=\"1200\" \/>\n\t<meta property=\"og:image:type\" content=\"image\/jpeg\" \/>\n<meta name=\"twitter:card\" content=\"summary_large_image\" \/>\n<meta name=\"twitter:label1\" content=\"Tiempo de lectura\" \/>\n\t<meta name=\"twitter:data1\" content=\"2 minutos\" \/>\n<script type=\"application\/ld+json\" class=\"yoast-schema-graph\">{\"@context\":\"https:\\\/\\\/schema.org\",\"@graph\":[{\"@type\":\"WebPage\",\"@id\":\"https:\\\/\\\/imperioelectrodomesticos.uy\\\/index.php\\\/producto\\\/maquina-de-coser-singer-overlock\\\/\",\"url\":\"https:\\\/\\\/imperioelectrodomesticos.uy\\\/index.php\\\/producto\\\/maquina-de-coser-singer-overlock\\\/\",\"name\":\"M\u00e1quina De Coser Singer Overlock S-0100\\\/S-0105 - Imperio Electrodom\u00e9sticos\",\"isPartOf\":{\"@id\":\"https:\\\/\\\/imperioelectrodomesticos.uy\\\/#website\"},\"primaryImageOfPage\":{\"@id\":\"https:\\\/\\\/imperioelectrodomesticos.uy\\\/index.php\\\/producto\\\/maquina-de-coser-singer-overlock\\\/#primaryimage\"},\"image\":{\"@id\":\"https:\\\/\\\/imperioelectrodomesticos.uy\\\/index.php\\\/producto\\\/maquina-de-coser-singer-overlock\\\/#primaryimage\"},\"thumbnailUrl\":\"https:\\\/\\\/imperioelectrodomesticos.uy\\\/wp-content\\\/uploads\\\/2025\\\/02\\\/Maquina-de-coser-overlock-Singer-Overlock-S0105-portable-color-blanco-220V.jpg\",\"datePublished\":\"2025-03-04T18:16:28+00:00\",\"dateModified\":\"2025-05-31T14:56:01+00:00\",\"breadcrumb\":{\"@id\":\"https:\\\/\\\/imperioelectrodomesticos.uy\\\/index.php\\\/producto\\\/maquina-de-coser-singer-overlock\\\/#breadcrumb\"},\"inLanguage\":\"es\",\"potentialAction\":[{\"@type\":\"ReadAction\",\"target\":[\"https:\\\/\\\/imperioelectrodomesticos.uy\\\/index.php\\\/producto\\\/maquina-de-coser-singer-overlock\\\/\"]}]},{\"@type\":\"ImageObject\",\"inLanguage\":\"es\",\"@id\":\"https:\\\/\\\/imperioelectrodomesticos.uy\\\/index.php\\\/producto\\\/maquina-de-coser-singer-overlock\\\/#primaryimage\",\"url\":\"https:\\\/\\\/imperioelectrodomesticos.uy\\\/wp-content\\\/uploads\\\/2025\\\/02\\\/Maquina-de-coser-overlock-Singer-Overlock-S0105-portable-color-blanco-220V.jpg\",\"contentUrl\":\"https:\\\/\\\/imperioelectrodomesticos.uy\\\/wp-content\\\/uploads\\\/2025\\\/02\\\/Maquina-de-coser-overlock-Singer-Overlock-S0105-portable-color-blanco-220V.jpg\",\"width\":1200,\"height\":1200},{\"@type\":\"BreadcrumbList\",\"@id\":\"https:\\\/\\\/imperioelectrodomesticos.uy\\\/index.php\\\/producto\\\/maquina-de-coser-singer-overlock\\\/#breadcrumb\",\"itemListElement\":[{\"@type\":\"ListItem\",\"position\":1,\"name\":\"Portada\",\"item\":\"https:\\\/\\\/imperioelectrodomesticos.uy\\\/\"},{\"@type\":\"ListItem\",\"position\":2,\"name\":\"Tienda\",\"item\":\"https:\\\/\\\/imperioelectrodomesticos.uy\\\/index.php\\\/tienda\\\/\"},{\"@type\":\"ListItem\",\"position\":3,\"name\":\"M\u00e1quina De Coser Singer Overlock S-0100\\\/S-0105\"}]},{\"@type\":\"WebSite\",\"@id\":\"https:\\\/\\\/imperioelectrodomesticos.uy\\\/#website\",\"url\":\"https:\\\/\\\/imperioelectrodomesticos.uy\\\/\",\"name\":\"Imperio Electrodom\u00e9sticos\",\"description\":\"Todo en electrodom\u00e9sticos y art\u00edculos para el hogar\",\"publisher\":{\"@id\":\"https:\\\/\\\/imperioelectrodomesticos.uy\\\/#organization\"},\"alternateName\":\"Imperio Electrodom\u00e9sticos\",\"potentialAction\":[{\"@type\":\"SearchAction\",\"target\":{\"@type\":\"EntryPoint\",\"urlTemplate\":\"https:\\\/\\\/imperioelectrodomesticos.uy\\\/?s={search_term_string}\"},\"query-input\":{\"@type\":\"PropertyValueSpecification\",\"valueRequired\":true,\"valueName\":\"search_term_string\"}}],\"inLanguage\":\"es\"},{\"@type\":\"Organization\",\"@id\":\"https:\\\/\\\/imperioelectrodomesticos.uy\\\/#organization\",\"name\":\"Imperio Electrodom\u00e9sticos\",\"url\":\"https:\\\/\\\/imperioelectrodomesticos.uy\\\/\",\"logo\":{\"@type\":\"ImageObject\",\"inLanguage\":\"es\",\"@id\":\"https:\\\/\\\/imperioelectrodomesticos.uy\\\/#\\\/schema\\\/logo\\\/image\\\/\",\"url\":\"https:\\\/\\\/imperioelectrodomesticos.uy\\\/wp-content\\\/uploads\\\/2025\\\/03\\\/cropped-ELECTRODOMESTICOS-3.png\",\"contentUrl\":\"https:\\\/\\\/imperioelectrodomesticos.uy\\\/wp-content\\\/uploads\\\/2025\\\/03\\\/cropped-ELECTRODOMESTICOS-3.png\",\"width\":1080,\"height\":245,\"caption\":\"Imperio Electrodom\u00e9sticos\"},\"image\":{\"@id\":\"https:\\\/\\\/imperioelectrodomesticos.uy\\\/#\\\/schema\\\/logo\\\/image\\\/\"},\"sameAs\":[\"https:\\\/\\\/www.facebook.com\\\/imperioelectrodomesticos\\\/\",\"https:\\\/\\\/www.instagram.com\\\/imperioelectrodomesticos.uy\\\/\"]}]}<\/script>\n<!-- \/ Yoast SEO plugin. -->","yoast_head_json":{"title":"M\u00e1quina De Coser Singer Overlock S-0100\/S-0105 - Imperio Electrodom\u00e9sticos","robots":{"index":"index","follow":"follow","max-snippet":"max-snippet:-1","max-image-preview":"max-image-preview:large","max-video-preview":"max-video-preview:-1"},"canonical":"https:\/\/imperioelectrodomesticos.uy\/index.php\/producto\/maquina-de-coser-singer-overlock\/","og_locale":"es_ES","og_type":"article","og_title":"M\u00e1quina De Coser Singer Overlock S-0100\/S-0105 - Imperio Electrodom\u00e9sticos","og_description":"S-0105  M\u00e1quina de Coser Overlock   Descripci\u00f3n: M\u00e1quina port\u00e1til de sobrehilado Luz LED en los ganchos de enhebrado Selector de ancho de puntada Selector de largo de puntada Antena gu\u00eda hilos Regulador de arrastre diferencial Cubierta abatible Gu\u00eda de f\u00e1cil enhebrado Medidas: Dimensiones (Fr. x Prof. x Alt.) 340x285x270 mm Peso 7 Kg","og_url":"https:\/\/imperioelectrodomesticos.uy\/index.php\/producto\/maquina-de-coser-singer-overlock\/","og_site_name":"Imperio Electrodom\u00e9sticos","article_publisher":"https:\/\/www.facebook.com\/imperioelectrodomesticos\/","article_modified_time":"2025-05-31T14:56:01+00:00","og_image":[{"width":1200,"height":1200,"url":"https:\/\/imperioelectrodomesticos.uy\/wp-content\/uploads\/2025\/02\/Maquina-de-coser-overlock-Singer-Overlock-S0105-portable-color-blanco-220V.jpg","type":"image\/jpeg"}],"twitter_card":"summary_large_image","twitter_misc":{"Tiempo de lectura":"2 minutos"},"schema":{"@context":"https:\/\/schema.org","@graph":[{"@type":"WebPage","@id":"https:\/\/imperioelectrodomesticos.uy\/index.php\/producto\/maquina-de-coser-singer-overlock\/","url":"https:\/\/imperioelectrodomesticos.uy\/index.php\/producto\/maquina-de-coser-singer-overlock\/","name":"M\u00e1quina De Coser Singer Overlock S-0100\/S-0105 - Imperio Electrodom\u00e9sticos","isPartOf":{"@id":"https:\/\/imperioelectrodomesticos.uy\/#website"},"primaryImageOfPage":{"@id":"https:\/\/imperioelectrodomesticos.uy\/index.php\/producto\/maquina-de-coser-singer-overlock\/#primaryimage"},"image":{"@id":"https:\/\/imperioelectrodomesticos.uy\/index.php\/producto\/maquina-de-coser-singer-overlock\/#primaryimage"},"thumbnailUrl":"https:\/\/imperioelectrodomesticos.uy\/wp-content\/uploads\/2025\/02\/Maquina-de-coser-overlock-Singer-Overlock-S0105-portable-color-blanco-220V.jpg","datePublished":"2025-03-04T18:16:28+00:00","dateModified":"2025-05-31T14:56:01+00:00","breadcrumb":{"@id":"https:\/\/imperioelectrodomesticos.uy\/index.php\/producto\/maquina-de-coser-singer-overlock\/#breadcrumb"},"inLanguage":"es","potentialAction":[{"@type":"ReadAction","target":["https:\/\/imperioelectrodomesticos.uy\/index.php\/producto\/maquina-de-coser-singer-overlock\/"]}]},{"@type":"ImageObject","inLanguage":"es","@id":"https:\/\/imperioelectrodomesticos.uy\/index.php\/producto\/maquina-de-coser-singer-overlock\/#primaryimage","url":"https:\/\/imperioelectrodomesticos.uy\/wp-content\/uploads\/2025\/02\/Maquina-de-coser-overlock-Singer-Overlock-S0105-portable-color-blanco-220V.jpg","contentUrl":"https:\/\/imperioelectrodomesticos.uy\/wp-content\/uploads\/2025\/02\/Maquina-de-coser-overlock-Singer-Overlock-S0105-portable-color-blanco-220V.jpg","width":1200,"height":1200},{"@type":"BreadcrumbList","@id":"https:\/\/imperioelectrodomesticos.uy\/index.php\/producto\/maquina-de-coser-singer-overlock\/#breadcrumb","itemListElement":[{"@type":"ListItem","position":1,"name":"Portada","item":"https:\/\/imperioelectrodomesticos.uy\/"},{"@type":"ListItem","position":2,"name":"Tienda","item":"https:\/\/imperioelectrodomesticos.uy\/index.php\/tienda\/"},{"@type":"ListItem","position":3,"name":"M\u00e1quina De Coser Singer Overlock S-0100\/S-0105"}]},{"@type":"WebSite","@id":"https:\/\/imperioelectrodomesticos.uy\/#website","url":"https:\/\/imperioelectrodomesticos.uy\/","name":"Imperio Electrodom\u00e9sticos","description":"Todo en electrodom\u00e9sticos y art\u00edculos para el hogar","publisher":{"@id":"https:\/\/imperioelectrodomesticos.uy\/#organization"},"alternateName":"Imperio Electrodom\u00e9sticos","potentialAction":[{"@type":"SearchAction","target":{"@type":"EntryPoint","urlTemplate":"https:\/\/imperioelectrodomesticos.uy\/?s={search_term_string}"},"query-input":{"@type":"PropertyValueSpecification","valueRequired":true,"valueName":"search_term_string"}}],"inLanguage":"es"},{"@type":"Organization","@id":"https:\/\/imperioelectrodomesticos.uy\/#organization","name":"Imperio Electrodom\u00e9sticos","url":"https:\/\/imperioelectrodomesticos.uy\/","logo":{"@type":"ImageObject","inLanguage":"es","@id":"https:\/\/imperioelectrodomesticos.uy\/#\/schema\/logo\/image\/","url":"https:\/\/imperioelectrodomesticos.uy\/wp-content\/uploads\/2025\/03\/cropped-ELECTRODOMESTICOS-3.png","contentUrl":"https:\/\/imperioelectrodomesticos.uy\/wp-content\/uploads\/2025\/03\/cropped-ELECTRODOMESTICOS-3.png","width":1080,"height":245,"caption":"Imperio Electrodom\u00e9sticos"},"image":{"@id":"https:\/\/imperioelectrodomesticos.uy\/#\/schema\/logo\/image\/"},"sameAs":["https:\/\/www.facebook.com\/imperioelectrodomesticos\/","https:\/\/www.instagram.com\/imperioelectrodomesticos.uy\/"]}]}},"_links":{"self":[{"href":"https:\/\/imperioelectrodomesticos.uy\/index.php\/wp-json\/wp\/v2\/product\/697","targetHints":{"allow":["GET"]}}],"collection":[{"href":"https:\/\/imperioelectrodomesticos.uy\/index.php\/wp-json\/wp\/v2\/product"}],"about":[{"href":"https:\/\/imperioelectrodomesticos.uy\/index.php\/wp-json\/wp\/v2\/types\/product"}],"wp:featuredmedia":[{"embeddable":true,"href":"https:\/\/imperioelectrodomesticos.uy\/index.php\/wp-json\/wp\/v2\/media\/369"}],"wp:attachment":[{"href":"https:\/\/imperioelectrodomesticos.uy\/index.php\/wp-json\/wp\/v2\/media?parent=697"}],"wp:term":[{"taxonomy":"product_brand","embeddable":true,"href":"https:\/\/imperioelectrodomesticos.uy\/index.php\/wp-json\/wp\/v2\/product_brand?post=697"},{"taxonomy":"product_cat","embeddable":true,"href":"https:\/\/imperioelectrodomesticos.uy\/index.php\/wp-json\/wp\/v2\/product_cat?post=697"},{"taxonomy":"product_tag","embeddable":true,"href":"https:\/\/imperioelectrodomesticos.uy\/index.php\/wp-json\/wp\/v2\/product_tag?post=697"}],"curies":[{"name":"wp","href":"https:\/\/api.w.org\/{rel}","templated":true}]}}