{"id":5371,"date":"2026-02-03T18:53:44","date_gmt":"2026-02-03T18:53:44","guid":{"rendered":"https:\/\/imperioelectrodomesticos.uy\/?post_type=product&#038;p=5371"},"modified":"2026-02-16T17:24:05","modified_gmt":"2026-02-16T17:24:05","slug":"cocina-super-gas-4-h-negra-mesada-de-vidrio-hierro-fundido-c-grill-enxuta-cenxv27542ng","status":"publish","type":"product","link":"https:\/\/imperioelectrodomesticos.uy\/index.php\/producto\/cocina-super-gas-4-h-negra-mesada-de-vidrio-hierro-fundido-c-grill-enxuta-cenxv27542ng\/","title":{"rendered":"Cocina super gas 4 h Negra ,mesada de  vidrio ,Hierro fundido c\/ grill ENXUTA CENXV27542NG"},"content":{"rendered":"","protected":false},"excerpt":{"rendered":"<h1 class=\"product_title entry-title\">Cocina Multigas \u2013 CENXV27542NG-1 \u2013 Enxuta<\/h1>\n<div class=\"woocommerce-product-details__short-description\">\n<p>4 quemadores de acero esmaltado<br \/>\nPerillas sobre mesada<br \/>\nPerillas detalles cromados<br \/>\nParrillas en hierro fundido<br \/>\nEncendido autom\u00e1tico total<br \/>\nGrill el\u00e9ctrico<br \/>\nTermocupla de seguridad<br \/>\nDoble vidrio en puerta de horno<br \/>\nDoble parrilla en el horno<br \/>\nLuz en el horno<br \/>\nBandeja para horno<br \/>\nUn a\u00f1o de garant\u00eda<br \/>\nMedidas: An.:485 mm Pr.:580 mm Al.:935 mm<\/p>\n<\/div>\n","protected":false},"featured_media":5377,"template":"","meta":{"site-sidebar-layout":"default","site-content-layout":"","ast-site-content-layout":"default","site-content-style":"default","site-sidebar-style":"default","ast-global-header-display":"","ast-banner-title-visibility":"","ast-main-header-display":"","ast-hfb-above-header-display":"","ast-hfb-below-header-display":"","ast-hfb-mobile-header-display":"","site-post-title":"","ast-breadcrumbs-content":"","ast-featured-img":"","footer-sml-layout":"","ast-disable-related-posts":"","theme-transparent-header-meta":"default","adv-header-id-meta":"","stick-header-meta":"","header-above-stick-meta":"","header-main-stick-meta":"","header-below-stick-meta":"","astra-migrate-meta-layouts":"set","ast-page-background-enabled":"default","ast-page-background-meta":{"desktop":{"background-color":"var(--ast-global-color-5)","background-image":"","background-repeat":"repeat","background-position":"center center","background-size":"auto","background-attachment":"scroll","background-type":"","background-media":"","overlay-type":"","overlay-color":"","overlay-opacity":"","overlay-gradient":""},"tablet":{"background-color":"","background-image":"","background-repeat":"repeat","background-position":"center center","background-size":"auto","background-attachment":"scroll","background-type":"","background-media":"","overlay-type":"","overlay-color":"","overlay-opacity":"","overlay-gradient":""},"mobile":{"background-color":"","background-image":"","background-repeat":"repeat","background-position":"center center","background-size":"auto","background-attachment":"scroll","background-type":"","background-media":"","overlay-type":"","overlay-color":"","overlay-opacity":"","overlay-gradient":""}},"ast-content-background-meta":{"desktop":{"background-color":"var(--ast-global-color-4)","background-image":"","background-repeat":"repeat","background-position":"center center","background-size":"auto","background-attachment":"scroll","background-type":"","background-media":"","overlay-type":"","overlay-color":"","overlay-opacity":"","overlay-gradient":""},"tablet":{"background-color":"var(--ast-global-color-4)","background-image":"","background-repeat":"repeat","background-position":"center center","background-size":"auto","background-attachment":"scroll","background-type":"","background-media":"","overlay-type":"","overlay-color":"","overlay-opacity":"","overlay-gradient":""},"mobile":{"background-color":"var(--ast-global-color-4)","background-image":"","background-repeat":"repeat","background-position":"center center","background-size":"auto","background-attachment":"scroll","background-type":"","background-media":"","overlay-type":"","overlay-color":"","overlay-opacity":"","overlay-gradient":""}}},"product_brand":[],"product_cat":[20,41,32,90],"product_tag":[136],"class_list":{"0":"post-5371","1":"product","2":"type-product","3":"status-publish","4":"has-post-thumbnail","6":"product_cat-cocinas","7":"product_cat-cocinas-cocinas","8":"product_cat-productos","9":"product_cat-supergas","10":"product_tag-enxuta","11":"desktop-align-center","12":"tablet-align-left","13":"mobile-align-left","15":"first","16":"instock","17":"shipping-taxable","18":"purchasable","19":"product-type-simple"},"yoast_head":"<!-- This site is optimized with the Yoast SEO plugin v27.5 - https:\/\/yoast.com\/product\/yoast-seo-wordpress\/ -->\n<title>Cocina super gas 4 h Negra ,mesada de vidrio ,Hierro fundido c\/ grill ENXUTA CENXV27542NG - Imperio Electrodom\u00e9sticos<\/title>\n<meta name=\"robots\" content=\"index, follow, max-snippet:-1, max-image-preview:large, max-video-preview:-1\" \/>\n<link rel=\"canonical\" href=\"https:\/\/imperioelectrodomesticos.uy\/index.php\/producto\/cocina-super-gas-4-h-negra-mesada-de-vidrio-hierro-fundido-c-grill-enxuta-cenxv27542ng\/\" \/>\n<meta property=\"og:locale\" content=\"es_ES\" \/>\n<meta property=\"og:type\" content=\"article\" \/>\n<meta property=\"og:title\" content=\"Cocina super gas 4 h Negra ,mesada de vidrio ,Hierro fundido c\/ grill ENXUTA CENXV27542NG - Imperio Electrodom\u00e9sticos\" \/>\n<meta property=\"og:description\" content=\"Cocina Multigas \u2013 CENXV27542NG-1 \u2013 Enxuta   4 quemadores de acero esmaltado Perillas sobre mesada Perillas detalles cromados Parrillas en hierro fundido Encendido autom\u00e1tico total Grill el\u00e9ctrico Termocupla de seguridad Doble vidrio en puerta de horno Doble parrilla en el horno Luz en el horno Bandeja para horno Un a\u00f1o de garant\u00eda Medidas: An.:485 mm Pr.:580 mm Al.:935 mm\" \/>\n<meta property=\"og:url\" content=\"https:\/\/imperioelectrodomesticos.uy\/index.php\/producto\/cocina-super-gas-4-h-negra-mesada-de-vidrio-hierro-fundido-c-grill-enxuta-cenxv27542ng\/\" \/>\n<meta property=\"og:site_name\" content=\"Imperio Electrodom\u00e9sticos\" \/>\n<meta property=\"article:publisher\" content=\"https:\/\/www.facebook.com\/imperioelectrodomesticos\/\" \/>\n<meta property=\"article:modified_time\" content=\"2026-02-16T17:24:05+00:00\" \/>\n<meta property=\"og:image\" content=\"https:\/\/imperioelectrodomesticos.uy\/wp-content\/uploads\/2026\/02\/cocina-enxuta-CENXV27542NG-1-abierta-800x800-1.png\" \/>\n\t<meta property=\"og:image:width\" content=\"800\" \/>\n\t<meta property=\"og:image:height\" content=\"800\" \/>\n\t<meta property=\"og:image:type\" content=\"image\/png\" \/>\n<meta name=\"twitter:card\" content=\"summary_large_image\" \/>\n<meta name=\"twitter:label1\" content=\"Tiempo de lectura\" \/>\n\t<meta name=\"twitter:data1\" content=\"1 minuto\" \/>\n<script type=\"application\/ld+json\" class=\"yoast-schema-graph\">{\"@context\":\"https:\\\/\\\/schema.org\",\"@graph\":[{\"@type\":\"WebPage\",\"@id\":\"https:\\\/\\\/imperioelectrodomesticos.uy\\\/index.php\\\/producto\\\/cocina-super-gas-4-h-negra-mesada-de-vidrio-hierro-fundido-c-grill-enxuta-cenxv27542ng\\\/\",\"url\":\"https:\\\/\\\/imperioelectrodomesticos.uy\\\/index.php\\\/producto\\\/cocina-super-gas-4-h-negra-mesada-de-vidrio-hierro-fundido-c-grill-enxuta-cenxv27542ng\\\/\",\"name\":\"Cocina super gas 4 h Negra ,mesada de vidrio ,Hierro fundido c\\\/ grill ENXUTA CENXV27542NG - Imperio Electrodom\u00e9sticos\",\"isPartOf\":{\"@id\":\"https:\\\/\\\/imperioelectrodomesticos.uy\\\/#website\"},\"primaryImageOfPage\":{\"@id\":\"https:\\\/\\\/imperioelectrodomesticos.uy\\\/index.php\\\/producto\\\/cocina-super-gas-4-h-negra-mesada-de-vidrio-hierro-fundido-c-grill-enxuta-cenxv27542ng\\\/#primaryimage\"},\"image\":{\"@id\":\"https:\\\/\\\/imperioelectrodomesticos.uy\\\/index.php\\\/producto\\\/cocina-super-gas-4-h-negra-mesada-de-vidrio-hierro-fundido-c-grill-enxuta-cenxv27542ng\\\/#primaryimage\"},\"thumbnailUrl\":\"https:\\\/\\\/imperioelectrodomesticos.uy\\\/wp-content\\\/uploads\\\/2026\\\/02\\\/cocina-enxuta-CENXV27542NG-1-abierta-800x800-1.png\",\"datePublished\":\"2026-02-03T18:53:44+00:00\",\"dateModified\":\"2026-02-16T17:24:05+00:00\",\"breadcrumb\":{\"@id\":\"https:\\\/\\\/imperioelectrodomesticos.uy\\\/index.php\\\/producto\\\/cocina-super-gas-4-h-negra-mesada-de-vidrio-hierro-fundido-c-grill-enxuta-cenxv27542ng\\\/#breadcrumb\"},\"inLanguage\":\"es\",\"potentialAction\":[{\"@type\":\"ReadAction\",\"target\":[\"https:\\\/\\\/imperioelectrodomesticos.uy\\\/index.php\\\/producto\\\/cocina-super-gas-4-h-negra-mesada-de-vidrio-hierro-fundido-c-grill-enxuta-cenxv27542ng\\\/\"]}]},{\"@type\":\"ImageObject\",\"inLanguage\":\"es\",\"@id\":\"https:\\\/\\\/imperioelectrodomesticos.uy\\\/index.php\\\/producto\\\/cocina-super-gas-4-h-negra-mesada-de-vidrio-hierro-fundido-c-grill-enxuta-cenxv27542ng\\\/#primaryimage\",\"url\":\"https:\\\/\\\/imperioelectrodomesticos.uy\\\/wp-content\\\/uploads\\\/2026\\\/02\\\/cocina-enxuta-CENXV27542NG-1-abierta-800x800-1.png\",\"contentUrl\":\"https:\\\/\\\/imperioelectrodomesticos.uy\\\/wp-content\\\/uploads\\\/2026\\\/02\\\/cocina-enxuta-CENXV27542NG-1-abierta-800x800-1.png\",\"width\":800,\"height\":800},{\"@type\":\"BreadcrumbList\",\"@id\":\"https:\\\/\\\/imperioelectrodomesticos.uy\\\/index.php\\\/producto\\\/cocina-super-gas-4-h-negra-mesada-de-vidrio-hierro-fundido-c-grill-enxuta-cenxv27542ng\\\/#breadcrumb\",\"itemListElement\":[{\"@type\":\"ListItem\",\"position\":1,\"name\":\"Portada\",\"item\":\"https:\\\/\\\/imperioelectrodomesticos.uy\\\/\"},{\"@type\":\"ListItem\",\"position\":2,\"name\":\"Tienda\",\"item\":\"https:\\\/\\\/imperioelectrodomesticos.uy\\\/index.php\\\/tienda\\\/\"},{\"@type\":\"ListItem\",\"position\":3,\"name\":\"Cocina super gas 4 h Negra ,mesada de vidrio ,Hierro fundido c\\\/ grill ENXUTA CENXV27542NG\"}]},{\"@type\":\"WebSite\",\"@id\":\"https:\\\/\\\/imperioelectrodomesticos.uy\\\/#website\",\"url\":\"https:\\\/\\\/imperioelectrodomesticos.uy\\\/\",\"name\":\"Imperio Electrodom\u00e9sticos\",\"description\":\"Todo en electrodom\u00e9sticos y art\u00edculos para el hogar\",\"publisher\":{\"@id\":\"https:\\\/\\\/imperioelectrodomesticos.uy\\\/#organization\"},\"alternateName\":\"Imperio Electrodom\u00e9sticos\",\"potentialAction\":[{\"@type\":\"SearchAction\",\"target\":{\"@type\":\"EntryPoint\",\"urlTemplate\":\"https:\\\/\\\/imperioelectrodomesticos.uy\\\/?s={search_term_string}\"},\"query-input\":{\"@type\":\"PropertyValueSpecification\",\"valueRequired\":true,\"valueName\":\"search_term_string\"}}],\"inLanguage\":\"es\"},{\"@type\":\"Organization\",\"@id\":\"https:\\\/\\\/imperioelectrodomesticos.uy\\\/#organization\",\"name\":\"Imperio Electrodom\u00e9sticos\",\"url\":\"https:\\\/\\\/imperioelectrodomesticos.uy\\\/\",\"logo\":{\"@type\":\"ImageObject\",\"inLanguage\":\"es\",\"@id\":\"https:\\\/\\\/imperioelectrodomesticos.uy\\\/#\\\/schema\\\/logo\\\/image\\\/\",\"url\":\"https:\\\/\\\/imperioelectrodomesticos.uy\\\/wp-content\\\/uploads\\\/2025\\\/03\\\/cropped-ELECTRODOMESTICOS-3.png\",\"contentUrl\":\"https:\\\/\\\/imperioelectrodomesticos.uy\\\/wp-content\\\/uploads\\\/2025\\\/03\\\/cropped-ELECTRODOMESTICOS-3.png\",\"width\":1080,\"height\":245,\"caption\":\"Imperio Electrodom\u00e9sticos\"},\"image\":{\"@id\":\"https:\\\/\\\/imperioelectrodomesticos.uy\\\/#\\\/schema\\\/logo\\\/image\\\/\"},\"sameAs\":[\"https:\\\/\\\/www.facebook.com\\\/imperioelectrodomesticos\\\/\",\"https:\\\/\\\/www.instagram.com\\\/imperioelectrodomesticos.uy\\\/\"]}]}<\/script>\n<!-- \/ Yoast SEO plugin. -->","yoast_head_json":{"title":"Cocina super gas 4 h Negra ,mesada de vidrio ,Hierro fundido c\/ grill ENXUTA CENXV27542NG - Imperio Electrodom\u00e9sticos","robots":{"index":"index","follow":"follow","max-snippet":"max-snippet:-1","max-image-preview":"max-image-preview:large","max-video-preview":"max-video-preview:-1"},"canonical":"https:\/\/imperioelectrodomesticos.uy\/index.php\/producto\/cocina-super-gas-4-h-negra-mesada-de-vidrio-hierro-fundido-c-grill-enxuta-cenxv27542ng\/","og_locale":"es_ES","og_type":"article","og_title":"Cocina super gas 4 h Negra ,mesada de vidrio ,Hierro fundido c\/ grill ENXUTA CENXV27542NG - Imperio Electrodom\u00e9sticos","og_description":"Cocina Multigas \u2013 CENXV27542NG-1 \u2013 Enxuta   4 quemadores de acero esmaltado Perillas sobre mesada Perillas detalles cromados Parrillas en hierro fundido Encendido autom\u00e1tico total Grill el\u00e9ctrico Termocupla de seguridad Doble vidrio en puerta de horno Doble parrilla en el horno Luz en el horno Bandeja para horno Un a\u00f1o de garant\u00eda Medidas: An.:485 mm Pr.:580 mm Al.:935 mm","og_url":"https:\/\/imperioelectrodomesticos.uy\/index.php\/producto\/cocina-super-gas-4-h-negra-mesada-de-vidrio-hierro-fundido-c-grill-enxuta-cenxv27542ng\/","og_site_name":"Imperio Electrodom\u00e9sticos","article_publisher":"https:\/\/www.facebook.com\/imperioelectrodomesticos\/","article_modified_time":"2026-02-16T17:24:05+00:00","og_image":[{"width":800,"height":800,"url":"https:\/\/imperioelectrodomesticos.uy\/wp-content\/uploads\/2026\/02\/cocina-enxuta-CENXV27542NG-1-abierta-800x800-1.png","type":"image\/png"}],"twitter_card":"summary_large_image","twitter_misc":{"Tiempo de lectura":"1 minuto"},"schema":{"@context":"https:\/\/schema.org","@graph":[{"@type":"WebPage","@id":"https:\/\/imperioelectrodomesticos.uy\/index.php\/producto\/cocina-super-gas-4-h-negra-mesada-de-vidrio-hierro-fundido-c-grill-enxuta-cenxv27542ng\/","url":"https:\/\/imperioelectrodomesticos.uy\/index.php\/producto\/cocina-super-gas-4-h-negra-mesada-de-vidrio-hierro-fundido-c-grill-enxuta-cenxv27542ng\/","name":"Cocina super gas 4 h Negra ,mesada de vidrio ,Hierro fundido c\/ grill ENXUTA CENXV27542NG - Imperio Electrodom\u00e9sticos","isPartOf":{"@id":"https:\/\/imperioelectrodomesticos.uy\/#website"},"primaryImageOfPage":{"@id":"https:\/\/imperioelectrodomesticos.uy\/index.php\/producto\/cocina-super-gas-4-h-negra-mesada-de-vidrio-hierro-fundido-c-grill-enxuta-cenxv27542ng\/#primaryimage"},"image":{"@id":"https:\/\/imperioelectrodomesticos.uy\/index.php\/producto\/cocina-super-gas-4-h-negra-mesada-de-vidrio-hierro-fundido-c-grill-enxuta-cenxv27542ng\/#primaryimage"},"thumbnailUrl":"https:\/\/imperioelectrodomesticos.uy\/wp-content\/uploads\/2026\/02\/cocina-enxuta-CENXV27542NG-1-abierta-800x800-1.png","datePublished":"2026-02-03T18:53:44+00:00","dateModified":"2026-02-16T17:24:05+00:00","breadcrumb":{"@id":"https:\/\/imperioelectrodomesticos.uy\/index.php\/producto\/cocina-super-gas-4-h-negra-mesada-de-vidrio-hierro-fundido-c-grill-enxuta-cenxv27542ng\/#breadcrumb"},"inLanguage":"es","potentialAction":[{"@type":"ReadAction","target":["https:\/\/imperioelectrodomesticos.uy\/index.php\/producto\/cocina-super-gas-4-h-negra-mesada-de-vidrio-hierro-fundido-c-grill-enxuta-cenxv27542ng\/"]}]},{"@type":"ImageObject","inLanguage":"es","@id":"https:\/\/imperioelectrodomesticos.uy\/index.php\/producto\/cocina-super-gas-4-h-negra-mesada-de-vidrio-hierro-fundido-c-grill-enxuta-cenxv27542ng\/#primaryimage","url":"https:\/\/imperioelectrodomesticos.uy\/wp-content\/uploads\/2026\/02\/cocina-enxuta-CENXV27542NG-1-abierta-800x800-1.png","contentUrl":"https:\/\/imperioelectrodomesticos.uy\/wp-content\/uploads\/2026\/02\/cocina-enxuta-CENXV27542NG-1-abierta-800x800-1.png","width":800,"height":800},{"@type":"BreadcrumbList","@id":"https:\/\/imperioelectrodomesticos.uy\/index.php\/producto\/cocina-super-gas-4-h-negra-mesada-de-vidrio-hierro-fundido-c-grill-enxuta-cenxv27542ng\/#breadcrumb","itemListElement":[{"@type":"ListItem","position":1,"name":"Portada","item":"https:\/\/imperioelectrodomesticos.uy\/"},{"@type":"ListItem","position":2,"name":"Tienda","item":"https:\/\/imperioelectrodomesticos.uy\/index.php\/tienda\/"},{"@type":"ListItem","position":3,"name":"Cocina super gas 4 h Negra ,mesada de vidrio ,Hierro fundido c\/ grill ENXUTA CENXV27542NG"}]},{"@type":"WebSite","@id":"https:\/\/imperioelectrodomesticos.uy\/#website","url":"https:\/\/imperioelectrodomesticos.uy\/","name":"Imperio Electrodom\u00e9sticos","description":"Todo en electrodom\u00e9sticos y art\u00edculos para el hogar","publisher":{"@id":"https:\/\/imperioelectrodomesticos.uy\/#organization"},"alternateName":"Imperio Electrodom\u00e9sticos","potentialAction":[{"@type":"SearchAction","target":{"@type":"EntryPoint","urlTemplate":"https:\/\/imperioelectrodomesticos.uy\/?s={search_term_string}"},"query-input":{"@type":"PropertyValueSpecification","valueRequired":true,"valueName":"search_term_string"}}],"inLanguage":"es"},{"@type":"Organization","@id":"https:\/\/imperioelectrodomesticos.uy\/#organization","name":"Imperio Electrodom\u00e9sticos","url":"https:\/\/imperioelectrodomesticos.uy\/","logo":{"@type":"ImageObject","inLanguage":"es","@id":"https:\/\/imperioelectrodomesticos.uy\/#\/schema\/logo\/image\/","url":"https:\/\/imperioelectrodomesticos.uy\/wp-content\/uploads\/2025\/03\/cropped-ELECTRODOMESTICOS-3.png","contentUrl":"https:\/\/imperioelectrodomesticos.uy\/wp-content\/uploads\/2025\/03\/cropped-ELECTRODOMESTICOS-3.png","width":1080,"height":245,"caption":"Imperio Electrodom\u00e9sticos"},"image":{"@id":"https:\/\/imperioelectrodomesticos.uy\/#\/schema\/logo\/image\/"},"sameAs":["https:\/\/www.facebook.com\/imperioelectrodomesticos\/","https:\/\/www.instagram.com\/imperioelectrodomesticos.uy\/"]}]}},"_links":{"self":[{"href":"https:\/\/imperioelectrodomesticos.uy\/index.php\/wp-json\/wp\/v2\/product\/5371","targetHints":{"allow":["GET"]}}],"collection":[{"href":"https:\/\/imperioelectrodomesticos.uy\/index.php\/wp-json\/wp\/v2\/product"}],"about":[{"href":"https:\/\/imperioelectrodomesticos.uy\/index.php\/wp-json\/wp\/v2\/types\/product"}],"wp:featuredmedia":[{"embeddable":true,"href":"https:\/\/imperioelectrodomesticos.uy\/index.php\/wp-json\/wp\/v2\/media\/5377"}],"wp:attachment":[{"href":"https:\/\/imperioelectrodomesticos.uy\/index.php\/wp-json\/wp\/v2\/media?parent=5371"}],"wp:term":[{"taxonomy":"product_brand","embeddable":true,"href":"https:\/\/imperioelectrodomesticos.uy\/index.php\/wp-json\/wp\/v2\/product_brand?post=5371"},{"taxonomy":"product_cat","embeddable":true,"href":"https:\/\/imperioelectrodomesticos.uy\/index.php\/wp-json\/wp\/v2\/product_cat?post=5371"},{"taxonomy":"product_tag","embeddable":true,"href":"https:\/\/imperioelectrodomesticos.uy\/index.php\/wp-json\/wp\/v2\/product_tag?post=5371"}],"curies":[{"name":"wp","href":"https:\/\/api.w.org\/{rel}","templated":true}]}}