{"id":5267,"date":"2025-12-04T17:47:53","date_gmt":"2025-12-04T17:47:53","guid":{"rendered":"https:\/\/imperioelectrodomesticos.uy\/?post_type=product&#038;p=5267"},"modified":"2025-12-04T17:47:53","modified_gmt":"2025-12-04T17:47:53","slug":"combo-gama-secador-eolic-ion-planchita-bella-delicate","status":"publish","type":"product","link":"https:\/\/imperioelectrodomesticos.uy\/index.php\/producto\/combo-gama-secador-eolic-ion-planchita-bella-delicate\/","title":{"rendered":"Combo Gama secador eolic ion + Planchita Bella delicate"},"content":{"rendered":"","protected":false},"excerpt":{"rendered":"<div class=\"parrafos col-12 col-lg-8\">\n<div class=\"item\">\n<h4>Planchita GA.MA Bella Delicate Tourmaline ION<\/h4>\n<div class=\"parrafo ul-tick \">\n<p>La plancha GA.MA Italy Bella Delicate Tourmaline Ion est\u00e1 dise\u00f1ada para proteger y cuidar tu cabello mientras logr\u00e1s un alisado perfecto y duradero.<\/p>\n<p>Sus patines recubiertos de tourmalina liberan iones negativos que eliminan el frizz y realzan el brillo natural del cabello.<\/p>\n<p>Gracias a su Suspension System, los patines se adaptan al movimiento del cabello, asegurando un contacto uniforme y un deslizamiento suave.<\/p>\n<p>Alcanza una temperatura de 230\u00b0C y cuenta con cable rotativo que facilita el manejo durante el uso.<\/p>\n<p>Adem\u00e1s, su funci\u00f3n bivolt autom\u00e1tica te permite usarla en cualquier lugar, sin preocuparte por el voltaje.<\/p>\n<p><em>Caracter\u00edsticas principales:<\/em><\/p>\n<p>Patines recubiertos de Tourmalina<br \/>\nIon Technology: ayuda a reducir el frizz y mejorar el brillo<br \/>\nSuspension System: patines flotantes que se adaptan al cabello<br \/>\nPatines de 23 x 121 mm<br \/>\nTemperatura m\u00e1xima: 230\u00b0C<br \/>\nCable rotativo para mayor comodidad<br \/>\nBivolt autom\u00e1tico<br \/>\nInterruptor ON\/OFF<\/p>\n<\/div>\n<\/div>\n<div class=\"item\">\n<h4>Secador GA.MA Eolic Mini Ceramic<\/h4>\n<div class=\"parrafo ul-tick \">\n<p>Si hay algo que no puede faltar en tu ba\u00f1o es un secador de pelo GA.MA Italy Eolic Ceramic Ion. En ondas, rulos, lacio, \u00fasalo como m\u00e1s te guste.<\/p>\n<p>Este producto se encargar\u00e1 de cuidar la salud de tu cabello y de crear el look perfecto para cada ocasi\u00f3n.<\/p>\n<p>Es peque\u00f1o, liviano y viene a completar tu set de belleza en el hogar. El producto es i\u00f3nico, lo que traer\u00e1 grandes beneficios en la r\u00e1pidez del tratamiento y en los resultados que se obtienen: mayor brillo y suavidad.<\/p>\n<p>Su funcionamiento es a trav\u00e9s de iones negativos, que golpean las mol\u00e9culas de agua y las fraccionan, por lo tanto reducen el tiempo de secado, atrapan la humedad y eliminan efectos de electricidad est\u00e1tica.<\/p>\n<p>El Eolic Mini est\u00e1 compuesto por motor DC para uso personal, de reducidas dimensiones que generan una soluci\u00f3n eficiente para bajos requerimientos de torque y tienen buen caudal y baja presi\u00f3n.<\/p>\n<p>Tecnolog\u00eda Nano Silver que se compone por nano part\u00edculas de potente acci\u00f3n antibacteriana que impiden la formaci\u00f3n de impurezas, manteni\u00e9ndolas limpias e higienizadas.<\/p>\n<p>Voltaje:220v<br \/>\nPotencia: 1600w<br \/>\nVelocidades: 2<br \/>\nLargo del cable: 1.5 metros<br \/>\nIncluye 1 boquilla<\/p>\n<\/div>\n<\/div>\n<div class=\"item\">\n<h4>Garant\u00eda<\/h4>\n<div class=\"parrafo ul-tick \">\n<p>2 a\u00f1os.<\/p>\n<\/div>\n<\/div>\n<\/div>\n","protected":false},"featured_media":5268,"template":"","meta":{"site-sidebar-layout":"default","site-content-layout":"","ast-site-content-layout":"default","site-content-style":"default","site-sidebar-style":"default","ast-global-header-display":"","ast-banner-title-visibility":"","ast-main-header-display":"","ast-hfb-above-header-display":"","ast-hfb-below-header-display":"","ast-hfb-mobile-header-display":"","site-post-title":"","ast-breadcrumbs-content":"","ast-featured-img":"","footer-sml-layout":"","ast-disable-related-posts":"","theme-transparent-header-meta":"default","adv-header-id-meta":"","stick-header-meta":"","header-above-stick-meta":"","header-main-stick-meta":"","header-below-stick-meta":"","astra-migrate-meta-layouts":"set","ast-page-background-enabled":"default","ast-page-background-meta":{"desktop":{"background-color":"var(--ast-global-color-5)","background-image":"","background-repeat":"repeat","background-position":"center center","background-size":"auto","background-attachment":"scroll","background-type":"","background-media":"","overlay-type":"","overlay-color":"","overlay-opacity":"","overlay-gradient":""},"tablet":{"background-color":"","background-image":"","background-repeat":"repeat","background-position":"center center","background-size":"auto","background-attachment":"scroll","background-type":"","background-media":"","overlay-type":"","overlay-color":"","overlay-opacity":"","overlay-gradient":""},"mobile":{"background-color":"","background-image":"","background-repeat":"repeat","background-position":"center center","background-size":"auto","background-attachment":"scroll","background-type":"","background-media":"","overlay-type":"","overlay-color":"","overlay-opacity":"","overlay-gradient":""}},"ast-content-background-meta":{"desktop":{"background-color":"var(--ast-global-color-4)","background-image":"","background-repeat":"repeat","background-position":"center center","background-size":"auto","background-attachment":"scroll","background-type":"","background-media":"","overlay-type":"","overlay-color":"","overlay-opacity":"","overlay-gradient":""},"tablet":{"background-color":"var(--ast-global-color-4)","background-image":"","background-repeat":"repeat","background-position":"center center","background-size":"auto","background-attachment":"scroll","background-type":"","background-media":"","overlay-type":"","overlay-color":"","overlay-opacity":"","overlay-gradient":""},"mobile":{"background-color":"var(--ast-global-color-4)","background-image":"","background-repeat":"repeat","background-position":"center center","background-size":"auto","background-attachment":"scroll","background-type":"","background-media":"","overlay-type":"","overlay-color":"","overlay-opacity":"","overlay-gradient":""}}},"product_brand":[],"product_cat":[29,47,32,48],"product_tag":[],"class_list":{"0":"post-5267","1":"product","2":"type-product","3":"status-publish","4":"has-post-thumbnail","6":"product_cat-cuidado-personal-y-otros","7":"product_cat-planchitas-y-rizadores-de-cabello","8":"product_cat-productos","9":"product_cat-secadores-de-pelo","10":"desktop-align-center","11":"tablet-align-left","12":"mobile-align-left","14":"first","15":"instock","16":"shipping-taxable","17":"purchasable","18":"product-type-simple"},"yoast_head":"<!-- This site is optimized with the Yoast SEO plugin v27.4 - https:\/\/yoast.com\/product\/yoast-seo-wordpress\/ -->\n<title>Combo Gama secador eolic ion + Planchita Bella delicate - Imperio Electrodom\u00e9sticos<\/title>\n<meta name=\"robots\" content=\"index, follow, max-snippet:-1, max-image-preview:large, max-video-preview:-1\" \/>\n<link rel=\"canonical\" href=\"https:\/\/imperioelectrodomesticos.uy\/index.php\/producto\/combo-gama-secador-eolic-ion-planchita-bella-delicate\/\" \/>\n<meta property=\"og:locale\" content=\"es_ES\" \/>\n<meta property=\"og:type\" content=\"article\" \/>\n<meta property=\"og:title\" content=\"Combo Gama secador eolic ion + Planchita Bella delicate - Imperio Electrodom\u00e9sticos\" \/>\n<meta property=\"og:description\" content=\"Planchita GA.MA Bella Delicate Tourmaline ION   La plancha GA.MA Italy Bella Delicate Tourmaline Ion est\u00e1 dise\u00f1ada para proteger y cuidar tu cabello mientras logr\u00e1s un alisado perfecto y duradero.  Sus patines recubiertos de tourmalina liberan iones negativos que eliminan el frizz y realzan el brillo natural del cabello.  Gracias a su Suspension System, los patines se adaptan al movimiento del cabello, asegurando un contacto uniforme y un deslizamiento suave.  Alcanza una temperatura de 230\u00b0C y cuenta con cable rotativo que facilita el manejo durante el uso.  Adem\u00e1s, su funci\u00f3n bivolt autom\u00e1tica te permite usarla en cualquier lugar, sin preocuparte por el voltaje.  Caracter\u00edsticas principales:  Patines recubiertos de Tourmalina Ion Technology: ayuda a reducir el frizz y mejorar el brillo Suspension System: patines flotantes que se adaptan al cabello Patines de 23 x 121 mm Temperatura m\u00e1xima: 230\u00b0C Cable rotativo para mayor comodidad Bivolt autom\u00e1tico Interruptor ON\/OFF     Secador GA.MA Eolic Mini Ceramic   Si hay algo que no puede faltar en tu ba\u00f1o es un secador de pelo GA.MA Italy Eolic Ceramic Ion. En ondas, rulos, lacio, \u00fasalo como m\u00e1s te guste.  Este producto se encargar\u00e1 de cuidar la salud de tu cabello y de crear el look perfecto para cada ocasi\u00f3n.  Es peque\u00f1o, liviano y viene a completar tu set de belleza en el hogar. El producto es i\u00f3nico, lo que traer\u00e1 grandes beneficios en la r\u00e1pidez del tratamiento y en los resultados que se obtienen: mayor brillo y suavidad.  Su funcionamiento es a trav\u00e9s de iones negativos, que golpean las mol\u00e9culas de agua y las fraccionan, por lo tanto reducen el tiempo de secado, atrapan la humedad y eliminan efectos de electricidad est\u00e1tica.  El Eolic Mini est\u00e1 compuesto por motor DC para uso personal, de reducidas dimensiones que generan una soluci\u00f3n eficiente para bajos requerimientos de torque y tienen buen caudal y baja presi\u00f3n.  Tecnolog\u00eda Nano Silver que se compone por nano part\u00edculas de potente acci\u00f3n antibacteriana que impiden la formaci\u00f3n de impurezas, manteni\u00e9ndolas limpias e higienizadas.  Voltaje:220v Potencia: 1600w Velocidades: 2 Largo del cable: 1.5 metros Incluye 1 boquilla     Garant\u00eda   2 a\u00f1os.\" \/>\n<meta property=\"og:url\" content=\"https:\/\/imperioelectrodomesticos.uy\/index.php\/producto\/combo-gama-secador-eolic-ion-planchita-bella-delicate\/\" \/>\n<meta property=\"og:site_name\" content=\"Imperio Electrodom\u00e9sticos\" \/>\n<meta property=\"article:publisher\" content=\"https:\/\/www.facebook.com\/imperioelectrodomesticos\/\" \/>\n<meta property=\"og:image\" content=\"https:\/\/imperioelectrodomesticos.uy\/wp-content\/uploads\/2025\/12\/combo-1-bella-delicate-eolic-mini_1.jpg\" \/>\n\t<meta property=\"og:image:width\" content=\"1000\" \/>\n\t<meta property=\"og:image:height\" content=\"1000\" \/>\n\t<meta property=\"og:image:type\" content=\"image\/jpeg\" \/>\n<meta name=\"twitter:card\" content=\"summary_large_image\" \/>\n<meta name=\"twitter:label1\" content=\"Tiempo de lectura\" \/>\n\t<meta name=\"twitter:data1\" content=\"1 minuto\" \/>\n<script type=\"application\/ld+json\" class=\"yoast-schema-graph\">{\"@context\":\"https:\\\/\\\/schema.org\",\"@graph\":[{\"@type\":\"WebPage\",\"@id\":\"https:\\\/\\\/imperioelectrodomesticos.uy\\\/index.php\\\/producto\\\/combo-gama-secador-eolic-ion-planchita-bella-delicate\\\/\",\"url\":\"https:\\\/\\\/imperioelectrodomesticos.uy\\\/index.php\\\/producto\\\/combo-gama-secador-eolic-ion-planchita-bella-delicate\\\/\",\"name\":\"Combo Gama secador eolic ion + Planchita Bella delicate - Imperio Electrodom\u00e9sticos\",\"isPartOf\":{\"@id\":\"https:\\\/\\\/imperioelectrodomesticos.uy\\\/#website\"},\"primaryImageOfPage\":{\"@id\":\"https:\\\/\\\/imperioelectrodomesticos.uy\\\/index.php\\\/producto\\\/combo-gama-secador-eolic-ion-planchita-bella-delicate\\\/#primaryimage\"},\"image\":{\"@id\":\"https:\\\/\\\/imperioelectrodomesticos.uy\\\/index.php\\\/producto\\\/combo-gama-secador-eolic-ion-planchita-bella-delicate\\\/#primaryimage\"},\"thumbnailUrl\":\"https:\\\/\\\/imperioelectrodomesticos.uy\\\/wp-content\\\/uploads\\\/2025\\\/12\\\/combo-1-bella-delicate-eolic-mini_1.jpg\",\"datePublished\":\"2025-12-04T17:47:53+00:00\",\"breadcrumb\":{\"@id\":\"https:\\\/\\\/imperioelectrodomesticos.uy\\\/index.php\\\/producto\\\/combo-gama-secador-eolic-ion-planchita-bella-delicate\\\/#breadcrumb\"},\"inLanguage\":\"es\",\"potentialAction\":[{\"@type\":\"ReadAction\",\"target\":[\"https:\\\/\\\/imperioelectrodomesticos.uy\\\/index.php\\\/producto\\\/combo-gama-secador-eolic-ion-planchita-bella-delicate\\\/\"]}]},{\"@type\":\"ImageObject\",\"inLanguage\":\"es\",\"@id\":\"https:\\\/\\\/imperioelectrodomesticos.uy\\\/index.php\\\/producto\\\/combo-gama-secador-eolic-ion-planchita-bella-delicate\\\/#primaryimage\",\"url\":\"https:\\\/\\\/imperioelectrodomesticos.uy\\\/wp-content\\\/uploads\\\/2025\\\/12\\\/combo-1-bella-delicate-eolic-mini_1.jpg\",\"contentUrl\":\"https:\\\/\\\/imperioelectrodomesticos.uy\\\/wp-content\\\/uploads\\\/2025\\\/12\\\/combo-1-bella-delicate-eolic-mini_1.jpg\",\"width\":1000,\"height\":1000},{\"@type\":\"BreadcrumbList\",\"@id\":\"https:\\\/\\\/imperioelectrodomesticos.uy\\\/index.php\\\/producto\\\/combo-gama-secador-eolic-ion-planchita-bella-delicate\\\/#breadcrumb\",\"itemListElement\":[{\"@type\":\"ListItem\",\"position\":1,\"name\":\"Portada\",\"item\":\"https:\\\/\\\/imperioelectrodomesticos.uy\\\/\"},{\"@type\":\"ListItem\",\"position\":2,\"name\":\"Tienda\",\"item\":\"https:\\\/\\\/imperioelectrodomesticos.uy\\\/index.php\\\/tienda\\\/\"},{\"@type\":\"ListItem\",\"position\":3,\"name\":\"Combo Gama secador eolic ion + Planchita Bella delicate\"}]},{\"@type\":\"WebSite\",\"@id\":\"https:\\\/\\\/imperioelectrodomesticos.uy\\\/#website\",\"url\":\"https:\\\/\\\/imperioelectrodomesticos.uy\\\/\",\"name\":\"Imperio Electrodom\u00e9sticos\",\"description\":\"Todo en electrodom\u00e9sticos y art\u00edculos para el hogar\",\"publisher\":{\"@id\":\"https:\\\/\\\/imperioelectrodomesticos.uy\\\/#organization\"},\"alternateName\":\"Imperio Electrodom\u00e9sticos\",\"potentialAction\":[{\"@type\":\"SearchAction\",\"target\":{\"@type\":\"EntryPoint\",\"urlTemplate\":\"https:\\\/\\\/imperioelectrodomesticos.uy\\\/?s={search_term_string}\"},\"query-input\":{\"@type\":\"PropertyValueSpecification\",\"valueRequired\":true,\"valueName\":\"search_term_string\"}}],\"inLanguage\":\"es\"},{\"@type\":\"Organization\",\"@id\":\"https:\\\/\\\/imperioelectrodomesticos.uy\\\/#organization\",\"name\":\"Imperio Electrodom\u00e9sticos\",\"url\":\"https:\\\/\\\/imperioelectrodomesticos.uy\\\/\",\"logo\":{\"@type\":\"ImageObject\",\"inLanguage\":\"es\",\"@id\":\"https:\\\/\\\/imperioelectrodomesticos.uy\\\/#\\\/schema\\\/logo\\\/image\\\/\",\"url\":\"https:\\\/\\\/imperioelectrodomesticos.uy\\\/wp-content\\\/uploads\\\/2025\\\/03\\\/cropped-ELECTRODOMESTICOS-3.png\",\"contentUrl\":\"https:\\\/\\\/imperioelectrodomesticos.uy\\\/wp-content\\\/uploads\\\/2025\\\/03\\\/cropped-ELECTRODOMESTICOS-3.png\",\"width\":1080,\"height\":245,\"caption\":\"Imperio Electrodom\u00e9sticos\"},\"image\":{\"@id\":\"https:\\\/\\\/imperioelectrodomesticos.uy\\\/#\\\/schema\\\/logo\\\/image\\\/\"},\"sameAs\":[\"https:\\\/\\\/www.facebook.com\\\/imperioelectrodomesticos\\\/\",\"https:\\\/\\\/www.instagram.com\\\/imperioelectrodomesticos.uy\\\/\"]}]}<\/script>\n<!-- \/ Yoast SEO plugin. -->","yoast_head_json":{"title":"Combo Gama secador eolic ion + Planchita Bella delicate - Imperio Electrodom\u00e9sticos","robots":{"index":"index","follow":"follow","max-snippet":"max-snippet:-1","max-image-preview":"max-image-preview:large","max-video-preview":"max-video-preview:-1"},"canonical":"https:\/\/imperioelectrodomesticos.uy\/index.php\/producto\/combo-gama-secador-eolic-ion-planchita-bella-delicate\/","og_locale":"es_ES","og_type":"article","og_title":"Combo Gama secador eolic ion + Planchita Bella delicate - Imperio Electrodom\u00e9sticos","og_description":"Planchita GA.MA Bella Delicate Tourmaline ION   La plancha GA.MA Italy Bella Delicate Tourmaline Ion est\u00e1 dise\u00f1ada para proteger y cuidar tu cabello mientras logr\u00e1s un alisado perfecto y duradero.  Sus patines recubiertos de tourmalina liberan iones negativos que eliminan el frizz y realzan el brillo natural del cabello.  Gracias a su Suspension System, los patines se adaptan al movimiento del cabello, asegurando un contacto uniforme y un deslizamiento suave.  Alcanza una temperatura de 230\u00b0C y cuenta con cable rotativo que facilita el manejo durante el uso.  Adem\u00e1s, su funci\u00f3n bivolt autom\u00e1tica te permite usarla en cualquier lugar, sin preocuparte por el voltaje.  Caracter\u00edsticas principales:  Patines recubiertos de Tourmalina Ion Technology: ayuda a reducir el frizz y mejorar el brillo Suspension System: patines flotantes que se adaptan al cabello Patines de 23 x 121 mm Temperatura m\u00e1xima: 230\u00b0C Cable rotativo para mayor comodidad Bivolt autom\u00e1tico Interruptor ON\/OFF     Secador GA.MA Eolic Mini Ceramic   Si hay algo que no puede faltar en tu ba\u00f1o es un secador de pelo GA.MA Italy Eolic Ceramic Ion. En ondas, rulos, lacio, \u00fasalo como m\u00e1s te guste.  Este producto se encargar\u00e1 de cuidar la salud de tu cabello y de crear el look perfecto para cada ocasi\u00f3n.  Es peque\u00f1o, liviano y viene a completar tu set de belleza en el hogar. El producto es i\u00f3nico, lo que traer\u00e1 grandes beneficios en la r\u00e1pidez del tratamiento y en los resultados que se obtienen: mayor brillo y suavidad.  Su funcionamiento es a trav\u00e9s de iones negativos, que golpean las mol\u00e9culas de agua y las fraccionan, por lo tanto reducen el tiempo de secado, atrapan la humedad y eliminan efectos de electricidad est\u00e1tica.  El Eolic Mini est\u00e1 compuesto por motor DC para uso personal, de reducidas dimensiones que generan una soluci\u00f3n eficiente para bajos requerimientos de torque y tienen buen caudal y baja presi\u00f3n.  Tecnolog\u00eda Nano Silver que se compone por nano part\u00edculas de potente acci\u00f3n antibacteriana que impiden la formaci\u00f3n de impurezas, manteni\u00e9ndolas limpias e higienizadas.  Voltaje:220v Potencia: 1600w Velocidades: 2 Largo del cable: 1.5 metros Incluye 1 boquilla     Garant\u00eda   2 a\u00f1os.","og_url":"https:\/\/imperioelectrodomesticos.uy\/index.php\/producto\/combo-gama-secador-eolic-ion-planchita-bella-delicate\/","og_site_name":"Imperio Electrodom\u00e9sticos","article_publisher":"https:\/\/www.facebook.com\/imperioelectrodomesticos\/","og_image":[{"width":1000,"height":1000,"url":"https:\/\/imperioelectrodomesticos.uy\/wp-content\/uploads\/2025\/12\/combo-1-bella-delicate-eolic-mini_1.jpg","type":"image\/jpeg"}],"twitter_card":"summary_large_image","twitter_misc":{"Tiempo de lectura":"1 minuto"},"schema":{"@context":"https:\/\/schema.org","@graph":[{"@type":"WebPage","@id":"https:\/\/imperioelectrodomesticos.uy\/index.php\/producto\/combo-gama-secador-eolic-ion-planchita-bella-delicate\/","url":"https:\/\/imperioelectrodomesticos.uy\/index.php\/producto\/combo-gama-secador-eolic-ion-planchita-bella-delicate\/","name":"Combo Gama secador eolic ion + Planchita Bella delicate - Imperio Electrodom\u00e9sticos","isPartOf":{"@id":"https:\/\/imperioelectrodomesticos.uy\/#website"},"primaryImageOfPage":{"@id":"https:\/\/imperioelectrodomesticos.uy\/index.php\/producto\/combo-gama-secador-eolic-ion-planchita-bella-delicate\/#primaryimage"},"image":{"@id":"https:\/\/imperioelectrodomesticos.uy\/index.php\/producto\/combo-gama-secador-eolic-ion-planchita-bella-delicate\/#primaryimage"},"thumbnailUrl":"https:\/\/imperioelectrodomesticos.uy\/wp-content\/uploads\/2025\/12\/combo-1-bella-delicate-eolic-mini_1.jpg","datePublished":"2025-12-04T17:47:53+00:00","breadcrumb":{"@id":"https:\/\/imperioelectrodomesticos.uy\/index.php\/producto\/combo-gama-secador-eolic-ion-planchita-bella-delicate\/#breadcrumb"},"inLanguage":"es","potentialAction":[{"@type":"ReadAction","target":["https:\/\/imperioelectrodomesticos.uy\/index.php\/producto\/combo-gama-secador-eolic-ion-planchita-bella-delicate\/"]}]},{"@type":"ImageObject","inLanguage":"es","@id":"https:\/\/imperioelectrodomesticos.uy\/index.php\/producto\/combo-gama-secador-eolic-ion-planchita-bella-delicate\/#primaryimage","url":"https:\/\/imperioelectrodomesticos.uy\/wp-content\/uploads\/2025\/12\/combo-1-bella-delicate-eolic-mini_1.jpg","contentUrl":"https:\/\/imperioelectrodomesticos.uy\/wp-content\/uploads\/2025\/12\/combo-1-bella-delicate-eolic-mini_1.jpg","width":1000,"height":1000},{"@type":"BreadcrumbList","@id":"https:\/\/imperioelectrodomesticos.uy\/index.php\/producto\/combo-gama-secador-eolic-ion-planchita-bella-delicate\/#breadcrumb","itemListElement":[{"@type":"ListItem","position":1,"name":"Portada","item":"https:\/\/imperioelectrodomesticos.uy\/"},{"@type":"ListItem","position":2,"name":"Tienda","item":"https:\/\/imperioelectrodomesticos.uy\/index.php\/tienda\/"},{"@type":"ListItem","position":3,"name":"Combo Gama secador eolic ion + Planchita Bella delicate"}]},{"@type":"WebSite","@id":"https:\/\/imperioelectrodomesticos.uy\/#website","url":"https:\/\/imperioelectrodomesticos.uy\/","name":"Imperio Electrodom\u00e9sticos","description":"Todo en electrodom\u00e9sticos y art\u00edculos para el hogar","publisher":{"@id":"https:\/\/imperioelectrodomesticos.uy\/#organization"},"alternateName":"Imperio Electrodom\u00e9sticos","potentialAction":[{"@type":"SearchAction","target":{"@type":"EntryPoint","urlTemplate":"https:\/\/imperioelectrodomesticos.uy\/?s={search_term_string}"},"query-input":{"@type":"PropertyValueSpecification","valueRequired":true,"valueName":"search_term_string"}}],"inLanguage":"es"},{"@type":"Organization","@id":"https:\/\/imperioelectrodomesticos.uy\/#organization","name":"Imperio Electrodom\u00e9sticos","url":"https:\/\/imperioelectrodomesticos.uy\/","logo":{"@type":"ImageObject","inLanguage":"es","@id":"https:\/\/imperioelectrodomesticos.uy\/#\/schema\/logo\/image\/","url":"https:\/\/imperioelectrodomesticos.uy\/wp-content\/uploads\/2025\/03\/cropped-ELECTRODOMESTICOS-3.png","contentUrl":"https:\/\/imperioelectrodomesticos.uy\/wp-content\/uploads\/2025\/03\/cropped-ELECTRODOMESTICOS-3.png","width":1080,"height":245,"caption":"Imperio Electrodom\u00e9sticos"},"image":{"@id":"https:\/\/imperioelectrodomesticos.uy\/#\/schema\/logo\/image\/"},"sameAs":["https:\/\/www.facebook.com\/imperioelectrodomesticos\/","https:\/\/www.instagram.com\/imperioelectrodomesticos.uy\/"]}]}},"_links":{"self":[{"href":"https:\/\/imperioelectrodomesticos.uy\/index.php\/wp-json\/wp\/v2\/product\/5267","targetHints":{"allow":["GET"]}}],"collection":[{"href":"https:\/\/imperioelectrodomesticos.uy\/index.php\/wp-json\/wp\/v2\/product"}],"about":[{"href":"https:\/\/imperioelectrodomesticos.uy\/index.php\/wp-json\/wp\/v2\/types\/product"}],"wp:featuredmedia":[{"embeddable":true,"href":"https:\/\/imperioelectrodomesticos.uy\/index.php\/wp-json\/wp\/v2\/media\/5268"}],"wp:attachment":[{"href":"https:\/\/imperioelectrodomesticos.uy\/index.php\/wp-json\/wp\/v2\/media?parent=5267"}],"wp:term":[{"taxonomy":"product_brand","embeddable":true,"href":"https:\/\/imperioelectrodomesticos.uy\/index.php\/wp-json\/wp\/v2\/product_brand?post=5267"},{"taxonomy":"product_cat","embeddable":true,"href":"https:\/\/imperioelectrodomesticos.uy\/index.php\/wp-json\/wp\/v2\/product_cat?post=5267"},{"taxonomy":"product_tag","embeddable":true,"href":"https:\/\/imperioelectrodomesticos.uy\/index.php\/wp-json\/wp\/v2\/product_tag?post=5267"}],"curies":[{"name":"wp","href":"https:\/\/api.w.org\/{rel}","templated":true}]}}