{"id":5065,"date":"2025-10-18T14:01:24","date_gmt":"2025-10-18T14:01:24","guid":{"rendered":"https:\/\/imperioelectrodomesticos.uy\/?post_type=product&#038;p=5065"},"modified":"2026-04-08T16:04:39","modified_gmt":"2026-04-08T16:04:39","slug":"bicicleta-kova-tibet-27-5-hombre-aluminio","status":"publish","type":"product","link":"https:\/\/imperioelectrodomesticos.uy\/index.php\/producto\/bicicleta-kova-tibet-27-5-hombre-aluminio\/","title":{"rendered":"Bicicleta Kova Tibet 27.5 Hombre Aluminio"},"content":{"rendered":"","protected":false},"excerpt":{"rendered":"<p>La Bicicleta Monta\u00f1a Dama 27.5 Aluminio Tibet New es la compa\u00f1era ideal para los hombre\u00a0 aventureras que buscan explorar senderos y disfrutar de la naturaleza. Con un dise\u00f1o robusto y elegante, su cuadro de aluminio garantiza ligereza y resistencia, permitiendo un manejo \u00e1gil en terrenos variados.<\/p>\n<p>Equipado con 21 velocidades y cambios Shimano, este modelo ofrece una experiencia de conducci\u00f3n fluida y adaptable a diferentes condiciones. Los frenos de disco mec\u00e1nico en ambas ruedas aseguran una detenci\u00f3n efectiva y segura, brindando confianza en cada descenso.<\/p>\n<p>La suspensi\u00f3n delantera proporciona comodidad en caminos irregulares, absorbiendo impactos y mejorando la estabilidad. Con un peso de 17 kg y una capacidad de carga de hasta 130 kg, es perfecta para diversas ciclistas adultas que buscan un rendimiento excepcional.<\/p>\n<p>El asiento de cuero sint\u00e9tico a\u00f1ade un toque de confort, permitiendo largas jornadas de pedaleo sin incomodidades. Adem\u00e1s, su dise\u00f1o no plegable y la facilidad de ensamblado con manual incluido hacen que esta bicicleta sea pr\u00e1ctica y lista para la aventura.<\/p>\n","protected":false},"featured_media":5070,"template":"","meta":{"site-sidebar-layout":"default","site-content-layout":"","ast-site-content-layout":"default","site-content-style":"default","site-sidebar-style":"default","ast-global-header-display":"","ast-banner-title-visibility":"","ast-main-header-display":"","ast-hfb-above-header-display":"","ast-hfb-below-header-display":"","ast-hfb-mobile-header-display":"","site-post-title":"","ast-breadcrumbs-content":"","ast-featured-img":"","footer-sml-layout":"","ast-disable-related-posts":"","theme-transparent-header-meta":"default","adv-header-id-meta":"","stick-header-meta":"","header-above-stick-meta":"","header-main-stick-meta":"","header-below-stick-meta":"","astra-migrate-meta-layouts":"set","ast-page-background-enabled":"default","ast-page-background-meta":{"desktop":{"background-color":"var(--ast-global-color-5)","background-image":"","background-repeat":"repeat","background-position":"center center","background-size":"auto","background-attachment":"scroll","background-type":"","background-media":"","overlay-type":"","overlay-color":"","overlay-opacity":"","overlay-gradient":""},"tablet":{"background-color":"","background-image":"","background-repeat":"repeat","background-position":"center center","background-size":"auto","background-attachment":"scroll","background-type":"","background-media":"","overlay-type":"","overlay-color":"","overlay-opacity":"","overlay-gradient":""},"mobile":{"background-color":"","background-image":"","background-repeat":"repeat","background-position":"center center","background-size":"auto","background-attachment":"scroll","background-type":"","background-media":"","overlay-type":"","overlay-color":"","overlay-opacity":"","overlay-gradient":""}},"ast-content-background-meta":{"desktop":{"background-color":"var(--ast-global-color-4)","background-image":"","background-repeat":"repeat","background-position":"center center","background-size":"auto","background-attachment":"scroll","background-type":"","background-media":"","overlay-type":"","overlay-color":"","overlay-opacity":"","overlay-gradient":""},"tablet":{"background-color":"var(--ast-global-color-4)","background-image":"","background-repeat":"repeat","background-position":"center center","background-size":"auto","background-attachment":"scroll","background-type":"","background-media":"","overlay-type":"","overlay-color":"","overlay-opacity":"","overlay-gradient":""},"mobile":{"background-color":"var(--ast-global-color-4)","background-image":"","background-repeat":"repeat","background-position":"center center","background-size":"auto","background-attachment":"scroll","background-type":"","background-media":"","overlay-type":"","overlay-color":"","overlay-opacity":"","overlay-gradient":""}}},"product_brand":[],"product_cat":[86,28,32],"product_tag":[],"class_list":{"0":"post-5065","1":"product","2":"type-product","3":"status-publish","4":"has-post-thumbnail","6":"product_cat-bicicleta-rodado-27-5","7":"product_cat-bicicletas","8":"product_cat-productos","9":"desktop-align-center","10":"tablet-align-left","11":"mobile-align-left","13":"first","14":"instock","15":"shipping-taxable","16":"purchasable","17":"product-type-simple"},"yoast_head":"<!-- This site is optimized with the Yoast SEO plugin v27.3 - https:\/\/yoast.com\/product\/yoast-seo-wordpress\/ -->\n<title>Bicicleta Kova Tibet 27.5 Hombre Aluminio - Imperio Electrodom\u00e9sticos<\/title>\n<meta name=\"robots\" content=\"index, follow, max-snippet:-1, max-image-preview:large, max-video-preview:-1\" \/>\n<link rel=\"canonical\" href=\"https:\/\/imperioelectrodomesticos.uy\/index.php\/producto\/bicicleta-kova-tibet-27-5-hombre-aluminio\/\" \/>\n<meta property=\"og:locale\" content=\"es_ES\" \/>\n<meta property=\"og:type\" content=\"article\" \/>\n<meta property=\"og:title\" content=\"Bicicleta Kova Tibet 27.5 Hombre Aluminio - Imperio Electrodom\u00e9sticos\" \/>\n<meta property=\"og:description\" content=\"La Bicicleta Monta\u00f1a Dama 27.5 Aluminio Tibet New es la compa\u00f1era ideal para los hombre\u00a0 aventureras que buscan explorar senderos y disfrutar de la naturaleza. Con un dise\u00f1o robusto y elegante, su cuadro de aluminio garantiza ligereza y resistencia, permitiendo un manejo \u00e1gil en terrenos variados.  Equipado con 21 velocidades y cambios Shimano, este modelo ofrece una experiencia de conducci\u00f3n fluida y adaptable a diferentes condiciones. Los frenos de disco mec\u00e1nico en ambas ruedas aseguran una detenci\u00f3n efectiva y segura, brindando confianza en cada descenso.  La suspensi\u00f3n delantera proporciona comodidad en caminos irregulares, absorbiendo impactos y mejorando la estabilidad. Con un peso de 17 kg y una capacidad de carga de hasta 130 kg, es perfecta para diversas ciclistas adultas que buscan un rendimiento excepcional.  El asiento de cuero sint\u00e9tico a\u00f1ade un toque de confort, permitiendo largas jornadas de pedaleo sin incomodidades. Adem\u00e1s, su dise\u00f1o no plegable y la facilidad de ensamblado con manual incluido hacen que esta bicicleta sea pr\u00e1ctica y lista para la aventura.\" \/>\n<meta property=\"og:url\" content=\"https:\/\/imperioelectrodomesticos.uy\/index.php\/producto\/bicicleta-kova-tibet-27-5-hombre-aluminio\/\" \/>\n<meta property=\"og:site_name\" content=\"Imperio Electrodom\u00e9sticos\" \/>\n<meta property=\"article:publisher\" content=\"https:\/\/www.facebook.com\/imperioelectrodomesticos\/\" \/>\n<meta property=\"article:modified_time\" content=\"2026-04-08T16:04:39+00:00\" \/>\n<meta property=\"og:image\" content=\"https:\/\/imperioelectrodomesticos.uy\/wp-content\/uploads\/2025\/10\/tibet-hombre-275-freno-disco1.jpg\" \/>\n\t<meta property=\"og:image:width\" content=\"1422\" \/>\n\t<meta property=\"og:image:height\" content=\"1100\" \/>\n\t<meta property=\"og:image:type\" content=\"image\/jpeg\" \/>\n<meta name=\"twitter:card\" content=\"summary_large_image\" \/>\n<meta name=\"twitter:label1\" content=\"Tiempo de lectura\" \/>\n\t<meta name=\"twitter:data1\" content=\"1 minuto\" \/>\n<script type=\"application\/ld+json\" class=\"yoast-schema-graph\">{\"@context\":\"https:\\\/\\\/schema.org\",\"@graph\":[{\"@type\":\"WebPage\",\"@id\":\"https:\\\/\\\/imperioelectrodomesticos.uy\\\/index.php\\\/producto\\\/bicicleta-kova-tibet-27-5-hombre-aluminio\\\/\",\"url\":\"https:\\\/\\\/imperioelectrodomesticos.uy\\\/index.php\\\/producto\\\/bicicleta-kova-tibet-27-5-hombre-aluminio\\\/\",\"name\":\"Bicicleta Kova Tibet 27.5 Hombre Aluminio - Imperio Electrodom\u00e9sticos\",\"isPartOf\":{\"@id\":\"https:\\\/\\\/imperioelectrodomesticos.uy\\\/#website\"},\"primaryImageOfPage\":{\"@id\":\"https:\\\/\\\/imperioelectrodomesticos.uy\\\/index.php\\\/producto\\\/bicicleta-kova-tibet-27-5-hombre-aluminio\\\/#primaryimage\"},\"image\":{\"@id\":\"https:\\\/\\\/imperioelectrodomesticos.uy\\\/index.php\\\/producto\\\/bicicleta-kova-tibet-27-5-hombre-aluminio\\\/#primaryimage\"},\"thumbnailUrl\":\"https:\\\/\\\/imperioelectrodomesticos.uy\\\/wp-content\\\/uploads\\\/2025\\\/10\\\/tibet-hombre-275-freno-disco1.jpg\",\"datePublished\":\"2025-10-18T14:01:24+00:00\",\"dateModified\":\"2026-04-08T16:04:39+00:00\",\"breadcrumb\":{\"@id\":\"https:\\\/\\\/imperioelectrodomesticos.uy\\\/index.php\\\/producto\\\/bicicleta-kova-tibet-27-5-hombre-aluminio\\\/#breadcrumb\"},\"inLanguage\":\"es\",\"potentialAction\":[{\"@type\":\"ReadAction\",\"target\":[\"https:\\\/\\\/imperioelectrodomesticos.uy\\\/index.php\\\/producto\\\/bicicleta-kova-tibet-27-5-hombre-aluminio\\\/\"]}]},{\"@type\":\"ImageObject\",\"inLanguage\":\"es\",\"@id\":\"https:\\\/\\\/imperioelectrodomesticos.uy\\\/index.php\\\/producto\\\/bicicleta-kova-tibet-27-5-hombre-aluminio\\\/#primaryimage\",\"url\":\"https:\\\/\\\/imperioelectrodomesticos.uy\\\/wp-content\\\/uploads\\\/2025\\\/10\\\/tibet-hombre-275-freno-disco1.jpg\",\"contentUrl\":\"https:\\\/\\\/imperioelectrodomesticos.uy\\\/wp-content\\\/uploads\\\/2025\\\/10\\\/tibet-hombre-275-freno-disco1.jpg\",\"width\":1422,\"height\":1100},{\"@type\":\"BreadcrumbList\",\"@id\":\"https:\\\/\\\/imperioelectrodomesticos.uy\\\/index.php\\\/producto\\\/bicicleta-kova-tibet-27-5-hombre-aluminio\\\/#breadcrumb\",\"itemListElement\":[{\"@type\":\"ListItem\",\"position\":1,\"name\":\"Portada\",\"item\":\"https:\\\/\\\/imperioelectrodomesticos.uy\\\/\"},{\"@type\":\"ListItem\",\"position\":2,\"name\":\"Tienda\",\"item\":\"https:\\\/\\\/imperioelectrodomesticos.uy\\\/index.php\\\/tienda\\\/\"},{\"@type\":\"ListItem\",\"position\":3,\"name\":\"Bicicleta Kova Tibet 27.5 Hombre Aluminio\"}]},{\"@type\":\"WebSite\",\"@id\":\"https:\\\/\\\/imperioelectrodomesticos.uy\\\/#website\",\"url\":\"https:\\\/\\\/imperioelectrodomesticos.uy\\\/\",\"name\":\"Imperio Electrodom\u00e9sticos\",\"description\":\"Todo en electrodom\u00e9sticos y art\u00edculos para el hogar\",\"publisher\":{\"@id\":\"https:\\\/\\\/imperioelectrodomesticos.uy\\\/#organization\"},\"alternateName\":\"Imperio Electrodom\u00e9sticos\",\"potentialAction\":[{\"@type\":\"SearchAction\",\"target\":{\"@type\":\"EntryPoint\",\"urlTemplate\":\"https:\\\/\\\/imperioelectrodomesticos.uy\\\/?s={search_term_string}\"},\"query-input\":{\"@type\":\"PropertyValueSpecification\",\"valueRequired\":true,\"valueName\":\"search_term_string\"}}],\"inLanguage\":\"es\"},{\"@type\":\"Organization\",\"@id\":\"https:\\\/\\\/imperioelectrodomesticos.uy\\\/#organization\",\"name\":\"Imperio Electrodom\u00e9sticos\",\"url\":\"https:\\\/\\\/imperioelectrodomesticos.uy\\\/\",\"logo\":{\"@type\":\"ImageObject\",\"inLanguage\":\"es\",\"@id\":\"https:\\\/\\\/imperioelectrodomesticos.uy\\\/#\\\/schema\\\/logo\\\/image\\\/\",\"url\":\"https:\\\/\\\/imperioelectrodomesticos.uy\\\/wp-content\\\/uploads\\\/2025\\\/03\\\/cropped-ELECTRODOMESTICOS-3.png\",\"contentUrl\":\"https:\\\/\\\/imperioelectrodomesticos.uy\\\/wp-content\\\/uploads\\\/2025\\\/03\\\/cropped-ELECTRODOMESTICOS-3.png\",\"width\":1080,\"height\":245,\"caption\":\"Imperio Electrodom\u00e9sticos\"},\"image\":{\"@id\":\"https:\\\/\\\/imperioelectrodomesticos.uy\\\/#\\\/schema\\\/logo\\\/image\\\/\"},\"sameAs\":[\"https:\\\/\\\/www.facebook.com\\\/imperioelectrodomesticos\\\/\",\"https:\\\/\\\/www.instagram.com\\\/imperioelectrodomesticos.uy\\\/\"]}]}<\/script>\n<!-- \/ Yoast SEO plugin. -->","yoast_head_json":{"title":"Bicicleta Kova Tibet 27.5 Hombre Aluminio - Imperio Electrodom\u00e9sticos","robots":{"index":"index","follow":"follow","max-snippet":"max-snippet:-1","max-image-preview":"max-image-preview:large","max-video-preview":"max-video-preview:-1"},"canonical":"https:\/\/imperioelectrodomesticos.uy\/index.php\/producto\/bicicleta-kova-tibet-27-5-hombre-aluminio\/","og_locale":"es_ES","og_type":"article","og_title":"Bicicleta Kova Tibet 27.5 Hombre Aluminio - Imperio Electrodom\u00e9sticos","og_description":"La Bicicleta Monta\u00f1a Dama 27.5 Aluminio Tibet New es la compa\u00f1era ideal para los hombre\u00a0 aventureras que buscan explorar senderos y disfrutar de la naturaleza. Con un dise\u00f1o robusto y elegante, su cuadro de aluminio garantiza ligereza y resistencia, permitiendo un manejo \u00e1gil en terrenos variados.  Equipado con 21 velocidades y cambios Shimano, este modelo ofrece una experiencia de conducci\u00f3n fluida y adaptable a diferentes condiciones. Los frenos de disco mec\u00e1nico en ambas ruedas aseguran una detenci\u00f3n efectiva y segura, brindando confianza en cada descenso.  La suspensi\u00f3n delantera proporciona comodidad en caminos irregulares, absorbiendo impactos y mejorando la estabilidad. Con un peso de 17 kg y una capacidad de carga de hasta 130 kg, es perfecta para diversas ciclistas adultas que buscan un rendimiento excepcional.  El asiento de cuero sint\u00e9tico a\u00f1ade un toque de confort, permitiendo largas jornadas de pedaleo sin incomodidades. Adem\u00e1s, su dise\u00f1o no plegable y la facilidad de ensamblado con manual incluido hacen que esta bicicleta sea pr\u00e1ctica y lista para la aventura.","og_url":"https:\/\/imperioelectrodomesticos.uy\/index.php\/producto\/bicicleta-kova-tibet-27-5-hombre-aluminio\/","og_site_name":"Imperio Electrodom\u00e9sticos","article_publisher":"https:\/\/www.facebook.com\/imperioelectrodomesticos\/","article_modified_time":"2026-04-08T16:04:39+00:00","og_image":[{"width":1422,"height":1100,"url":"https:\/\/imperioelectrodomesticos.uy\/wp-content\/uploads\/2025\/10\/tibet-hombre-275-freno-disco1.jpg","type":"image\/jpeg"}],"twitter_card":"summary_large_image","twitter_misc":{"Tiempo de lectura":"1 minuto"},"schema":{"@context":"https:\/\/schema.org","@graph":[{"@type":"WebPage","@id":"https:\/\/imperioelectrodomesticos.uy\/index.php\/producto\/bicicleta-kova-tibet-27-5-hombre-aluminio\/","url":"https:\/\/imperioelectrodomesticos.uy\/index.php\/producto\/bicicleta-kova-tibet-27-5-hombre-aluminio\/","name":"Bicicleta Kova Tibet 27.5 Hombre Aluminio - Imperio Electrodom\u00e9sticos","isPartOf":{"@id":"https:\/\/imperioelectrodomesticos.uy\/#website"},"primaryImageOfPage":{"@id":"https:\/\/imperioelectrodomesticos.uy\/index.php\/producto\/bicicleta-kova-tibet-27-5-hombre-aluminio\/#primaryimage"},"image":{"@id":"https:\/\/imperioelectrodomesticos.uy\/index.php\/producto\/bicicleta-kova-tibet-27-5-hombre-aluminio\/#primaryimage"},"thumbnailUrl":"https:\/\/imperioelectrodomesticos.uy\/wp-content\/uploads\/2025\/10\/tibet-hombre-275-freno-disco1.jpg","datePublished":"2025-10-18T14:01:24+00:00","dateModified":"2026-04-08T16:04:39+00:00","breadcrumb":{"@id":"https:\/\/imperioelectrodomesticos.uy\/index.php\/producto\/bicicleta-kova-tibet-27-5-hombre-aluminio\/#breadcrumb"},"inLanguage":"es","potentialAction":[{"@type":"ReadAction","target":["https:\/\/imperioelectrodomesticos.uy\/index.php\/producto\/bicicleta-kova-tibet-27-5-hombre-aluminio\/"]}]},{"@type":"ImageObject","inLanguage":"es","@id":"https:\/\/imperioelectrodomesticos.uy\/index.php\/producto\/bicicleta-kova-tibet-27-5-hombre-aluminio\/#primaryimage","url":"https:\/\/imperioelectrodomesticos.uy\/wp-content\/uploads\/2025\/10\/tibet-hombre-275-freno-disco1.jpg","contentUrl":"https:\/\/imperioelectrodomesticos.uy\/wp-content\/uploads\/2025\/10\/tibet-hombre-275-freno-disco1.jpg","width":1422,"height":1100},{"@type":"BreadcrumbList","@id":"https:\/\/imperioelectrodomesticos.uy\/index.php\/producto\/bicicleta-kova-tibet-27-5-hombre-aluminio\/#breadcrumb","itemListElement":[{"@type":"ListItem","position":1,"name":"Portada","item":"https:\/\/imperioelectrodomesticos.uy\/"},{"@type":"ListItem","position":2,"name":"Tienda","item":"https:\/\/imperioelectrodomesticos.uy\/index.php\/tienda\/"},{"@type":"ListItem","position":3,"name":"Bicicleta Kova Tibet 27.5 Hombre Aluminio"}]},{"@type":"WebSite","@id":"https:\/\/imperioelectrodomesticos.uy\/#website","url":"https:\/\/imperioelectrodomesticos.uy\/","name":"Imperio Electrodom\u00e9sticos","description":"Todo en electrodom\u00e9sticos y art\u00edculos para el hogar","publisher":{"@id":"https:\/\/imperioelectrodomesticos.uy\/#organization"},"alternateName":"Imperio Electrodom\u00e9sticos","potentialAction":[{"@type":"SearchAction","target":{"@type":"EntryPoint","urlTemplate":"https:\/\/imperioelectrodomesticos.uy\/?s={search_term_string}"},"query-input":{"@type":"PropertyValueSpecification","valueRequired":true,"valueName":"search_term_string"}}],"inLanguage":"es"},{"@type":"Organization","@id":"https:\/\/imperioelectrodomesticos.uy\/#organization","name":"Imperio Electrodom\u00e9sticos","url":"https:\/\/imperioelectrodomesticos.uy\/","logo":{"@type":"ImageObject","inLanguage":"es","@id":"https:\/\/imperioelectrodomesticos.uy\/#\/schema\/logo\/image\/","url":"https:\/\/imperioelectrodomesticos.uy\/wp-content\/uploads\/2025\/03\/cropped-ELECTRODOMESTICOS-3.png","contentUrl":"https:\/\/imperioelectrodomesticos.uy\/wp-content\/uploads\/2025\/03\/cropped-ELECTRODOMESTICOS-3.png","width":1080,"height":245,"caption":"Imperio Electrodom\u00e9sticos"},"image":{"@id":"https:\/\/imperioelectrodomesticos.uy\/#\/schema\/logo\/image\/"},"sameAs":["https:\/\/www.facebook.com\/imperioelectrodomesticos\/","https:\/\/www.instagram.com\/imperioelectrodomesticos.uy\/"]}]}},"_links":{"self":[{"href":"https:\/\/imperioelectrodomesticos.uy\/index.php\/wp-json\/wp\/v2\/product\/5065","targetHints":{"allow":["GET"]}}],"collection":[{"href":"https:\/\/imperioelectrodomesticos.uy\/index.php\/wp-json\/wp\/v2\/product"}],"about":[{"href":"https:\/\/imperioelectrodomesticos.uy\/index.php\/wp-json\/wp\/v2\/types\/product"}],"wp:featuredmedia":[{"embeddable":true,"href":"https:\/\/imperioelectrodomesticos.uy\/index.php\/wp-json\/wp\/v2\/media\/5070"}],"wp:attachment":[{"href":"https:\/\/imperioelectrodomesticos.uy\/index.php\/wp-json\/wp\/v2\/media?parent=5065"}],"wp:term":[{"taxonomy":"product_brand","embeddable":true,"href":"https:\/\/imperioelectrodomesticos.uy\/index.php\/wp-json\/wp\/v2\/product_brand?post=5065"},{"taxonomy":"product_cat","embeddable":true,"href":"https:\/\/imperioelectrodomesticos.uy\/index.php\/wp-json\/wp\/v2\/product_cat?post=5065"},{"taxonomy":"product_tag","embeddable":true,"href":"https:\/\/imperioelectrodomesticos.uy\/index.php\/wp-json\/wp\/v2\/product_tag?post=5065"}],"curies":[{"name":"wp","href":"https:\/\/api.w.org\/{rel}","templated":true}]}}