{"id":4917,"date":"2025-09-17T14:45:08","date_gmt":"2025-09-17T14:45:08","guid":{"rendered":"https:\/\/imperioelectrodomesticos.uy\/?post_type=product&#038;p=4917"},"modified":"2026-02-16T17:24:05","modified_gmt":"2026-02-16T17:24:05","slug":"televisor-led-smart-55-enxuta-ledenx1255sdf4kw-4k-wifi","status":"publish","type":"product","link":"https:\/\/imperioelectrodomesticos.uy\/index.php\/producto\/televisor-led-smart-55-enxuta-ledenx1255sdf4kw-4k-wifi\/","title":{"rendered":"Televisor Led Smart 55 Enxuta Ledenx1255sdf4kw 4k Wifi"},"content":{"rendered":"","protected":false},"excerpt":{"rendered":"<p>Disfrute de una experiencia visual excepcional con el Televisor LED Smart 55&#8243; Enxuta LEDENX1255SDF4KW. Dise\u00f1ado para ofrecer im\u00e1genes impresionantes en resoluci\u00f3n 4K, este televisor es perfecto para los amantes del cine y los videojuegos, brindando una calidad de imagen n\u00edtida y colores vibrantes que transformar\u00e1n su sala en un aut\u00e9ntico cinema.<\/p>\n<p>El modelo cuenta con tecnolog\u00eda Smart que le permite acceder a una amplia gama de aplicaciones y contenido en l\u00ednea. Con conectividad WiFi, podr\u00e1 disfrutar de sus series y pel\u00edculas favoritas sin interrupciones, todo a trav\u00e9s de una interfaz intuitiva y f\u00e1cil de usar.<\/p>\n<p>La pantalla LED de 55 pulgadas es ideal para cualquier espacio, creando una experiencia inmersiva que deleitar\u00e1 a toda la familia. Adem\u00e1s, su dise\u00f1o elegante en color negro se adapta perfectamente a la decoraci\u00f3n de su hogar, aportando un toque moderno y sofisticado.<\/p>\n<p>Equipado con puertos USB y HDMI, este televisor le permitir\u00e1 conectar diversos dispositivos y disfrutar de su contenido multimedia de manera r\u00e1pida y sencilla. Redescubra el entretenimiento en casa con el Televisor LED Smart Enxuta y convierta cada momento en una experiencia inolvidable.<\/p>\n","protected":false},"featured_media":4920,"template":"","meta":{"site-sidebar-layout":"default","site-content-layout":"","ast-site-content-layout":"default","site-content-style":"default","site-sidebar-style":"default","ast-global-header-display":"","ast-banner-title-visibility":"","ast-main-header-display":"","ast-hfb-above-header-display":"","ast-hfb-below-header-display":"","ast-hfb-mobile-header-display":"","site-post-title":"","ast-breadcrumbs-content":"","ast-featured-img":"","footer-sml-layout":"","ast-disable-related-posts":"","theme-transparent-header-meta":"default","adv-header-id-meta":"","stick-header-meta":"","header-above-stick-meta":"","header-main-stick-meta":"","header-below-stick-meta":"","astra-migrate-meta-layouts":"set","ast-page-background-enabled":"default","ast-page-background-meta":{"desktop":{"background-color":"var(--ast-global-color-5)","background-image":"","background-repeat":"repeat","background-position":"center center","background-size":"auto","background-attachment":"scroll","background-type":"","background-media":"","overlay-type":"","overlay-color":"","overlay-opacity":"","overlay-gradient":""},"tablet":{"background-color":"","background-image":"","background-repeat":"repeat","background-position":"center center","background-size":"auto","background-attachment":"scroll","background-type":"","background-media":"","overlay-type":"","overlay-color":"","overlay-opacity":"","overlay-gradient":""},"mobile":{"background-color":"","background-image":"","background-repeat":"repeat","background-position":"center center","background-size":"auto","background-attachment":"scroll","background-type":"","background-media":"","overlay-type":"","overlay-color":"","overlay-opacity":"","overlay-gradient":""}},"ast-content-background-meta":{"desktop":{"background-color":"var(--ast-global-color-4)","background-image":"","background-repeat":"repeat","background-position":"center center","background-size":"auto","background-attachment":"scroll","background-type":"","background-media":"","overlay-type":"","overlay-color":"","overlay-opacity":"","overlay-gradient":""},"tablet":{"background-color":"var(--ast-global-color-4)","background-image":"","background-repeat":"repeat","background-position":"center center","background-size":"auto","background-attachment":"scroll","background-type":"","background-media":"","overlay-type":"","overlay-color":"","overlay-opacity":"","overlay-gradient":""},"mobile":{"background-color":"var(--ast-global-color-4)","background-image":"","background-repeat":"repeat","background-position":"center center","background-size":"auto","background-attachment":"scroll","background-type":"","background-media":"","overlay-type":"","overlay-color":"","overlay-opacity":"","overlay-gradient":""}}},"product_brand":[],"product_cat":[32,26],"product_tag":[136],"class_list":{"0":"post-4917","1":"product","2":"type-product","3":"status-publish","4":"has-post-thumbnail","6":"product_cat-productos","7":"product_cat-tv-audio-y-tecnologia","8":"product_tag-enxuta","9":"desktop-align-center","10":"tablet-align-left","11":"mobile-align-left","13":"first","14":"instock","15":"shipping-taxable","16":"purchasable","17":"product-type-simple"},"yoast_head":"<!-- This site is optimized with the Yoast SEO plugin v27.3 - https:\/\/yoast.com\/product\/yoast-seo-wordpress\/ -->\n<title>Televisor Led Smart 55 Enxuta Ledenx1255sdf4kw 4k Wifi - Imperio Electrodom\u00e9sticos<\/title>\n<meta name=\"robots\" content=\"index, follow, max-snippet:-1, max-image-preview:large, max-video-preview:-1\" \/>\n<link rel=\"canonical\" href=\"https:\/\/imperioelectrodomesticos.uy\/index.php\/producto\/televisor-led-smart-55-enxuta-ledenx1255sdf4kw-4k-wifi\/\" \/>\n<meta property=\"og:locale\" content=\"es_ES\" \/>\n<meta property=\"og:type\" content=\"article\" \/>\n<meta property=\"og:title\" content=\"Televisor Led Smart 55 Enxuta Ledenx1255sdf4kw 4k Wifi - Imperio Electrodom\u00e9sticos\" \/>\n<meta property=\"og:description\" content=\"Disfrute de una experiencia visual excepcional con el Televisor LED Smart 55&quot; Enxuta LEDENX1255SDF4KW. Dise\u00f1ado para ofrecer im\u00e1genes impresionantes en resoluci\u00f3n 4K, este televisor es perfecto para los amantes del cine y los videojuegos, brindando una calidad de imagen n\u00edtida y colores vibrantes que transformar\u00e1n su sala en un aut\u00e9ntico cinema.  El modelo cuenta con tecnolog\u00eda Smart que le permite acceder a una amplia gama de aplicaciones y contenido en l\u00ednea. Con conectividad WiFi, podr\u00e1 disfrutar de sus series y pel\u00edculas favoritas sin interrupciones, todo a trav\u00e9s de una interfaz intuitiva y f\u00e1cil de usar.  La pantalla LED de 55 pulgadas es ideal para cualquier espacio, creando una experiencia inmersiva que deleitar\u00e1 a toda la familia. Adem\u00e1s, su dise\u00f1o elegante en color negro se adapta perfectamente a la decoraci\u00f3n de su hogar, aportando un toque moderno y sofisticado.  Equipado con puertos USB y HDMI, este televisor le permitir\u00e1 conectar diversos dispositivos y disfrutar de su contenido multimedia de manera r\u00e1pida y sencilla. Redescubra el entretenimiento en casa con el Televisor LED Smart Enxuta y convierta cada momento en una experiencia inolvidable.\" \/>\n<meta property=\"og:url\" content=\"https:\/\/imperioelectrodomesticos.uy\/index.php\/producto\/televisor-led-smart-55-enxuta-ledenx1255sdf4kw-4k-wifi\/\" \/>\n<meta property=\"og:site_name\" content=\"Imperio Electrodom\u00e9sticos\" \/>\n<meta property=\"article:publisher\" content=\"https:\/\/www.facebook.com\/imperioelectrodomesticos\/\" \/>\n<meta property=\"article:modified_time\" content=\"2026-02-16T17:24:05+00:00\" \/>\n<meta property=\"og:image\" content=\"https:\/\/imperioelectrodomesticos.uy\/wp-content\/uploads\/2025\/09\/smart-enxuta-55.webp\" \/>\n\t<meta property=\"og:image:width\" content=\"1200\" \/>\n\t<meta property=\"og:image:height\" content=\"759\" \/>\n\t<meta property=\"og:image:type\" content=\"image\/webp\" \/>\n<meta name=\"twitter:card\" content=\"summary_large_image\" \/>\n<meta name=\"twitter:label1\" content=\"Tiempo de lectura\" \/>\n\t<meta name=\"twitter:data1\" content=\"1 minuto\" \/>\n<script type=\"application\/ld+json\" class=\"yoast-schema-graph\">{\"@context\":\"https:\\\/\\\/schema.org\",\"@graph\":[{\"@type\":\"WebPage\",\"@id\":\"https:\\\/\\\/imperioelectrodomesticos.uy\\\/index.php\\\/producto\\\/televisor-led-smart-55-enxuta-ledenx1255sdf4kw-4k-wifi\\\/\",\"url\":\"https:\\\/\\\/imperioelectrodomesticos.uy\\\/index.php\\\/producto\\\/televisor-led-smart-55-enxuta-ledenx1255sdf4kw-4k-wifi\\\/\",\"name\":\"Televisor Led Smart 55 Enxuta Ledenx1255sdf4kw 4k Wifi - Imperio Electrodom\u00e9sticos\",\"isPartOf\":{\"@id\":\"https:\\\/\\\/imperioelectrodomesticos.uy\\\/#website\"},\"primaryImageOfPage\":{\"@id\":\"https:\\\/\\\/imperioelectrodomesticos.uy\\\/index.php\\\/producto\\\/televisor-led-smart-55-enxuta-ledenx1255sdf4kw-4k-wifi\\\/#primaryimage\"},\"image\":{\"@id\":\"https:\\\/\\\/imperioelectrodomesticos.uy\\\/index.php\\\/producto\\\/televisor-led-smart-55-enxuta-ledenx1255sdf4kw-4k-wifi\\\/#primaryimage\"},\"thumbnailUrl\":\"https:\\\/\\\/imperioelectrodomesticos.uy\\\/wp-content\\\/uploads\\\/2025\\\/09\\\/smart-enxuta-55.webp\",\"datePublished\":\"2025-09-17T14:45:08+00:00\",\"dateModified\":\"2026-02-16T17:24:05+00:00\",\"breadcrumb\":{\"@id\":\"https:\\\/\\\/imperioelectrodomesticos.uy\\\/index.php\\\/producto\\\/televisor-led-smart-55-enxuta-ledenx1255sdf4kw-4k-wifi\\\/#breadcrumb\"},\"inLanguage\":\"es\",\"potentialAction\":[{\"@type\":\"ReadAction\",\"target\":[\"https:\\\/\\\/imperioelectrodomesticos.uy\\\/index.php\\\/producto\\\/televisor-led-smart-55-enxuta-ledenx1255sdf4kw-4k-wifi\\\/\"]}]},{\"@type\":\"ImageObject\",\"inLanguage\":\"es\",\"@id\":\"https:\\\/\\\/imperioelectrodomesticos.uy\\\/index.php\\\/producto\\\/televisor-led-smart-55-enxuta-ledenx1255sdf4kw-4k-wifi\\\/#primaryimage\",\"url\":\"https:\\\/\\\/imperioelectrodomesticos.uy\\\/wp-content\\\/uploads\\\/2025\\\/09\\\/smart-enxuta-55.webp\",\"contentUrl\":\"https:\\\/\\\/imperioelectrodomesticos.uy\\\/wp-content\\\/uploads\\\/2025\\\/09\\\/smart-enxuta-55.webp\",\"width\":1200,\"height\":759},{\"@type\":\"BreadcrumbList\",\"@id\":\"https:\\\/\\\/imperioelectrodomesticos.uy\\\/index.php\\\/producto\\\/televisor-led-smart-55-enxuta-ledenx1255sdf4kw-4k-wifi\\\/#breadcrumb\",\"itemListElement\":[{\"@type\":\"ListItem\",\"position\":1,\"name\":\"Portada\",\"item\":\"https:\\\/\\\/imperioelectrodomesticos.uy\\\/\"},{\"@type\":\"ListItem\",\"position\":2,\"name\":\"Tienda\",\"item\":\"https:\\\/\\\/imperioelectrodomesticos.uy\\\/index.php\\\/tienda\\\/\"},{\"@type\":\"ListItem\",\"position\":3,\"name\":\"Televisor Led Smart 55 Enxuta Ledenx1255sdf4kw 4k Wifi\"}]},{\"@type\":\"WebSite\",\"@id\":\"https:\\\/\\\/imperioelectrodomesticos.uy\\\/#website\",\"url\":\"https:\\\/\\\/imperioelectrodomesticos.uy\\\/\",\"name\":\"Imperio Electrodom\u00e9sticos\",\"description\":\"Todo en electrodom\u00e9sticos y art\u00edculos para el hogar\",\"publisher\":{\"@id\":\"https:\\\/\\\/imperioelectrodomesticos.uy\\\/#organization\"},\"alternateName\":\"Imperio Electrodom\u00e9sticos\",\"potentialAction\":[{\"@type\":\"SearchAction\",\"target\":{\"@type\":\"EntryPoint\",\"urlTemplate\":\"https:\\\/\\\/imperioelectrodomesticos.uy\\\/?s={search_term_string}\"},\"query-input\":{\"@type\":\"PropertyValueSpecification\",\"valueRequired\":true,\"valueName\":\"search_term_string\"}}],\"inLanguage\":\"es\"},{\"@type\":\"Organization\",\"@id\":\"https:\\\/\\\/imperioelectrodomesticos.uy\\\/#organization\",\"name\":\"Imperio Electrodom\u00e9sticos\",\"url\":\"https:\\\/\\\/imperioelectrodomesticos.uy\\\/\",\"logo\":{\"@type\":\"ImageObject\",\"inLanguage\":\"es\",\"@id\":\"https:\\\/\\\/imperioelectrodomesticos.uy\\\/#\\\/schema\\\/logo\\\/image\\\/\",\"url\":\"https:\\\/\\\/imperioelectrodomesticos.uy\\\/wp-content\\\/uploads\\\/2025\\\/03\\\/cropped-ELECTRODOMESTICOS-3.png\",\"contentUrl\":\"https:\\\/\\\/imperioelectrodomesticos.uy\\\/wp-content\\\/uploads\\\/2025\\\/03\\\/cropped-ELECTRODOMESTICOS-3.png\",\"width\":1080,\"height\":245,\"caption\":\"Imperio Electrodom\u00e9sticos\"},\"image\":{\"@id\":\"https:\\\/\\\/imperioelectrodomesticos.uy\\\/#\\\/schema\\\/logo\\\/image\\\/\"},\"sameAs\":[\"https:\\\/\\\/www.facebook.com\\\/imperioelectrodomesticos\\\/\",\"https:\\\/\\\/www.instagram.com\\\/imperioelectrodomesticos.uy\\\/\"]}]}<\/script>\n<!-- \/ Yoast SEO plugin. -->","yoast_head_json":{"title":"Televisor Led Smart 55 Enxuta Ledenx1255sdf4kw 4k Wifi - Imperio Electrodom\u00e9sticos","robots":{"index":"index","follow":"follow","max-snippet":"max-snippet:-1","max-image-preview":"max-image-preview:large","max-video-preview":"max-video-preview:-1"},"canonical":"https:\/\/imperioelectrodomesticos.uy\/index.php\/producto\/televisor-led-smart-55-enxuta-ledenx1255sdf4kw-4k-wifi\/","og_locale":"es_ES","og_type":"article","og_title":"Televisor Led Smart 55 Enxuta Ledenx1255sdf4kw 4k Wifi - Imperio Electrodom\u00e9sticos","og_description":"Disfrute de una experiencia visual excepcional con el Televisor LED Smart 55\" Enxuta LEDENX1255SDF4KW. Dise\u00f1ado para ofrecer im\u00e1genes impresionantes en resoluci\u00f3n 4K, este televisor es perfecto para los amantes del cine y los videojuegos, brindando una calidad de imagen n\u00edtida y colores vibrantes que transformar\u00e1n su sala en un aut\u00e9ntico cinema.  El modelo cuenta con tecnolog\u00eda Smart que le permite acceder a una amplia gama de aplicaciones y contenido en l\u00ednea. Con conectividad WiFi, podr\u00e1 disfrutar de sus series y pel\u00edculas favoritas sin interrupciones, todo a trav\u00e9s de una interfaz intuitiva y f\u00e1cil de usar.  La pantalla LED de 55 pulgadas es ideal para cualquier espacio, creando una experiencia inmersiva que deleitar\u00e1 a toda la familia. Adem\u00e1s, su dise\u00f1o elegante en color negro se adapta perfectamente a la decoraci\u00f3n de su hogar, aportando un toque moderno y sofisticado.  Equipado con puertos USB y HDMI, este televisor le permitir\u00e1 conectar diversos dispositivos y disfrutar de su contenido multimedia de manera r\u00e1pida y sencilla. Redescubra el entretenimiento en casa con el Televisor LED Smart Enxuta y convierta cada momento en una experiencia inolvidable.","og_url":"https:\/\/imperioelectrodomesticos.uy\/index.php\/producto\/televisor-led-smart-55-enxuta-ledenx1255sdf4kw-4k-wifi\/","og_site_name":"Imperio Electrodom\u00e9sticos","article_publisher":"https:\/\/www.facebook.com\/imperioelectrodomesticos\/","article_modified_time":"2026-02-16T17:24:05+00:00","og_image":[{"width":1200,"height":759,"url":"https:\/\/imperioelectrodomesticos.uy\/wp-content\/uploads\/2025\/09\/smart-enxuta-55.webp","type":"image\/webp"}],"twitter_card":"summary_large_image","twitter_misc":{"Tiempo de lectura":"1 minuto"},"schema":{"@context":"https:\/\/schema.org","@graph":[{"@type":"WebPage","@id":"https:\/\/imperioelectrodomesticos.uy\/index.php\/producto\/televisor-led-smart-55-enxuta-ledenx1255sdf4kw-4k-wifi\/","url":"https:\/\/imperioelectrodomesticos.uy\/index.php\/producto\/televisor-led-smart-55-enxuta-ledenx1255sdf4kw-4k-wifi\/","name":"Televisor Led Smart 55 Enxuta Ledenx1255sdf4kw 4k Wifi - Imperio Electrodom\u00e9sticos","isPartOf":{"@id":"https:\/\/imperioelectrodomesticos.uy\/#website"},"primaryImageOfPage":{"@id":"https:\/\/imperioelectrodomesticos.uy\/index.php\/producto\/televisor-led-smart-55-enxuta-ledenx1255sdf4kw-4k-wifi\/#primaryimage"},"image":{"@id":"https:\/\/imperioelectrodomesticos.uy\/index.php\/producto\/televisor-led-smart-55-enxuta-ledenx1255sdf4kw-4k-wifi\/#primaryimage"},"thumbnailUrl":"https:\/\/imperioelectrodomesticos.uy\/wp-content\/uploads\/2025\/09\/smart-enxuta-55.webp","datePublished":"2025-09-17T14:45:08+00:00","dateModified":"2026-02-16T17:24:05+00:00","breadcrumb":{"@id":"https:\/\/imperioelectrodomesticos.uy\/index.php\/producto\/televisor-led-smart-55-enxuta-ledenx1255sdf4kw-4k-wifi\/#breadcrumb"},"inLanguage":"es","potentialAction":[{"@type":"ReadAction","target":["https:\/\/imperioelectrodomesticos.uy\/index.php\/producto\/televisor-led-smart-55-enxuta-ledenx1255sdf4kw-4k-wifi\/"]}]},{"@type":"ImageObject","inLanguage":"es","@id":"https:\/\/imperioelectrodomesticos.uy\/index.php\/producto\/televisor-led-smart-55-enxuta-ledenx1255sdf4kw-4k-wifi\/#primaryimage","url":"https:\/\/imperioelectrodomesticos.uy\/wp-content\/uploads\/2025\/09\/smart-enxuta-55.webp","contentUrl":"https:\/\/imperioelectrodomesticos.uy\/wp-content\/uploads\/2025\/09\/smart-enxuta-55.webp","width":1200,"height":759},{"@type":"BreadcrumbList","@id":"https:\/\/imperioelectrodomesticos.uy\/index.php\/producto\/televisor-led-smart-55-enxuta-ledenx1255sdf4kw-4k-wifi\/#breadcrumb","itemListElement":[{"@type":"ListItem","position":1,"name":"Portada","item":"https:\/\/imperioelectrodomesticos.uy\/"},{"@type":"ListItem","position":2,"name":"Tienda","item":"https:\/\/imperioelectrodomesticos.uy\/index.php\/tienda\/"},{"@type":"ListItem","position":3,"name":"Televisor Led Smart 55 Enxuta Ledenx1255sdf4kw 4k Wifi"}]},{"@type":"WebSite","@id":"https:\/\/imperioelectrodomesticos.uy\/#website","url":"https:\/\/imperioelectrodomesticos.uy\/","name":"Imperio Electrodom\u00e9sticos","description":"Todo en electrodom\u00e9sticos y art\u00edculos para el hogar","publisher":{"@id":"https:\/\/imperioelectrodomesticos.uy\/#organization"},"alternateName":"Imperio Electrodom\u00e9sticos","potentialAction":[{"@type":"SearchAction","target":{"@type":"EntryPoint","urlTemplate":"https:\/\/imperioelectrodomesticos.uy\/?s={search_term_string}"},"query-input":{"@type":"PropertyValueSpecification","valueRequired":true,"valueName":"search_term_string"}}],"inLanguage":"es"},{"@type":"Organization","@id":"https:\/\/imperioelectrodomesticos.uy\/#organization","name":"Imperio Electrodom\u00e9sticos","url":"https:\/\/imperioelectrodomesticos.uy\/","logo":{"@type":"ImageObject","inLanguage":"es","@id":"https:\/\/imperioelectrodomesticos.uy\/#\/schema\/logo\/image\/","url":"https:\/\/imperioelectrodomesticos.uy\/wp-content\/uploads\/2025\/03\/cropped-ELECTRODOMESTICOS-3.png","contentUrl":"https:\/\/imperioelectrodomesticos.uy\/wp-content\/uploads\/2025\/03\/cropped-ELECTRODOMESTICOS-3.png","width":1080,"height":245,"caption":"Imperio Electrodom\u00e9sticos"},"image":{"@id":"https:\/\/imperioelectrodomesticos.uy\/#\/schema\/logo\/image\/"},"sameAs":["https:\/\/www.facebook.com\/imperioelectrodomesticos\/","https:\/\/www.instagram.com\/imperioelectrodomesticos.uy\/"]}]}},"_links":{"self":[{"href":"https:\/\/imperioelectrodomesticos.uy\/index.php\/wp-json\/wp\/v2\/product\/4917","targetHints":{"allow":["GET"]}}],"collection":[{"href":"https:\/\/imperioelectrodomesticos.uy\/index.php\/wp-json\/wp\/v2\/product"}],"about":[{"href":"https:\/\/imperioelectrodomesticos.uy\/index.php\/wp-json\/wp\/v2\/types\/product"}],"wp:featuredmedia":[{"embeddable":true,"href":"https:\/\/imperioelectrodomesticos.uy\/index.php\/wp-json\/wp\/v2\/media\/4920"}],"wp:attachment":[{"href":"https:\/\/imperioelectrodomesticos.uy\/index.php\/wp-json\/wp\/v2\/media?parent=4917"}],"wp:term":[{"taxonomy":"product_brand","embeddable":true,"href":"https:\/\/imperioelectrodomesticos.uy\/index.php\/wp-json\/wp\/v2\/product_brand?post=4917"},{"taxonomy":"product_cat","embeddable":true,"href":"https:\/\/imperioelectrodomesticos.uy\/index.php\/wp-json\/wp\/v2\/product_cat?post=4917"},{"taxonomy":"product_tag","embeddable":true,"href":"https:\/\/imperioelectrodomesticos.uy\/index.php\/wp-json\/wp\/v2\/product_tag?post=4917"}],"curies":[{"name":"wp","href":"https:\/\/api.w.org\/{rel}","templated":true}]}}