{"id":4915,"date":"2025-09-17T14:34:26","date_gmt":"2025-09-17T14:34:26","guid":{"rendered":"https:\/\/imperioelectrodomesticos.uy\/?post_type=product&#038;p=4915"},"modified":"2026-02-16T17:24:05","modified_gmt":"2026-02-16T17:24:05","slug":"led-smart-enxuta-50-pulgadas-ultra-hd-4k-isdb-t-wifi-bt","status":"publish","type":"product","link":"https:\/\/imperioelectrodomesticos.uy\/index.php\/producto\/led-smart-enxuta-50-pulgadas-ultra-hd-4k-isdb-t-wifi-bt\/","title":{"rendered":"Led Smart Enxuta 50 Pulgadas Ultra Hd 4k Isdb-t Wifi Bt"},"content":{"rendered":"","protected":false},"excerpt":{"rendered":"<h2 class=\"ui-pdp-description__title\" data-testid=\"title\">Descripci\u00f3n<\/h2>\n<p class=\"ui-pdp-description__content\" data-testid=\"content\">La Led Smart Enxuta de 50 pulgadas es la opci\u00f3n perfecta para quienes buscan una experiencia visual excepcional en la comodidad de su hogar. Con una resoluci\u00f3n 4K Ultra HD, cada detalle cobra vida, permitiendo disfrutar de pel\u00edculas, series y videojuegos con una claridad sorprendente. Su pantalla LED proporciona colores vibrantes y un alto nivel de contraste, haciendo que cada escena sea envolvente y realista.<\/p>\n<p>Este modelo cuenta con conectividad Wi-Fi y Bluetooth, lo que facilita el acceso a tus aplicaciones y contenidos favoritos de manera r\u00e1pida y sencilla. Integrado con Google Assistant, permite un control por voz intuitivo, brindando una experiencia de usuario fluida. Adem\u00e1s, sus puertos HDMI y USB hacen que sea f\u00e1cil conectar diversos dispositivos, ampliando tus opciones de entretenimiento.<\/p>\n<p>El dise\u00f1o elegante en color negro se adapta a cualquier espacio, convirtiendo a la Led Smart Enxuta no solo en un dispositivo funcional, sino tambi\u00e9n en un elemento decorativo. Con su tecnolog\u00eda HDR, disfrutar\u00e1s de una calidad de imagen superior, ideal para noches de cine en familia o maratones de series.<\/p>\n<p>Por \u00faltimo, su tama\u00f1o de pantalla de 50 pulgadas es perfecto para crear un ambiente de cine en casa, asegurando que todos los espectadores tengan una visi\u00f3n \u00f3ptima. Descubre un nuevo nivel de entretenimiento con la Led Smart Enxuta, donde la calidad y la innovaci\u00f3n se unen para ofrecerte la mejor experiencia visual.<\/p>\n","protected":false},"featured_media":4916,"template":"","meta":{"site-sidebar-layout":"default","site-content-layout":"","ast-site-content-layout":"default","site-content-style":"default","site-sidebar-style":"default","ast-global-header-display":"","ast-banner-title-visibility":"","ast-main-header-display":"","ast-hfb-above-header-display":"","ast-hfb-below-header-display":"","ast-hfb-mobile-header-display":"","site-post-title":"","ast-breadcrumbs-content":"","ast-featured-img":"","footer-sml-layout":"","ast-disable-related-posts":"","theme-transparent-header-meta":"default","adv-header-id-meta":"","stick-header-meta":"","header-above-stick-meta":"","header-main-stick-meta":"","header-below-stick-meta":"","astra-migrate-meta-layouts":"set","ast-page-background-enabled":"default","ast-page-background-meta":{"desktop":{"background-color":"var(--ast-global-color-5)","background-image":"","background-repeat":"repeat","background-position":"center center","background-size":"auto","background-attachment":"scroll","background-type":"","background-media":"","overlay-type":"","overlay-color":"","overlay-opacity":"","overlay-gradient":""},"tablet":{"background-color":"","background-image":"","background-repeat":"repeat","background-position":"center center","background-size":"auto","background-attachment":"scroll","background-type":"","background-media":"","overlay-type":"","overlay-color":"","overlay-opacity":"","overlay-gradient":""},"mobile":{"background-color":"","background-image":"","background-repeat":"repeat","background-position":"center center","background-size":"auto","background-attachment":"scroll","background-type":"","background-media":"","overlay-type":"","overlay-color":"","overlay-opacity":"","overlay-gradient":""}},"ast-content-background-meta":{"desktop":{"background-color":"var(--ast-global-color-4)","background-image":"","background-repeat":"repeat","background-position":"center center","background-size":"auto","background-attachment":"scroll","background-type":"","background-media":"","overlay-type":"","overlay-color":"","overlay-opacity":"","overlay-gradient":""},"tablet":{"background-color":"var(--ast-global-color-4)","background-image":"","background-repeat":"repeat","background-position":"center center","background-size":"auto","background-attachment":"scroll","background-type":"","background-media":"","overlay-type":"","overlay-color":"","overlay-opacity":"","overlay-gradient":""},"mobile":{"background-color":"var(--ast-global-color-4)","background-image":"","background-repeat":"repeat","background-position":"center center","background-size":"auto","background-attachment":"scroll","background-type":"","background-media":"","overlay-type":"","overlay-color":"","overlay-opacity":"","overlay-gradient":""}}},"product_brand":[],"product_cat":[32,26],"product_tag":[136],"class_list":{"0":"post-4915","1":"product","2":"type-product","3":"status-publish","4":"has-post-thumbnail","6":"product_cat-productos","7":"product_cat-tv-audio-y-tecnologia","8":"product_tag-enxuta","9":"desktop-align-center","10":"tablet-align-left","11":"mobile-align-left","13":"first","14":"instock","15":"shipping-taxable","16":"purchasable","17":"product-type-simple"},"yoast_head":"<!-- This site is optimized with the Yoast SEO plugin v27.3 - https:\/\/yoast.com\/product\/yoast-seo-wordpress\/ -->\n<title>Led Smart Enxuta 50 Pulgadas Ultra Hd 4k Isdb-t Wifi Bt - Imperio Electrodom\u00e9sticos<\/title>\n<meta name=\"robots\" content=\"index, follow, max-snippet:-1, max-image-preview:large, max-video-preview:-1\" \/>\n<link rel=\"canonical\" href=\"https:\/\/imperioelectrodomesticos.uy\/index.php\/producto\/led-smart-enxuta-50-pulgadas-ultra-hd-4k-isdb-t-wifi-bt\/\" \/>\n<meta property=\"og:locale\" content=\"es_ES\" \/>\n<meta property=\"og:type\" content=\"article\" \/>\n<meta property=\"og:title\" content=\"Led Smart Enxuta 50 Pulgadas Ultra Hd 4k Isdb-t Wifi Bt - Imperio Electrodom\u00e9sticos\" \/>\n<meta property=\"og:description\" content=\"Descripci\u00f3n La Led Smart Enxuta de 50 pulgadas es la opci\u00f3n perfecta para quienes buscan una experiencia visual excepcional en la comodidad de su hogar. Con una resoluci\u00f3n 4K Ultra HD, cada detalle cobra vida, permitiendo disfrutar de pel\u00edculas, series y videojuegos con una claridad sorprendente. Su pantalla LED proporciona colores vibrantes y un alto nivel de contraste, haciendo que cada escena sea envolvente y realista. Este modelo cuenta con conectividad Wi-Fi y Bluetooth, lo que facilita el acceso a tus aplicaciones y contenidos favoritos de manera r\u00e1pida y sencilla. Integrado con Google Assistant, permite un control por voz intuitivo, brindando una experiencia de usuario fluida. Adem\u00e1s, sus puertos HDMI y USB hacen que sea f\u00e1cil conectar diversos dispositivos, ampliando tus opciones de entretenimiento.  El dise\u00f1o elegante en color negro se adapta a cualquier espacio, convirtiendo a la Led Smart Enxuta no solo en un dispositivo funcional, sino tambi\u00e9n en un elemento decorativo. Con su tecnolog\u00eda HDR, disfrutar\u00e1s de una calidad de imagen superior, ideal para noches de cine en familia o maratones de series.  Por \u00faltimo, su tama\u00f1o de pantalla de 50 pulgadas es perfecto para crear un ambiente de cine en casa, asegurando que todos los espectadores tengan una visi\u00f3n \u00f3ptima. Descubre un nuevo nivel de entretenimiento con la Led Smart Enxuta, donde la calidad y la innovaci\u00f3n se unen para ofrecerte la mejor experiencia visual.\" \/>\n<meta property=\"og:url\" content=\"https:\/\/imperioelectrodomesticos.uy\/index.php\/producto\/led-smart-enxuta-50-pulgadas-ultra-hd-4k-isdb-t-wifi-bt\/\" \/>\n<meta property=\"og:site_name\" content=\"Imperio Electrodom\u00e9sticos\" \/>\n<meta property=\"article:publisher\" content=\"https:\/\/www.facebook.com\/imperioelectrodomesticos\/\" \/>\n<meta property=\"article:modified_time\" content=\"2026-02-16T17:24:05+00:00\" \/>\n<meta property=\"og:image\" content=\"https:\/\/imperioelectrodomesticos.uy\/wp-content\/uploads\/2025\/09\/smart-enxuta-50.webp\" \/>\n\t<meta property=\"og:image:width\" content=\"500\" \/>\n\t<meta property=\"og:image:height\" content=\"298\" \/>\n\t<meta property=\"og:image:type\" content=\"image\/webp\" \/>\n<meta name=\"twitter:card\" content=\"summary_large_image\" \/>\n<meta name=\"twitter:label1\" content=\"Tiempo de lectura\" \/>\n\t<meta name=\"twitter:data1\" content=\"1 minuto\" \/>\n<script type=\"application\/ld+json\" class=\"yoast-schema-graph\">{\"@context\":\"https:\\\/\\\/schema.org\",\"@graph\":[{\"@type\":\"WebPage\",\"@id\":\"https:\\\/\\\/imperioelectrodomesticos.uy\\\/index.php\\\/producto\\\/led-smart-enxuta-50-pulgadas-ultra-hd-4k-isdb-t-wifi-bt\\\/\",\"url\":\"https:\\\/\\\/imperioelectrodomesticos.uy\\\/index.php\\\/producto\\\/led-smart-enxuta-50-pulgadas-ultra-hd-4k-isdb-t-wifi-bt\\\/\",\"name\":\"Led Smart Enxuta 50 Pulgadas Ultra Hd 4k Isdb-t Wifi Bt - Imperio Electrodom\u00e9sticos\",\"isPartOf\":{\"@id\":\"https:\\\/\\\/imperioelectrodomesticos.uy\\\/#website\"},\"primaryImageOfPage\":{\"@id\":\"https:\\\/\\\/imperioelectrodomesticos.uy\\\/index.php\\\/producto\\\/led-smart-enxuta-50-pulgadas-ultra-hd-4k-isdb-t-wifi-bt\\\/#primaryimage\"},\"image\":{\"@id\":\"https:\\\/\\\/imperioelectrodomesticos.uy\\\/index.php\\\/producto\\\/led-smart-enxuta-50-pulgadas-ultra-hd-4k-isdb-t-wifi-bt\\\/#primaryimage\"},\"thumbnailUrl\":\"https:\\\/\\\/imperioelectrodomesticos.uy\\\/wp-content\\\/uploads\\\/2025\\\/09\\\/smart-enxuta-50.webp\",\"datePublished\":\"2025-09-17T14:34:26+00:00\",\"dateModified\":\"2026-02-16T17:24:05+00:00\",\"breadcrumb\":{\"@id\":\"https:\\\/\\\/imperioelectrodomesticos.uy\\\/index.php\\\/producto\\\/led-smart-enxuta-50-pulgadas-ultra-hd-4k-isdb-t-wifi-bt\\\/#breadcrumb\"},\"inLanguage\":\"es\",\"potentialAction\":[{\"@type\":\"ReadAction\",\"target\":[\"https:\\\/\\\/imperioelectrodomesticos.uy\\\/index.php\\\/producto\\\/led-smart-enxuta-50-pulgadas-ultra-hd-4k-isdb-t-wifi-bt\\\/\"]}]},{\"@type\":\"ImageObject\",\"inLanguage\":\"es\",\"@id\":\"https:\\\/\\\/imperioelectrodomesticos.uy\\\/index.php\\\/producto\\\/led-smart-enxuta-50-pulgadas-ultra-hd-4k-isdb-t-wifi-bt\\\/#primaryimage\",\"url\":\"https:\\\/\\\/imperioelectrodomesticos.uy\\\/wp-content\\\/uploads\\\/2025\\\/09\\\/smart-enxuta-50.webp\",\"contentUrl\":\"https:\\\/\\\/imperioelectrodomesticos.uy\\\/wp-content\\\/uploads\\\/2025\\\/09\\\/smart-enxuta-50.webp\",\"width\":500,\"height\":298},{\"@type\":\"BreadcrumbList\",\"@id\":\"https:\\\/\\\/imperioelectrodomesticos.uy\\\/index.php\\\/producto\\\/led-smart-enxuta-50-pulgadas-ultra-hd-4k-isdb-t-wifi-bt\\\/#breadcrumb\",\"itemListElement\":[{\"@type\":\"ListItem\",\"position\":1,\"name\":\"Portada\",\"item\":\"https:\\\/\\\/imperioelectrodomesticos.uy\\\/\"},{\"@type\":\"ListItem\",\"position\":2,\"name\":\"Tienda\",\"item\":\"https:\\\/\\\/imperioelectrodomesticos.uy\\\/index.php\\\/tienda\\\/\"},{\"@type\":\"ListItem\",\"position\":3,\"name\":\"Led Smart Enxuta 50 Pulgadas Ultra Hd 4k Isdb-t Wifi Bt\"}]},{\"@type\":\"WebSite\",\"@id\":\"https:\\\/\\\/imperioelectrodomesticos.uy\\\/#website\",\"url\":\"https:\\\/\\\/imperioelectrodomesticos.uy\\\/\",\"name\":\"Imperio Electrodom\u00e9sticos\",\"description\":\"Todo en electrodom\u00e9sticos y art\u00edculos para el hogar\",\"publisher\":{\"@id\":\"https:\\\/\\\/imperioelectrodomesticos.uy\\\/#organization\"},\"alternateName\":\"Imperio Electrodom\u00e9sticos\",\"potentialAction\":[{\"@type\":\"SearchAction\",\"target\":{\"@type\":\"EntryPoint\",\"urlTemplate\":\"https:\\\/\\\/imperioelectrodomesticos.uy\\\/?s={search_term_string}\"},\"query-input\":{\"@type\":\"PropertyValueSpecification\",\"valueRequired\":true,\"valueName\":\"search_term_string\"}}],\"inLanguage\":\"es\"},{\"@type\":\"Organization\",\"@id\":\"https:\\\/\\\/imperioelectrodomesticos.uy\\\/#organization\",\"name\":\"Imperio Electrodom\u00e9sticos\",\"url\":\"https:\\\/\\\/imperioelectrodomesticos.uy\\\/\",\"logo\":{\"@type\":\"ImageObject\",\"inLanguage\":\"es\",\"@id\":\"https:\\\/\\\/imperioelectrodomesticos.uy\\\/#\\\/schema\\\/logo\\\/image\\\/\",\"url\":\"https:\\\/\\\/imperioelectrodomesticos.uy\\\/wp-content\\\/uploads\\\/2025\\\/03\\\/cropped-ELECTRODOMESTICOS-3.png\",\"contentUrl\":\"https:\\\/\\\/imperioelectrodomesticos.uy\\\/wp-content\\\/uploads\\\/2025\\\/03\\\/cropped-ELECTRODOMESTICOS-3.png\",\"width\":1080,\"height\":245,\"caption\":\"Imperio Electrodom\u00e9sticos\"},\"image\":{\"@id\":\"https:\\\/\\\/imperioelectrodomesticos.uy\\\/#\\\/schema\\\/logo\\\/image\\\/\"},\"sameAs\":[\"https:\\\/\\\/www.facebook.com\\\/imperioelectrodomesticos\\\/\",\"https:\\\/\\\/www.instagram.com\\\/imperioelectrodomesticos.uy\\\/\"]}]}<\/script>\n<!-- \/ Yoast SEO plugin. -->","yoast_head_json":{"title":"Led Smart Enxuta 50 Pulgadas Ultra Hd 4k Isdb-t Wifi Bt - Imperio Electrodom\u00e9sticos","robots":{"index":"index","follow":"follow","max-snippet":"max-snippet:-1","max-image-preview":"max-image-preview:large","max-video-preview":"max-video-preview:-1"},"canonical":"https:\/\/imperioelectrodomesticos.uy\/index.php\/producto\/led-smart-enxuta-50-pulgadas-ultra-hd-4k-isdb-t-wifi-bt\/","og_locale":"es_ES","og_type":"article","og_title":"Led Smart Enxuta 50 Pulgadas Ultra Hd 4k Isdb-t Wifi Bt - Imperio Electrodom\u00e9sticos","og_description":"Descripci\u00f3n La Led Smart Enxuta de 50 pulgadas es la opci\u00f3n perfecta para quienes buscan una experiencia visual excepcional en la comodidad de su hogar. Con una resoluci\u00f3n 4K Ultra HD, cada detalle cobra vida, permitiendo disfrutar de pel\u00edculas, series y videojuegos con una claridad sorprendente. Su pantalla LED proporciona colores vibrantes y un alto nivel de contraste, haciendo que cada escena sea envolvente y realista. Este modelo cuenta con conectividad Wi-Fi y Bluetooth, lo que facilita el acceso a tus aplicaciones y contenidos favoritos de manera r\u00e1pida y sencilla. Integrado con Google Assistant, permite un control por voz intuitivo, brindando una experiencia de usuario fluida. Adem\u00e1s, sus puertos HDMI y USB hacen que sea f\u00e1cil conectar diversos dispositivos, ampliando tus opciones de entretenimiento.  El dise\u00f1o elegante en color negro se adapta a cualquier espacio, convirtiendo a la Led Smart Enxuta no solo en un dispositivo funcional, sino tambi\u00e9n en un elemento decorativo. Con su tecnolog\u00eda HDR, disfrutar\u00e1s de una calidad de imagen superior, ideal para noches de cine en familia o maratones de series.  Por \u00faltimo, su tama\u00f1o de pantalla de 50 pulgadas es perfecto para crear un ambiente de cine en casa, asegurando que todos los espectadores tengan una visi\u00f3n \u00f3ptima. Descubre un nuevo nivel de entretenimiento con la Led Smart Enxuta, donde la calidad y la innovaci\u00f3n se unen para ofrecerte la mejor experiencia visual.","og_url":"https:\/\/imperioelectrodomesticos.uy\/index.php\/producto\/led-smart-enxuta-50-pulgadas-ultra-hd-4k-isdb-t-wifi-bt\/","og_site_name":"Imperio Electrodom\u00e9sticos","article_publisher":"https:\/\/www.facebook.com\/imperioelectrodomesticos\/","article_modified_time":"2026-02-16T17:24:05+00:00","og_image":[{"width":500,"height":298,"url":"https:\/\/imperioelectrodomesticos.uy\/wp-content\/uploads\/2025\/09\/smart-enxuta-50.webp","type":"image\/webp"}],"twitter_card":"summary_large_image","twitter_misc":{"Tiempo de lectura":"1 minuto"},"schema":{"@context":"https:\/\/schema.org","@graph":[{"@type":"WebPage","@id":"https:\/\/imperioelectrodomesticos.uy\/index.php\/producto\/led-smart-enxuta-50-pulgadas-ultra-hd-4k-isdb-t-wifi-bt\/","url":"https:\/\/imperioelectrodomesticos.uy\/index.php\/producto\/led-smart-enxuta-50-pulgadas-ultra-hd-4k-isdb-t-wifi-bt\/","name":"Led Smart Enxuta 50 Pulgadas Ultra Hd 4k Isdb-t Wifi Bt - Imperio Electrodom\u00e9sticos","isPartOf":{"@id":"https:\/\/imperioelectrodomesticos.uy\/#website"},"primaryImageOfPage":{"@id":"https:\/\/imperioelectrodomesticos.uy\/index.php\/producto\/led-smart-enxuta-50-pulgadas-ultra-hd-4k-isdb-t-wifi-bt\/#primaryimage"},"image":{"@id":"https:\/\/imperioelectrodomesticos.uy\/index.php\/producto\/led-smart-enxuta-50-pulgadas-ultra-hd-4k-isdb-t-wifi-bt\/#primaryimage"},"thumbnailUrl":"https:\/\/imperioelectrodomesticos.uy\/wp-content\/uploads\/2025\/09\/smart-enxuta-50.webp","datePublished":"2025-09-17T14:34:26+00:00","dateModified":"2026-02-16T17:24:05+00:00","breadcrumb":{"@id":"https:\/\/imperioelectrodomesticos.uy\/index.php\/producto\/led-smart-enxuta-50-pulgadas-ultra-hd-4k-isdb-t-wifi-bt\/#breadcrumb"},"inLanguage":"es","potentialAction":[{"@type":"ReadAction","target":["https:\/\/imperioelectrodomesticos.uy\/index.php\/producto\/led-smart-enxuta-50-pulgadas-ultra-hd-4k-isdb-t-wifi-bt\/"]}]},{"@type":"ImageObject","inLanguage":"es","@id":"https:\/\/imperioelectrodomesticos.uy\/index.php\/producto\/led-smart-enxuta-50-pulgadas-ultra-hd-4k-isdb-t-wifi-bt\/#primaryimage","url":"https:\/\/imperioelectrodomesticos.uy\/wp-content\/uploads\/2025\/09\/smart-enxuta-50.webp","contentUrl":"https:\/\/imperioelectrodomesticos.uy\/wp-content\/uploads\/2025\/09\/smart-enxuta-50.webp","width":500,"height":298},{"@type":"BreadcrumbList","@id":"https:\/\/imperioelectrodomesticos.uy\/index.php\/producto\/led-smart-enxuta-50-pulgadas-ultra-hd-4k-isdb-t-wifi-bt\/#breadcrumb","itemListElement":[{"@type":"ListItem","position":1,"name":"Portada","item":"https:\/\/imperioelectrodomesticos.uy\/"},{"@type":"ListItem","position":2,"name":"Tienda","item":"https:\/\/imperioelectrodomesticos.uy\/index.php\/tienda\/"},{"@type":"ListItem","position":3,"name":"Led Smart Enxuta 50 Pulgadas Ultra Hd 4k Isdb-t Wifi Bt"}]},{"@type":"WebSite","@id":"https:\/\/imperioelectrodomesticos.uy\/#website","url":"https:\/\/imperioelectrodomesticos.uy\/","name":"Imperio Electrodom\u00e9sticos","description":"Todo en electrodom\u00e9sticos y art\u00edculos para el hogar","publisher":{"@id":"https:\/\/imperioelectrodomesticos.uy\/#organization"},"alternateName":"Imperio Electrodom\u00e9sticos","potentialAction":[{"@type":"SearchAction","target":{"@type":"EntryPoint","urlTemplate":"https:\/\/imperioelectrodomesticos.uy\/?s={search_term_string}"},"query-input":{"@type":"PropertyValueSpecification","valueRequired":true,"valueName":"search_term_string"}}],"inLanguage":"es"},{"@type":"Organization","@id":"https:\/\/imperioelectrodomesticos.uy\/#organization","name":"Imperio Electrodom\u00e9sticos","url":"https:\/\/imperioelectrodomesticos.uy\/","logo":{"@type":"ImageObject","inLanguage":"es","@id":"https:\/\/imperioelectrodomesticos.uy\/#\/schema\/logo\/image\/","url":"https:\/\/imperioelectrodomesticos.uy\/wp-content\/uploads\/2025\/03\/cropped-ELECTRODOMESTICOS-3.png","contentUrl":"https:\/\/imperioelectrodomesticos.uy\/wp-content\/uploads\/2025\/03\/cropped-ELECTRODOMESTICOS-3.png","width":1080,"height":245,"caption":"Imperio Electrodom\u00e9sticos"},"image":{"@id":"https:\/\/imperioelectrodomesticos.uy\/#\/schema\/logo\/image\/"},"sameAs":["https:\/\/www.facebook.com\/imperioelectrodomesticos\/","https:\/\/www.instagram.com\/imperioelectrodomesticos.uy\/"]}]}},"_links":{"self":[{"href":"https:\/\/imperioelectrodomesticos.uy\/index.php\/wp-json\/wp\/v2\/product\/4915","targetHints":{"allow":["GET"]}}],"collection":[{"href":"https:\/\/imperioelectrodomesticos.uy\/index.php\/wp-json\/wp\/v2\/product"}],"about":[{"href":"https:\/\/imperioelectrodomesticos.uy\/index.php\/wp-json\/wp\/v2\/types\/product"}],"wp:featuredmedia":[{"embeddable":true,"href":"https:\/\/imperioelectrodomesticos.uy\/index.php\/wp-json\/wp\/v2\/media\/4916"}],"wp:attachment":[{"href":"https:\/\/imperioelectrodomesticos.uy\/index.php\/wp-json\/wp\/v2\/media?parent=4915"}],"wp:term":[{"taxonomy":"product_brand","embeddable":true,"href":"https:\/\/imperioelectrodomesticos.uy\/index.php\/wp-json\/wp\/v2\/product_brand?post=4915"},{"taxonomy":"product_cat","embeddable":true,"href":"https:\/\/imperioelectrodomesticos.uy\/index.php\/wp-json\/wp\/v2\/product_cat?post=4915"},{"taxonomy":"product_tag","embeddable":true,"href":"https:\/\/imperioelectrodomesticos.uy\/index.php\/wp-json\/wp\/v2\/product_tag?post=4915"}],"curies":[{"name":"wp","href":"https:\/\/api.w.org\/{rel}","templated":true}]}}