{"id":4574,"date":"2025-07-26T13:14:32","date_gmt":"2025-07-26T13:14:32","guid":{"rendered":"https:\/\/imperioelectrodomesticos.uy\/?post_type=product&#038;p=4574"},"modified":"2026-02-16T17:33:56","modified_gmt":"2026-02-16T17:33:56","slug":"tv-smart-32-punktal-pk-32-wos","status":"publish","type":"product","link":"https:\/\/imperioelectrodomesticos.uy\/index.php\/producto\/tv-smart-32-punktal-pk-32-wos\/","title":{"rendered":"Tv Smart 32&#8243; Punktal PK-32 Wos"},"content":{"rendered":"","protected":false},"excerpt":{"rendered":"<h2 class=\"ui-pdp-description__title\" data-testid=\"title\">Descripci\u00f3n<\/h2>\n<p class=\"ui-pdp-description__content\" data-testid=\"content\">La Smart TV 32 Punktal PK-32 WOS combina estilo, tecnolog\u00eda y funcionalidad en un dise\u00f1o elegante y compacto. Con su pantalla LED de 32 pulgadas, disfruta de una experiencia visual de alta definici\u00f3n que transforma cualquier habitaci\u00f3n en un cine personal. Su sistema operativo whaleOS te brinda acceso f\u00e1cil a plataformas populares como Netflix y YouTube, permiti\u00e9ndote disfrutar de tus series y pel\u00edculas favoritas con solo un clic.<\/p>\n<p>La conectividad es un aspecto destacado de este modelo, que incluye Wi-Fi y Bluetooth, facilitando la vinculaci\u00f3n con otros dispositivos. Adem\u00e1s, cuenta con m\u00faltiples puertos USB y HDMI para que puedas ampliar tus opciones de entretenimiento, ya sea conectando una computadora, consola de videojuegos o dispositivos de almacenamiento externo.<\/p>\n<p>Con un dise\u00f1o port\u00e1til y ligero de solo 4.2 kg, la PK-32 WOS es ideal para aquellos que buscan versatilidad y comodidad. Su aspecto moderno en color negro se adapta perfectamente a cualquier entorno, mientras que el tiempo de respuesta de 6.5 ms garantiza im\u00e1genes m\u00e1s suaves y fluidas durante la visualizaci\u00f3n.<\/p>\n<p>Sum\u00e9rgete en una experiencia auditiva envolvente con modos de sonido est\u00e9reo que complementan la calidad visual del televisor. Perfecta para el hogar o para llevar a diferentes espacios, la Smart TV Punktal se convierte en una herramienta imprescindible para disfrutar de un mundo de contenido digital al alcance de tu mano.<\/p>\n","protected":false},"featured_media":4578,"template":"","meta":{"site-sidebar-layout":"default","site-content-layout":"","ast-site-content-layout":"default","site-content-style":"default","site-sidebar-style":"default","ast-global-header-display":"","ast-banner-title-visibility":"","ast-main-header-display":"","ast-hfb-above-header-display":"","ast-hfb-below-header-display":"","ast-hfb-mobile-header-display":"","site-post-title":"","ast-breadcrumbs-content":"","ast-featured-img":"","footer-sml-layout":"","ast-disable-related-posts":"","theme-transparent-header-meta":"default","adv-header-id-meta":"","stick-header-meta":"","header-above-stick-meta":"","header-main-stick-meta":"","header-below-stick-meta":"","astra-migrate-meta-layouts":"set","ast-page-background-enabled":"default","ast-page-background-meta":{"desktop":{"background-color":"var(--ast-global-color-5)","background-image":"","background-repeat":"repeat","background-position":"center center","background-size":"auto","background-attachment":"scroll","background-type":"","background-media":"","overlay-type":"","overlay-color":"","overlay-opacity":"","overlay-gradient":""},"tablet":{"background-color":"","background-image":"","background-repeat":"repeat","background-position":"center center","background-size":"auto","background-attachment":"scroll","background-type":"","background-media":"","overlay-type":"","overlay-color":"","overlay-opacity":"","overlay-gradient":""},"mobile":{"background-color":"","background-image":"","background-repeat":"repeat","background-position":"center center","background-size":"auto","background-attachment":"scroll","background-type":"","background-media":"","overlay-type":"","overlay-color":"","overlay-opacity":"","overlay-gradient":""}},"ast-content-background-meta":{"desktop":{"background-color":"var(--ast-global-color-4)","background-image":"","background-repeat":"repeat","background-position":"center center","background-size":"auto","background-attachment":"scroll","background-type":"","background-media":"","overlay-type":"","overlay-color":"","overlay-opacity":"","overlay-gradient":""},"tablet":{"background-color":"var(--ast-global-color-4)","background-image":"","background-repeat":"repeat","background-position":"center center","background-size":"auto","background-attachment":"scroll","background-type":"","background-media":"","overlay-type":"","overlay-color":"","overlay-opacity":"","overlay-gradient":""},"mobile":{"background-color":"var(--ast-global-color-4)","background-image":"","background-repeat":"repeat","background-position":"center center","background-size":"auto","background-attachment":"scroll","background-type":"","background-media":"","overlay-type":"","overlay-color":"","overlay-opacity":"","overlay-gradient":""}}},"product_brand":[],"product_cat":[32,26],"product_tag":[140],"class_list":{"0":"post-4574","1":"product","2":"type-product","3":"status-publish","4":"has-post-thumbnail","6":"product_cat-productos","7":"product_cat-tv-audio-y-tecnologia","8":"product_tag-punktal","9":"desktop-align-center","10":"tablet-align-left","11":"mobile-align-left","13":"first","14":"instock","15":"shipping-taxable","16":"purchasable","17":"product-type-simple"},"yoast_head":"<!-- This site is optimized with the Yoast SEO plugin v27.3 - https:\/\/yoast.com\/product\/yoast-seo-wordpress\/ -->\n<title>Tv Smart 32&quot; Punktal PK-32 Wos - Imperio Electrodom\u00e9sticos<\/title>\n<meta name=\"robots\" content=\"index, follow, max-snippet:-1, max-image-preview:large, max-video-preview:-1\" \/>\n<link rel=\"canonical\" href=\"https:\/\/imperioelectrodomesticos.uy\/index.php\/producto\/tv-smart-32-punktal-pk-32-wos\/\" \/>\n<meta property=\"og:locale\" content=\"es_ES\" \/>\n<meta property=\"og:type\" content=\"article\" \/>\n<meta property=\"og:title\" content=\"Tv Smart 32&quot; Punktal PK-32 Wos - Imperio Electrodom\u00e9sticos\" \/>\n<meta property=\"og:description\" content=\"Descripci\u00f3n La Smart TV 32 Punktal PK-32 WOS combina estilo, tecnolog\u00eda y funcionalidad en un dise\u00f1o elegante y compacto. Con su pantalla LED de 32 pulgadas, disfruta de una experiencia visual de alta definici\u00f3n que transforma cualquier habitaci\u00f3n en un cine personal. Su sistema operativo whaleOS te brinda acceso f\u00e1cil a plataformas populares como Netflix y YouTube, permiti\u00e9ndote disfrutar de tus series y pel\u00edculas favoritas con solo un clic. La conectividad es un aspecto destacado de este modelo, que incluye Wi-Fi y Bluetooth, facilitando la vinculaci\u00f3n con otros dispositivos. Adem\u00e1s, cuenta con m\u00faltiples puertos USB y HDMI para que puedas ampliar tus opciones de entretenimiento, ya sea conectando una computadora, consola de videojuegos o dispositivos de almacenamiento externo.  Con un dise\u00f1o port\u00e1til y ligero de solo 4.2 kg, la PK-32 WOS es ideal para aquellos que buscan versatilidad y comodidad. Su aspecto moderno en color negro se adapta perfectamente a cualquier entorno, mientras que el tiempo de respuesta de 6.5 ms garantiza im\u00e1genes m\u00e1s suaves y fluidas durante la visualizaci\u00f3n.  Sum\u00e9rgete en una experiencia auditiva envolvente con modos de sonido est\u00e9reo que complementan la calidad visual del televisor. Perfecta para el hogar o para llevar a diferentes espacios, la Smart TV Punktal se convierte en una herramienta imprescindible para disfrutar de un mundo de contenido digital al alcance de tu mano.\" \/>\n<meta property=\"og:url\" content=\"https:\/\/imperioelectrodomesticos.uy\/index.php\/producto\/tv-smart-32-punktal-pk-32-wos\/\" \/>\n<meta property=\"og:site_name\" content=\"Imperio Electrodom\u00e9sticos\" \/>\n<meta property=\"article:publisher\" content=\"https:\/\/www.facebook.com\/imperioelectrodomesticos\/\" \/>\n<meta property=\"article:modified_time\" content=\"2026-02-16T17:33:56+00:00\" \/>\n<meta property=\"og:image\" content=\"https:\/\/imperioelectrodomesticos.uy\/wp-content\/uploads\/2025\/07\/smart-32-Punktal.1-1.webp\" \/>\n\t<meta property=\"og:image:width\" content=\"1198\" \/>\n\t<meta property=\"og:image:height\" content=\"780\" \/>\n\t<meta property=\"og:image:type\" content=\"image\/webp\" \/>\n<meta name=\"twitter:card\" content=\"summary_large_image\" \/>\n<meta name=\"twitter:label1\" content=\"Tiempo de lectura\" \/>\n\t<meta name=\"twitter:data1\" content=\"1 minuto\" \/>\n<script type=\"application\/ld+json\" class=\"yoast-schema-graph\">{\"@context\":\"https:\\\/\\\/schema.org\",\"@graph\":[{\"@type\":\"WebPage\",\"@id\":\"https:\\\/\\\/imperioelectrodomesticos.uy\\\/index.php\\\/producto\\\/tv-smart-32-punktal-pk-32-wos\\\/\",\"url\":\"https:\\\/\\\/imperioelectrodomesticos.uy\\\/index.php\\\/producto\\\/tv-smart-32-punktal-pk-32-wos\\\/\",\"name\":\"Tv Smart 32\\\" Punktal PK-32 Wos - Imperio Electrodom\u00e9sticos\",\"isPartOf\":{\"@id\":\"https:\\\/\\\/imperioelectrodomesticos.uy\\\/#website\"},\"primaryImageOfPage\":{\"@id\":\"https:\\\/\\\/imperioelectrodomesticos.uy\\\/index.php\\\/producto\\\/tv-smart-32-punktal-pk-32-wos\\\/#primaryimage\"},\"image\":{\"@id\":\"https:\\\/\\\/imperioelectrodomesticos.uy\\\/index.php\\\/producto\\\/tv-smart-32-punktal-pk-32-wos\\\/#primaryimage\"},\"thumbnailUrl\":\"https:\\\/\\\/imperioelectrodomesticos.uy\\\/wp-content\\\/uploads\\\/2025\\\/07\\\/smart-32-Punktal.1-1.webp\",\"datePublished\":\"2025-07-26T13:14:32+00:00\",\"dateModified\":\"2026-02-16T17:33:56+00:00\",\"breadcrumb\":{\"@id\":\"https:\\\/\\\/imperioelectrodomesticos.uy\\\/index.php\\\/producto\\\/tv-smart-32-punktal-pk-32-wos\\\/#breadcrumb\"},\"inLanguage\":\"es\",\"potentialAction\":[{\"@type\":\"ReadAction\",\"target\":[\"https:\\\/\\\/imperioelectrodomesticos.uy\\\/index.php\\\/producto\\\/tv-smart-32-punktal-pk-32-wos\\\/\"]}]},{\"@type\":\"ImageObject\",\"inLanguage\":\"es\",\"@id\":\"https:\\\/\\\/imperioelectrodomesticos.uy\\\/index.php\\\/producto\\\/tv-smart-32-punktal-pk-32-wos\\\/#primaryimage\",\"url\":\"https:\\\/\\\/imperioelectrodomesticos.uy\\\/wp-content\\\/uploads\\\/2025\\\/07\\\/smart-32-Punktal.1-1.webp\",\"contentUrl\":\"https:\\\/\\\/imperioelectrodomesticos.uy\\\/wp-content\\\/uploads\\\/2025\\\/07\\\/smart-32-Punktal.1-1.webp\",\"width\":1198,\"height\":780},{\"@type\":\"BreadcrumbList\",\"@id\":\"https:\\\/\\\/imperioelectrodomesticos.uy\\\/index.php\\\/producto\\\/tv-smart-32-punktal-pk-32-wos\\\/#breadcrumb\",\"itemListElement\":[{\"@type\":\"ListItem\",\"position\":1,\"name\":\"Portada\",\"item\":\"https:\\\/\\\/imperioelectrodomesticos.uy\\\/\"},{\"@type\":\"ListItem\",\"position\":2,\"name\":\"Tienda\",\"item\":\"https:\\\/\\\/imperioelectrodomesticos.uy\\\/index.php\\\/tienda\\\/\"},{\"@type\":\"ListItem\",\"position\":3,\"name\":\"Tv Smart 32&#8243; Punktal PK-32 Wos\"}]},{\"@type\":\"WebSite\",\"@id\":\"https:\\\/\\\/imperioelectrodomesticos.uy\\\/#website\",\"url\":\"https:\\\/\\\/imperioelectrodomesticos.uy\\\/\",\"name\":\"Imperio Electrodom\u00e9sticos\",\"description\":\"Todo en electrodom\u00e9sticos y art\u00edculos para el hogar\",\"publisher\":{\"@id\":\"https:\\\/\\\/imperioelectrodomesticos.uy\\\/#organization\"},\"alternateName\":\"Imperio Electrodom\u00e9sticos\",\"potentialAction\":[{\"@type\":\"SearchAction\",\"target\":{\"@type\":\"EntryPoint\",\"urlTemplate\":\"https:\\\/\\\/imperioelectrodomesticos.uy\\\/?s={search_term_string}\"},\"query-input\":{\"@type\":\"PropertyValueSpecification\",\"valueRequired\":true,\"valueName\":\"search_term_string\"}}],\"inLanguage\":\"es\"},{\"@type\":\"Organization\",\"@id\":\"https:\\\/\\\/imperioelectrodomesticos.uy\\\/#organization\",\"name\":\"Imperio Electrodom\u00e9sticos\",\"url\":\"https:\\\/\\\/imperioelectrodomesticos.uy\\\/\",\"logo\":{\"@type\":\"ImageObject\",\"inLanguage\":\"es\",\"@id\":\"https:\\\/\\\/imperioelectrodomesticos.uy\\\/#\\\/schema\\\/logo\\\/image\\\/\",\"url\":\"https:\\\/\\\/imperioelectrodomesticos.uy\\\/wp-content\\\/uploads\\\/2025\\\/03\\\/cropped-ELECTRODOMESTICOS-3.png\",\"contentUrl\":\"https:\\\/\\\/imperioelectrodomesticos.uy\\\/wp-content\\\/uploads\\\/2025\\\/03\\\/cropped-ELECTRODOMESTICOS-3.png\",\"width\":1080,\"height\":245,\"caption\":\"Imperio Electrodom\u00e9sticos\"},\"image\":{\"@id\":\"https:\\\/\\\/imperioelectrodomesticos.uy\\\/#\\\/schema\\\/logo\\\/image\\\/\"},\"sameAs\":[\"https:\\\/\\\/www.facebook.com\\\/imperioelectrodomesticos\\\/\",\"https:\\\/\\\/www.instagram.com\\\/imperioelectrodomesticos.uy\\\/\"]}]}<\/script>\n<!-- \/ Yoast SEO plugin. -->","yoast_head_json":{"title":"Tv Smart 32\" Punktal PK-32 Wos - Imperio Electrodom\u00e9sticos","robots":{"index":"index","follow":"follow","max-snippet":"max-snippet:-1","max-image-preview":"max-image-preview:large","max-video-preview":"max-video-preview:-1"},"canonical":"https:\/\/imperioelectrodomesticos.uy\/index.php\/producto\/tv-smart-32-punktal-pk-32-wos\/","og_locale":"es_ES","og_type":"article","og_title":"Tv Smart 32\" Punktal PK-32 Wos - Imperio Electrodom\u00e9sticos","og_description":"Descripci\u00f3n La Smart TV 32 Punktal PK-32 WOS combina estilo, tecnolog\u00eda y funcionalidad en un dise\u00f1o elegante y compacto. Con su pantalla LED de 32 pulgadas, disfruta de una experiencia visual de alta definici\u00f3n que transforma cualquier habitaci\u00f3n en un cine personal. Su sistema operativo whaleOS te brinda acceso f\u00e1cil a plataformas populares como Netflix y YouTube, permiti\u00e9ndote disfrutar de tus series y pel\u00edculas favoritas con solo un clic. La conectividad es un aspecto destacado de este modelo, que incluye Wi-Fi y Bluetooth, facilitando la vinculaci\u00f3n con otros dispositivos. Adem\u00e1s, cuenta con m\u00faltiples puertos USB y HDMI para que puedas ampliar tus opciones de entretenimiento, ya sea conectando una computadora, consola de videojuegos o dispositivos de almacenamiento externo.  Con un dise\u00f1o port\u00e1til y ligero de solo 4.2 kg, la PK-32 WOS es ideal para aquellos que buscan versatilidad y comodidad. Su aspecto moderno en color negro se adapta perfectamente a cualquier entorno, mientras que el tiempo de respuesta de 6.5 ms garantiza im\u00e1genes m\u00e1s suaves y fluidas durante la visualizaci\u00f3n.  Sum\u00e9rgete en una experiencia auditiva envolvente con modos de sonido est\u00e9reo que complementan la calidad visual del televisor. Perfecta para el hogar o para llevar a diferentes espacios, la Smart TV Punktal se convierte en una herramienta imprescindible para disfrutar de un mundo de contenido digital al alcance de tu mano.","og_url":"https:\/\/imperioelectrodomesticos.uy\/index.php\/producto\/tv-smart-32-punktal-pk-32-wos\/","og_site_name":"Imperio Electrodom\u00e9sticos","article_publisher":"https:\/\/www.facebook.com\/imperioelectrodomesticos\/","article_modified_time":"2026-02-16T17:33:56+00:00","og_image":[{"width":1198,"height":780,"url":"https:\/\/imperioelectrodomesticos.uy\/wp-content\/uploads\/2025\/07\/smart-32-Punktal.1-1.webp","type":"image\/webp"}],"twitter_card":"summary_large_image","twitter_misc":{"Tiempo de lectura":"1 minuto"},"schema":{"@context":"https:\/\/schema.org","@graph":[{"@type":"WebPage","@id":"https:\/\/imperioelectrodomesticos.uy\/index.php\/producto\/tv-smart-32-punktal-pk-32-wos\/","url":"https:\/\/imperioelectrodomesticos.uy\/index.php\/producto\/tv-smart-32-punktal-pk-32-wos\/","name":"Tv Smart 32\" Punktal PK-32 Wos - Imperio Electrodom\u00e9sticos","isPartOf":{"@id":"https:\/\/imperioelectrodomesticos.uy\/#website"},"primaryImageOfPage":{"@id":"https:\/\/imperioelectrodomesticos.uy\/index.php\/producto\/tv-smart-32-punktal-pk-32-wos\/#primaryimage"},"image":{"@id":"https:\/\/imperioelectrodomesticos.uy\/index.php\/producto\/tv-smart-32-punktal-pk-32-wos\/#primaryimage"},"thumbnailUrl":"https:\/\/imperioelectrodomesticos.uy\/wp-content\/uploads\/2025\/07\/smart-32-Punktal.1-1.webp","datePublished":"2025-07-26T13:14:32+00:00","dateModified":"2026-02-16T17:33:56+00:00","breadcrumb":{"@id":"https:\/\/imperioelectrodomesticos.uy\/index.php\/producto\/tv-smart-32-punktal-pk-32-wos\/#breadcrumb"},"inLanguage":"es","potentialAction":[{"@type":"ReadAction","target":["https:\/\/imperioelectrodomesticos.uy\/index.php\/producto\/tv-smart-32-punktal-pk-32-wos\/"]}]},{"@type":"ImageObject","inLanguage":"es","@id":"https:\/\/imperioelectrodomesticos.uy\/index.php\/producto\/tv-smart-32-punktal-pk-32-wos\/#primaryimage","url":"https:\/\/imperioelectrodomesticos.uy\/wp-content\/uploads\/2025\/07\/smart-32-Punktal.1-1.webp","contentUrl":"https:\/\/imperioelectrodomesticos.uy\/wp-content\/uploads\/2025\/07\/smart-32-Punktal.1-1.webp","width":1198,"height":780},{"@type":"BreadcrumbList","@id":"https:\/\/imperioelectrodomesticos.uy\/index.php\/producto\/tv-smart-32-punktal-pk-32-wos\/#breadcrumb","itemListElement":[{"@type":"ListItem","position":1,"name":"Portada","item":"https:\/\/imperioelectrodomesticos.uy\/"},{"@type":"ListItem","position":2,"name":"Tienda","item":"https:\/\/imperioelectrodomesticos.uy\/index.php\/tienda\/"},{"@type":"ListItem","position":3,"name":"Tv Smart 32&#8243; Punktal PK-32 Wos"}]},{"@type":"WebSite","@id":"https:\/\/imperioelectrodomesticos.uy\/#website","url":"https:\/\/imperioelectrodomesticos.uy\/","name":"Imperio Electrodom\u00e9sticos","description":"Todo en electrodom\u00e9sticos y art\u00edculos para el hogar","publisher":{"@id":"https:\/\/imperioelectrodomesticos.uy\/#organization"},"alternateName":"Imperio Electrodom\u00e9sticos","potentialAction":[{"@type":"SearchAction","target":{"@type":"EntryPoint","urlTemplate":"https:\/\/imperioelectrodomesticos.uy\/?s={search_term_string}"},"query-input":{"@type":"PropertyValueSpecification","valueRequired":true,"valueName":"search_term_string"}}],"inLanguage":"es"},{"@type":"Organization","@id":"https:\/\/imperioelectrodomesticos.uy\/#organization","name":"Imperio Electrodom\u00e9sticos","url":"https:\/\/imperioelectrodomesticos.uy\/","logo":{"@type":"ImageObject","inLanguage":"es","@id":"https:\/\/imperioelectrodomesticos.uy\/#\/schema\/logo\/image\/","url":"https:\/\/imperioelectrodomesticos.uy\/wp-content\/uploads\/2025\/03\/cropped-ELECTRODOMESTICOS-3.png","contentUrl":"https:\/\/imperioelectrodomesticos.uy\/wp-content\/uploads\/2025\/03\/cropped-ELECTRODOMESTICOS-3.png","width":1080,"height":245,"caption":"Imperio Electrodom\u00e9sticos"},"image":{"@id":"https:\/\/imperioelectrodomesticos.uy\/#\/schema\/logo\/image\/"},"sameAs":["https:\/\/www.facebook.com\/imperioelectrodomesticos\/","https:\/\/www.instagram.com\/imperioelectrodomesticos.uy\/"]}]}},"_links":{"self":[{"href":"https:\/\/imperioelectrodomesticos.uy\/index.php\/wp-json\/wp\/v2\/product\/4574","targetHints":{"allow":["GET"]}}],"collection":[{"href":"https:\/\/imperioelectrodomesticos.uy\/index.php\/wp-json\/wp\/v2\/product"}],"about":[{"href":"https:\/\/imperioelectrodomesticos.uy\/index.php\/wp-json\/wp\/v2\/types\/product"}],"wp:featuredmedia":[{"embeddable":true,"href":"https:\/\/imperioelectrodomesticos.uy\/index.php\/wp-json\/wp\/v2\/media\/4578"}],"wp:attachment":[{"href":"https:\/\/imperioelectrodomesticos.uy\/index.php\/wp-json\/wp\/v2\/media?parent=4574"}],"wp:term":[{"taxonomy":"product_brand","embeddable":true,"href":"https:\/\/imperioelectrodomesticos.uy\/index.php\/wp-json\/wp\/v2\/product_brand?post=4574"},{"taxonomy":"product_cat","embeddable":true,"href":"https:\/\/imperioelectrodomesticos.uy\/index.php\/wp-json\/wp\/v2\/product_cat?post=4574"},{"taxonomy":"product_tag","embeddable":true,"href":"https:\/\/imperioelectrodomesticos.uy\/index.php\/wp-json\/wp\/v2\/product_tag?post=4574"}],"curies":[{"name":"wp","href":"https:\/\/api.w.org\/{rel}","templated":true}]}}