{"id":4337,"date":"2025-06-18T17:55:16","date_gmt":"2025-06-18T17:55:16","guid":{"rendered":"https:\/\/imperioelectrodomesticos.uy\/?post_type=product&#038;p=4337"},"modified":"2026-01-14T16:18:35","modified_gmt":"2026-01-14T16:18:35","slug":"chromescat-4k-tv-box-onn-google-tv-control-remoto-por-voz","status":"publish","type":"product","link":"https:\/\/imperioelectrodomesticos.uy\/index.php\/producto\/chromescat-4k-tv-box-onn-google-tv-control-remoto-por-voz\/","title":{"rendered":"Chromescat 4k Tv Box Onn Google Tv Control Remoto Por Voz"},"content":{"rendered":"","protected":false},"excerpt":{"rendered":"<h2 class=\"ui-pdp-description__title\" data-testid=\"title\">Descripci\u00f3n<\/h2>\n<p class=\"ui-pdp-description__content\" data-testid=\"content\">Transforma tu experiencia de entretenimiento con el Chromescat 4K TV Box Onn. Este dispositivo de streaming de 2.\u00aa generaci\u00f3n est\u00e1 dise\u00f1ado para llevar tu contenido favorito a la gran pantalla con una resoluci\u00f3n impresionante de 4K. Con 8 GB de almacenamiento y 2 GB de RAM, disfrutar\u00e1s de un rendimiento fluido al usar aplicaciones populares como Netflix, Disney+, Hulu y muchas m\u00e1s.<\/p>\n<p>El control remoto intuitivo con voz te permite navegar f\u00e1cilmente a trav\u00e9s de tus servicios de streaming favoritos. Ideal para cualquier televisor, el Chromescat es simple de configurar y utilizar, conect\u00e1ndose a trav\u00e9s de HDMI y ofreciendo opciones de audio de calidad con Dolby Audio.<\/p>\n<p>Su sistema operativo Android TV 12 te brinda acceso a una amplia variedad de aplicaciones y funciones, incluyendo la integraci\u00f3n de Google Assistant para un control por voz eficiente. Adem\u00e1s, disfruta de la conectividad Wi-Fi dual de 2.4 GHz y 5 GHz, as\u00ed como Bluetooth, asegurando que siempre est\u00e9s conectado y listo para transmitir.<\/p>\n<p>Con Chromecast integrado, comparte y reproduce contenido desde otros dispositivos sin complicaciones. Del\u00e9itate en una experiencia de streaming mejorada y haz de cada sesi\u00f3n de visualizaci\u00f3n un momento especial con el Chromescat 4K TV Box Onn.<\/p>\n","protected":false},"featured_media":4340,"template":"","meta":{"site-sidebar-layout":"default","site-content-layout":"","ast-site-content-layout":"default","site-content-style":"default","site-sidebar-style":"default","ast-global-header-display":"","ast-banner-title-visibility":"","ast-main-header-display":"","ast-hfb-above-header-display":"","ast-hfb-below-header-display":"","ast-hfb-mobile-header-display":"","site-post-title":"","ast-breadcrumbs-content":"","ast-featured-img":"","footer-sml-layout":"","ast-disable-related-posts":"","theme-transparent-header-meta":"default","adv-header-id-meta":"","stick-header-meta":"","header-above-stick-meta":"","header-main-stick-meta":"","header-below-stick-meta":"","astra-migrate-meta-layouts":"set","ast-page-background-enabled":"default","ast-page-background-meta":{"desktop":{"background-color":"var(--ast-global-color-5)","background-image":"","background-repeat":"repeat","background-position":"center center","background-size":"auto","background-attachment":"scroll","background-type":"","background-media":"","overlay-type":"","overlay-color":"","overlay-opacity":"","overlay-gradient":""},"tablet":{"background-color":"","background-image":"","background-repeat":"repeat","background-position":"center center","background-size":"auto","background-attachment":"scroll","background-type":"","background-media":"","overlay-type":"","overlay-color":"","overlay-opacity":"","overlay-gradient":""},"mobile":{"background-color":"","background-image":"","background-repeat":"repeat","background-position":"center center","background-size":"auto","background-attachment":"scroll","background-type":"","background-media":"","overlay-type":"","overlay-color":"","overlay-opacity":"","overlay-gradient":""}},"ast-content-background-meta":{"desktop":{"background-color":"var(--ast-global-color-4)","background-image":"","background-repeat":"repeat","background-position":"center center","background-size":"auto","background-attachment":"scroll","background-type":"","background-media":"","overlay-type":"","overlay-color":"","overlay-opacity":"","overlay-gradient":""},"tablet":{"background-color":"var(--ast-global-color-4)","background-image":"","background-repeat":"repeat","background-position":"center center","background-size":"auto","background-attachment":"scroll","background-type":"","background-media":"","overlay-type":"","overlay-color":"","overlay-opacity":"","overlay-gradient":""},"mobile":{"background-color":"var(--ast-global-color-4)","background-image":"","background-repeat":"repeat","background-position":"center center","background-size":"auto","background-attachment":"scroll","background-type":"","background-media":"","overlay-type":"","overlay-color":"","overlay-opacity":"","overlay-gradient":""}}},"product_brand":[],"product_cat":[32,26],"product_tag":[],"class_list":{"0":"post-4337","1":"product","2":"type-product","3":"status-publish","4":"has-post-thumbnail","6":"product_cat-productos","7":"product_cat-tv-audio-y-tecnologia","8":"desktop-align-center","9":"tablet-align-left","10":"mobile-align-left","12":"first","13":"outofstock","14":"shipping-taxable","15":"purchasable","16":"product-type-simple"},"yoast_head":"<!-- This site is optimized with the Yoast SEO plugin v27.3 - https:\/\/yoast.com\/product\/yoast-seo-wordpress\/ -->\n<title>Chromescat 4k Tv Box Onn Google Tv Control Remoto Por Voz - Imperio Electrodom\u00e9sticos<\/title>\n<meta name=\"robots\" content=\"index, follow, max-snippet:-1, max-image-preview:large, max-video-preview:-1\" \/>\n<link rel=\"canonical\" href=\"https:\/\/imperioelectrodomesticos.uy\/index.php\/producto\/chromescat-4k-tv-box-onn-google-tv-control-remoto-por-voz\/\" \/>\n<meta property=\"og:locale\" content=\"es_ES\" \/>\n<meta property=\"og:type\" content=\"article\" \/>\n<meta property=\"og:title\" content=\"Chromescat 4k Tv Box Onn Google Tv Control Remoto Por Voz - Imperio Electrodom\u00e9sticos\" \/>\n<meta property=\"og:description\" content=\"Descripci\u00f3n Transforma tu experiencia de entretenimiento con el Chromescat 4K TV Box Onn. Este dispositivo de streaming de 2.\u00aa generaci\u00f3n est\u00e1 dise\u00f1ado para llevar tu contenido favorito a la gran pantalla con una resoluci\u00f3n impresionante de 4K. Con 8 GB de almacenamiento y 2 GB de RAM, disfrutar\u00e1s de un rendimiento fluido al usar aplicaciones populares como Netflix, Disney+, Hulu y muchas m\u00e1s. El control remoto intuitivo con voz te permite navegar f\u00e1cilmente a trav\u00e9s de tus servicios de streaming favoritos. Ideal para cualquier televisor, el Chromescat es simple de configurar y utilizar, conect\u00e1ndose a trav\u00e9s de HDMI y ofreciendo opciones de audio de calidad con Dolby Audio.  Su sistema operativo Android TV 12 te brinda acceso a una amplia variedad de aplicaciones y funciones, incluyendo la integraci\u00f3n de Google Assistant para un control por voz eficiente. Adem\u00e1s, disfruta de la conectividad Wi-Fi dual de 2.4 GHz y 5 GHz, as\u00ed como Bluetooth, asegurando que siempre est\u00e9s conectado y listo para transmitir.  Con Chromecast integrado, comparte y reproduce contenido desde otros dispositivos sin complicaciones. Del\u00e9itate en una experiencia de streaming mejorada y haz de cada sesi\u00f3n de visualizaci\u00f3n un momento especial con el Chromescat 4K TV Box Onn.\" \/>\n<meta property=\"og:url\" content=\"https:\/\/imperioelectrodomesticos.uy\/index.php\/producto\/chromescat-4k-tv-box-onn-google-tv-control-remoto-por-voz\/\" \/>\n<meta property=\"og:site_name\" content=\"Imperio Electrodom\u00e9sticos\" \/>\n<meta property=\"article:publisher\" content=\"https:\/\/www.facebook.com\/imperioelectrodomesticos\/\" \/>\n<meta property=\"article:modified_time\" content=\"2026-01-14T16:18:35+00:00\" \/>\n<meta property=\"og:image\" content=\"https:\/\/imperioelectrodomesticos.uy\/wp-content\/uploads\/2025\/06\/onn-4k.1.webp\" \/>\n\t<meta property=\"og:image:width\" content=\"676\" \/>\n\t<meta property=\"og:image:height\" content=\"998\" \/>\n\t<meta property=\"og:image:type\" content=\"image\/webp\" \/>\n<meta name=\"twitter:card\" content=\"summary_large_image\" \/>\n<meta name=\"twitter:label1\" content=\"Tiempo de lectura\" \/>\n\t<meta name=\"twitter:data1\" content=\"1 minuto\" \/>\n<script type=\"application\/ld+json\" class=\"yoast-schema-graph\">{\"@context\":\"https:\\\/\\\/schema.org\",\"@graph\":[{\"@type\":\"WebPage\",\"@id\":\"https:\\\/\\\/imperioelectrodomesticos.uy\\\/index.php\\\/producto\\\/chromescat-4k-tv-box-onn-google-tv-control-remoto-por-voz\\\/\",\"url\":\"https:\\\/\\\/imperioelectrodomesticos.uy\\\/index.php\\\/producto\\\/chromescat-4k-tv-box-onn-google-tv-control-remoto-por-voz\\\/\",\"name\":\"Chromescat 4k Tv Box Onn Google Tv Control Remoto Por Voz - Imperio Electrodom\u00e9sticos\",\"isPartOf\":{\"@id\":\"https:\\\/\\\/imperioelectrodomesticos.uy\\\/#website\"},\"primaryImageOfPage\":{\"@id\":\"https:\\\/\\\/imperioelectrodomesticos.uy\\\/index.php\\\/producto\\\/chromescat-4k-tv-box-onn-google-tv-control-remoto-por-voz\\\/#primaryimage\"},\"image\":{\"@id\":\"https:\\\/\\\/imperioelectrodomesticos.uy\\\/index.php\\\/producto\\\/chromescat-4k-tv-box-onn-google-tv-control-remoto-por-voz\\\/#primaryimage\"},\"thumbnailUrl\":\"https:\\\/\\\/imperioelectrodomesticos.uy\\\/wp-content\\\/uploads\\\/2025\\\/06\\\/onn-4k.1.webp\",\"datePublished\":\"2025-06-18T17:55:16+00:00\",\"dateModified\":\"2026-01-14T16:18:35+00:00\",\"breadcrumb\":{\"@id\":\"https:\\\/\\\/imperioelectrodomesticos.uy\\\/index.php\\\/producto\\\/chromescat-4k-tv-box-onn-google-tv-control-remoto-por-voz\\\/#breadcrumb\"},\"inLanguage\":\"es\",\"potentialAction\":[{\"@type\":\"ReadAction\",\"target\":[\"https:\\\/\\\/imperioelectrodomesticos.uy\\\/index.php\\\/producto\\\/chromescat-4k-tv-box-onn-google-tv-control-remoto-por-voz\\\/\"]}]},{\"@type\":\"ImageObject\",\"inLanguage\":\"es\",\"@id\":\"https:\\\/\\\/imperioelectrodomesticos.uy\\\/index.php\\\/producto\\\/chromescat-4k-tv-box-onn-google-tv-control-remoto-por-voz\\\/#primaryimage\",\"url\":\"https:\\\/\\\/imperioelectrodomesticos.uy\\\/wp-content\\\/uploads\\\/2025\\\/06\\\/onn-4k.1.webp\",\"contentUrl\":\"https:\\\/\\\/imperioelectrodomesticos.uy\\\/wp-content\\\/uploads\\\/2025\\\/06\\\/onn-4k.1.webp\",\"width\":676,\"height\":998},{\"@type\":\"BreadcrumbList\",\"@id\":\"https:\\\/\\\/imperioelectrodomesticos.uy\\\/index.php\\\/producto\\\/chromescat-4k-tv-box-onn-google-tv-control-remoto-por-voz\\\/#breadcrumb\",\"itemListElement\":[{\"@type\":\"ListItem\",\"position\":1,\"name\":\"Portada\",\"item\":\"https:\\\/\\\/imperioelectrodomesticos.uy\\\/\"},{\"@type\":\"ListItem\",\"position\":2,\"name\":\"Tienda\",\"item\":\"https:\\\/\\\/imperioelectrodomesticos.uy\\\/index.php\\\/tienda\\\/\"},{\"@type\":\"ListItem\",\"position\":3,\"name\":\"Chromescat 4k Tv Box Onn Google Tv Control Remoto Por Voz\"}]},{\"@type\":\"WebSite\",\"@id\":\"https:\\\/\\\/imperioelectrodomesticos.uy\\\/#website\",\"url\":\"https:\\\/\\\/imperioelectrodomesticos.uy\\\/\",\"name\":\"Imperio Electrodom\u00e9sticos\",\"description\":\"Todo en electrodom\u00e9sticos y art\u00edculos para el hogar\",\"publisher\":{\"@id\":\"https:\\\/\\\/imperioelectrodomesticos.uy\\\/#organization\"},\"alternateName\":\"Imperio Electrodom\u00e9sticos\",\"potentialAction\":[{\"@type\":\"SearchAction\",\"target\":{\"@type\":\"EntryPoint\",\"urlTemplate\":\"https:\\\/\\\/imperioelectrodomesticos.uy\\\/?s={search_term_string}\"},\"query-input\":{\"@type\":\"PropertyValueSpecification\",\"valueRequired\":true,\"valueName\":\"search_term_string\"}}],\"inLanguage\":\"es\"},{\"@type\":\"Organization\",\"@id\":\"https:\\\/\\\/imperioelectrodomesticos.uy\\\/#organization\",\"name\":\"Imperio Electrodom\u00e9sticos\",\"url\":\"https:\\\/\\\/imperioelectrodomesticos.uy\\\/\",\"logo\":{\"@type\":\"ImageObject\",\"inLanguage\":\"es\",\"@id\":\"https:\\\/\\\/imperioelectrodomesticos.uy\\\/#\\\/schema\\\/logo\\\/image\\\/\",\"url\":\"https:\\\/\\\/imperioelectrodomesticos.uy\\\/wp-content\\\/uploads\\\/2025\\\/03\\\/cropped-ELECTRODOMESTICOS-3.png\",\"contentUrl\":\"https:\\\/\\\/imperioelectrodomesticos.uy\\\/wp-content\\\/uploads\\\/2025\\\/03\\\/cropped-ELECTRODOMESTICOS-3.png\",\"width\":1080,\"height\":245,\"caption\":\"Imperio Electrodom\u00e9sticos\"},\"image\":{\"@id\":\"https:\\\/\\\/imperioelectrodomesticos.uy\\\/#\\\/schema\\\/logo\\\/image\\\/\"},\"sameAs\":[\"https:\\\/\\\/www.facebook.com\\\/imperioelectrodomesticos\\\/\",\"https:\\\/\\\/www.instagram.com\\\/imperioelectrodomesticos.uy\\\/\"]}]}<\/script>\n<!-- \/ Yoast SEO plugin. -->","yoast_head_json":{"title":"Chromescat 4k Tv Box Onn Google Tv Control Remoto Por Voz - Imperio Electrodom\u00e9sticos","robots":{"index":"index","follow":"follow","max-snippet":"max-snippet:-1","max-image-preview":"max-image-preview:large","max-video-preview":"max-video-preview:-1"},"canonical":"https:\/\/imperioelectrodomesticos.uy\/index.php\/producto\/chromescat-4k-tv-box-onn-google-tv-control-remoto-por-voz\/","og_locale":"es_ES","og_type":"article","og_title":"Chromescat 4k Tv Box Onn Google Tv Control Remoto Por Voz - Imperio Electrodom\u00e9sticos","og_description":"Descripci\u00f3n Transforma tu experiencia de entretenimiento con el Chromescat 4K TV Box Onn. Este dispositivo de streaming de 2.\u00aa generaci\u00f3n est\u00e1 dise\u00f1ado para llevar tu contenido favorito a la gran pantalla con una resoluci\u00f3n impresionante de 4K. Con 8 GB de almacenamiento y 2 GB de RAM, disfrutar\u00e1s de un rendimiento fluido al usar aplicaciones populares como Netflix, Disney+, Hulu y muchas m\u00e1s. El control remoto intuitivo con voz te permite navegar f\u00e1cilmente a trav\u00e9s de tus servicios de streaming favoritos. Ideal para cualquier televisor, el Chromescat es simple de configurar y utilizar, conect\u00e1ndose a trav\u00e9s de HDMI y ofreciendo opciones de audio de calidad con Dolby Audio.  Su sistema operativo Android TV 12 te brinda acceso a una amplia variedad de aplicaciones y funciones, incluyendo la integraci\u00f3n de Google Assistant para un control por voz eficiente. Adem\u00e1s, disfruta de la conectividad Wi-Fi dual de 2.4 GHz y 5 GHz, as\u00ed como Bluetooth, asegurando que siempre est\u00e9s conectado y listo para transmitir.  Con Chromecast integrado, comparte y reproduce contenido desde otros dispositivos sin complicaciones. Del\u00e9itate en una experiencia de streaming mejorada y haz de cada sesi\u00f3n de visualizaci\u00f3n un momento especial con el Chromescat 4K TV Box Onn.","og_url":"https:\/\/imperioelectrodomesticos.uy\/index.php\/producto\/chromescat-4k-tv-box-onn-google-tv-control-remoto-por-voz\/","og_site_name":"Imperio Electrodom\u00e9sticos","article_publisher":"https:\/\/www.facebook.com\/imperioelectrodomesticos\/","article_modified_time":"2026-01-14T16:18:35+00:00","og_image":[{"width":676,"height":998,"url":"https:\/\/imperioelectrodomesticos.uy\/wp-content\/uploads\/2025\/06\/onn-4k.1.webp","type":"image\/webp"}],"twitter_card":"summary_large_image","twitter_misc":{"Tiempo de lectura":"1 minuto"},"schema":{"@context":"https:\/\/schema.org","@graph":[{"@type":"WebPage","@id":"https:\/\/imperioelectrodomesticos.uy\/index.php\/producto\/chromescat-4k-tv-box-onn-google-tv-control-remoto-por-voz\/","url":"https:\/\/imperioelectrodomesticos.uy\/index.php\/producto\/chromescat-4k-tv-box-onn-google-tv-control-remoto-por-voz\/","name":"Chromescat 4k Tv Box Onn Google Tv Control Remoto Por Voz - Imperio Electrodom\u00e9sticos","isPartOf":{"@id":"https:\/\/imperioelectrodomesticos.uy\/#website"},"primaryImageOfPage":{"@id":"https:\/\/imperioelectrodomesticos.uy\/index.php\/producto\/chromescat-4k-tv-box-onn-google-tv-control-remoto-por-voz\/#primaryimage"},"image":{"@id":"https:\/\/imperioelectrodomesticos.uy\/index.php\/producto\/chromescat-4k-tv-box-onn-google-tv-control-remoto-por-voz\/#primaryimage"},"thumbnailUrl":"https:\/\/imperioelectrodomesticos.uy\/wp-content\/uploads\/2025\/06\/onn-4k.1.webp","datePublished":"2025-06-18T17:55:16+00:00","dateModified":"2026-01-14T16:18:35+00:00","breadcrumb":{"@id":"https:\/\/imperioelectrodomesticos.uy\/index.php\/producto\/chromescat-4k-tv-box-onn-google-tv-control-remoto-por-voz\/#breadcrumb"},"inLanguage":"es","potentialAction":[{"@type":"ReadAction","target":["https:\/\/imperioelectrodomesticos.uy\/index.php\/producto\/chromescat-4k-tv-box-onn-google-tv-control-remoto-por-voz\/"]}]},{"@type":"ImageObject","inLanguage":"es","@id":"https:\/\/imperioelectrodomesticos.uy\/index.php\/producto\/chromescat-4k-tv-box-onn-google-tv-control-remoto-por-voz\/#primaryimage","url":"https:\/\/imperioelectrodomesticos.uy\/wp-content\/uploads\/2025\/06\/onn-4k.1.webp","contentUrl":"https:\/\/imperioelectrodomesticos.uy\/wp-content\/uploads\/2025\/06\/onn-4k.1.webp","width":676,"height":998},{"@type":"BreadcrumbList","@id":"https:\/\/imperioelectrodomesticos.uy\/index.php\/producto\/chromescat-4k-tv-box-onn-google-tv-control-remoto-por-voz\/#breadcrumb","itemListElement":[{"@type":"ListItem","position":1,"name":"Portada","item":"https:\/\/imperioelectrodomesticos.uy\/"},{"@type":"ListItem","position":2,"name":"Tienda","item":"https:\/\/imperioelectrodomesticos.uy\/index.php\/tienda\/"},{"@type":"ListItem","position":3,"name":"Chromescat 4k Tv Box Onn Google Tv Control Remoto Por Voz"}]},{"@type":"WebSite","@id":"https:\/\/imperioelectrodomesticos.uy\/#website","url":"https:\/\/imperioelectrodomesticos.uy\/","name":"Imperio Electrodom\u00e9sticos","description":"Todo en electrodom\u00e9sticos y art\u00edculos para el hogar","publisher":{"@id":"https:\/\/imperioelectrodomesticos.uy\/#organization"},"alternateName":"Imperio Electrodom\u00e9sticos","potentialAction":[{"@type":"SearchAction","target":{"@type":"EntryPoint","urlTemplate":"https:\/\/imperioelectrodomesticos.uy\/?s={search_term_string}"},"query-input":{"@type":"PropertyValueSpecification","valueRequired":true,"valueName":"search_term_string"}}],"inLanguage":"es"},{"@type":"Organization","@id":"https:\/\/imperioelectrodomesticos.uy\/#organization","name":"Imperio Electrodom\u00e9sticos","url":"https:\/\/imperioelectrodomesticos.uy\/","logo":{"@type":"ImageObject","inLanguage":"es","@id":"https:\/\/imperioelectrodomesticos.uy\/#\/schema\/logo\/image\/","url":"https:\/\/imperioelectrodomesticos.uy\/wp-content\/uploads\/2025\/03\/cropped-ELECTRODOMESTICOS-3.png","contentUrl":"https:\/\/imperioelectrodomesticos.uy\/wp-content\/uploads\/2025\/03\/cropped-ELECTRODOMESTICOS-3.png","width":1080,"height":245,"caption":"Imperio Electrodom\u00e9sticos"},"image":{"@id":"https:\/\/imperioelectrodomesticos.uy\/#\/schema\/logo\/image\/"},"sameAs":["https:\/\/www.facebook.com\/imperioelectrodomesticos\/","https:\/\/www.instagram.com\/imperioelectrodomesticos.uy\/"]}]}},"_links":{"self":[{"href":"https:\/\/imperioelectrodomesticos.uy\/index.php\/wp-json\/wp\/v2\/product\/4337","targetHints":{"allow":["GET"]}}],"collection":[{"href":"https:\/\/imperioelectrodomesticos.uy\/index.php\/wp-json\/wp\/v2\/product"}],"about":[{"href":"https:\/\/imperioelectrodomesticos.uy\/index.php\/wp-json\/wp\/v2\/types\/product"}],"wp:featuredmedia":[{"embeddable":true,"href":"https:\/\/imperioelectrodomesticos.uy\/index.php\/wp-json\/wp\/v2\/media\/4340"}],"wp:attachment":[{"href":"https:\/\/imperioelectrodomesticos.uy\/index.php\/wp-json\/wp\/v2\/media?parent=4337"}],"wp:term":[{"taxonomy":"product_brand","embeddable":true,"href":"https:\/\/imperioelectrodomesticos.uy\/index.php\/wp-json\/wp\/v2\/product_brand?post=4337"},{"taxonomy":"product_cat","embeddable":true,"href":"https:\/\/imperioelectrodomesticos.uy\/index.php\/wp-json\/wp\/v2\/product_cat?post=4337"},{"taxonomy":"product_tag","embeddable":true,"href":"https:\/\/imperioelectrodomesticos.uy\/index.php\/wp-json\/wp\/v2\/product_tag?post=4337"}],"curies":[{"name":"wp","href":"https:\/\/api.w.org\/{rel}","templated":true}]}}