{"id":4304,"date":"2025-06-17T13:57:36","date_gmt":"2025-06-17T13:57:36","guid":{"rendered":"https:\/\/imperioelectrodomesticos.uy\/?post_type=product&#038;p=4304"},"modified":"2026-04-01T16:05:40","modified_gmt":"2026-04-01T16:05:40","slug":"plancha-de-ropa-philips-seca-dst0520-20","status":"publish","type":"product","link":"https:\/\/imperioelectrodomesticos.uy\/index.php\/producto\/plancha-de-ropa-philips-seca-dst0520-20\/","title":{"rendered":"Plancha de ropa Philips Seca DST0520\/20"},"content":{"rendered":"","protected":false},"excerpt":{"rendered":"<div class=\"p-tc11-accordion-wrapper\">\n<div class=\"p-layout-row\">\n<div class=\"p-layout-inner\">\n<div class=\"p-tc11-item-toggle\">\n<div id=\"specs\" class=\"techspec s08-specification-details component-base\">\n<section class=\"p-s08-technical-specifications\" data-chapter-count=\"2\">\n<div class=\"p-row-gutter p-comp-spacing-bottom\">\n<h2 class=\"p-heading-02 p-heading-medium p-s08__spec-main-title\">Especificaciones t\u00e9cnicas<\/h2>\n<div class=\"p-chapter-container\">\n<ul class=\"p-s08__table\">\n<li class=\"p-s08__spec \">\n<p class=\"p-heading-03 p-heading-light p-s08__spec-title\">Especificaciones t\u00e9cnicas<\/p>\n<dl class=\"p-s08__main-list\">\n<dt class=\"p-heading-04 p-heading-bold p-s08__main-list-title\">Peso de la plancha<\/dt>\n<dd>\n<div class=\"p-body-copy-02 \">0,7 \u00a0kg<\/div>\n<\/dd>\n<dt class=\"p-heading-04 p-heading-bold p-s08__main-list-title\">Alimentaci\u00f3n<\/dt>\n<dd>\n<div class=\"p-body-copy-02 \">1200\u00a0W<\/div>\n<\/dd>\n<dt class=\"p-heading-04 p-heading-bold p-s08__main-list-title\">Voltaje<\/dt>\n<dd>\n<div class=\"p-body-copy-02 \">230 \u00a0V<\/div>\n<\/dd>\n<dt class=\"p-heading-04 p-heading-bold p-s08__main-list-title\">Dimensiones del producto<\/dt>\n<dd>\n<div class=\"p-body-copy-02 \">21,9\u00a0x\u00a010,1\u00a0x\u00a011,4 \u00a0cm<\/div>\n<\/dd>\n<\/dl>\n<\/li>\n<li class=\"p-s08__spec \">\n<p class=\"p-heading-03 p-heading-light p-s08__spec-title\">Facilidad de uso<\/p>\n<dl class=\"p-s08__main-list\">\n<dt class=\"p-heading-04 p-heading-bold p-s08__main-list-title\">Ultraligera y c\u00f3moda<\/dt>\n<dd>\n<div class=\"p-body-copy-02 \">S\u00ed<\/div>\n<\/dd>\n<dt class=\"p-heading-04 p-heading-bold p-s08__main-list-title\">Longitud del cable de alimentaci\u00f3n<\/dt>\n<dd>\n<div class=\"p-body-copy-02 \">1,6 \u00a0m<\/div>\n<\/dd>\n<dt class=\"p-heading-04 p-heading-bold p-s08__main-list-title\">Llega a las zonas dif\u00edciles<\/dt>\n<dd>\n<div class=\"p-body-copy-02 \">Ranura para botones<\/div>\n<\/dd>\n<dt class=\"p-heading-04 p-heading-bold p-s08__main-list-title\">Cable de larga duraci\u00f3n<\/dt>\n<dd>\n<div class=\"p-body-copy-02 \">S\u00ed<\/div>\n<\/dd>\n<dt class=\"p-heading-04 p-heading-bold p-s08__main-list-title\">Empu\u00f1adura c\u00f3moda<\/dt>\n<dd>\n<div class=\"p-body-copy-02 \">S\u00ed<\/div>\n<\/dd>\n<dt class=\"p-heading-04 p-heading-bold p-s08__main-list-title\">Sencillo recogecable<\/dt>\n<dd>\n<div class=\"p-body-copy-02 \">S\u00ed<\/div>\n<\/dd>\n<\/dl>\n<\/li>\n<li class=\"p-s08__spec p-s08__toggle-item\">\n<p class=\"p-heading-03 p-heading-light p-s08__spec-title\">Deslizamiento suave<\/p>\n<dl class=\"p-s08__main-list\">\n<dt class=\"p-heading-04 p-heading-bold p-s08__main-list-title\">Suela<\/dt>\n<dd>\n<div class=\"p-body-copy-02 \">Suela antiadherente<\/div>\n<\/dd>\n<\/dl>\n<\/li>\n<li class=\"p-s08__spec p-s08__toggle-item\">\n<p class=\"p-heading-03 p-heading-light p-s08__spec-title\">Control total<\/p>\n<dl class=\"p-s08__main-list\">\n<dt class=\"p-heading-04 p-heading-bold p-s08__main-list-title\">Control de temperatura f\u00e1cil<\/dt>\n<dd>\n<div class=\"p-body-copy-02 \">S\u00ed<\/div>\n<\/dd>\n<dt class=\"p-heading-04 p-heading-bold p-s08__main-list-title\">Piloto indicador de temperatura<\/dt>\n<dd>\n<div class=\"p-body-copy-02 \">S\u00ed<\/div>\n<\/dd>\n<\/dl>\n<\/li>\n<\/ul>\n<\/div>\n<\/div>\n<\/section>\n<\/div>\n<\/div>\n<div class=\"p-tc11__content-to-toggle\">\n<div class=\"whatsinthebox s06-whats-in-the-box component-base\"><\/div>\n<div class=\"greendata s15-eco-passport component-base\"><\/div>\n<\/div>\n<\/div>\n<\/div>\n<\/div>\n<div class=\"p-tc11__trigger-buttons p-spacing-bottom-c\">\n<div class=\"p-layout-row p-row-gutter\">\n<div class=\"p-layout-inner p-spacing-bottom-a\"><\/div>\n<\/div>\n<\/div>\n<div class=\"p-tc11-accordion p-spacing-top-c p-tc11-active--m-l p-tc11-active--xs-s p-tc11-accordion--nobottomborder p-tc11__accordion--opened\" data-accordion-enabled=\"true\" data-accordion-toggle=\"true\" data-close-popup-label=\"Retorno\" data-toggle-item-selector=\"p-s08__toggle-item\" data-hide-item-selector=\"p-s08__toggle-buttons\">\n<div class=\"p-tc11__trigger-buttons p-spacing-bottom-c\">\n<div class=\"p-layout-row p-row-gutter\">\n<div class=\"p-layout-inner p-spacing-bottom-a\"><\/div>\n<\/div>\n<\/div>\n<\/div>\n<div class=\"p-layout-row\">\n<div class=\"p-layout-inner\">\n<div id=\"support\" class=\"p90 p90-product-support-accessories-banner component-base\">\n<section class=\"p-p90-product-support-accessories-banner\n\n        p-comp-spacing-top p-row-gutter p-comp-spacing-bottom\" data-ctn=\"DST0520\/20\"><\/p>\n<div class=\"p-p90__banner-wrapper pv-grid\">\n<div class=\"p-p90__banner-img-wrapper\"><\/div>\n<\/div>\n<\/section>\n<\/div>\n<\/div>\n<\/div>\n","protected":false},"featured_media":4310,"template":"","meta":{"site-sidebar-layout":"default","site-content-layout":"","ast-site-content-layout":"default","site-content-style":"default","site-sidebar-style":"default","ast-global-header-display":"","ast-banner-title-visibility":"","ast-main-header-display":"","ast-hfb-above-header-display":"","ast-hfb-below-header-display":"","ast-hfb-mobile-header-display":"","site-post-title":"","ast-breadcrumbs-content":"","ast-featured-img":"","footer-sml-layout":"","ast-disable-related-posts":"","theme-transparent-header-meta":"default","adv-header-id-meta":"","stick-header-meta":"","header-above-stick-meta":"","header-main-stick-meta":"","header-below-stick-meta":"","astra-migrate-meta-layouts":"set","ast-page-background-enabled":"default","ast-page-background-meta":{"desktop":{"background-color":"var(--ast-global-color-5)","background-image":"","background-repeat":"repeat","background-position":"center center","background-size":"auto","background-attachment":"scroll","background-type":"","background-media":"","overlay-type":"","overlay-color":"","overlay-opacity":"","overlay-gradient":""},"tablet":{"background-color":"","background-image":"","background-repeat":"repeat","background-position":"center center","background-size":"auto","background-attachment":"scroll","background-type":"","background-media":"","overlay-type":"","overlay-color":"","overlay-opacity":"","overlay-gradient":""},"mobile":{"background-color":"","background-image":"","background-repeat":"repeat","background-position":"center center","background-size":"auto","background-attachment":"scroll","background-type":"","background-media":"","overlay-type":"","overlay-color":"","overlay-opacity":"","overlay-gradient":""}},"ast-content-background-meta":{"desktop":{"background-color":"var(--ast-global-color-4)","background-image":"","background-repeat":"repeat","background-position":"center center","background-size":"auto","background-attachment":"scroll","background-type":"","background-media":"","overlay-type":"","overlay-color":"","overlay-opacity":"","overlay-gradient":""},"tablet":{"background-color":"var(--ast-global-color-4)","background-image":"","background-repeat":"repeat","background-position":"center center","background-size":"auto","background-attachment":"scroll","background-type":"","background-media":"","overlay-type":"","overlay-color":"","overlay-opacity":"","overlay-gradient":""},"mobile":{"background-color":"var(--ast-global-color-4)","background-image":"","background-repeat":"repeat","background-position":"center center","background-size":"auto","background-attachment":"scroll","background-type":"","background-media":"","overlay-type":"","overlay-color":"","overlay-opacity":"","overlay-gradient":""}}},"product_brand":[],"product_cat":[24,77,32],"product_tag":[],"class_list":{"0":"post-4304","1":"product","2":"type-product","3":"status-publish","4":"has-post-thumbnail","6":"product_cat-limpieza","7":"product_cat-planchas","8":"product_cat-productos","9":"desktop-align-center","10":"tablet-align-left","11":"mobile-align-left","13":"first","14":"instock","15":"featured","16":"shipping-taxable","17":"purchasable","18":"product-type-simple"},"yoast_head":"<!-- This site is optimized with the Yoast SEO plugin v27.3 - https:\/\/yoast.com\/product\/yoast-seo-wordpress\/ -->\n<title>Plancha de ropa Philips Seca DST0520\/20 - Imperio Electrodom\u00e9sticos<\/title>\n<meta name=\"robots\" content=\"index, follow, max-snippet:-1, max-image-preview:large, max-video-preview:-1\" \/>\n<link rel=\"canonical\" href=\"https:\/\/imperioelectrodomesticos.uy\/index.php\/producto\/plancha-de-ropa-philips-seca-dst0520-20\/\" \/>\n<meta property=\"og:locale\" content=\"es_ES\" \/>\n<meta property=\"og:type\" content=\"article\" \/>\n<meta property=\"og:title\" content=\"Plancha de ropa Philips Seca DST0520\/20 - Imperio Electrodom\u00e9sticos\" \/>\n<meta property=\"og:description\" content=\"Especificaciones t\u00e9cnicas     Especificaciones t\u00e9cnicas    Peso de la plancha   0,7 \u00a0kg  Alimentaci\u00f3n   1200\u00a0W  Voltaje   230 \u00a0V  Dimensiones del producto   21,9\u00a0x\u00a010,1\u00a0x\u00a011,4 \u00a0cm     Facilidad de uso    Ultraligera y c\u00f3moda   S\u00ed  Longitud del cable de alimentaci\u00f3n   1,6 \u00a0m  Llega a las zonas dif\u00edciles   Ranura para botones  Cable de larga duraci\u00f3n   S\u00ed  Empu\u00f1adura c\u00f3moda   S\u00ed  Sencillo recogecable   S\u00ed     Deslizamiento suave    Suela   Suela antiadherente     Control total    Control de temperatura f\u00e1cil   S\u00ed  Piloto indicador de temperatura   S\u00ed\" \/>\n<meta property=\"og:url\" content=\"https:\/\/imperioelectrodomesticos.uy\/index.php\/producto\/plancha-de-ropa-philips-seca-dst0520-20\/\" \/>\n<meta property=\"og:site_name\" content=\"Imperio Electrodom\u00e9sticos\" \/>\n<meta property=\"article:publisher\" content=\"https:\/\/www.facebook.com\/imperioelectrodomesticos\/\" \/>\n<meta property=\"article:modified_time\" content=\"2026-04-01T16:05:40+00:00\" \/>\n<meta property=\"og:image\" content=\"https:\/\/imperioelectrodomesticos.uy\/wp-content\/uploads\/2025\/06\/plancha-Philips-Seca.webp\" \/>\n\t<meta property=\"og:image:width\" content=\"960\" \/>\n\t<meta property=\"og:image:height\" content=\"914\" \/>\n\t<meta property=\"og:image:type\" content=\"image\/webp\" \/>\n<meta name=\"twitter:card\" content=\"summary_large_image\" \/>\n<meta name=\"twitter:label1\" content=\"Tiempo de lectura\" \/>\n\t<meta name=\"twitter:data1\" content=\"1 minuto\" \/>\n<script type=\"application\/ld+json\" class=\"yoast-schema-graph\">{\"@context\":\"https:\\\/\\\/schema.org\",\"@graph\":[{\"@type\":\"WebPage\",\"@id\":\"https:\\\/\\\/imperioelectrodomesticos.uy\\\/index.php\\\/producto\\\/plancha-de-ropa-philips-seca-dst0520-20\\\/\",\"url\":\"https:\\\/\\\/imperioelectrodomesticos.uy\\\/index.php\\\/producto\\\/plancha-de-ropa-philips-seca-dst0520-20\\\/\",\"name\":\"Plancha de ropa Philips Seca DST0520\\\/20 - Imperio Electrodom\u00e9sticos\",\"isPartOf\":{\"@id\":\"https:\\\/\\\/imperioelectrodomesticos.uy\\\/#website\"},\"primaryImageOfPage\":{\"@id\":\"https:\\\/\\\/imperioelectrodomesticos.uy\\\/index.php\\\/producto\\\/plancha-de-ropa-philips-seca-dst0520-20\\\/#primaryimage\"},\"image\":{\"@id\":\"https:\\\/\\\/imperioelectrodomesticos.uy\\\/index.php\\\/producto\\\/plancha-de-ropa-philips-seca-dst0520-20\\\/#primaryimage\"},\"thumbnailUrl\":\"https:\\\/\\\/imperioelectrodomesticos.uy\\\/wp-content\\\/uploads\\\/2025\\\/06\\\/plancha-Philips-Seca.webp\",\"datePublished\":\"2025-06-17T13:57:36+00:00\",\"dateModified\":\"2026-04-01T16:05:40+00:00\",\"breadcrumb\":{\"@id\":\"https:\\\/\\\/imperioelectrodomesticos.uy\\\/index.php\\\/producto\\\/plancha-de-ropa-philips-seca-dst0520-20\\\/#breadcrumb\"},\"inLanguage\":\"es\",\"potentialAction\":[{\"@type\":\"ReadAction\",\"target\":[\"https:\\\/\\\/imperioelectrodomesticos.uy\\\/index.php\\\/producto\\\/plancha-de-ropa-philips-seca-dst0520-20\\\/\"]}]},{\"@type\":\"ImageObject\",\"inLanguage\":\"es\",\"@id\":\"https:\\\/\\\/imperioelectrodomesticos.uy\\\/index.php\\\/producto\\\/plancha-de-ropa-philips-seca-dst0520-20\\\/#primaryimage\",\"url\":\"https:\\\/\\\/imperioelectrodomesticos.uy\\\/wp-content\\\/uploads\\\/2025\\\/06\\\/plancha-Philips-Seca.webp\",\"contentUrl\":\"https:\\\/\\\/imperioelectrodomesticos.uy\\\/wp-content\\\/uploads\\\/2025\\\/06\\\/plancha-Philips-Seca.webp\",\"width\":960,\"height\":914},{\"@type\":\"BreadcrumbList\",\"@id\":\"https:\\\/\\\/imperioelectrodomesticos.uy\\\/index.php\\\/producto\\\/plancha-de-ropa-philips-seca-dst0520-20\\\/#breadcrumb\",\"itemListElement\":[{\"@type\":\"ListItem\",\"position\":1,\"name\":\"Portada\",\"item\":\"https:\\\/\\\/imperioelectrodomesticos.uy\\\/\"},{\"@type\":\"ListItem\",\"position\":2,\"name\":\"Tienda\",\"item\":\"https:\\\/\\\/imperioelectrodomesticos.uy\\\/index.php\\\/tienda\\\/\"},{\"@type\":\"ListItem\",\"position\":3,\"name\":\"Plancha de ropa Philips Seca DST0520\\\/20\"}]},{\"@type\":\"WebSite\",\"@id\":\"https:\\\/\\\/imperioelectrodomesticos.uy\\\/#website\",\"url\":\"https:\\\/\\\/imperioelectrodomesticos.uy\\\/\",\"name\":\"Imperio Electrodom\u00e9sticos\",\"description\":\"Todo en electrodom\u00e9sticos y art\u00edculos para el hogar\",\"publisher\":{\"@id\":\"https:\\\/\\\/imperioelectrodomesticos.uy\\\/#organization\"},\"alternateName\":\"Imperio Electrodom\u00e9sticos\",\"potentialAction\":[{\"@type\":\"SearchAction\",\"target\":{\"@type\":\"EntryPoint\",\"urlTemplate\":\"https:\\\/\\\/imperioelectrodomesticos.uy\\\/?s={search_term_string}\"},\"query-input\":{\"@type\":\"PropertyValueSpecification\",\"valueRequired\":true,\"valueName\":\"search_term_string\"}}],\"inLanguage\":\"es\"},{\"@type\":\"Organization\",\"@id\":\"https:\\\/\\\/imperioelectrodomesticos.uy\\\/#organization\",\"name\":\"Imperio Electrodom\u00e9sticos\",\"url\":\"https:\\\/\\\/imperioelectrodomesticos.uy\\\/\",\"logo\":{\"@type\":\"ImageObject\",\"inLanguage\":\"es\",\"@id\":\"https:\\\/\\\/imperioelectrodomesticos.uy\\\/#\\\/schema\\\/logo\\\/image\\\/\",\"url\":\"https:\\\/\\\/imperioelectrodomesticos.uy\\\/wp-content\\\/uploads\\\/2025\\\/03\\\/cropped-ELECTRODOMESTICOS-3.png\",\"contentUrl\":\"https:\\\/\\\/imperioelectrodomesticos.uy\\\/wp-content\\\/uploads\\\/2025\\\/03\\\/cropped-ELECTRODOMESTICOS-3.png\",\"width\":1080,\"height\":245,\"caption\":\"Imperio Electrodom\u00e9sticos\"},\"image\":{\"@id\":\"https:\\\/\\\/imperioelectrodomesticos.uy\\\/#\\\/schema\\\/logo\\\/image\\\/\"},\"sameAs\":[\"https:\\\/\\\/www.facebook.com\\\/imperioelectrodomesticos\\\/\",\"https:\\\/\\\/www.instagram.com\\\/imperioelectrodomesticos.uy\\\/\"]}]}<\/script>\n<!-- \/ Yoast SEO plugin. -->","yoast_head_json":{"title":"Plancha de ropa Philips Seca DST0520\/20 - Imperio Electrodom\u00e9sticos","robots":{"index":"index","follow":"follow","max-snippet":"max-snippet:-1","max-image-preview":"max-image-preview:large","max-video-preview":"max-video-preview:-1"},"canonical":"https:\/\/imperioelectrodomesticos.uy\/index.php\/producto\/plancha-de-ropa-philips-seca-dst0520-20\/","og_locale":"es_ES","og_type":"article","og_title":"Plancha de ropa Philips Seca DST0520\/20 - Imperio Electrodom\u00e9sticos","og_description":"Especificaciones t\u00e9cnicas     Especificaciones t\u00e9cnicas    Peso de la plancha   0,7 \u00a0kg  Alimentaci\u00f3n   1200\u00a0W  Voltaje   230 \u00a0V  Dimensiones del producto   21,9\u00a0x\u00a010,1\u00a0x\u00a011,4 \u00a0cm     Facilidad de uso    Ultraligera y c\u00f3moda   S\u00ed  Longitud del cable de alimentaci\u00f3n   1,6 \u00a0m  Llega a las zonas dif\u00edciles   Ranura para botones  Cable de larga duraci\u00f3n   S\u00ed  Empu\u00f1adura c\u00f3moda   S\u00ed  Sencillo recogecable   S\u00ed     Deslizamiento suave    Suela   Suela antiadherente     Control total    Control de temperatura f\u00e1cil   S\u00ed  Piloto indicador de temperatura   S\u00ed","og_url":"https:\/\/imperioelectrodomesticos.uy\/index.php\/producto\/plancha-de-ropa-philips-seca-dst0520-20\/","og_site_name":"Imperio Electrodom\u00e9sticos","article_publisher":"https:\/\/www.facebook.com\/imperioelectrodomesticos\/","article_modified_time":"2026-04-01T16:05:40+00:00","og_image":[{"width":960,"height":914,"url":"https:\/\/imperioelectrodomesticos.uy\/wp-content\/uploads\/2025\/06\/plancha-Philips-Seca.webp","type":"image\/webp"}],"twitter_card":"summary_large_image","twitter_misc":{"Tiempo de lectura":"1 minuto"},"schema":{"@context":"https:\/\/schema.org","@graph":[{"@type":"WebPage","@id":"https:\/\/imperioelectrodomesticos.uy\/index.php\/producto\/plancha-de-ropa-philips-seca-dst0520-20\/","url":"https:\/\/imperioelectrodomesticos.uy\/index.php\/producto\/plancha-de-ropa-philips-seca-dst0520-20\/","name":"Plancha de ropa Philips Seca DST0520\/20 - Imperio Electrodom\u00e9sticos","isPartOf":{"@id":"https:\/\/imperioelectrodomesticos.uy\/#website"},"primaryImageOfPage":{"@id":"https:\/\/imperioelectrodomesticos.uy\/index.php\/producto\/plancha-de-ropa-philips-seca-dst0520-20\/#primaryimage"},"image":{"@id":"https:\/\/imperioelectrodomesticos.uy\/index.php\/producto\/plancha-de-ropa-philips-seca-dst0520-20\/#primaryimage"},"thumbnailUrl":"https:\/\/imperioelectrodomesticos.uy\/wp-content\/uploads\/2025\/06\/plancha-Philips-Seca.webp","datePublished":"2025-06-17T13:57:36+00:00","dateModified":"2026-04-01T16:05:40+00:00","breadcrumb":{"@id":"https:\/\/imperioelectrodomesticos.uy\/index.php\/producto\/plancha-de-ropa-philips-seca-dst0520-20\/#breadcrumb"},"inLanguage":"es","potentialAction":[{"@type":"ReadAction","target":["https:\/\/imperioelectrodomesticos.uy\/index.php\/producto\/plancha-de-ropa-philips-seca-dst0520-20\/"]}]},{"@type":"ImageObject","inLanguage":"es","@id":"https:\/\/imperioelectrodomesticos.uy\/index.php\/producto\/plancha-de-ropa-philips-seca-dst0520-20\/#primaryimage","url":"https:\/\/imperioelectrodomesticos.uy\/wp-content\/uploads\/2025\/06\/plancha-Philips-Seca.webp","contentUrl":"https:\/\/imperioelectrodomesticos.uy\/wp-content\/uploads\/2025\/06\/plancha-Philips-Seca.webp","width":960,"height":914},{"@type":"BreadcrumbList","@id":"https:\/\/imperioelectrodomesticos.uy\/index.php\/producto\/plancha-de-ropa-philips-seca-dst0520-20\/#breadcrumb","itemListElement":[{"@type":"ListItem","position":1,"name":"Portada","item":"https:\/\/imperioelectrodomesticos.uy\/"},{"@type":"ListItem","position":2,"name":"Tienda","item":"https:\/\/imperioelectrodomesticos.uy\/index.php\/tienda\/"},{"@type":"ListItem","position":3,"name":"Plancha de ropa Philips Seca DST0520\/20"}]},{"@type":"WebSite","@id":"https:\/\/imperioelectrodomesticos.uy\/#website","url":"https:\/\/imperioelectrodomesticos.uy\/","name":"Imperio Electrodom\u00e9sticos","description":"Todo en electrodom\u00e9sticos y art\u00edculos para el hogar","publisher":{"@id":"https:\/\/imperioelectrodomesticos.uy\/#organization"},"alternateName":"Imperio Electrodom\u00e9sticos","potentialAction":[{"@type":"SearchAction","target":{"@type":"EntryPoint","urlTemplate":"https:\/\/imperioelectrodomesticos.uy\/?s={search_term_string}"},"query-input":{"@type":"PropertyValueSpecification","valueRequired":true,"valueName":"search_term_string"}}],"inLanguage":"es"},{"@type":"Organization","@id":"https:\/\/imperioelectrodomesticos.uy\/#organization","name":"Imperio Electrodom\u00e9sticos","url":"https:\/\/imperioelectrodomesticos.uy\/","logo":{"@type":"ImageObject","inLanguage":"es","@id":"https:\/\/imperioelectrodomesticos.uy\/#\/schema\/logo\/image\/","url":"https:\/\/imperioelectrodomesticos.uy\/wp-content\/uploads\/2025\/03\/cropped-ELECTRODOMESTICOS-3.png","contentUrl":"https:\/\/imperioelectrodomesticos.uy\/wp-content\/uploads\/2025\/03\/cropped-ELECTRODOMESTICOS-3.png","width":1080,"height":245,"caption":"Imperio Electrodom\u00e9sticos"},"image":{"@id":"https:\/\/imperioelectrodomesticos.uy\/#\/schema\/logo\/image\/"},"sameAs":["https:\/\/www.facebook.com\/imperioelectrodomesticos\/","https:\/\/www.instagram.com\/imperioelectrodomesticos.uy\/"]}]}},"_links":{"self":[{"href":"https:\/\/imperioelectrodomesticos.uy\/index.php\/wp-json\/wp\/v2\/product\/4304","targetHints":{"allow":["GET"]}}],"collection":[{"href":"https:\/\/imperioelectrodomesticos.uy\/index.php\/wp-json\/wp\/v2\/product"}],"about":[{"href":"https:\/\/imperioelectrodomesticos.uy\/index.php\/wp-json\/wp\/v2\/types\/product"}],"wp:featuredmedia":[{"embeddable":true,"href":"https:\/\/imperioelectrodomesticos.uy\/index.php\/wp-json\/wp\/v2\/media\/4310"}],"wp:attachment":[{"href":"https:\/\/imperioelectrodomesticos.uy\/index.php\/wp-json\/wp\/v2\/media?parent=4304"}],"wp:term":[{"taxonomy":"product_brand","embeddable":true,"href":"https:\/\/imperioelectrodomesticos.uy\/index.php\/wp-json\/wp\/v2\/product_brand?post=4304"},{"taxonomy":"product_cat","embeddable":true,"href":"https:\/\/imperioelectrodomesticos.uy\/index.php\/wp-json\/wp\/v2\/product_cat?post=4304"},{"taxonomy":"product_tag","embeddable":true,"href":"https:\/\/imperioelectrodomesticos.uy\/index.php\/wp-json\/wp\/v2\/product_tag?post=4304"}],"curies":[{"name":"wp","href":"https:\/\/api.w.org\/{rel}","templated":true}]}}