{"id":4148,"date":"2025-06-05T16:42:30","date_gmt":"2025-06-05T16:42:30","guid":{"rendered":"https:\/\/imperioelectrodomesticos.uy\/?post_type=product&#038;p=4148"},"modified":"2025-06-05T16:42:30","modified_gmt":"2025-06-05T16:42:30","slug":"parlante-avenzo-av-sp3101","status":"publish","type":"product","link":"https:\/\/imperioelectrodomesticos.uy\/index.php\/producto\/parlante-avenzo-av-sp3101\/","title":{"rendered":"Parlante Avenzo Av-SP3101"},"content":{"rendered":"","protected":false},"excerpt":{"rendered":"<div class=\"icecat-specs card-columns\">\n<div class=\"card\">\n<div class=\"card-header\">Altavoces<\/div>\n<div class=\"card-body\">\n<div class=\"row\">\n<div class=\"col col-8\">N\u00famero de altavoces<\/div>\n<div class=\"col col-4\">1<\/div>\n<\/div>\n<\/div>\n<\/div>\n<div class=\"card\">\n<div class=\"card-header\">Audio<\/div>\n<div class=\"card-body\">\n<div class=\"row\">\n<div class=\"col col-8\">Potencia estimada RMS<\/div>\n<div class=\"col col-4\">3 W<\/div>\n<\/div>\n<div class=\"row\">\n<div class=\"col col-8\">Rango de frecuencia<\/div>\n<div class=\"col col-4\">120 &#8211; 20000 Hz<\/div>\n<\/div>\n<div class=\"row\">\n<div class=\"col col-8\">Obstrucci\u00f3n<\/div>\n<div class=\"col col-4\">4 \u03a9<\/div>\n<\/div>\n<div class=\"row\">\n<div class=\"col col-8\">THD, distorci\u00f3n arm\u00f3nica total<\/div>\n<div class=\"col col-4\">0,5%<\/div>\n<\/div>\n<\/div>\n<\/div>\n<div class=\"card\">\n<div class=\"card-header\">Puertos e Interfaces<\/div>\n<div class=\"card-body\">\n<div class=\"row\">\n<div class=\"col col-8\">Tecnolog\u00eda de conectividad<\/div>\n<div class=\"col col-4\">Inal\u00e1mbrico y al\u00e1mbrico<\/div>\n<\/div>\n<div class=\"row\">\n<div class=\"col col-8\">Wifi<\/div>\n<div class=\"col col-4\">No<\/div>\n<\/div>\n<div class=\"row\">\n<div class=\"col col-8\">Bluetooth<\/div>\n<div class=\"col col-4\">Si<\/div>\n<\/div>\n<div class=\"row\">\n<div class=\"col col-8\">Versi\u00f3n de Bluetooth<\/div>\n<div class=\"col col-4\">4.2<\/div>\n<\/div>\n<div class=\"row\">\n<div class=\"col col-8\">alcance Bluetooth<\/div>\n<div class=\"col col-4\">15 m<\/div>\n<\/div>\n<div class=\"row\">\n<div class=\"col col-8\">Conector de 3,5 mm<\/div>\n<div class=\"col col-4\">Si<\/div>\n<\/div>\n<div class=\"row\">\n<div class=\"col col-8\">Entrada auxiliar<\/div>\n<div class=\"col col-4\">Si<\/div>\n<\/div>\n<\/div>\n<\/div>\n<div class=\"card\">\n<div class=\"card-header\">Dise\u00f1o<\/div>\n<div class=\"card-body\">\n<div class=\"row\">\n<div class=\"col col-8\">Tipo de producto<\/div>\n<div class=\"col col-4\">Altavoz monof\u00f3nico port\u00e1til<\/div>\n<\/div>\n<div class=\"row\">\n<div class=\"col col-8\">Color del producto<\/div>\n<div class=\"col col-4\">Blanco<\/div>\n<\/div>\n<\/div>\n<\/div>\n<div class=\"card\">\n<div class=\"card-header\">Desempe\u00f1o<\/div>\n<div class=\"card-body\">\n<div class=\"row\">\n<div class=\"col col-8\">Uso recomendado<\/div>\n<div class=\"col col-4\">Universal<\/div>\n<\/div>\n<div class=\"row\">\n<div class=\"col col-8\">Tarjeta de lectura integrada<\/div>\n<div class=\"col col-4\">Si<\/div>\n<\/div>\n<div class=\"row\">\n<div class=\"col col-8\">Tarjetas de memoria compatibles<\/div>\n<div class=\"col col-4\">MicroSD (TransFlash)<\/div>\n<\/div>\n<div class=\"row\">\n<div class=\"col col-8\">Micr\u00f3fono incorporado<\/div>\n<div class=\"col col-4\">Si<\/div>\n<\/div>\n<div class=\"row\">\n<div class=\"col col-8\">Modo manos libres<\/div>\n<div class=\"col col-4\">Si<\/div>\n<\/div>\n<div class=\"row\">\n<div class=\"col col-8\">Radio FM<\/div>\n<div class=\"col col-4\">Si<\/div>\n<\/div>\n<\/div>\n<\/div>\n<div class=\"card\">\n<div class=\"card-header\">Control de energ\u00eda<\/div>\n<div class=\"card-body\">\n<div class=\"row\">\n<div class=\"col col-8\">Alimentaci\u00f3n<\/div>\n<div class=\"col col-4\">Bater\u00eda<\/div>\n<\/div>\n<div class=\"row\">\n<div class=\"col col-8\">Tipo de bater\u00eda<\/div>\n<div class=\"col col-4\">Bater\u00eda integrada<\/div>\n<\/div>\n<div class=\"row\">\n<div class=\"col col-8\">Tecnolog\u00eda de bater\u00eda<\/div>\n<div class=\"col col-4\">Litio<\/div>\n<\/div>\n<div class=\"row\">\n<div class=\"col col-8\">Capacidad de bater\u00eda<\/div>\n<div class=\"col col-4\">400 mAh<\/div>\n<\/div>\n<div class=\"row\">\n<div class=\"col col-8\">Autonom\u00eda<\/div>\n<div class=\"col col-4\">4 h<\/div>\n<\/div>\n<div class=\"row\">\n<div class=\"col col-8\">Tiempo de recarga de la bater\u00eda<\/div>\n<div class=\"col col-4\">1 h<\/div>\n<\/div>\n<\/div>\n<\/div>\n<div class=\"card\">\n<div class=\"card-header\">Peso y dimensiones<\/div>\n<div class=\"card-body\">\n<div class=\"row\">\n<div class=\"col col-8\">Ancho<\/div>\n<div class=\"col col-4\">145 mm<\/div>\n<\/div>\n<div class=\"row\">\n<div class=\"col col-8\">Profundidad<\/div>\n<div class=\"col col-4\">43 mm<\/div>\n<\/div>\n<div class=\"row\">\n<div class=\"col col-8\">Altura<\/div>\n<div class=\"col col-4\">57 mm<\/div>\n<\/div>\n<div class=\"row\">\n<div class=\"col col-8\">Peso<\/div>\n<div class=\"col col-4\">323 g<\/div>\n<\/div>\n<\/div>\n<\/div>\n<\/div>\n","protected":false},"featured_media":4150,"template":"","meta":{"site-sidebar-layout":"default","site-content-layout":"","ast-site-content-layout":"default","site-content-style":"default","site-sidebar-style":"default","ast-global-header-display":"","ast-banner-title-visibility":"","ast-main-header-display":"","ast-hfb-above-header-display":"","ast-hfb-below-header-display":"","ast-hfb-mobile-header-display":"","site-post-title":"","ast-breadcrumbs-content":"","ast-featured-img":"","footer-sml-layout":"","ast-disable-related-posts":"","theme-transparent-header-meta":"default","adv-header-id-meta":"","stick-header-meta":"","header-above-stick-meta":"","header-main-stick-meta":"","header-below-stick-meta":"","astra-migrate-meta-layouts":"set","ast-page-background-enabled":"default","ast-page-background-meta":{"desktop":{"background-color":"var(--ast-global-color-5)","background-image":"","background-repeat":"repeat","background-position":"center center","background-size":"auto","background-attachment":"scroll","background-type":"","background-media":"","overlay-type":"","overlay-color":"","overlay-opacity":"","overlay-gradient":""},"tablet":{"background-color":"","background-image":"","background-repeat":"repeat","background-position":"center center","background-size":"auto","background-attachment":"scroll","background-type":"","background-media":"","overlay-type":"","overlay-color":"","overlay-opacity":"","overlay-gradient":""},"mobile":{"background-color":"","background-image":"","background-repeat":"repeat","background-position":"center center","background-size":"auto","background-attachment":"scroll","background-type":"","background-media":"","overlay-type":"","overlay-color":"","overlay-opacity":"","overlay-gradient":""}},"ast-content-background-meta":{"desktop":{"background-color":"var(--ast-global-color-4)","background-image":"","background-repeat":"repeat","background-position":"center center","background-size":"auto","background-attachment":"scroll","background-type":"","background-media":"","overlay-type":"","overlay-color":"","overlay-opacity":"","overlay-gradient":""},"tablet":{"background-color":"var(--ast-global-color-4)","background-image":"","background-repeat":"repeat","background-position":"center center","background-size":"auto","background-attachment":"scroll","background-type":"","background-media":"","overlay-type":"","overlay-color":"","overlay-opacity":"","overlay-gradient":""},"mobile":{"background-color":"var(--ast-global-color-4)","background-image":"","background-repeat":"repeat","background-position":"center center","background-size":"auto","background-attachment":"scroll","background-type":"","background-media":"","overlay-type":"","overlay-color":"","overlay-opacity":"","overlay-gradient":""}}},"product_brand":[],"product_cat":[112,32,26],"product_tag":[],"class_list":{"0":"post-4148","1":"product","2":"type-product","3":"status-publish","4":"has-post-thumbnail","6":"product_cat-parlantes","7":"product_cat-productos","8":"product_cat-tv-audio-y-tecnologia","9":"desktop-align-center","10":"tablet-align-left","11":"mobile-align-left","13":"first","14":"instock","15":"shipping-taxable","16":"purchasable","17":"product-type-simple"},"yoast_head":"<!-- This site is optimized with the Yoast SEO plugin v27.4 - https:\/\/yoast.com\/product\/yoast-seo-wordpress\/ -->\n<title>Parlante Avenzo Av-SP3101 - Imperio Electrodom\u00e9sticos<\/title>\n<meta name=\"robots\" content=\"index, follow, max-snippet:-1, max-image-preview:large, max-video-preview:-1\" \/>\n<link rel=\"canonical\" href=\"https:\/\/imperioelectrodomesticos.uy\/index.php\/producto\/parlante-avenzo-av-sp3101\/\" \/>\n<meta property=\"og:locale\" content=\"es_ES\" \/>\n<meta property=\"og:type\" content=\"article\" \/>\n<meta property=\"og:title\" content=\"Parlante Avenzo Av-SP3101 - Imperio Electrodom\u00e9sticos\" \/>\n<meta property=\"og:description\" content=\"Altavoces   N\u00famero de altavoces 1     Audio   Potencia estimada RMS 3 W   Rango de frecuencia 120 - 20000 Hz   Obstrucci\u00f3n 4 \u03a9   THD, distorci\u00f3n arm\u00f3nica total 0,5%     Puertos e Interfaces   Tecnolog\u00eda de conectividad Inal\u00e1mbrico y al\u00e1mbrico   Wifi No   Bluetooth Si   Versi\u00f3n de Bluetooth 4.2   alcance Bluetooth 15 m   Conector de 3,5 mm Si   Entrada auxiliar Si     Dise\u00f1o   Tipo de producto Altavoz monof\u00f3nico port\u00e1til   Color del producto Blanco     Desempe\u00f1o   Uso recomendado Universal   Tarjeta de lectura integrada Si   Tarjetas de memoria compatibles MicroSD (TransFlash)   Micr\u00f3fono incorporado Si   Modo manos libres Si   Radio FM Si     Control de energ\u00eda   Alimentaci\u00f3n Bater\u00eda   Tipo de bater\u00eda Bater\u00eda integrada   Tecnolog\u00eda de bater\u00eda Litio   Capacidad de bater\u00eda 400 mAh   Autonom\u00eda 4 h   Tiempo de recarga de la bater\u00eda 1 h     Peso y dimensiones   Ancho 145 mm   Profundidad 43 mm   Altura 57 mm   Peso 323 g\" \/>\n<meta property=\"og:url\" content=\"https:\/\/imperioelectrodomesticos.uy\/index.php\/producto\/parlante-avenzo-av-sp3101\/\" \/>\n<meta property=\"og:site_name\" content=\"Imperio Electrodom\u00e9sticos\" \/>\n<meta property=\"article:publisher\" content=\"https:\/\/www.facebook.com\/imperioelectrodomesticos\/\" \/>\n<meta property=\"og:image\" content=\"https:\/\/imperioelectrodomesticos.uy\/wp-content\/uploads\/2025\/06\/parlante-avenzo-AV-SP1301.webp\" \/>\n\t<meta property=\"og:image:width\" content=\"1100\" \/>\n\t<meta property=\"og:image:height\" content=\"1422\" \/>\n\t<meta property=\"og:image:type\" content=\"image\/webp\" \/>\n<meta name=\"twitter:card\" content=\"summary_large_image\" \/>\n<meta name=\"twitter:label1\" content=\"Tiempo de lectura\" \/>\n\t<meta name=\"twitter:data1\" content=\"1 minuto\" \/>\n<script type=\"application\/ld+json\" class=\"yoast-schema-graph\">{\"@context\":\"https:\\\/\\\/schema.org\",\"@graph\":[{\"@type\":\"WebPage\",\"@id\":\"https:\\\/\\\/imperioelectrodomesticos.uy\\\/index.php\\\/producto\\\/parlante-avenzo-av-sp3101\\\/\",\"url\":\"https:\\\/\\\/imperioelectrodomesticos.uy\\\/index.php\\\/producto\\\/parlante-avenzo-av-sp3101\\\/\",\"name\":\"Parlante Avenzo Av-SP3101 - Imperio Electrodom\u00e9sticos\",\"isPartOf\":{\"@id\":\"https:\\\/\\\/imperioelectrodomesticos.uy\\\/#website\"},\"primaryImageOfPage\":{\"@id\":\"https:\\\/\\\/imperioelectrodomesticos.uy\\\/index.php\\\/producto\\\/parlante-avenzo-av-sp3101\\\/#primaryimage\"},\"image\":{\"@id\":\"https:\\\/\\\/imperioelectrodomesticos.uy\\\/index.php\\\/producto\\\/parlante-avenzo-av-sp3101\\\/#primaryimage\"},\"thumbnailUrl\":\"https:\\\/\\\/imperioelectrodomesticos.uy\\\/wp-content\\\/uploads\\\/2025\\\/06\\\/parlante-avenzo-AV-SP1301.webp\",\"datePublished\":\"2025-06-05T16:42:30+00:00\",\"breadcrumb\":{\"@id\":\"https:\\\/\\\/imperioelectrodomesticos.uy\\\/index.php\\\/producto\\\/parlante-avenzo-av-sp3101\\\/#breadcrumb\"},\"inLanguage\":\"es\",\"potentialAction\":[{\"@type\":\"ReadAction\",\"target\":[\"https:\\\/\\\/imperioelectrodomesticos.uy\\\/index.php\\\/producto\\\/parlante-avenzo-av-sp3101\\\/\"]}]},{\"@type\":\"ImageObject\",\"inLanguage\":\"es\",\"@id\":\"https:\\\/\\\/imperioelectrodomesticos.uy\\\/index.php\\\/producto\\\/parlante-avenzo-av-sp3101\\\/#primaryimage\",\"url\":\"https:\\\/\\\/imperioelectrodomesticos.uy\\\/wp-content\\\/uploads\\\/2025\\\/06\\\/parlante-avenzo-AV-SP1301.webp\",\"contentUrl\":\"https:\\\/\\\/imperioelectrodomesticos.uy\\\/wp-content\\\/uploads\\\/2025\\\/06\\\/parlante-avenzo-AV-SP1301.webp\",\"width\":1100,\"height\":1422},{\"@type\":\"BreadcrumbList\",\"@id\":\"https:\\\/\\\/imperioelectrodomesticos.uy\\\/index.php\\\/producto\\\/parlante-avenzo-av-sp3101\\\/#breadcrumb\",\"itemListElement\":[{\"@type\":\"ListItem\",\"position\":1,\"name\":\"Portada\",\"item\":\"https:\\\/\\\/imperioelectrodomesticos.uy\\\/\"},{\"@type\":\"ListItem\",\"position\":2,\"name\":\"Tienda\",\"item\":\"https:\\\/\\\/imperioelectrodomesticos.uy\\\/index.php\\\/tienda\\\/\"},{\"@type\":\"ListItem\",\"position\":3,\"name\":\"Parlante Avenzo Av-SP3101\"}]},{\"@type\":\"WebSite\",\"@id\":\"https:\\\/\\\/imperioelectrodomesticos.uy\\\/#website\",\"url\":\"https:\\\/\\\/imperioelectrodomesticos.uy\\\/\",\"name\":\"Imperio Electrodom\u00e9sticos\",\"description\":\"Todo en electrodom\u00e9sticos y art\u00edculos para el hogar\",\"publisher\":{\"@id\":\"https:\\\/\\\/imperioelectrodomesticos.uy\\\/#organization\"},\"alternateName\":\"Imperio Electrodom\u00e9sticos\",\"potentialAction\":[{\"@type\":\"SearchAction\",\"target\":{\"@type\":\"EntryPoint\",\"urlTemplate\":\"https:\\\/\\\/imperioelectrodomesticos.uy\\\/?s={search_term_string}\"},\"query-input\":{\"@type\":\"PropertyValueSpecification\",\"valueRequired\":true,\"valueName\":\"search_term_string\"}}],\"inLanguage\":\"es\"},{\"@type\":\"Organization\",\"@id\":\"https:\\\/\\\/imperioelectrodomesticos.uy\\\/#organization\",\"name\":\"Imperio Electrodom\u00e9sticos\",\"url\":\"https:\\\/\\\/imperioelectrodomesticos.uy\\\/\",\"logo\":{\"@type\":\"ImageObject\",\"inLanguage\":\"es\",\"@id\":\"https:\\\/\\\/imperioelectrodomesticos.uy\\\/#\\\/schema\\\/logo\\\/image\\\/\",\"url\":\"https:\\\/\\\/imperioelectrodomesticos.uy\\\/wp-content\\\/uploads\\\/2025\\\/03\\\/cropped-ELECTRODOMESTICOS-3.png\",\"contentUrl\":\"https:\\\/\\\/imperioelectrodomesticos.uy\\\/wp-content\\\/uploads\\\/2025\\\/03\\\/cropped-ELECTRODOMESTICOS-3.png\",\"width\":1080,\"height\":245,\"caption\":\"Imperio Electrodom\u00e9sticos\"},\"image\":{\"@id\":\"https:\\\/\\\/imperioelectrodomesticos.uy\\\/#\\\/schema\\\/logo\\\/image\\\/\"},\"sameAs\":[\"https:\\\/\\\/www.facebook.com\\\/imperioelectrodomesticos\\\/\",\"https:\\\/\\\/www.instagram.com\\\/imperioelectrodomesticos.uy\\\/\"]}]}<\/script>\n<!-- \/ Yoast SEO plugin. -->","yoast_head_json":{"title":"Parlante Avenzo Av-SP3101 - Imperio Electrodom\u00e9sticos","robots":{"index":"index","follow":"follow","max-snippet":"max-snippet:-1","max-image-preview":"max-image-preview:large","max-video-preview":"max-video-preview:-1"},"canonical":"https:\/\/imperioelectrodomesticos.uy\/index.php\/producto\/parlante-avenzo-av-sp3101\/","og_locale":"es_ES","og_type":"article","og_title":"Parlante Avenzo Av-SP3101 - Imperio Electrodom\u00e9sticos","og_description":"Altavoces   N\u00famero de altavoces 1     Audio   Potencia estimada RMS 3 W   Rango de frecuencia 120 - 20000 Hz   Obstrucci\u00f3n 4 \u03a9   THD, distorci\u00f3n arm\u00f3nica total 0,5%     Puertos e Interfaces   Tecnolog\u00eda de conectividad Inal\u00e1mbrico y al\u00e1mbrico   Wifi No   Bluetooth Si   Versi\u00f3n de Bluetooth 4.2   alcance Bluetooth 15 m   Conector de 3,5 mm Si   Entrada auxiliar Si     Dise\u00f1o   Tipo de producto Altavoz monof\u00f3nico port\u00e1til   Color del producto Blanco     Desempe\u00f1o   Uso recomendado Universal   Tarjeta de lectura integrada Si   Tarjetas de memoria compatibles MicroSD (TransFlash)   Micr\u00f3fono incorporado Si   Modo manos libres Si   Radio FM Si     Control de energ\u00eda   Alimentaci\u00f3n Bater\u00eda   Tipo de bater\u00eda Bater\u00eda integrada   Tecnolog\u00eda de bater\u00eda Litio   Capacidad de bater\u00eda 400 mAh   Autonom\u00eda 4 h   Tiempo de recarga de la bater\u00eda 1 h     Peso y dimensiones   Ancho 145 mm   Profundidad 43 mm   Altura 57 mm   Peso 323 g","og_url":"https:\/\/imperioelectrodomesticos.uy\/index.php\/producto\/parlante-avenzo-av-sp3101\/","og_site_name":"Imperio Electrodom\u00e9sticos","article_publisher":"https:\/\/www.facebook.com\/imperioelectrodomesticos\/","og_image":[{"width":1100,"height":1422,"url":"https:\/\/imperioelectrodomesticos.uy\/wp-content\/uploads\/2025\/06\/parlante-avenzo-AV-SP1301.webp","type":"image\/webp"}],"twitter_card":"summary_large_image","twitter_misc":{"Tiempo de lectura":"1 minuto"},"schema":{"@context":"https:\/\/schema.org","@graph":[{"@type":"WebPage","@id":"https:\/\/imperioelectrodomesticos.uy\/index.php\/producto\/parlante-avenzo-av-sp3101\/","url":"https:\/\/imperioelectrodomesticos.uy\/index.php\/producto\/parlante-avenzo-av-sp3101\/","name":"Parlante Avenzo Av-SP3101 - Imperio Electrodom\u00e9sticos","isPartOf":{"@id":"https:\/\/imperioelectrodomesticos.uy\/#website"},"primaryImageOfPage":{"@id":"https:\/\/imperioelectrodomesticos.uy\/index.php\/producto\/parlante-avenzo-av-sp3101\/#primaryimage"},"image":{"@id":"https:\/\/imperioelectrodomesticos.uy\/index.php\/producto\/parlante-avenzo-av-sp3101\/#primaryimage"},"thumbnailUrl":"https:\/\/imperioelectrodomesticos.uy\/wp-content\/uploads\/2025\/06\/parlante-avenzo-AV-SP1301.webp","datePublished":"2025-06-05T16:42:30+00:00","breadcrumb":{"@id":"https:\/\/imperioelectrodomesticos.uy\/index.php\/producto\/parlante-avenzo-av-sp3101\/#breadcrumb"},"inLanguage":"es","potentialAction":[{"@type":"ReadAction","target":["https:\/\/imperioelectrodomesticos.uy\/index.php\/producto\/parlante-avenzo-av-sp3101\/"]}]},{"@type":"ImageObject","inLanguage":"es","@id":"https:\/\/imperioelectrodomesticos.uy\/index.php\/producto\/parlante-avenzo-av-sp3101\/#primaryimage","url":"https:\/\/imperioelectrodomesticos.uy\/wp-content\/uploads\/2025\/06\/parlante-avenzo-AV-SP1301.webp","contentUrl":"https:\/\/imperioelectrodomesticos.uy\/wp-content\/uploads\/2025\/06\/parlante-avenzo-AV-SP1301.webp","width":1100,"height":1422},{"@type":"BreadcrumbList","@id":"https:\/\/imperioelectrodomesticos.uy\/index.php\/producto\/parlante-avenzo-av-sp3101\/#breadcrumb","itemListElement":[{"@type":"ListItem","position":1,"name":"Portada","item":"https:\/\/imperioelectrodomesticos.uy\/"},{"@type":"ListItem","position":2,"name":"Tienda","item":"https:\/\/imperioelectrodomesticos.uy\/index.php\/tienda\/"},{"@type":"ListItem","position":3,"name":"Parlante Avenzo Av-SP3101"}]},{"@type":"WebSite","@id":"https:\/\/imperioelectrodomesticos.uy\/#website","url":"https:\/\/imperioelectrodomesticos.uy\/","name":"Imperio Electrodom\u00e9sticos","description":"Todo en electrodom\u00e9sticos y art\u00edculos para el hogar","publisher":{"@id":"https:\/\/imperioelectrodomesticos.uy\/#organization"},"alternateName":"Imperio Electrodom\u00e9sticos","potentialAction":[{"@type":"SearchAction","target":{"@type":"EntryPoint","urlTemplate":"https:\/\/imperioelectrodomesticos.uy\/?s={search_term_string}"},"query-input":{"@type":"PropertyValueSpecification","valueRequired":true,"valueName":"search_term_string"}}],"inLanguage":"es"},{"@type":"Organization","@id":"https:\/\/imperioelectrodomesticos.uy\/#organization","name":"Imperio Electrodom\u00e9sticos","url":"https:\/\/imperioelectrodomesticos.uy\/","logo":{"@type":"ImageObject","inLanguage":"es","@id":"https:\/\/imperioelectrodomesticos.uy\/#\/schema\/logo\/image\/","url":"https:\/\/imperioelectrodomesticos.uy\/wp-content\/uploads\/2025\/03\/cropped-ELECTRODOMESTICOS-3.png","contentUrl":"https:\/\/imperioelectrodomesticos.uy\/wp-content\/uploads\/2025\/03\/cropped-ELECTRODOMESTICOS-3.png","width":1080,"height":245,"caption":"Imperio Electrodom\u00e9sticos"},"image":{"@id":"https:\/\/imperioelectrodomesticos.uy\/#\/schema\/logo\/image\/"},"sameAs":["https:\/\/www.facebook.com\/imperioelectrodomesticos\/","https:\/\/www.instagram.com\/imperioelectrodomesticos.uy\/"]}]}},"_links":{"self":[{"href":"https:\/\/imperioelectrodomesticos.uy\/index.php\/wp-json\/wp\/v2\/product\/4148","targetHints":{"allow":["GET"]}}],"collection":[{"href":"https:\/\/imperioelectrodomesticos.uy\/index.php\/wp-json\/wp\/v2\/product"}],"about":[{"href":"https:\/\/imperioelectrodomesticos.uy\/index.php\/wp-json\/wp\/v2\/types\/product"}],"wp:featuredmedia":[{"embeddable":true,"href":"https:\/\/imperioelectrodomesticos.uy\/index.php\/wp-json\/wp\/v2\/media\/4150"}],"wp:attachment":[{"href":"https:\/\/imperioelectrodomesticos.uy\/index.php\/wp-json\/wp\/v2\/media?parent=4148"}],"wp:term":[{"taxonomy":"product_brand","embeddable":true,"href":"https:\/\/imperioelectrodomesticos.uy\/index.php\/wp-json\/wp\/v2\/product_brand?post=4148"},{"taxonomy":"product_cat","embeddable":true,"href":"https:\/\/imperioelectrodomesticos.uy\/index.php\/wp-json\/wp\/v2\/product_cat?post=4148"},{"taxonomy":"product_tag","embeddable":true,"href":"https:\/\/imperioelectrodomesticos.uy\/index.php\/wp-json\/wp\/v2\/product_tag?post=4148"}],"curies":[{"name":"wp","href":"https:\/\/api.w.org\/{rel}","templated":true}]}}