{"id":4087,"date":"2025-05-31T14:32:25","date_gmt":"2025-05-31T14:32:25","guid":{"rendered":"https:\/\/imperioelectrodomesticos.uy\/?post_type=product&#038;p=4087"},"modified":"2025-05-31T14:32:25","modified_gmt":"2025-05-31T14:32:25","slug":"limpiador-a-vapor-xion-350ml-135-169c-28gr-min-900-1050w","status":"publish","type":"product","link":"https:\/\/imperioelectrodomesticos.uy\/index.php\/producto\/limpiador-a-vapor-xion-350ml-135-169c-28gr-min-900-1050w\/","title":{"rendered":"Limpiador A Vapor Xion 350ml. 135-169\u00b0c 28gr\/min. 900-1050w"},"content":{"rendered":"","protected":false},"excerpt":{"rendered":"<h2 class=\"ui-pdp-description__title\" data-testid=\"title\">Descripci\u00f3n<\/h2>\n<p class=\"ui-pdp-description__content\" data-testid=\"content\">Limpiador A Vapor Xion 350ml. 135-169\u00b0c 28gr\/min. 900-1050W<br \/>\nSKU-11210<\/p>\n<p>&#8211; Limpiador a vapor, el\u00e9ctrico, para el hogar, auto o comercio.<br \/>\n&#8211; Muy f\u00e1cil de operar.<br \/>\n&#8211; Capacidad de tanque: 350 ml.<br \/>\n&#8211; Carga sugerida: 200 ml.<br \/>\n&#8211; Alta potencia de motor de 900-1050 W.<br \/>\n&#8211; Presi\u00f3n del vapor: 0,25 \u2013 0,30 mPa.<br \/>\n&#8211; Capacidad de inyecci\u00f3n de vapor: 28 g\/min.<br \/>\n&#8211; Temperatura de funcionamiento: 135 \u2013 169\u00b0C<br \/>\n&#8211; Incluye completo set de accesorios.<br \/>\n&#8211; Medidas (ancho x alto x profundidad): 21,5 x 41,5 x 13,1 cm.<br \/>\n&#8211; Peso: 1,150 kg.<br \/>\n&#8211; Alimentaci\u00f3n el\u00e9ctrica desde 220 V.<\/p>\n<p>ESPECIFICACIONES DEL PRODUCTO<br \/>\n\u2022 Marca : Xion<br \/>\n\u2022 Modelo : XI-STCLEANER<\/p>\n","protected":false},"featured_media":4089,"template":"","meta":{"site-sidebar-layout":"default","site-content-layout":"","ast-site-content-layout":"default","site-content-style":"default","site-sidebar-style":"default","ast-global-header-display":"","ast-banner-title-visibility":"","ast-main-header-display":"","ast-hfb-above-header-display":"","ast-hfb-below-header-display":"","ast-hfb-mobile-header-display":"","site-post-title":"","ast-breadcrumbs-content":"","ast-featured-img":"","footer-sml-layout":"","ast-disable-related-posts":"","theme-transparent-header-meta":"default","adv-header-id-meta":"","stick-header-meta":"","header-above-stick-meta":"","header-main-stick-meta":"","header-below-stick-meta":"","astra-migrate-meta-layouts":"set","ast-page-background-enabled":"default","ast-page-background-meta":{"desktop":{"background-color":"var(--ast-global-color-5)","background-image":"","background-repeat":"repeat","background-position":"center center","background-size":"auto","background-attachment":"scroll","background-type":"","background-media":"","overlay-type":"","overlay-color":"","overlay-opacity":"","overlay-gradient":""},"tablet":{"background-color":"","background-image":"","background-repeat":"repeat","background-position":"center center","background-size":"auto","background-attachment":"scroll","background-type":"","background-media":"","overlay-type":"","overlay-color":"","overlay-opacity":"","overlay-gradient":""},"mobile":{"background-color":"","background-image":"","background-repeat":"repeat","background-position":"center center","background-size":"auto","background-attachment":"scroll","background-type":"","background-media":"","overlay-type":"","overlay-color":"","overlay-opacity":"","overlay-gradient":""}},"ast-content-background-meta":{"desktop":{"background-color":"var(--ast-global-color-4)","background-image":"","background-repeat":"repeat","background-position":"center center","background-size":"auto","background-attachment":"scroll","background-type":"","background-media":"","overlay-type":"","overlay-color":"","overlay-opacity":"","overlay-gradient":""},"tablet":{"background-color":"var(--ast-global-color-4)","background-image":"","background-repeat":"repeat","background-position":"center center","background-size":"auto","background-attachment":"scroll","background-type":"","background-media":"","overlay-type":"","overlay-color":"","overlay-opacity":"","overlay-gradient":""},"mobile":{"background-color":"var(--ast-global-color-4)","background-image":"","background-repeat":"repeat","background-position":"center center","background-size":"auto","background-attachment":"scroll","background-type":"","background-media":"","overlay-type":"","overlay-color":"","overlay-opacity":"","overlay-gradient":""}}},"product_brand":[],"product_cat":[38,32],"product_tag":[],"class_list":{"0":"post-4087","1":"product","2":"type-product","3":"status-publish","4":"has-post-thumbnail","6":"product_cat-herramientas","7":"product_cat-productos","8":"desktop-align-center","9":"tablet-align-left","10":"mobile-align-left","12":"first","13":"instock","14":"shipping-taxable","15":"purchasable","16":"product-type-simple"},"yoast_head":"<!-- This site is optimized with the Yoast SEO plugin v27.3 - https:\/\/yoast.com\/product\/yoast-seo-wordpress\/ -->\n<title>Limpiador A Vapor Xion 350ml. 135-169\u00b0c 28gr\/min. 900-1050w - Imperio Electrodom\u00e9sticos<\/title>\n<meta name=\"robots\" content=\"index, follow, max-snippet:-1, max-image-preview:large, max-video-preview:-1\" \/>\n<link rel=\"canonical\" href=\"https:\/\/imperioelectrodomesticos.uy\/index.php\/producto\/limpiador-a-vapor-xion-350ml-135-169c-28gr-min-900-1050w\/\" \/>\n<meta property=\"og:locale\" content=\"es_ES\" \/>\n<meta property=\"og:type\" content=\"article\" \/>\n<meta property=\"og:title\" content=\"Limpiador A Vapor Xion 350ml. 135-169\u00b0c 28gr\/min. 900-1050w - Imperio Electrodom\u00e9sticos\" \/>\n<meta property=\"og:description\" content=\"Descripci\u00f3n Limpiador A Vapor Xion 350ml. 135-169\u00b0c 28gr\/min. 900-1050W SKU-11210    - Limpiador a vapor, el\u00e9ctrico, para el hogar, auto o comercio. - Muy f\u00e1cil de operar. - Capacidad de tanque: 350 ml. - Carga sugerida: 200 ml. - Alta potencia de motor de 900-1050 W. - Presi\u00f3n del vapor: 0,25 \u2013 0,30 mPa. - Capacidad de inyecci\u00f3n de vapor: 28 g\/min. - Temperatura de funcionamiento: 135 \u2013 169\u00b0C - Incluye completo set de accesorios. - Medidas (ancho x alto x profundidad): 21,5 x 41,5 x 13,1 cm. - Peso: 1,150 kg. - Alimentaci\u00f3n el\u00e9ctrica desde 220 V.  ESPECIFICACIONES DEL PRODUCTO \u2022 Marca : Xion \u2022 Modelo : XI-STCLEANER\" \/>\n<meta property=\"og:url\" content=\"https:\/\/imperioelectrodomesticos.uy\/index.php\/producto\/limpiador-a-vapor-xion-350ml-135-169c-28gr-min-900-1050w\/\" \/>\n<meta property=\"og:site_name\" content=\"Imperio Electrodom\u00e9sticos\" \/>\n<meta property=\"article:publisher\" content=\"https:\/\/www.facebook.com\/imperioelectrodomesticos\/\" \/>\n<meta property=\"og:image\" content=\"https:\/\/imperioelectrodomesticos.uy\/wp-content\/uploads\/2025\/05\/limpiador-xion.webp\" \/>\n\t<meta property=\"og:image:width\" content=\"1092\" \/>\n\t<meta property=\"og:image:height\" content=\"1141\" \/>\n\t<meta property=\"og:image:type\" content=\"image\/webp\" \/>\n<meta name=\"twitter:card\" content=\"summary_large_image\" \/>\n<meta name=\"twitter:label1\" content=\"Tiempo de lectura\" \/>\n\t<meta name=\"twitter:data1\" content=\"1 minuto\" \/>\n<script type=\"application\/ld+json\" class=\"yoast-schema-graph\">{\"@context\":\"https:\\\/\\\/schema.org\",\"@graph\":[{\"@type\":\"WebPage\",\"@id\":\"https:\\\/\\\/imperioelectrodomesticos.uy\\\/index.php\\\/producto\\\/limpiador-a-vapor-xion-350ml-135-169c-28gr-min-900-1050w\\\/\",\"url\":\"https:\\\/\\\/imperioelectrodomesticos.uy\\\/index.php\\\/producto\\\/limpiador-a-vapor-xion-350ml-135-169c-28gr-min-900-1050w\\\/\",\"name\":\"Limpiador A Vapor Xion 350ml. 135-169\u00b0c 28gr\\\/min. 900-1050w - Imperio Electrodom\u00e9sticos\",\"isPartOf\":{\"@id\":\"https:\\\/\\\/imperioelectrodomesticos.uy\\\/#website\"},\"primaryImageOfPage\":{\"@id\":\"https:\\\/\\\/imperioelectrodomesticos.uy\\\/index.php\\\/producto\\\/limpiador-a-vapor-xion-350ml-135-169c-28gr-min-900-1050w\\\/#primaryimage\"},\"image\":{\"@id\":\"https:\\\/\\\/imperioelectrodomesticos.uy\\\/index.php\\\/producto\\\/limpiador-a-vapor-xion-350ml-135-169c-28gr-min-900-1050w\\\/#primaryimage\"},\"thumbnailUrl\":\"https:\\\/\\\/imperioelectrodomesticos.uy\\\/wp-content\\\/uploads\\\/2025\\\/05\\\/limpiador-xion.webp\",\"datePublished\":\"2025-05-31T14:32:25+00:00\",\"breadcrumb\":{\"@id\":\"https:\\\/\\\/imperioelectrodomesticos.uy\\\/index.php\\\/producto\\\/limpiador-a-vapor-xion-350ml-135-169c-28gr-min-900-1050w\\\/#breadcrumb\"},\"inLanguage\":\"es\",\"potentialAction\":[{\"@type\":\"ReadAction\",\"target\":[\"https:\\\/\\\/imperioelectrodomesticos.uy\\\/index.php\\\/producto\\\/limpiador-a-vapor-xion-350ml-135-169c-28gr-min-900-1050w\\\/\"]}]},{\"@type\":\"ImageObject\",\"inLanguage\":\"es\",\"@id\":\"https:\\\/\\\/imperioelectrodomesticos.uy\\\/index.php\\\/producto\\\/limpiador-a-vapor-xion-350ml-135-169c-28gr-min-900-1050w\\\/#primaryimage\",\"url\":\"https:\\\/\\\/imperioelectrodomesticos.uy\\\/wp-content\\\/uploads\\\/2025\\\/05\\\/limpiador-xion.webp\",\"contentUrl\":\"https:\\\/\\\/imperioelectrodomesticos.uy\\\/wp-content\\\/uploads\\\/2025\\\/05\\\/limpiador-xion.webp\",\"width\":1092,\"height\":1141},{\"@type\":\"BreadcrumbList\",\"@id\":\"https:\\\/\\\/imperioelectrodomesticos.uy\\\/index.php\\\/producto\\\/limpiador-a-vapor-xion-350ml-135-169c-28gr-min-900-1050w\\\/#breadcrumb\",\"itemListElement\":[{\"@type\":\"ListItem\",\"position\":1,\"name\":\"Portada\",\"item\":\"https:\\\/\\\/imperioelectrodomesticos.uy\\\/\"},{\"@type\":\"ListItem\",\"position\":2,\"name\":\"Tienda\",\"item\":\"https:\\\/\\\/imperioelectrodomesticos.uy\\\/index.php\\\/tienda\\\/\"},{\"@type\":\"ListItem\",\"position\":3,\"name\":\"Limpiador A Vapor Xion 350ml. 135-169\u00b0c 28gr\\\/min. 900-1050w\"}]},{\"@type\":\"WebSite\",\"@id\":\"https:\\\/\\\/imperioelectrodomesticos.uy\\\/#website\",\"url\":\"https:\\\/\\\/imperioelectrodomesticos.uy\\\/\",\"name\":\"Imperio Electrodom\u00e9sticos\",\"description\":\"Todo en electrodom\u00e9sticos y art\u00edculos para el hogar\",\"publisher\":{\"@id\":\"https:\\\/\\\/imperioelectrodomesticos.uy\\\/#organization\"},\"alternateName\":\"Imperio Electrodom\u00e9sticos\",\"potentialAction\":[{\"@type\":\"SearchAction\",\"target\":{\"@type\":\"EntryPoint\",\"urlTemplate\":\"https:\\\/\\\/imperioelectrodomesticos.uy\\\/?s={search_term_string}\"},\"query-input\":{\"@type\":\"PropertyValueSpecification\",\"valueRequired\":true,\"valueName\":\"search_term_string\"}}],\"inLanguage\":\"es\"},{\"@type\":\"Organization\",\"@id\":\"https:\\\/\\\/imperioelectrodomesticos.uy\\\/#organization\",\"name\":\"Imperio Electrodom\u00e9sticos\",\"url\":\"https:\\\/\\\/imperioelectrodomesticos.uy\\\/\",\"logo\":{\"@type\":\"ImageObject\",\"inLanguage\":\"es\",\"@id\":\"https:\\\/\\\/imperioelectrodomesticos.uy\\\/#\\\/schema\\\/logo\\\/image\\\/\",\"url\":\"https:\\\/\\\/imperioelectrodomesticos.uy\\\/wp-content\\\/uploads\\\/2025\\\/03\\\/cropped-ELECTRODOMESTICOS-3.png\",\"contentUrl\":\"https:\\\/\\\/imperioelectrodomesticos.uy\\\/wp-content\\\/uploads\\\/2025\\\/03\\\/cropped-ELECTRODOMESTICOS-3.png\",\"width\":1080,\"height\":245,\"caption\":\"Imperio Electrodom\u00e9sticos\"},\"image\":{\"@id\":\"https:\\\/\\\/imperioelectrodomesticos.uy\\\/#\\\/schema\\\/logo\\\/image\\\/\"},\"sameAs\":[\"https:\\\/\\\/www.facebook.com\\\/imperioelectrodomesticos\\\/\",\"https:\\\/\\\/www.instagram.com\\\/imperioelectrodomesticos.uy\\\/\"]}]}<\/script>\n<!-- \/ Yoast SEO plugin. -->","yoast_head_json":{"title":"Limpiador A Vapor Xion 350ml. 135-169\u00b0c 28gr\/min. 900-1050w - Imperio Electrodom\u00e9sticos","robots":{"index":"index","follow":"follow","max-snippet":"max-snippet:-1","max-image-preview":"max-image-preview:large","max-video-preview":"max-video-preview:-1"},"canonical":"https:\/\/imperioelectrodomesticos.uy\/index.php\/producto\/limpiador-a-vapor-xion-350ml-135-169c-28gr-min-900-1050w\/","og_locale":"es_ES","og_type":"article","og_title":"Limpiador A Vapor Xion 350ml. 135-169\u00b0c 28gr\/min. 900-1050w - Imperio Electrodom\u00e9sticos","og_description":"Descripci\u00f3n Limpiador A Vapor Xion 350ml. 135-169\u00b0c 28gr\/min. 900-1050W SKU-11210    - Limpiador a vapor, el\u00e9ctrico, para el hogar, auto o comercio. - Muy f\u00e1cil de operar. - Capacidad de tanque: 350 ml. - Carga sugerida: 200 ml. - Alta potencia de motor de 900-1050 W. - Presi\u00f3n del vapor: 0,25 \u2013 0,30 mPa. - Capacidad de inyecci\u00f3n de vapor: 28 g\/min. - Temperatura de funcionamiento: 135 \u2013 169\u00b0C - Incluye completo set de accesorios. - Medidas (ancho x alto x profundidad): 21,5 x 41,5 x 13,1 cm. - Peso: 1,150 kg. - Alimentaci\u00f3n el\u00e9ctrica desde 220 V.  ESPECIFICACIONES DEL PRODUCTO \u2022 Marca : Xion \u2022 Modelo : XI-STCLEANER","og_url":"https:\/\/imperioelectrodomesticos.uy\/index.php\/producto\/limpiador-a-vapor-xion-350ml-135-169c-28gr-min-900-1050w\/","og_site_name":"Imperio Electrodom\u00e9sticos","article_publisher":"https:\/\/www.facebook.com\/imperioelectrodomesticos\/","og_image":[{"width":1092,"height":1141,"url":"https:\/\/imperioelectrodomesticos.uy\/wp-content\/uploads\/2025\/05\/limpiador-xion.webp","type":"image\/webp"}],"twitter_card":"summary_large_image","twitter_misc":{"Tiempo de lectura":"1 minuto"},"schema":{"@context":"https:\/\/schema.org","@graph":[{"@type":"WebPage","@id":"https:\/\/imperioelectrodomesticos.uy\/index.php\/producto\/limpiador-a-vapor-xion-350ml-135-169c-28gr-min-900-1050w\/","url":"https:\/\/imperioelectrodomesticos.uy\/index.php\/producto\/limpiador-a-vapor-xion-350ml-135-169c-28gr-min-900-1050w\/","name":"Limpiador A Vapor Xion 350ml. 135-169\u00b0c 28gr\/min. 900-1050w - Imperio Electrodom\u00e9sticos","isPartOf":{"@id":"https:\/\/imperioelectrodomesticos.uy\/#website"},"primaryImageOfPage":{"@id":"https:\/\/imperioelectrodomesticos.uy\/index.php\/producto\/limpiador-a-vapor-xion-350ml-135-169c-28gr-min-900-1050w\/#primaryimage"},"image":{"@id":"https:\/\/imperioelectrodomesticos.uy\/index.php\/producto\/limpiador-a-vapor-xion-350ml-135-169c-28gr-min-900-1050w\/#primaryimage"},"thumbnailUrl":"https:\/\/imperioelectrodomesticos.uy\/wp-content\/uploads\/2025\/05\/limpiador-xion.webp","datePublished":"2025-05-31T14:32:25+00:00","breadcrumb":{"@id":"https:\/\/imperioelectrodomesticos.uy\/index.php\/producto\/limpiador-a-vapor-xion-350ml-135-169c-28gr-min-900-1050w\/#breadcrumb"},"inLanguage":"es","potentialAction":[{"@type":"ReadAction","target":["https:\/\/imperioelectrodomesticos.uy\/index.php\/producto\/limpiador-a-vapor-xion-350ml-135-169c-28gr-min-900-1050w\/"]}]},{"@type":"ImageObject","inLanguage":"es","@id":"https:\/\/imperioelectrodomesticos.uy\/index.php\/producto\/limpiador-a-vapor-xion-350ml-135-169c-28gr-min-900-1050w\/#primaryimage","url":"https:\/\/imperioelectrodomesticos.uy\/wp-content\/uploads\/2025\/05\/limpiador-xion.webp","contentUrl":"https:\/\/imperioelectrodomesticos.uy\/wp-content\/uploads\/2025\/05\/limpiador-xion.webp","width":1092,"height":1141},{"@type":"BreadcrumbList","@id":"https:\/\/imperioelectrodomesticos.uy\/index.php\/producto\/limpiador-a-vapor-xion-350ml-135-169c-28gr-min-900-1050w\/#breadcrumb","itemListElement":[{"@type":"ListItem","position":1,"name":"Portada","item":"https:\/\/imperioelectrodomesticos.uy\/"},{"@type":"ListItem","position":2,"name":"Tienda","item":"https:\/\/imperioelectrodomesticos.uy\/index.php\/tienda\/"},{"@type":"ListItem","position":3,"name":"Limpiador A Vapor Xion 350ml. 135-169\u00b0c 28gr\/min. 900-1050w"}]},{"@type":"WebSite","@id":"https:\/\/imperioelectrodomesticos.uy\/#website","url":"https:\/\/imperioelectrodomesticos.uy\/","name":"Imperio Electrodom\u00e9sticos","description":"Todo en electrodom\u00e9sticos y art\u00edculos para el hogar","publisher":{"@id":"https:\/\/imperioelectrodomesticos.uy\/#organization"},"alternateName":"Imperio Electrodom\u00e9sticos","potentialAction":[{"@type":"SearchAction","target":{"@type":"EntryPoint","urlTemplate":"https:\/\/imperioelectrodomesticos.uy\/?s={search_term_string}"},"query-input":{"@type":"PropertyValueSpecification","valueRequired":true,"valueName":"search_term_string"}}],"inLanguage":"es"},{"@type":"Organization","@id":"https:\/\/imperioelectrodomesticos.uy\/#organization","name":"Imperio Electrodom\u00e9sticos","url":"https:\/\/imperioelectrodomesticos.uy\/","logo":{"@type":"ImageObject","inLanguage":"es","@id":"https:\/\/imperioelectrodomesticos.uy\/#\/schema\/logo\/image\/","url":"https:\/\/imperioelectrodomesticos.uy\/wp-content\/uploads\/2025\/03\/cropped-ELECTRODOMESTICOS-3.png","contentUrl":"https:\/\/imperioelectrodomesticos.uy\/wp-content\/uploads\/2025\/03\/cropped-ELECTRODOMESTICOS-3.png","width":1080,"height":245,"caption":"Imperio Electrodom\u00e9sticos"},"image":{"@id":"https:\/\/imperioelectrodomesticos.uy\/#\/schema\/logo\/image\/"},"sameAs":["https:\/\/www.facebook.com\/imperioelectrodomesticos\/","https:\/\/www.instagram.com\/imperioelectrodomesticos.uy\/"]}]}},"_links":{"self":[{"href":"https:\/\/imperioelectrodomesticos.uy\/index.php\/wp-json\/wp\/v2\/product\/4087","targetHints":{"allow":["GET"]}}],"collection":[{"href":"https:\/\/imperioelectrodomesticos.uy\/index.php\/wp-json\/wp\/v2\/product"}],"about":[{"href":"https:\/\/imperioelectrodomesticos.uy\/index.php\/wp-json\/wp\/v2\/types\/product"}],"wp:featuredmedia":[{"embeddable":true,"href":"https:\/\/imperioelectrodomesticos.uy\/index.php\/wp-json\/wp\/v2\/media\/4089"}],"wp:attachment":[{"href":"https:\/\/imperioelectrodomesticos.uy\/index.php\/wp-json\/wp\/v2\/media?parent=4087"}],"wp:term":[{"taxonomy":"product_brand","embeddable":true,"href":"https:\/\/imperioelectrodomesticos.uy\/index.php\/wp-json\/wp\/v2\/product_brand?post=4087"},{"taxonomy":"product_cat","embeddable":true,"href":"https:\/\/imperioelectrodomesticos.uy\/index.php\/wp-json\/wp\/v2\/product_cat?post=4087"},{"taxonomy":"product_tag","embeddable":true,"href":"https:\/\/imperioelectrodomesticos.uy\/index.php\/wp-json\/wp\/v2\/product_tag?post=4087"}],"curies":[{"name":"wp","href":"https:\/\/api.w.org\/{rel}","templated":true}]}}