{"id":3676,"date":"2025-05-16T16:51:04","date_gmt":"2025-05-16T16:51:04","guid":{"rendered":"https:\/\/imperioelectrodomesticos.uy\/?post_type=product&#038;p=3676"},"modified":"2025-07-04T18:03:01","modified_gmt":"2025-07-04T18:03:01","slug":"corta-pelo-gama-m-race-r649-bat","status":"publish","type":"product","link":"https:\/\/imperioelectrodomesticos.uy\/index.php\/producto\/corta-pelo-gama-m-race-r649-bat\/","title":{"rendered":"Corta Pelo Gama M Race R649 BAT"},"content":{"rendered":"","protected":false},"excerpt":{"rendered":"<div class=\"col-12 col-lg-8\">\n<div id=\"atributos\" class=\"tipo_descripcion cont-atributos\">\n<h4>Especificaciones T\u00e9cnicas<\/h4>\n<div class=\"atributos\">\n<div class=\"item-atributo row align-items-center\">\n<div class=\"col-4\"><strong>L\u00ednea:<\/strong><\/div>\n<div class=\"col-8\">\n<p>Race<\/p>\n<\/div>\n<\/div>\n<div class=\"item-atributo row align-items-center\">\n<div class=\"col-4\"><strong>Tipo de Alimentaci\u00f3n :<\/strong><\/div>\n<div class=\"col-8\">\n<p>USB<\/p>\n<\/div>\n<\/div>\n<div class=\"item-atributo row align-items-center\">\n<div class=\"col-4\"><strong>Cuchillas:<\/strong><\/div>\n<div class=\"col-8\">\n<p>Acero Inoxidable<\/p>\n<\/div>\n<\/div>\n<div class=\"item-atributo row align-items-center\">\n<div class=\"col-4\"><strong>Color:<\/strong><\/div>\n<div class=\"col-8\">\n<p>Rojo y Negro<\/p>\n<\/div>\n<\/div>\n<div class=\"item-atributo row align-items-center\">\n<div class=\"col-4\"><strong>\u00c1reas:<\/strong><\/div>\n<div class=\"col-8\">\n<p>Rostro, Nariz, O\u00eddos, Cabello<\/p>\n<\/div>\n<\/div>\n<\/div>\n<\/div>\n<\/div>\n<div class=\"w-100\"><\/div>\n<div class=\"parrafos col-12 col-lg-8\">\n<div class=\"item\">\n<h4>M\u00e1quina Set GA.MA Race 649<\/h4>\n<div class=\"parrafo ul-tick \">\n<p><strong>\u00bfQuieres tener todo lo que necesitas para cuidar tu cabello y tu barba en un solo set? Entonces te presentamos el set M Race R649, que incluye un cortapelo, un cortabarba y un nose trimmer.<\/strong><\/p>\n<p><strong>El set M Race R649 cuenta con las siguientes caracter\u00edsticas:<\/strong><\/p>\n<p><strong>\u2022\u00a0 Carga por USB: Puedes cargar tus m\u00e1quinas por USB, lo que te da mayor practicidad y comodidad. Adem\u00e1s, son ideales para llevarlas contigo en todos tus viajes, sin preocuparte por el voltaje o el enchufe.<\/strong><\/p>\n<p><strong>\u2022\u00a0 Cuchillas de acero inoxidable: Las m\u00e1quinas del set tienen cuchillas de acero inoxidable, que te garantizan un corte preciso y duradero. Adem\u00e1s, son f\u00e1ciles de limpiar y mantener.<\/strong><\/p>\n<p><strong>\u2022\u00a0 Cord\/Cordless: Puedes usar tus m\u00e1quinas con o sin cable, seg\u00fan tu preferencia. As\u00ed, tendr\u00e1s mayor libertad de movimiento y autonom\u00eda.<\/strong><\/p>\n<p><strong>\u2022\u00a0 Cortabarba &#8211; clipper: El cortabarba tiene un peine gu\u00eda de alzada con diferentes medidas, para que puedas elegir el largo que m\u00e1s te guste. As\u00ed, podr\u00e1s recortar y perfilar tu barba con facilidad y estilo.<\/strong><\/p>\n<p><strong>\u2022\u00a0 Cortapelo &#8211; clipper: El cortapelo tiene una funci\u00f3n de entresacado, que te permite reducir el volumen del cabello sin alterar el largo. As\u00ed, podr\u00e1s crear un look moderno y desenfadado con tu cabello.<\/strong><\/p>\n<p><strong>\u2022\u00a0 Nose trimmer: El nose trimmer tiene cuchillas rotativas de acero inoxidable, que te permiten cortar los vellos de la nariz y las orejas de forma segura y eficaz. As\u00ed, podr\u00e1s cuidar todos los detalles de tu imagen personal.<\/strong><\/p>\n<p><strong>No lo dudes m\u00e1s y aprovecha el descuento que te ofrecemos en el set M Race R649. Te ahorrar\u00e1s dinero y tiempo al comprar los tres productos juntos. Te sorprender\u00e1 el resultado.<\/strong><\/p>\n<\/div>\n<\/div>\n<div class=\"item\">\n<h4>Garant\u00eda<\/h4>\n<\/div>\n<\/div>\n","protected":false},"featured_media":3677,"template":"","meta":{"site-sidebar-layout":"default","site-content-layout":"","ast-site-content-layout":"default","site-content-style":"default","site-sidebar-style":"default","ast-global-header-display":"","ast-banner-title-visibility":"","ast-main-header-display":"","ast-hfb-above-header-display":"","ast-hfb-below-header-display":"","ast-hfb-mobile-header-display":"","site-post-title":"","ast-breadcrumbs-content":"","ast-featured-img":"","footer-sml-layout":"","ast-disable-related-posts":"","theme-transparent-header-meta":"default","adv-header-id-meta":"","stick-header-meta":"","header-above-stick-meta":"","header-main-stick-meta":"","header-below-stick-meta":"","astra-migrate-meta-layouts":"set","ast-page-background-enabled":"default","ast-page-background-meta":{"desktop":{"background-color":"var(--ast-global-color-5)","background-image":"","background-repeat":"repeat","background-position":"center center","background-size":"auto","background-attachment":"scroll","background-type":"","background-media":"","overlay-type":"","overlay-color":"","overlay-opacity":"","overlay-gradient":""},"tablet":{"background-color":"","background-image":"","background-repeat":"repeat","background-position":"center center","background-size":"auto","background-attachment":"scroll","background-type":"","background-media":"","overlay-type":"","overlay-color":"","overlay-opacity":"","overlay-gradient":""},"mobile":{"background-color":"","background-image":"","background-repeat":"repeat","background-position":"center center","background-size":"auto","background-attachment":"scroll","background-type":"","background-media":"","overlay-type":"","overlay-color":"","overlay-opacity":"","overlay-gradient":""}},"ast-content-background-meta":{"desktop":{"background-color":"var(--ast-global-color-4)","background-image":"","background-repeat":"repeat","background-position":"center center","background-size":"auto","background-attachment":"scroll","background-type":"","background-media":"","overlay-type":"","overlay-color":"","overlay-opacity":"","overlay-gradient":""},"tablet":{"background-color":"var(--ast-global-color-4)","background-image":"","background-repeat":"repeat","background-position":"center center","background-size":"auto","background-attachment":"scroll","background-type":"","background-media":"","overlay-type":"","overlay-color":"","overlay-opacity":"","overlay-gradient":""},"mobile":{"background-color":"var(--ast-global-color-4)","background-image":"","background-repeat":"repeat","background-position":"center center","background-size":"auto","background-attachment":"scroll","background-type":"","background-media":"","overlay-type":"","overlay-color":"","overlay-opacity":"","overlay-gradient":""}}},"product_brand":[],"product_cat":[56,29,32],"product_tag":[31],"class_list":{"0":"post-3676","1":"product","2":"type-product","3":"status-publish","4":"has-post-thumbnail","6":"product_cat-corta-pelo","7":"product_cat-cuidado-personal-y-otros","8":"product_cat-productos","9":"product_tag-oferta","10":"desktop-align-center","11":"tablet-align-left","12":"mobile-align-left","14":"first","15":"instock","16":"sale","17":"shipping-taxable","18":"purchasable","19":"product-type-simple"},"yoast_head":"<!-- This site is optimized with the Yoast SEO plugin v27.3 - https:\/\/yoast.com\/product\/yoast-seo-wordpress\/ -->\n<title>Corta Pelo Gama M Race R649 BAT - Imperio Electrodom\u00e9sticos<\/title>\n<meta name=\"robots\" content=\"index, follow, max-snippet:-1, max-image-preview:large, max-video-preview:-1\" \/>\n<link rel=\"canonical\" href=\"https:\/\/imperioelectrodomesticos.uy\/index.php\/producto\/corta-pelo-gama-m-race-r649-bat\/\" \/>\n<meta property=\"og:locale\" content=\"es_ES\" \/>\n<meta property=\"og:type\" content=\"article\" \/>\n<meta property=\"og:title\" content=\"Corta Pelo Gama M Race R649 BAT - Imperio Electrodom\u00e9sticos\" \/>\n<meta property=\"og:description\" content=\"Especificaciones T\u00e9cnicas   L\u00ednea:   Race     Tipo de Alimentaci\u00f3n :   USB     Cuchillas:   Acero Inoxidable     Color:   Rojo y Negro     \u00c1reas:   Rostro, Nariz, O\u00eddos, Cabello          M\u00e1quina Set GA.MA Race 649   \u00bfQuieres tener todo lo que necesitas para cuidar tu cabello y tu barba en un solo set? Entonces te presentamos el set M Race R649, que incluye un cortapelo, un cortabarba y un nose trimmer.  El set M Race R649 cuenta con las siguientes caracter\u00edsticas:  \u2022\u00a0 Carga por USB: Puedes cargar tus m\u00e1quinas por USB, lo que te da mayor practicidad y comodidad. Adem\u00e1s, son ideales para llevarlas contigo en todos tus viajes, sin preocuparte por el voltaje o el enchufe.  \u2022\u00a0 Cuchillas de acero inoxidable: Las m\u00e1quinas del set tienen cuchillas de acero inoxidable, que te garantizan un corte preciso y duradero. Adem\u00e1s, son f\u00e1ciles de limpiar y mantener.  \u2022\u00a0 Cord\/Cordless: Puedes usar tus m\u00e1quinas con o sin cable, seg\u00fan tu preferencia. As\u00ed, tendr\u00e1s mayor libertad de movimiento y autonom\u00eda.  \u2022\u00a0 Cortabarba - clipper: El cortabarba tiene un peine gu\u00eda de alzada con diferentes medidas, para que puedas elegir el largo que m\u00e1s te guste. As\u00ed, podr\u00e1s recortar y perfilar tu barba con facilidad y estilo.  \u2022\u00a0 Cortapelo - clipper: El cortapelo tiene una funci\u00f3n de entresacado, que te permite reducir el volumen del cabello sin alterar el largo. As\u00ed, podr\u00e1s crear un look moderno y desenfadado con tu cabello.  \u2022\u00a0 Nose trimmer: El nose trimmer tiene cuchillas rotativas de acero inoxidable, que te permiten cortar los vellos de la nariz y las orejas de forma segura y eficaz. As\u00ed, podr\u00e1s cuidar todos los detalles de tu imagen personal.  No lo dudes m\u00e1s y aprovecha el descuento que te ofrecemos en el set M Race R649. Te ahorrar\u00e1s dinero y tiempo al comprar los tres productos juntos. Te sorprender\u00e1 el resultado.     Garant\u00eda\" \/>\n<meta property=\"og:url\" content=\"https:\/\/imperioelectrodomesticos.uy\/index.php\/producto\/corta-pelo-gama-m-race-r649-bat\/\" \/>\n<meta property=\"og:site_name\" content=\"Imperio Electrodom\u00e9sticos\" \/>\n<meta property=\"article:publisher\" content=\"https:\/\/www.facebook.com\/imperioelectrodomesticos\/\" \/>\n<meta property=\"article:modified_time\" content=\"2025-07-04T18:03:01+00:00\" \/>\n<meta property=\"og:image\" content=\"https:\/\/imperioelectrodomesticos.uy\/wp-content\/uploads\/2025\/05\/Corta-pelo-gama-Race-R649.jpg\" \/>\n\t<meta property=\"og:image:width\" content=\"1000\" \/>\n\t<meta property=\"og:image:height\" content=\"1000\" \/>\n\t<meta property=\"og:image:type\" content=\"image\/jpeg\" \/>\n<meta name=\"twitter:card\" content=\"summary_large_image\" \/>\n<meta name=\"twitter:label1\" content=\"Tiempo de lectura\" \/>\n\t<meta name=\"twitter:data1\" content=\"1 minuto\" \/>\n<script type=\"application\/ld+json\" class=\"yoast-schema-graph\">{\"@context\":\"https:\\\/\\\/schema.org\",\"@graph\":[{\"@type\":\"WebPage\",\"@id\":\"https:\\\/\\\/imperioelectrodomesticos.uy\\\/index.php\\\/producto\\\/corta-pelo-gama-m-race-r649-bat\\\/\",\"url\":\"https:\\\/\\\/imperioelectrodomesticos.uy\\\/index.php\\\/producto\\\/corta-pelo-gama-m-race-r649-bat\\\/\",\"name\":\"Corta Pelo Gama M Race R649 BAT - Imperio Electrodom\u00e9sticos\",\"isPartOf\":{\"@id\":\"https:\\\/\\\/imperioelectrodomesticos.uy\\\/#website\"},\"primaryImageOfPage\":{\"@id\":\"https:\\\/\\\/imperioelectrodomesticos.uy\\\/index.php\\\/producto\\\/corta-pelo-gama-m-race-r649-bat\\\/#primaryimage\"},\"image\":{\"@id\":\"https:\\\/\\\/imperioelectrodomesticos.uy\\\/index.php\\\/producto\\\/corta-pelo-gama-m-race-r649-bat\\\/#primaryimage\"},\"thumbnailUrl\":\"https:\\\/\\\/imperioelectrodomesticos.uy\\\/wp-content\\\/uploads\\\/2025\\\/05\\\/Corta-pelo-gama-Race-R649.jpg\",\"datePublished\":\"2025-05-16T16:51:04+00:00\",\"dateModified\":\"2025-07-04T18:03:01+00:00\",\"breadcrumb\":{\"@id\":\"https:\\\/\\\/imperioelectrodomesticos.uy\\\/index.php\\\/producto\\\/corta-pelo-gama-m-race-r649-bat\\\/#breadcrumb\"},\"inLanguage\":\"es\",\"potentialAction\":[{\"@type\":\"ReadAction\",\"target\":[\"https:\\\/\\\/imperioelectrodomesticos.uy\\\/index.php\\\/producto\\\/corta-pelo-gama-m-race-r649-bat\\\/\"]}]},{\"@type\":\"ImageObject\",\"inLanguage\":\"es\",\"@id\":\"https:\\\/\\\/imperioelectrodomesticos.uy\\\/index.php\\\/producto\\\/corta-pelo-gama-m-race-r649-bat\\\/#primaryimage\",\"url\":\"https:\\\/\\\/imperioelectrodomesticos.uy\\\/wp-content\\\/uploads\\\/2025\\\/05\\\/Corta-pelo-gama-Race-R649.jpg\",\"contentUrl\":\"https:\\\/\\\/imperioelectrodomesticos.uy\\\/wp-content\\\/uploads\\\/2025\\\/05\\\/Corta-pelo-gama-Race-R649.jpg\",\"width\":1000,\"height\":1000},{\"@type\":\"BreadcrumbList\",\"@id\":\"https:\\\/\\\/imperioelectrodomesticos.uy\\\/index.php\\\/producto\\\/corta-pelo-gama-m-race-r649-bat\\\/#breadcrumb\",\"itemListElement\":[{\"@type\":\"ListItem\",\"position\":1,\"name\":\"Portada\",\"item\":\"https:\\\/\\\/imperioelectrodomesticos.uy\\\/\"},{\"@type\":\"ListItem\",\"position\":2,\"name\":\"Tienda\",\"item\":\"https:\\\/\\\/imperioelectrodomesticos.uy\\\/index.php\\\/tienda\\\/\"},{\"@type\":\"ListItem\",\"position\":3,\"name\":\"Corta Pelo Gama M Race R649 BAT\"}]},{\"@type\":\"WebSite\",\"@id\":\"https:\\\/\\\/imperioelectrodomesticos.uy\\\/#website\",\"url\":\"https:\\\/\\\/imperioelectrodomesticos.uy\\\/\",\"name\":\"Imperio Electrodom\u00e9sticos\",\"description\":\"Todo en electrodom\u00e9sticos y art\u00edculos para el hogar\",\"publisher\":{\"@id\":\"https:\\\/\\\/imperioelectrodomesticos.uy\\\/#organization\"},\"alternateName\":\"Imperio Electrodom\u00e9sticos\",\"potentialAction\":[{\"@type\":\"SearchAction\",\"target\":{\"@type\":\"EntryPoint\",\"urlTemplate\":\"https:\\\/\\\/imperioelectrodomesticos.uy\\\/?s={search_term_string}\"},\"query-input\":{\"@type\":\"PropertyValueSpecification\",\"valueRequired\":true,\"valueName\":\"search_term_string\"}}],\"inLanguage\":\"es\"},{\"@type\":\"Organization\",\"@id\":\"https:\\\/\\\/imperioelectrodomesticos.uy\\\/#organization\",\"name\":\"Imperio Electrodom\u00e9sticos\",\"url\":\"https:\\\/\\\/imperioelectrodomesticos.uy\\\/\",\"logo\":{\"@type\":\"ImageObject\",\"inLanguage\":\"es\",\"@id\":\"https:\\\/\\\/imperioelectrodomesticos.uy\\\/#\\\/schema\\\/logo\\\/image\\\/\",\"url\":\"https:\\\/\\\/imperioelectrodomesticos.uy\\\/wp-content\\\/uploads\\\/2025\\\/03\\\/cropped-ELECTRODOMESTICOS-3.png\",\"contentUrl\":\"https:\\\/\\\/imperioelectrodomesticos.uy\\\/wp-content\\\/uploads\\\/2025\\\/03\\\/cropped-ELECTRODOMESTICOS-3.png\",\"width\":1080,\"height\":245,\"caption\":\"Imperio Electrodom\u00e9sticos\"},\"image\":{\"@id\":\"https:\\\/\\\/imperioelectrodomesticos.uy\\\/#\\\/schema\\\/logo\\\/image\\\/\"},\"sameAs\":[\"https:\\\/\\\/www.facebook.com\\\/imperioelectrodomesticos\\\/\",\"https:\\\/\\\/www.instagram.com\\\/imperioelectrodomesticos.uy\\\/\"]}]}<\/script>\n<!-- \/ Yoast SEO plugin. -->","yoast_head_json":{"title":"Corta Pelo Gama M Race R649 BAT - Imperio Electrodom\u00e9sticos","robots":{"index":"index","follow":"follow","max-snippet":"max-snippet:-1","max-image-preview":"max-image-preview:large","max-video-preview":"max-video-preview:-1"},"canonical":"https:\/\/imperioelectrodomesticos.uy\/index.php\/producto\/corta-pelo-gama-m-race-r649-bat\/","og_locale":"es_ES","og_type":"article","og_title":"Corta Pelo Gama M Race R649 BAT - Imperio Electrodom\u00e9sticos","og_description":"Especificaciones T\u00e9cnicas   L\u00ednea:   Race     Tipo de Alimentaci\u00f3n :   USB     Cuchillas:   Acero Inoxidable     Color:   Rojo y Negro     \u00c1reas:   Rostro, Nariz, O\u00eddos, Cabello          M\u00e1quina Set GA.MA Race 649   \u00bfQuieres tener todo lo que necesitas para cuidar tu cabello y tu barba en un solo set? Entonces te presentamos el set M Race R649, que incluye un cortapelo, un cortabarba y un nose trimmer.  El set M Race R649 cuenta con las siguientes caracter\u00edsticas:  \u2022\u00a0 Carga por USB: Puedes cargar tus m\u00e1quinas por USB, lo que te da mayor practicidad y comodidad. Adem\u00e1s, son ideales para llevarlas contigo en todos tus viajes, sin preocuparte por el voltaje o el enchufe.  \u2022\u00a0 Cuchillas de acero inoxidable: Las m\u00e1quinas del set tienen cuchillas de acero inoxidable, que te garantizan un corte preciso y duradero. Adem\u00e1s, son f\u00e1ciles de limpiar y mantener.  \u2022\u00a0 Cord\/Cordless: Puedes usar tus m\u00e1quinas con o sin cable, seg\u00fan tu preferencia. As\u00ed, tendr\u00e1s mayor libertad de movimiento y autonom\u00eda.  \u2022\u00a0 Cortabarba - clipper: El cortabarba tiene un peine gu\u00eda de alzada con diferentes medidas, para que puedas elegir el largo que m\u00e1s te guste. As\u00ed, podr\u00e1s recortar y perfilar tu barba con facilidad y estilo.  \u2022\u00a0 Cortapelo - clipper: El cortapelo tiene una funci\u00f3n de entresacado, que te permite reducir el volumen del cabello sin alterar el largo. As\u00ed, podr\u00e1s crear un look moderno y desenfadado con tu cabello.  \u2022\u00a0 Nose trimmer: El nose trimmer tiene cuchillas rotativas de acero inoxidable, que te permiten cortar los vellos de la nariz y las orejas de forma segura y eficaz. As\u00ed, podr\u00e1s cuidar todos los detalles de tu imagen personal.  No lo dudes m\u00e1s y aprovecha el descuento que te ofrecemos en el set M Race R649. Te ahorrar\u00e1s dinero y tiempo al comprar los tres productos juntos. Te sorprender\u00e1 el resultado.     Garant\u00eda","og_url":"https:\/\/imperioelectrodomesticos.uy\/index.php\/producto\/corta-pelo-gama-m-race-r649-bat\/","og_site_name":"Imperio Electrodom\u00e9sticos","article_publisher":"https:\/\/www.facebook.com\/imperioelectrodomesticos\/","article_modified_time":"2025-07-04T18:03:01+00:00","og_image":[{"width":1000,"height":1000,"url":"https:\/\/imperioelectrodomesticos.uy\/wp-content\/uploads\/2025\/05\/Corta-pelo-gama-Race-R649.jpg","type":"image\/jpeg"}],"twitter_card":"summary_large_image","twitter_misc":{"Tiempo de lectura":"1 minuto"},"schema":{"@context":"https:\/\/schema.org","@graph":[{"@type":"WebPage","@id":"https:\/\/imperioelectrodomesticos.uy\/index.php\/producto\/corta-pelo-gama-m-race-r649-bat\/","url":"https:\/\/imperioelectrodomesticos.uy\/index.php\/producto\/corta-pelo-gama-m-race-r649-bat\/","name":"Corta Pelo Gama M Race R649 BAT - Imperio Electrodom\u00e9sticos","isPartOf":{"@id":"https:\/\/imperioelectrodomesticos.uy\/#website"},"primaryImageOfPage":{"@id":"https:\/\/imperioelectrodomesticos.uy\/index.php\/producto\/corta-pelo-gama-m-race-r649-bat\/#primaryimage"},"image":{"@id":"https:\/\/imperioelectrodomesticos.uy\/index.php\/producto\/corta-pelo-gama-m-race-r649-bat\/#primaryimage"},"thumbnailUrl":"https:\/\/imperioelectrodomesticos.uy\/wp-content\/uploads\/2025\/05\/Corta-pelo-gama-Race-R649.jpg","datePublished":"2025-05-16T16:51:04+00:00","dateModified":"2025-07-04T18:03:01+00:00","breadcrumb":{"@id":"https:\/\/imperioelectrodomesticos.uy\/index.php\/producto\/corta-pelo-gama-m-race-r649-bat\/#breadcrumb"},"inLanguage":"es","potentialAction":[{"@type":"ReadAction","target":["https:\/\/imperioelectrodomesticos.uy\/index.php\/producto\/corta-pelo-gama-m-race-r649-bat\/"]}]},{"@type":"ImageObject","inLanguage":"es","@id":"https:\/\/imperioelectrodomesticos.uy\/index.php\/producto\/corta-pelo-gama-m-race-r649-bat\/#primaryimage","url":"https:\/\/imperioelectrodomesticos.uy\/wp-content\/uploads\/2025\/05\/Corta-pelo-gama-Race-R649.jpg","contentUrl":"https:\/\/imperioelectrodomesticos.uy\/wp-content\/uploads\/2025\/05\/Corta-pelo-gama-Race-R649.jpg","width":1000,"height":1000},{"@type":"BreadcrumbList","@id":"https:\/\/imperioelectrodomesticos.uy\/index.php\/producto\/corta-pelo-gama-m-race-r649-bat\/#breadcrumb","itemListElement":[{"@type":"ListItem","position":1,"name":"Portada","item":"https:\/\/imperioelectrodomesticos.uy\/"},{"@type":"ListItem","position":2,"name":"Tienda","item":"https:\/\/imperioelectrodomesticos.uy\/index.php\/tienda\/"},{"@type":"ListItem","position":3,"name":"Corta Pelo Gama M Race R649 BAT"}]},{"@type":"WebSite","@id":"https:\/\/imperioelectrodomesticos.uy\/#website","url":"https:\/\/imperioelectrodomesticos.uy\/","name":"Imperio Electrodom\u00e9sticos","description":"Todo en electrodom\u00e9sticos y art\u00edculos para el hogar","publisher":{"@id":"https:\/\/imperioelectrodomesticos.uy\/#organization"},"alternateName":"Imperio Electrodom\u00e9sticos","potentialAction":[{"@type":"SearchAction","target":{"@type":"EntryPoint","urlTemplate":"https:\/\/imperioelectrodomesticos.uy\/?s={search_term_string}"},"query-input":{"@type":"PropertyValueSpecification","valueRequired":true,"valueName":"search_term_string"}}],"inLanguage":"es"},{"@type":"Organization","@id":"https:\/\/imperioelectrodomesticos.uy\/#organization","name":"Imperio Electrodom\u00e9sticos","url":"https:\/\/imperioelectrodomesticos.uy\/","logo":{"@type":"ImageObject","inLanguage":"es","@id":"https:\/\/imperioelectrodomesticos.uy\/#\/schema\/logo\/image\/","url":"https:\/\/imperioelectrodomesticos.uy\/wp-content\/uploads\/2025\/03\/cropped-ELECTRODOMESTICOS-3.png","contentUrl":"https:\/\/imperioelectrodomesticos.uy\/wp-content\/uploads\/2025\/03\/cropped-ELECTRODOMESTICOS-3.png","width":1080,"height":245,"caption":"Imperio Electrodom\u00e9sticos"},"image":{"@id":"https:\/\/imperioelectrodomesticos.uy\/#\/schema\/logo\/image\/"},"sameAs":["https:\/\/www.facebook.com\/imperioelectrodomesticos\/","https:\/\/www.instagram.com\/imperioelectrodomesticos.uy\/"]}]}},"_links":{"self":[{"href":"https:\/\/imperioelectrodomesticos.uy\/index.php\/wp-json\/wp\/v2\/product\/3676","targetHints":{"allow":["GET"]}}],"collection":[{"href":"https:\/\/imperioelectrodomesticos.uy\/index.php\/wp-json\/wp\/v2\/product"}],"about":[{"href":"https:\/\/imperioelectrodomesticos.uy\/index.php\/wp-json\/wp\/v2\/types\/product"}],"wp:featuredmedia":[{"embeddable":true,"href":"https:\/\/imperioelectrodomesticos.uy\/index.php\/wp-json\/wp\/v2\/media\/3677"}],"wp:attachment":[{"href":"https:\/\/imperioelectrodomesticos.uy\/index.php\/wp-json\/wp\/v2\/media?parent=3676"}],"wp:term":[{"taxonomy":"product_brand","embeddable":true,"href":"https:\/\/imperioelectrodomesticos.uy\/index.php\/wp-json\/wp\/v2\/product_brand?post=3676"},{"taxonomy":"product_cat","embeddable":true,"href":"https:\/\/imperioelectrodomesticos.uy\/index.php\/wp-json\/wp\/v2\/product_cat?post=3676"},{"taxonomy":"product_tag","embeddable":true,"href":"https:\/\/imperioelectrodomesticos.uy\/index.php\/wp-json\/wp\/v2\/product_tag?post=3676"}],"curies":[{"name":"wp","href":"https:\/\/api.w.org\/{rel}","templated":true}]}}