{"id":3519,"date":"2025-05-07T20:22:11","date_gmt":"2025-05-07T20:22:11","guid":{"rendered":"https:\/\/imperioelectrodomesticos.uy\/?post_type=product&#038;p=3519"},"modified":"2025-08-05T20:36:05","modified_gmt":"2025-08-05T20:36:05","slug":"bicicleta-rodado-12-kova-twister-verde","status":"publish","type":"product","link":"https:\/\/imperioelectrodomesticos.uy\/index.php\/producto\/bicicleta-rodado-12-kova-twister-verde\/","title":{"rendered":"Bicicleta Rodado 12 Kova Twister Verde"},"content":{"rendered":"","protected":false},"excerpt":{"rendered":"<h4 class=\"section-title\">Detalles del producto<\/h4>\n<div class=\"section-content\">\n<div id=\"product-details\" class=\"clearfix\" data-product=\"{&quot;id_shop_default&quot;:&quot;1&quot;,&quot;id_manufacturer&quot;:&quot;3&quot;,&quot;id_supplier&quot;:&quot;0&quot;,&quot;reference&quot;:&quot;&quot;,&quot;is_virtual&quot;:&quot;0&quot;,&quot;delivery_in_stock&quot;:&quot;&quot;,&quot;delivery_out_stock&quot;:&quot;&quot;,&quot;id_category_default&quot;:&quot;11&quot;,&quot;on_sale&quot;:&quot;0&quot;,&quot;online_only&quot;:&quot;0&quot;,&quot;ecotax&quot;:0,&quot;minimal_quantity&quot;:&quot;1&quot;,&quot;low_stock_threshold&quot;:null,&quot;low_stock_alert&quot;:&quot;0&quot;,&quot;price&quot;:117,&quot;unity&quot;:&quot;&quot;,&quot;unit_price_ratio&quot;:&quot;0.000000&quot;,&quot;additional_shipping_cost&quot;:&quot;0.00&quot;,&quot;customizable&quot;:&quot;0&quot;,&quot;text_fields&quot;:&quot;0&quot;,&quot;uploadable_files&quot;:&quot;0&quot;,&quot;redirect_type&quot;:&quot;404&quot;,&quot;id_type_redirected&quot;:&quot;0&quot;,&quot;available_for_order&quot;:&quot;1&quot;,&quot;available_date&quot;:null,&quot;show_condition&quot;:&quot;0&quot;,&quot;condition&quot;:&quot;new&quot;,&quot;show_price&quot;:&quot;1&quot;,&quot;indexed&quot;:&quot;1&quot;,&quot;visibility&quot;:&quot;both&quot;,&quot;cache_default_attribute&quot;:&quot;247&quot;,&quot;advanced_stock_management&quot;:&quot;0&quot;,&quot;date_add&quot;:&quot;2019-12-29 10:40:26&quot;,&quot;date_upd&quot;:&quot;2025-03-16 00:52:59&quot;,&quot;pack_stock_type&quot;:&quot;3&quot;,&quot;meta_description&quot;:&quot;&quot;,&quot;meta_keywords&quot;:&quot;&quot;,&quot;meta_title&quot;:&quot;&quot;,&quot;link_rewrite&quot;:&quot;oby-12-&quot;,&quot;name&quot;:&quot;TWISTER 12''&quot;,&quot;description&quot;:&quot;&quot;,&quot;description_short&quot;:&quot;&lt;p&gt;Para ni\\u00f1os de 2 y 3 a\\u00f1os&lt;\\\/p&gt;&quot;,&quot;available_now&quot;:&quot;&quot;,&quot;available_later&quot;:&quot;&quot;,&quot;id&quot;:47,&quot;id_product&quot;:47,&quot;out_of_stock&quot;:0,&quot;new&quot;:0,&quot;id_product_attribute&quot;:247,&quot;quantity_wanted&quot;:1,&quot;extraContent&quot;:[],&quot;allow_oosp&quot;:0,&quot;category&quot;:&quot;bicicletas&quot;,&quot;category_name&quot;:&quot;Bicicletas&quot;,&quot;link&quot;:&quot;https:\\\/\\\/www.oprubikes.com\\\/bicicletas\\\/47-oby-12-.html&quot;,&quot;attribute_price&quot;:0,&quot;price_tax_exc&quot;:95.901639,&quot;price_without_reduction&quot;:117,&quot;reduction&quot;:0,&quot;specific_prices&quot;:[],&quot;quantity&quot;:1,&quot;quantity_all_versions&quot;:2,&quot;id_image&quot;:&quot;es-default&quot;,&quot;features&quot;:[{&quot;name&quot;:&quot;Cuadro&quot;,&quot;value&quot;:&quot;Acero HI-TEN con pad anti golpes&quot;,&quot;id_feature&quot;:&quot;6&quot;},{&quot;name&quot;:&quot;Manubrio&quot;,&quot;value&quot;:&quot;Con protecci\\u00f3n anti golpes&quot;,&quot;id_feature&quot;:&quot;13&quot;},{&quot;name&quot;:&quot;Frenos&quot;,&quot;value&quot;:&quot;Side pull&quot;,&quot;id_feature&quot;:&quot;10&quot;},{&quot;name&quot;:&quot;Cubiertas&quot;,&quot;value&quot;:&quot;Con c\\u00e1mara de butilo&quot;,&quot;id_feature&quot;:&quot;18&quot;},{&quot;name&quot;:&quot;Transmisi\\u00f3n&quot;,&quot;value&quot;:&quot;De pi\\u00f1\\u00f3n libre sistema OPC&quot;,&quot;id_feature&quot;:&quot;9&quot;},{&quot;name&quot;:&quot;Rodamientos&quot;,&quot;value&quot;:&quot;De acero&quot;,&quot;id_feature&quot;:&quot;21&quot;},{&quot;name&quot;:&quot;Ruedas auxiliares&quot;,&quot;value&quot;:&quot;Reforzadas&quot;,&quot;id_feature&quot;:&quot;22&quot;},{&quot;name&quot;:&quot;Ruedas auxiliares&quot;,&quot;value&quot;:&quot;Reforzadas&quot;,&quot;id_feature&quot;:&quot;22&quot;},{&quot;name&quot;:&quot;Ruedas&quot;,&quot;value&quot;:&quot;De rayos con cubiertas y c\\u00e1maras de butilo&quot;,&quot;id_feature&quot;:&quot;23&quot;}],&quot;attachments&quot;:[],&quot;virtual&quot;:0,&quot;pack&quot;:0,&quot;packItems&quot;:[],&quot;nopackprice&quot;:0,&quot;customization_required&quot;:false,&quot;attributes&quot;:{&quot;2&quot;:{&quot;id_attribute&quot;:&quot;44&quot;,&quot;id_attribute_group&quot;:&quot;2&quot;,&quot;name&quot;:&quot;Verde Neon&quot;,&quot;group&quot;:&quot;Color&quot;,&quot;reference&quot;:&quot;&quot;,&quot;ean13&quot;:&quot;&quot;,&quot;isbn&quot;:&quot;&quot;,&quot;upc&quot;:&quot;&quot;}},&quot;rate&quot;:22,&quot;tax_name&quot;:&quot;IVA UY 22%&quot;,&quot;ecotax_rate&quot;:0,&quot;unit_price&quot;:0,&quot;customizations&quot;:{&quot;fields&quot;:[]},&quot;id_customization&quot;:0,&quot;is_customizable&quot;:false,&quot;show_quantities&quot;:false,&quot;quantity_label&quot;:&quot;Art\\u00edculos&quot;,&quot;quantity_discounts&quot;:[],&quot;customer_group_discount&quot;:0}\">\n<section class=\"product-features\">\n<dl class=\"data-sheet\">\n<dt class=\"name\">Cuadro<\/dt>\n<dd class=\"value\">Acero HI-TEN con pad anti golpes<\/dd>\n<dt class=\"name\">Manubrio<\/dt>\n<dd class=\"value\">Con protecci\u00f3n anti golpes<\/dd>\n<dt class=\"name\">Frenos<\/dt>\n<dd class=\"value\">Side pull<\/dd>\n<dt class=\"name\">Cubiertas<\/dt>\n<dd class=\"value\">Con c\u00e1mara de butilo<\/dd>\n<dt class=\"name\">Transmisi\u00f3n<\/dt>\n<dd class=\"value\">De pi\u00f1\u00f3n libre sistema OPC<\/dd>\n<dt class=\"name\">Rodamientos<\/dt>\n<dd class=\"value\">De acero<\/dd>\n<dt class=\"name\">Ruedas auxiliares<\/dt>\n<dd class=\"value\">Reforzadas<br \/>\nReforzadas<\/dd>\n<dt class=\"name\">Ruedas<\/dt>\n<dd class=\"value\">De rayos con cubiertas y c\u00e1maras de butilo<\/dd>\n<\/dl>\n<\/section>\n<\/div>\n<\/div>\n","protected":false},"featured_media":3448,"template":"","meta":{"site-sidebar-layout":"default","site-content-layout":"","ast-site-content-layout":"default","site-content-style":"default","site-sidebar-style":"default","ast-global-header-display":"","ast-banner-title-visibility":"","ast-main-header-display":"","ast-hfb-above-header-display":"","ast-hfb-below-header-display":"","ast-hfb-mobile-header-display":"","site-post-title":"","ast-breadcrumbs-content":"","ast-featured-img":"","footer-sml-layout":"","ast-disable-related-posts":"","theme-transparent-header-meta":"default","adv-header-id-meta":"","stick-header-meta":"","header-above-stick-meta":"","header-main-stick-meta":"","header-below-stick-meta":"","astra-migrate-meta-layouts":"set","ast-page-background-enabled":"default","ast-page-background-meta":{"desktop":{"background-color":"var(--ast-global-color-5)","background-image":"","background-repeat":"repeat","background-position":"center center","background-size":"auto","background-attachment":"scroll","background-type":"","background-media":"","overlay-type":"","overlay-color":"","overlay-opacity":"","overlay-gradient":""},"tablet":{"background-color":"","background-image":"","background-repeat":"repeat","background-position":"center center","background-size":"auto","background-attachment":"scroll","background-type":"","background-media":"","overlay-type":"","overlay-color":"","overlay-opacity":"","overlay-gradient":""},"mobile":{"background-color":"","background-image":"","background-repeat":"repeat","background-position":"center center","background-size":"auto","background-attachment":"scroll","background-type":"","background-media":"","overlay-type":"","overlay-color":"","overlay-opacity":"","overlay-gradient":""}},"ast-content-background-meta":{"desktop":{"background-color":"var(--ast-global-color-4)","background-image":"","background-repeat":"repeat","background-position":"center center","background-size":"auto","background-attachment":"scroll","background-type":"","background-media":"","overlay-type":"","overlay-color":"","overlay-opacity":"","overlay-gradient":""},"tablet":{"background-color":"var(--ast-global-color-4)","background-image":"","background-repeat":"repeat","background-position":"center center","background-size":"auto","background-attachment":"scroll","background-type":"","background-media":"","overlay-type":"","overlay-color":"","overlay-opacity":"","overlay-gradient":""},"mobile":{"background-color":"var(--ast-global-color-4)","background-image":"","background-repeat":"repeat","background-position":"center center","background-size":"auto","background-attachment":"scroll","background-type":"","background-media":"","overlay-type":"","overlay-color":"","overlay-opacity":"","overlay-gradient":""}}},"product_brand":[],"product_cat":[81,28,32],"product_tag":[116],"class_list":{"0":"post-3519","1":"product","2":"type-product","3":"status-publish","4":"has-post-thumbnail","6":"product_cat-bicicleta-rodado-12","7":"product_cat-bicicletas","8":"product_cat-productos","9":"product_tag-nino","10":"desktop-align-center","11":"tablet-align-left","12":"mobile-align-left","14":"first","15":"instock","16":"shipping-taxable","17":"purchasable","18":"product-type-simple"},"yoast_head":"<!-- This site is optimized with the Yoast SEO plugin v27.3 - https:\/\/yoast.com\/product\/yoast-seo-wordpress\/ -->\n<title>Bicicleta Rodado 12 Kova Twister Verde - Imperio Electrodom\u00e9sticos<\/title>\n<meta name=\"robots\" content=\"index, follow, max-snippet:-1, max-image-preview:large, max-video-preview:-1\" \/>\n<link rel=\"canonical\" href=\"https:\/\/imperioelectrodomesticos.uy\/index.php\/producto\/bicicleta-rodado-12-kova-twister-verde\/\" \/>\n<meta property=\"og:locale\" content=\"es_ES\" \/>\n<meta property=\"og:type\" content=\"article\" \/>\n<meta property=\"og:title\" content=\"Bicicleta Rodado 12 Kova Twister Verde - Imperio Electrodom\u00e9sticos\" \/>\n<meta property=\"og:description\" content=\"Detalles del producto     Cuadro  Acero HI-TEN con pad anti golpes  Manubrio  Con protecci\u00f3n anti golpes  Frenos  Side pull  Cubiertas  Con c\u00e1mara de butilo  Transmisi\u00f3n  De pi\u00f1\u00f3n libre sistema OPC  Rodamientos  De acero  Ruedas auxiliares  Reforzadas Reforzadas  Ruedas  De rayos con cubiertas y c\u00e1maras de butilo\" \/>\n<meta property=\"og:url\" content=\"https:\/\/imperioelectrodomesticos.uy\/index.php\/producto\/bicicleta-rodado-12-kova-twister-verde\/\" \/>\n<meta property=\"og:site_name\" content=\"Imperio Electrodom\u00e9sticos\" \/>\n<meta property=\"article:publisher\" content=\"https:\/\/www.facebook.com\/imperioelectrodomesticos\/\" \/>\n<meta property=\"article:modified_time\" content=\"2025-08-05T20:36:05+00:00\" \/>\n<meta property=\"og:image\" content=\"https:\/\/imperioelectrodomesticos.uy\/wp-content\/uploads\/2025\/03\/twister12verde.webp\" \/>\n\t<meta property=\"og:image:width\" content=\"1138\" \/>\n\t<meta property=\"og:image:height\" content=\"994\" \/>\n\t<meta property=\"og:image:type\" content=\"image\/webp\" \/>\n<meta name=\"twitter:card\" content=\"summary_large_image\" \/>\n<meta name=\"twitter:label1\" content=\"Tiempo de lectura\" \/>\n\t<meta name=\"twitter:data1\" content=\"1 minuto\" \/>\n<script type=\"application\/ld+json\" class=\"yoast-schema-graph\">{\"@context\":\"https:\\\/\\\/schema.org\",\"@graph\":[{\"@type\":\"WebPage\",\"@id\":\"https:\\\/\\\/imperioelectrodomesticos.uy\\\/index.php\\\/producto\\\/bicicleta-rodado-12-kova-twister-verde\\\/\",\"url\":\"https:\\\/\\\/imperioelectrodomesticos.uy\\\/index.php\\\/producto\\\/bicicleta-rodado-12-kova-twister-verde\\\/\",\"name\":\"Bicicleta Rodado 12 Kova Twister Verde - Imperio Electrodom\u00e9sticos\",\"isPartOf\":{\"@id\":\"https:\\\/\\\/imperioelectrodomesticos.uy\\\/#website\"},\"primaryImageOfPage\":{\"@id\":\"https:\\\/\\\/imperioelectrodomesticos.uy\\\/index.php\\\/producto\\\/bicicleta-rodado-12-kova-twister-verde\\\/#primaryimage\"},\"image\":{\"@id\":\"https:\\\/\\\/imperioelectrodomesticos.uy\\\/index.php\\\/producto\\\/bicicleta-rodado-12-kova-twister-verde\\\/#primaryimage\"},\"thumbnailUrl\":\"https:\\\/\\\/imperioelectrodomesticos.uy\\\/wp-content\\\/uploads\\\/2025\\\/03\\\/twister12verde.webp\",\"datePublished\":\"2025-05-07T20:22:11+00:00\",\"dateModified\":\"2025-08-05T20:36:05+00:00\",\"breadcrumb\":{\"@id\":\"https:\\\/\\\/imperioelectrodomesticos.uy\\\/index.php\\\/producto\\\/bicicleta-rodado-12-kova-twister-verde\\\/#breadcrumb\"},\"inLanguage\":\"es\",\"potentialAction\":[{\"@type\":\"ReadAction\",\"target\":[\"https:\\\/\\\/imperioelectrodomesticos.uy\\\/index.php\\\/producto\\\/bicicleta-rodado-12-kova-twister-verde\\\/\"]}]},{\"@type\":\"ImageObject\",\"inLanguage\":\"es\",\"@id\":\"https:\\\/\\\/imperioelectrodomesticos.uy\\\/index.php\\\/producto\\\/bicicleta-rodado-12-kova-twister-verde\\\/#primaryimage\",\"url\":\"https:\\\/\\\/imperioelectrodomesticos.uy\\\/wp-content\\\/uploads\\\/2025\\\/03\\\/twister12verde.webp\",\"contentUrl\":\"https:\\\/\\\/imperioelectrodomesticos.uy\\\/wp-content\\\/uploads\\\/2025\\\/03\\\/twister12verde.webp\",\"width\":1138,\"height\":994},{\"@type\":\"BreadcrumbList\",\"@id\":\"https:\\\/\\\/imperioelectrodomesticos.uy\\\/index.php\\\/producto\\\/bicicleta-rodado-12-kova-twister-verde\\\/#breadcrumb\",\"itemListElement\":[{\"@type\":\"ListItem\",\"position\":1,\"name\":\"Portada\",\"item\":\"https:\\\/\\\/imperioelectrodomesticos.uy\\\/\"},{\"@type\":\"ListItem\",\"position\":2,\"name\":\"Tienda\",\"item\":\"https:\\\/\\\/imperioelectrodomesticos.uy\\\/index.php\\\/tienda\\\/\"},{\"@type\":\"ListItem\",\"position\":3,\"name\":\"Bicicleta Rodado 12 Kova Twister Verde\"}]},{\"@type\":\"WebSite\",\"@id\":\"https:\\\/\\\/imperioelectrodomesticos.uy\\\/#website\",\"url\":\"https:\\\/\\\/imperioelectrodomesticos.uy\\\/\",\"name\":\"Imperio Electrodom\u00e9sticos\",\"description\":\"Todo en electrodom\u00e9sticos y art\u00edculos para el hogar\",\"publisher\":{\"@id\":\"https:\\\/\\\/imperioelectrodomesticos.uy\\\/#organization\"},\"alternateName\":\"Imperio Electrodom\u00e9sticos\",\"potentialAction\":[{\"@type\":\"SearchAction\",\"target\":{\"@type\":\"EntryPoint\",\"urlTemplate\":\"https:\\\/\\\/imperioelectrodomesticos.uy\\\/?s={search_term_string}\"},\"query-input\":{\"@type\":\"PropertyValueSpecification\",\"valueRequired\":true,\"valueName\":\"search_term_string\"}}],\"inLanguage\":\"es\"},{\"@type\":\"Organization\",\"@id\":\"https:\\\/\\\/imperioelectrodomesticos.uy\\\/#organization\",\"name\":\"Imperio Electrodom\u00e9sticos\",\"url\":\"https:\\\/\\\/imperioelectrodomesticos.uy\\\/\",\"logo\":{\"@type\":\"ImageObject\",\"inLanguage\":\"es\",\"@id\":\"https:\\\/\\\/imperioelectrodomesticos.uy\\\/#\\\/schema\\\/logo\\\/image\\\/\",\"url\":\"https:\\\/\\\/imperioelectrodomesticos.uy\\\/wp-content\\\/uploads\\\/2025\\\/03\\\/cropped-ELECTRODOMESTICOS-3.png\",\"contentUrl\":\"https:\\\/\\\/imperioelectrodomesticos.uy\\\/wp-content\\\/uploads\\\/2025\\\/03\\\/cropped-ELECTRODOMESTICOS-3.png\",\"width\":1080,\"height\":245,\"caption\":\"Imperio Electrodom\u00e9sticos\"},\"image\":{\"@id\":\"https:\\\/\\\/imperioelectrodomesticos.uy\\\/#\\\/schema\\\/logo\\\/image\\\/\"},\"sameAs\":[\"https:\\\/\\\/www.facebook.com\\\/imperioelectrodomesticos\\\/\",\"https:\\\/\\\/www.instagram.com\\\/imperioelectrodomesticos.uy\\\/\"]}]}<\/script>\n<!-- \/ Yoast SEO plugin. -->","yoast_head_json":{"title":"Bicicleta Rodado 12 Kova Twister Verde - Imperio Electrodom\u00e9sticos","robots":{"index":"index","follow":"follow","max-snippet":"max-snippet:-1","max-image-preview":"max-image-preview:large","max-video-preview":"max-video-preview:-1"},"canonical":"https:\/\/imperioelectrodomesticos.uy\/index.php\/producto\/bicicleta-rodado-12-kova-twister-verde\/","og_locale":"es_ES","og_type":"article","og_title":"Bicicleta Rodado 12 Kova Twister Verde - Imperio Electrodom\u00e9sticos","og_description":"Detalles del producto     Cuadro  Acero HI-TEN con pad anti golpes  Manubrio  Con protecci\u00f3n anti golpes  Frenos  Side pull  Cubiertas  Con c\u00e1mara de butilo  Transmisi\u00f3n  De pi\u00f1\u00f3n libre sistema OPC  Rodamientos  De acero  Ruedas auxiliares  Reforzadas Reforzadas  Ruedas  De rayos con cubiertas y c\u00e1maras de butilo","og_url":"https:\/\/imperioelectrodomesticos.uy\/index.php\/producto\/bicicleta-rodado-12-kova-twister-verde\/","og_site_name":"Imperio Electrodom\u00e9sticos","article_publisher":"https:\/\/www.facebook.com\/imperioelectrodomesticos\/","article_modified_time":"2025-08-05T20:36:05+00:00","og_image":[{"width":1138,"height":994,"url":"https:\/\/imperioelectrodomesticos.uy\/wp-content\/uploads\/2025\/03\/twister12verde.webp","type":"image\/webp"}],"twitter_card":"summary_large_image","twitter_misc":{"Tiempo de lectura":"1 minuto"},"schema":{"@context":"https:\/\/schema.org","@graph":[{"@type":"WebPage","@id":"https:\/\/imperioelectrodomesticos.uy\/index.php\/producto\/bicicleta-rodado-12-kova-twister-verde\/","url":"https:\/\/imperioelectrodomesticos.uy\/index.php\/producto\/bicicleta-rodado-12-kova-twister-verde\/","name":"Bicicleta Rodado 12 Kova Twister Verde - Imperio Electrodom\u00e9sticos","isPartOf":{"@id":"https:\/\/imperioelectrodomesticos.uy\/#website"},"primaryImageOfPage":{"@id":"https:\/\/imperioelectrodomesticos.uy\/index.php\/producto\/bicicleta-rodado-12-kova-twister-verde\/#primaryimage"},"image":{"@id":"https:\/\/imperioelectrodomesticos.uy\/index.php\/producto\/bicicleta-rodado-12-kova-twister-verde\/#primaryimage"},"thumbnailUrl":"https:\/\/imperioelectrodomesticos.uy\/wp-content\/uploads\/2025\/03\/twister12verde.webp","datePublished":"2025-05-07T20:22:11+00:00","dateModified":"2025-08-05T20:36:05+00:00","breadcrumb":{"@id":"https:\/\/imperioelectrodomesticos.uy\/index.php\/producto\/bicicleta-rodado-12-kova-twister-verde\/#breadcrumb"},"inLanguage":"es","potentialAction":[{"@type":"ReadAction","target":["https:\/\/imperioelectrodomesticos.uy\/index.php\/producto\/bicicleta-rodado-12-kova-twister-verde\/"]}]},{"@type":"ImageObject","inLanguage":"es","@id":"https:\/\/imperioelectrodomesticos.uy\/index.php\/producto\/bicicleta-rodado-12-kova-twister-verde\/#primaryimage","url":"https:\/\/imperioelectrodomesticos.uy\/wp-content\/uploads\/2025\/03\/twister12verde.webp","contentUrl":"https:\/\/imperioelectrodomesticos.uy\/wp-content\/uploads\/2025\/03\/twister12verde.webp","width":1138,"height":994},{"@type":"BreadcrumbList","@id":"https:\/\/imperioelectrodomesticos.uy\/index.php\/producto\/bicicleta-rodado-12-kova-twister-verde\/#breadcrumb","itemListElement":[{"@type":"ListItem","position":1,"name":"Portada","item":"https:\/\/imperioelectrodomesticos.uy\/"},{"@type":"ListItem","position":2,"name":"Tienda","item":"https:\/\/imperioelectrodomesticos.uy\/index.php\/tienda\/"},{"@type":"ListItem","position":3,"name":"Bicicleta Rodado 12 Kova Twister Verde"}]},{"@type":"WebSite","@id":"https:\/\/imperioelectrodomesticos.uy\/#website","url":"https:\/\/imperioelectrodomesticos.uy\/","name":"Imperio Electrodom\u00e9sticos","description":"Todo en electrodom\u00e9sticos y art\u00edculos para el hogar","publisher":{"@id":"https:\/\/imperioelectrodomesticos.uy\/#organization"},"alternateName":"Imperio Electrodom\u00e9sticos","potentialAction":[{"@type":"SearchAction","target":{"@type":"EntryPoint","urlTemplate":"https:\/\/imperioelectrodomesticos.uy\/?s={search_term_string}"},"query-input":{"@type":"PropertyValueSpecification","valueRequired":true,"valueName":"search_term_string"}}],"inLanguage":"es"},{"@type":"Organization","@id":"https:\/\/imperioelectrodomesticos.uy\/#organization","name":"Imperio Electrodom\u00e9sticos","url":"https:\/\/imperioelectrodomesticos.uy\/","logo":{"@type":"ImageObject","inLanguage":"es","@id":"https:\/\/imperioelectrodomesticos.uy\/#\/schema\/logo\/image\/","url":"https:\/\/imperioelectrodomesticos.uy\/wp-content\/uploads\/2025\/03\/cropped-ELECTRODOMESTICOS-3.png","contentUrl":"https:\/\/imperioelectrodomesticos.uy\/wp-content\/uploads\/2025\/03\/cropped-ELECTRODOMESTICOS-3.png","width":1080,"height":245,"caption":"Imperio Electrodom\u00e9sticos"},"image":{"@id":"https:\/\/imperioelectrodomesticos.uy\/#\/schema\/logo\/image\/"},"sameAs":["https:\/\/www.facebook.com\/imperioelectrodomesticos\/","https:\/\/www.instagram.com\/imperioelectrodomesticos.uy\/"]}]}},"_links":{"self":[{"href":"https:\/\/imperioelectrodomesticos.uy\/index.php\/wp-json\/wp\/v2\/product\/3519","targetHints":{"allow":["GET"]}}],"collection":[{"href":"https:\/\/imperioelectrodomesticos.uy\/index.php\/wp-json\/wp\/v2\/product"}],"about":[{"href":"https:\/\/imperioelectrodomesticos.uy\/index.php\/wp-json\/wp\/v2\/types\/product"}],"wp:featuredmedia":[{"embeddable":true,"href":"https:\/\/imperioelectrodomesticos.uy\/index.php\/wp-json\/wp\/v2\/media\/3448"}],"wp:attachment":[{"href":"https:\/\/imperioelectrodomesticos.uy\/index.php\/wp-json\/wp\/v2\/media?parent=3519"}],"wp:term":[{"taxonomy":"product_brand","embeddable":true,"href":"https:\/\/imperioelectrodomesticos.uy\/index.php\/wp-json\/wp\/v2\/product_brand?post=3519"},{"taxonomy":"product_cat","embeddable":true,"href":"https:\/\/imperioelectrodomesticos.uy\/index.php\/wp-json\/wp\/v2\/product_cat?post=3519"},{"taxonomy":"product_tag","embeddable":true,"href":"https:\/\/imperioelectrodomesticos.uy\/index.php\/wp-json\/wp\/v2\/product_tag?post=3519"}],"curies":[{"name":"wp","href":"https:\/\/api.w.org\/{rel}","templated":true}]}}