{"id":3425,"date":"2025-05-03T13:12:51","date_gmt":"2025-05-03T13:12:51","guid":{"rendered":"https:\/\/imperioelectrodomesticos.uy\/?post_type=product&#038;p=3425"},"modified":"2025-08-05T20:36:06","modified_gmt":"2025-08-05T20:36:06","slug":"bicicleta-sin-pedales-kova-balance-rod-12-en-aluminio","status":"publish","type":"product","link":"https:\/\/imperioelectrodomesticos.uy\/index.php\/producto\/bicicleta-sin-pedales-kova-balance-rod-12-en-aluminio\/","title":{"rendered":"Bicicleta sin pedales Kova Balance rodado 12 en aluminio"},"content":{"rendered":"","protected":false},"excerpt":{"rendered":"<p>La Bicicleta Aprendizaje Sin Pedales Rod 12 de la marca Balance es la opci\u00f3n ideal para los peque\u00f1os aventureros que est\u00e1n dando sus primeros pasos en el mundo del equilibrio y la movilidad. Dise\u00f1ada para ni\u00f1os de 18 meses en adelante , esta bicicleta fomenta la coordinaci\u00f3n y la confianza en s\u00ed mismos, permitiendo que los m\u00e1s peque\u00f1os se desplacen de manera segura y divertida.<\/p>\n<p>Construida con un cuadro de aluminio ligero, esta bicicleta es f\u00e1cil de manejar y transportar. Sus ruedas de espuma garantizan un deslizamiento suave y silencioso, ideal para usar tanto en interiores como en exteriores. Adem\u00e1s, cuenta con un asiento ajustable que se adapta al crecimiento del ni\u00f1o, asegurando comodidad en cada paseo.<\/p>\n<p>El modelo 5770 no requiere ensamblado, lo que permite que los padres puedan disfrutar de m\u00e1s tiempo de juego con sus hijos. Incluye accesorios como un timbre y luces LED, que a\u00f1aden un toque de diversi\u00f3n y seguridad a cada aventura. Esta bicicleta es perfecta para estimular la curiosidad y el desarrollo motor de los m\u00e1s peque\u00f1os, convirtiendo cada paseo en una experiencia inolvidable.<\/p>\n","protected":false},"featured_media":3426,"template":"","meta":{"site-sidebar-layout":"default","site-content-layout":"","ast-site-content-layout":"default","site-content-style":"default","site-sidebar-style":"default","ast-global-header-display":"","ast-banner-title-visibility":"","ast-main-header-display":"","ast-hfb-above-header-display":"","ast-hfb-below-header-display":"","ast-hfb-mobile-header-display":"","site-post-title":"","ast-breadcrumbs-content":"","ast-featured-img":"","footer-sml-layout":"","ast-disable-related-posts":"","theme-transparent-header-meta":"default","adv-header-id-meta":"","stick-header-meta":"","header-above-stick-meta":"","header-main-stick-meta":"","header-below-stick-meta":"","astra-migrate-meta-layouts":"set","ast-page-background-enabled":"default","ast-page-background-meta":{"desktop":{"background-color":"var(--ast-global-color-5)","background-image":"","background-repeat":"repeat","background-position":"center center","background-size":"auto","background-attachment":"scroll","background-type":"","background-media":"","overlay-type":"","overlay-color":"","overlay-opacity":"","overlay-gradient":""},"tablet":{"background-color":"","background-image":"","background-repeat":"repeat","background-position":"center center","background-size":"auto","background-attachment":"scroll","background-type":"","background-media":"","overlay-type":"","overlay-color":"","overlay-opacity":"","overlay-gradient":""},"mobile":{"background-color":"","background-image":"","background-repeat":"repeat","background-position":"center center","background-size":"auto","background-attachment":"scroll","background-type":"","background-media":"","overlay-type":"","overlay-color":"","overlay-opacity":"","overlay-gradient":""}},"ast-content-background-meta":{"desktop":{"background-color":"var(--ast-global-color-4)","background-image":"","background-repeat":"repeat","background-position":"center center","background-size":"auto","background-attachment":"scroll","background-type":"","background-media":"","overlay-type":"","overlay-color":"","overlay-opacity":"","overlay-gradient":""},"tablet":{"background-color":"var(--ast-global-color-4)","background-image":"","background-repeat":"repeat","background-position":"center center","background-size":"auto","background-attachment":"scroll","background-type":"","background-media":"","overlay-type":"","overlay-color":"","overlay-opacity":"","overlay-gradient":""},"mobile":{"background-color":"var(--ast-global-color-4)","background-image":"","background-repeat":"repeat","background-position":"center center","background-size":"auto","background-attachment":"scroll","background-type":"","background-media":"","overlay-type":"","overlay-color":"","overlay-opacity":"","overlay-gradient":""}}},"product_brand":[],"product_cat":[81,28,32],"product_tag":[116],"class_list":{"0":"post-3425","1":"product","2":"type-product","3":"status-publish","4":"has-post-thumbnail","6":"product_cat-bicicleta-rodado-12","7":"product_cat-bicicletas","8":"product_cat-productos","9":"product_tag-nino","10":"desktop-align-center","11":"tablet-align-left","12":"mobile-align-left","14":"first","15":"instock","16":"shipping-taxable","17":"purchasable","18":"product-type-simple"},"yoast_head":"<!-- This site is optimized with the Yoast SEO plugin v27.3 - https:\/\/yoast.com\/product\/yoast-seo-wordpress\/ -->\n<title>Bicicleta sin pedales Kova Balance rodado 12 en aluminio - Imperio Electrodom\u00e9sticos<\/title>\n<meta name=\"robots\" content=\"index, follow, max-snippet:-1, max-image-preview:large, max-video-preview:-1\" \/>\n<link rel=\"canonical\" href=\"https:\/\/imperioelectrodomesticos.uy\/index.php\/producto\/bicicleta-sin-pedales-kova-balance-rod-12-en-aluminio\/\" \/>\n<meta property=\"og:locale\" content=\"es_ES\" \/>\n<meta property=\"og:type\" content=\"article\" \/>\n<meta property=\"og:title\" content=\"Bicicleta sin pedales Kova Balance rodado 12 en aluminio - Imperio Electrodom\u00e9sticos\" \/>\n<meta property=\"og:description\" content=\"La Bicicleta Aprendizaje Sin Pedales Rod 12 de la marca Balance es la opci\u00f3n ideal para los peque\u00f1os aventureros que est\u00e1n dando sus primeros pasos en el mundo del equilibrio y la movilidad. Dise\u00f1ada para ni\u00f1os de 18 meses en adelante , esta bicicleta fomenta la coordinaci\u00f3n y la confianza en s\u00ed mismos, permitiendo que los m\u00e1s peque\u00f1os se desplacen de manera segura y divertida.  Construida con un cuadro de aluminio ligero, esta bicicleta es f\u00e1cil de manejar y transportar. Sus ruedas de espuma garantizan un deslizamiento suave y silencioso, ideal para usar tanto en interiores como en exteriores. Adem\u00e1s, cuenta con un asiento ajustable que se adapta al crecimiento del ni\u00f1o, asegurando comodidad en cada paseo.  El modelo 5770 no requiere ensamblado, lo que permite que los padres puedan disfrutar de m\u00e1s tiempo de juego con sus hijos. Incluye accesorios como un timbre y luces LED, que a\u00f1aden un toque de diversi\u00f3n y seguridad a cada aventura. Esta bicicleta es perfecta para estimular la curiosidad y el desarrollo motor de los m\u00e1s peque\u00f1os, convirtiendo cada paseo en una experiencia inolvidable.\" \/>\n<meta property=\"og:url\" content=\"https:\/\/imperioelectrodomesticos.uy\/index.php\/producto\/bicicleta-sin-pedales-kova-balance-rod-12-en-aluminio\/\" \/>\n<meta property=\"og:site_name\" content=\"Imperio Electrodom\u00e9sticos\" \/>\n<meta property=\"article:publisher\" content=\"https:\/\/www.facebook.com\/imperioelectrodomesticos\/\" \/>\n<meta property=\"article:modified_time\" content=\"2025-08-05T20:36:06+00:00\" \/>\n<meta property=\"og:image\" content=\"https:\/\/imperioelectrodomesticos.uy\/wp-content\/uploads\/2025\/05\/abcde.jpeg\" \/>\n\t<meta property=\"og:image:width\" content=\"800\" \/>\n\t<meta property=\"og:image:height\" content=\"534\" \/>\n\t<meta property=\"og:image:type\" content=\"image\/jpeg\" \/>\n<meta name=\"twitter:card\" content=\"summary_large_image\" \/>\n<meta name=\"twitter:label1\" content=\"Tiempo de lectura\" \/>\n\t<meta name=\"twitter:data1\" content=\"1 minuto\" \/>\n<script type=\"application\/ld+json\" class=\"yoast-schema-graph\">{\"@context\":\"https:\\\/\\\/schema.org\",\"@graph\":[{\"@type\":\"WebPage\",\"@id\":\"https:\\\/\\\/imperioelectrodomesticos.uy\\\/index.php\\\/producto\\\/bicicleta-sin-pedales-kova-balance-rod-12-en-aluminio\\\/\",\"url\":\"https:\\\/\\\/imperioelectrodomesticos.uy\\\/index.php\\\/producto\\\/bicicleta-sin-pedales-kova-balance-rod-12-en-aluminio\\\/\",\"name\":\"Bicicleta sin pedales Kova Balance rodado 12 en aluminio - Imperio Electrodom\u00e9sticos\",\"isPartOf\":{\"@id\":\"https:\\\/\\\/imperioelectrodomesticos.uy\\\/#website\"},\"primaryImageOfPage\":{\"@id\":\"https:\\\/\\\/imperioelectrodomesticos.uy\\\/index.php\\\/producto\\\/bicicleta-sin-pedales-kova-balance-rod-12-en-aluminio\\\/#primaryimage\"},\"image\":{\"@id\":\"https:\\\/\\\/imperioelectrodomesticos.uy\\\/index.php\\\/producto\\\/bicicleta-sin-pedales-kova-balance-rod-12-en-aluminio\\\/#primaryimage\"},\"thumbnailUrl\":\"https:\\\/\\\/imperioelectrodomesticos.uy\\\/wp-content\\\/uploads\\\/2025\\\/05\\\/abcde.jpeg\",\"datePublished\":\"2025-05-03T13:12:51+00:00\",\"dateModified\":\"2025-08-05T20:36:06+00:00\",\"breadcrumb\":{\"@id\":\"https:\\\/\\\/imperioelectrodomesticos.uy\\\/index.php\\\/producto\\\/bicicleta-sin-pedales-kova-balance-rod-12-en-aluminio\\\/#breadcrumb\"},\"inLanguage\":\"es\",\"potentialAction\":[{\"@type\":\"ReadAction\",\"target\":[\"https:\\\/\\\/imperioelectrodomesticos.uy\\\/index.php\\\/producto\\\/bicicleta-sin-pedales-kova-balance-rod-12-en-aluminio\\\/\"]}]},{\"@type\":\"ImageObject\",\"inLanguage\":\"es\",\"@id\":\"https:\\\/\\\/imperioelectrodomesticos.uy\\\/index.php\\\/producto\\\/bicicleta-sin-pedales-kova-balance-rod-12-en-aluminio\\\/#primaryimage\",\"url\":\"https:\\\/\\\/imperioelectrodomesticos.uy\\\/wp-content\\\/uploads\\\/2025\\\/05\\\/abcde.jpeg\",\"contentUrl\":\"https:\\\/\\\/imperioelectrodomesticos.uy\\\/wp-content\\\/uploads\\\/2025\\\/05\\\/abcde.jpeg\",\"width\":800,\"height\":534},{\"@type\":\"BreadcrumbList\",\"@id\":\"https:\\\/\\\/imperioelectrodomesticos.uy\\\/index.php\\\/producto\\\/bicicleta-sin-pedales-kova-balance-rod-12-en-aluminio\\\/#breadcrumb\",\"itemListElement\":[{\"@type\":\"ListItem\",\"position\":1,\"name\":\"Portada\",\"item\":\"https:\\\/\\\/imperioelectrodomesticos.uy\\\/\"},{\"@type\":\"ListItem\",\"position\":2,\"name\":\"Tienda\",\"item\":\"https:\\\/\\\/imperioelectrodomesticos.uy\\\/index.php\\\/tienda\\\/\"},{\"@type\":\"ListItem\",\"position\":3,\"name\":\"Bicicleta sin pedales Kova Balance rodado 12 en aluminio\"}]},{\"@type\":\"WebSite\",\"@id\":\"https:\\\/\\\/imperioelectrodomesticos.uy\\\/#website\",\"url\":\"https:\\\/\\\/imperioelectrodomesticos.uy\\\/\",\"name\":\"Imperio Electrodom\u00e9sticos\",\"description\":\"Todo en electrodom\u00e9sticos y art\u00edculos para el hogar\",\"publisher\":{\"@id\":\"https:\\\/\\\/imperioelectrodomesticos.uy\\\/#organization\"},\"alternateName\":\"Imperio Electrodom\u00e9sticos\",\"potentialAction\":[{\"@type\":\"SearchAction\",\"target\":{\"@type\":\"EntryPoint\",\"urlTemplate\":\"https:\\\/\\\/imperioelectrodomesticos.uy\\\/?s={search_term_string}\"},\"query-input\":{\"@type\":\"PropertyValueSpecification\",\"valueRequired\":true,\"valueName\":\"search_term_string\"}}],\"inLanguage\":\"es\"},{\"@type\":\"Organization\",\"@id\":\"https:\\\/\\\/imperioelectrodomesticos.uy\\\/#organization\",\"name\":\"Imperio Electrodom\u00e9sticos\",\"url\":\"https:\\\/\\\/imperioelectrodomesticos.uy\\\/\",\"logo\":{\"@type\":\"ImageObject\",\"inLanguage\":\"es\",\"@id\":\"https:\\\/\\\/imperioelectrodomesticos.uy\\\/#\\\/schema\\\/logo\\\/image\\\/\",\"url\":\"https:\\\/\\\/imperioelectrodomesticos.uy\\\/wp-content\\\/uploads\\\/2025\\\/03\\\/cropped-ELECTRODOMESTICOS-3.png\",\"contentUrl\":\"https:\\\/\\\/imperioelectrodomesticos.uy\\\/wp-content\\\/uploads\\\/2025\\\/03\\\/cropped-ELECTRODOMESTICOS-3.png\",\"width\":1080,\"height\":245,\"caption\":\"Imperio Electrodom\u00e9sticos\"},\"image\":{\"@id\":\"https:\\\/\\\/imperioelectrodomesticos.uy\\\/#\\\/schema\\\/logo\\\/image\\\/\"},\"sameAs\":[\"https:\\\/\\\/www.facebook.com\\\/imperioelectrodomesticos\\\/\",\"https:\\\/\\\/www.instagram.com\\\/imperioelectrodomesticos.uy\\\/\"]}]}<\/script>\n<!-- \/ Yoast SEO plugin. -->","yoast_head_json":{"title":"Bicicleta sin pedales Kova Balance rodado 12 en aluminio - Imperio Electrodom\u00e9sticos","robots":{"index":"index","follow":"follow","max-snippet":"max-snippet:-1","max-image-preview":"max-image-preview:large","max-video-preview":"max-video-preview:-1"},"canonical":"https:\/\/imperioelectrodomesticos.uy\/index.php\/producto\/bicicleta-sin-pedales-kova-balance-rod-12-en-aluminio\/","og_locale":"es_ES","og_type":"article","og_title":"Bicicleta sin pedales Kova Balance rodado 12 en aluminio - Imperio Electrodom\u00e9sticos","og_description":"La Bicicleta Aprendizaje Sin Pedales Rod 12 de la marca Balance es la opci\u00f3n ideal para los peque\u00f1os aventureros que est\u00e1n dando sus primeros pasos en el mundo del equilibrio y la movilidad. Dise\u00f1ada para ni\u00f1os de 18 meses en adelante , esta bicicleta fomenta la coordinaci\u00f3n y la confianza en s\u00ed mismos, permitiendo que los m\u00e1s peque\u00f1os se desplacen de manera segura y divertida.  Construida con un cuadro de aluminio ligero, esta bicicleta es f\u00e1cil de manejar y transportar. Sus ruedas de espuma garantizan un deslizamiento suave y silencioso, ideal para usar tanto en interiores como en exteriores. Adem\u00e1s, cuenta con un asiento ajustable que se adapta al crecimiento del ni\u00f1o, asegurando comodidad en cada paseo.  El modelo 5770 no requiere ensamblado, lo que permite que los padres puedan disfrutar de m\u00e1s tiempo de juego con sus hijos. Incluye accesorios como un timbre y luces LED, que a\u00f1aden un toque de diversi\u00f3n y seguridad a cada aventura. Esta bicicleta es perfecta para estimular la curiosidad y el desarrollo motor de los m\u00e1s peque\u00f1os, convirtiendo cada paseo en una experiencia inolvidable.","og_url":"https:\/\/imperioelectrodomesticos.uy\/index.php\/producto\/bicicleta-sin-pedales-kova-balance-rod-12-en-aluminio\/","og_site_name":"Imperio Electrodom\u00e9sticos","article_publisher":"https:\/\/www.facebook.com\/imperioelectrodomesticos\/","article_modified_time":"2025-08-05T20:36:06+00:00","og_image":[{"width":800,"height":534,"url":"https:\/\/imperioelectrodomesticos.uy\/wp-content\/uploads\/2025\/05\/abcde.jpeg","type":"image\/jpeg"}],"twitter_card":"summary_large_image","twitter_misc":{"Tiempo de lectura":"1 minuto"},"schema":{"@context":"https:\/\/schema.org","@graph":[{"@type":"WebPage","@id":"https:\/\/imperioelectrodomesticos.uy\/index.php\/producto\/bicicleta-sin-pedales-kova-balance-rod-12-en-aluminio\/","url":"https:\/\/imperioelectrodomesticos.uy\/index.php\/producto\/bicicleta-sin-pedales-kova-balance-rod-12-en-aluminio\/","name":"Bicicleta sin pedales Kova Balance rodado 12 en aluminio - Imperio Electrodom\u00e9sticos","isPartOf":{"@id":"https:\/\/imperioelectrodomesticos.uy\/#website"},"primaryImageOfPage":{"@id":"https:\/\/imperioelectrodomesticos.uy\/index.php\/producto\/bicicleta-sin-pedales-kova-balance-rod-12-en-aluminio\/#primaryimage"},"image":{"@id":"https:\/\/imperioelectrodomesticos.uy\/index.php\/producto\/bicicleta-sin-pedales-kova-balance-rod-12-en-aluminio\/#primaryimage"},"thumbnailUrl":"https:\/\/imperioelectrodomesticos.uy\/wp-content\/uploads\/2025\/05\/abcde.jpeg","datePublished":"2025-05-03T13:12:51+00:00","dateModified":"2025-08-05T20:36:06+00:00","breadcrumb":{"@id":"https:\/\/imperioelectrodomesticos.uy\/index.php\/producto\/bicicleta-sin-pedales-kova-balance-rod-12-en-aluminio\/#breadcrumb"},"inLanguage":"es","potentialAction":[{"@type":"ReadAction","target":["https:\/\/imperioelectrodomesticos.uy\/index.php\/producto\/bicicleta-sin-pedales-kova-balance-rod-12-en-aluminio\/"]}]},{"@type":"ImageObject","inLanguage":"es","@id":"https:\/\/imperioelectrodomesticos.uy\/index.php\/producto\/bicicleta-sin-pedales-kova-balance-rod-12-en-aluminio\/#primaryimage","url":"https:\/\/imperioelectrodomesticos.uy\/wp-content\/uploads\/2025\/05\/abcde.jpeg","contentUrl":"https:\/\/imperioelectrodomesticos.uy\/wp-content\/uploads\/2025\/05\/abcde.jpeg","width":800,"height":534},{"@type":"BreadcrumbList","@id":"https:\/\/imperioelectrodomesticos.uy\/index.php\/producto\/bicicleta-sin-pedales-kova-balance-rod-12-en-aluminio\/#breadcrumb","itemListElement":[{"@type":"ListItem","position":1,"name":"Portada","item":"https:\/\/imperioelectrodomesticos.uy\/"},{"@type":"ListItem","position":2,"name":"Tienda","item":"https:\/\/imperioelectrodomesticos.uy\/index.php\/tienda\/"},{"@type":"ListItem","position":3,"name":"Bicicleta sin pedales Kova Balance rodado 12 en aluminio"}]},{"@type":"WebSite","@id":"https:\/\/imperioelectrodomesticos.uy\/#website","url":"https:\/\/imperioelectrodomesticos.uy\/","name":"Imperio Electrodom\u00e9sticos","description":"Todo en electrodom\u00e9sticos y art\u00edculos para el hogar","publisher":{"@id":"https:\/\/imperioelectrodomesticos.uy\/#organization"},"alternateName":"Imperio Electrodom\u00e9sticos","potentialAction":[{"@type":"SearchAction","target":{"@type":"EntryPoint","urlTemplate":"https:\/\/imperioelectrodomesticos.uy\/?s={search_term_string}"},"query-input":{"@type":"PropertyValueSpecification","valueRequired":true,"valueName":"search_term_string"}}],"inLanguage":"es"},{"@type":"Organization","@id":"https:\/\/imperioelectrodomesticos.uy\/#organization","name":"Imperio Electrodom\u00e9sticos","url":"https:\/\/imperioelectrodomesticos.uy\/","logo":{"@type":"ImageObject","inLanguage":"es","@id":"https:\/\/imperioelectrodomesticos.uy\/#\/schema\/logo\/image\/","url":"https:\/\/imperioelectrodomesticos.uy\/wp-content\/uploads\/2025\/03\/cropped-ELECTRODOMESTICOS-3.png","contentUrl":"https:\/\/imperioelectrodomesticos.uy\/wp-content\/uploads\/2025\/03\/cropped-ELECTRODOMESTICOS-3.png","width":1080,"height":245,"caption":"Imperio Electrodom\u00e9sticos"},"image":{"@id":"https:\/\/imperioelectrodomesticos.uy\/#\/schema\/logo\/image\/"},"sameAs":["https:\/\/www.facebook.com\/imperioelectrodomesticos\/","https:\/\/www.instagram.com\/imperioelectrodomesticos.uy\/"]}]}},"_links":{"self":[{"href":"https:\/\/imperioelectrodomesticos.uy\/index.php\/wp-json\/wp\/v2\/product\/3425","targetHints":{"allow":["GET"]}}],"collection":[{"href":"https:\/\/imperioelectrodomesticos.uy\/index.php\/wp-json\/wp\/v2\/product"}],"about":[{"href":"https:\/\/imperioelectrodomesticos.uy\/index.php\/wp-json\/wp\/v2\/types\/product"}],"wp:featuredmedia":[{"embeddable":true,"href":"https:\/\/imperioelectrodomesticos.uy\/index.php\/wp-json\/wp\/v2\/media\/3426"}],"wp:attachment":[{"href":"https:\/\/imperioelectrodomesticos.uy\/index.php\/wp-json\/wp\/v2\/media?parent=3425"}],"wp:term":[{"taxonomy":"product_brand","embeddable":true,"href":"https:\/\/imperioelectrodomesticos.uy\/index.php\/wp-json\/wp\/v2\/product_brand?post=3425"},{"taxonomy":"product_cat","embeddable":true,"href":"https:\/\/imperioelectrodomesticos.uy\/index.php\/wp-json\/wp\/v2\/product_cat?post=3425"},{"taxonomy":"product_tag","embeddable":true,"href":"https:\/\/imperioelectrodomesticos.uy\/index.php\/wp-json\/wp\/v2\/product_tag?post=3425"}],"curies":[{"name":"wp","href":"https:\/\/api.w.org\/{rel}","templated":true}]}}