{"id":2168,"date":"2025-03-28T13:59:49","date_gmt":"2025-03-28T13:59:49","guid":{"rendered":"https:\/\/imperioelectrodomesticos.uy\/?post_type=product&#038;p=2168"},"modified":"2025-07-26T12:57:21","modified_gmt":"2025-07-26T12:57:21","slug":"corta-pelo-de-nariz-oido-cejas-philips","status":"publish","type":"product","link":"https:\/\/imperioelectrodomesticos.uy\/index.php\/producto\/corta-pelo-de-nariz-oido-cejas-philips\/","title":{"rendered":"Corta Pelo De Nariz O\u00eddo Cejas PHILIPS"},"content":{"rendered":"<p>*TRIMMER<br \/>\n*CORTA PELO DE NARIZ -O\u00cdDO-<br \/>\n*FUNCIONAMIENTO CON 1 PILA AA ( INCLUIDA)<\/p>\n","protected":false},"excerpt":{"rendered":"<table class=\"andes-table\">\n<tbody class=\"andes-table__body\">\n<tr class=\"andes-table__row ui-vpp-striped-specs__row\">\n<th class=\"andes-table__header andes-table__header--left ui-vpp-striped-specs__row__column ui-vpp-striped-specs__row__column--id\" scope=\"row\">\n<div class=\"andes-table__header__container\">Marca<\/div>\n<\/th>\n<td id=\":Rknlbil99gm:\" class=\"andes-table__column andes-table__column--left andes-table__column--vertical-align-center ui-vpp-striped-specs__row__column\"><span id=\":Rknlbil99gm:-value\" class=\"andes-table__column--value\">Philips<\/span><\/td>\n<\/tr>\n<tr class=\"andes-table__row ui-vpp-striped-specs__row\">\n<th class=\"andes-table__header andes-table__header--left ui-vpp-striped-specs__row__column ui-vpp-striped-specs__row__column--id\" scope=\"row\">\n<div class=\"andes-table__header__container\">Modelo<\/div>\n<\/th>\n<td id=\":Rkrlbil99gm:\" class=\"andes-table__column andes-table__column--left andes-table__column--vertical-align-center ui-vpp-striped-specs__row__column\"><span id=\":Rkrlbil99gm:-value\" class=\"andes-table__column--value\">1650<\/span><\/td>\n<\/tr>\n<\/tbody>\n<\/table>\n","protected":false},"featured_media":1933,"template":"","meta":{"site-sidebar-layout":"default","site-content-layout":"","ast-site-content-layout":"default","site-content-style":"default","site-sidebar-style":"default","ast-global-header-display":"","ast-banner-title-visibility":"","ast-main-header-display":"","ast-hfb-above-header-display":"","ast-hfb-below-header-display":"","ast-hfb-mobile-header-display":"","site-post-title":"","ast-breadcrumbs-content":"","ast-featured-img":"","footer-sml-layout":"","ast-disable-related-posts":"","theme-transparent-header-meta":"default","adv-header-id-meta":"","stick-header-meta":"","header-above-stick-meta":"","header-main-stick-meta":"","header-below-stick-meta":"","astra-migrate-meta-layouts":"set","ast-page-background-enabled":"default","ast-page-background-meta":{"desktop":{"background-color":"var(--ast-global-color-5)","background-image":"","background-repeat":"repeat","background-position":"center center","background-size":"auto","background-attachment":"scroll","background-type":"","background-media":"","overlay-type":"","overlay-color":"","overlay-opacity":"","overlay-gradient":""},"tablet":{"background-color":"","background-image":"","background-repeat":"repeat","background-position":"center center","background-size":"auto","background-attachment":"scroll","background-type":"","background-media":"","overlay-type":"","overlay-color":"","overlay-opacity":"","overlay-gradient":""},"mobile":{"background-color":"","background-image":"","background-repeat":"repeat","background-position":"center center","background-size":"auto","background-attachment":"scroll","background-type":"","background-media":"","overlay-type":"","overlay-color":"","overlay-opacity":"","overlay-gradient":""}},"ast-content-background-meta":{"desktop":{"background-color":"var(--ast-global-color-4)","background-image":"","background-repeat":"repeat","background-position":"center center","background-size":"auto","background-attachment":"scroll","background-type":"","background-media":"","overlay-type":"","overlay-color":"","overlay-opacity":"","overlay-gradient":""},"tablet":{"background-color":"var(--ast-global-color-4)","background-image":"","background-repeat":"repeat","background-position":"center center","background-size":"auto","background-attachment":"scroll","background-type":"","background-media":"","overlay-type":"","overlay-color":"","overlay-opacity":"","overlay-gradient":""},"mobile":{"background-color":"var(--ast-global-color-4)","background-image":"","background-repeat":"repeat","background-position":"center center","background-size":"auto","background-attachment":"scroll","background-type":"","background-media":"","overlay-type":"","overlay-color":"","overlay-opacity":"","overlay-gradient":""}}},"product_brand":[],"product_cat":[56,29,32],"product_tag":[31],"class_list":{"0":"post-2168","1":"product","2":"type-product","3":"status-publish","4":"has-post-thumbnail","6":"product_cat-corta-pelo","7":"product_cat-cuidado-personal-y-otros","8":"product_cat-productos","9":"product_tag-oferta","10":"desktop-align-center","11":"tablet-align-left","12":"mobile-align-left","14":"first","15":"instock","16":"shipping-taxable","17":"purchasable","18":"product-type-simple"},"yoast_head":"<!-- This site is optimized with the Yoast SEO plugin v27.3 - https:\/\/yoast.com\/product\/yoast-seo-wordpress\/ -->\n<title>Corta Pelo De Nariz O\u00eddo Cejas PHILIPS - Imperio Electrodom\u00e9sticos<\/title>\n<meta name=\"robots\" content=\"index, follow, max-snippet:-1, max-image-preview:large, max-video-preview:-1\" \/>\n<link rel=\"canonical\" href=\"https:\/\/imperioelectrodomesticos.uy\/index.php\/producto\/corta-pelo-de-nariz-oido-cejas-philips\/\" \/>\n<meta property=\"og:locale\" content=\"es_ES\" \/>\n<meta property=\"og:type\" content=\"article\" \/>\n<meta property=\"og:title\" content=\"Corta Pelo De Nariz O\u00eddo Cejas PHILIPS - Imperio Electrodom\u00e9sticos\" \/>\n<meta property=\"og:description\" content=\"Marca Philips    Modelo 1650\" \/>\n<meta property=\"og:url\" content=\"https:\/\/imperioelectrodomesticos.uy\/index.php\/producto\/corta-pelo-de-nariz-oido-cejas-philips\/\" \/>\n<meta property=\"og:site_name\" content=\"Imperio Electrodom\u00e9sticos\" \/>\n<meta property=\"article:publisher\" content=\"https:\/\/www.facebook.com\/imperioelectrodomesticos\/\" \/>\n<meta property=\"article:modified_time\" content=\"2025-07-26T12:57:21+00:00\" \/>\n<meta property=\"og:image\" content=\"https:\/\/imperioelectrodomesticos.uy\/wp-content\/uploads\/2025\/03\/Corta-Pelo-De-Nariz-Oido-Cejas-Trimmer-Philips-Casa-Imperio-2.webp\" \/>\n\t<meta property=\"og:image:width\" content=\"1200\" \/>\n\t<meta property=\"og:image:height\" content=\"1200\" \/>\n\t<meta property=\"og:image:type\" content=\"image\/webp\" \/>\n<meta name=\"twitter:card\" content=\"summary_large_image\" \/>\n<meta name=\"twitter:label1\" content=\"Tiempo de lectura\" \/>\n\t<meta name=\"twitter:data1\" content=\"1 minuto\" \/>\n<script type=\"application\/ld+json\" class=\"yoast-schema-graph\">{\"@context\":\"https:\\\/\\\/schema.org\",\"@graph\":[{\"@type\":\"WebPage\",\"@id\":\"https:\\\/\\\/imperioelectrodomesticos.uy\\\/index.php\\\/producto\\\/corta-pelo-de-nariz-oido-cejas-philips\\\/\",\"url\":\"https:\\\/\\\/imperioelectrodomesticos.uy\\\/index.php\\\/producto\\\/corta-pelo-de-nariz-oido-cejas-philips\\\/\",\"name\":\"Corta Pelo De Nariz O\u00eddo Cejas PHILIPS - Imperio Electrodom\u00e9sticos\",\"isPartOf\":{\"@id\":\"https:\\\/\\\/imperioelectrodomesticos.uy\\\/#website\"},\"primaryImageOfPage\":{\"@id\":\"https:\\\/\\\/imperioelectrodomesticos.uy\\\/index.php\\\/producto\\\/corta-pelo-de-nariz-oido-cejas-philips\\\/#primaryimage\"},\"image\":{\"@id\":\"https:\\\/\\\/imperioelectrodomesticos.uy\\\/index.php\\\/producto\\\/corta-pelo-de-nariz-oido-cejas-philips\\\/#primaryimage\"},\"thumbnailUrl\":\"https:\\\/\\\/imperioelectrodomesticos.uy\\\/wp-content\\\/uploads\\\/2025\\\/03\\\/Corta-Pelo-De-Nariz-Oido-Cejas-Trimmer-Philips-Casa-Imperio-2.webp\",\"datePublished\":\"2025-03-28T13:59:49+00:00\",\"dateModified\":\"2025-07-26T12:57:21+00:00\",\"breadcrumb\":{\"@id\":\"https:\\\/\\\/imperioelectrodomesticos.uy\\\/index.php\\\/producto\\\/corta-pelo-de-nariz-oido-cejas-philips\\\/#breadcrumb\"},\"inLanguage\":\"es\",\"potentialAction\":[{\"@type\":\"ReadAction\",\"target\":[\"https:\\\/\\\/imperioelectrodomesticos.uy\\\/index.php\\\/producto\\\/corta-pelo-de-nariz-oido-cejas-philips\\\/\"]}]},{\"@type\":\"ImageObject\",\"inLanguage\":\"es\",\"@id\":\"https:\\\/\\\/imperioelectrodomesticos.uy\\\/index.php\\\/producto\\\/corta-pelo-de-nariz-oido-cejas-philips\\\/#primaryimage\",\"url\":\"https:\\\/\\\/imperioelectrodomesticos.uy\\\/wp-content\\\/uploads\\\/2025\\\/03\\\/Corta-Pelo-De-Nariz-Oido-Cejas-Trimmer-Philips-Casa-Imperio-2.webp\",\"contentUrl\":\"https:\\\/\\\/imperioelectrodomesticos.uy\\\/wp-content\\\/uploads\\\/2025\\\/03\\\/Corta-Pelo-De-Nariz-Oido-Cejas-Trimmer-Philips-Casa-Imperio-2.webp\",\"width\":1200,\"height\":1200},{\"@type\":\"BreadcrumbList\",\"@id\":\"https:\\\/\\\/imperioelectrodomesticos.uy\\\/index.php\\\/producto\\\/corta-pelo-de-nariz-oido-cejas-philips\\\/#breadcrumb\",\"itemListElement\":[{\"@type\":\"ListItem\",\"position\":1,\"name\":\"Portada\",\"item\":\"https:\\\/\\\/imperioelectrodomesticos.uy\\\/\"},{\"@type\":\"ListItem\",\"position\":2,\"name\":\"Tienda\",\"item\":\"https:\\\/\\\/imperioelectrodomesticos.uy\\\/index.php\\\/tienda\\\/\"},{\"@type\":\"ListItem\",\"position\":3,\"name\":\"Corta Pelo De Nariz O\u00eddo Cejas PHILIPS\"}]},{\"@type\":\"WebSite\",\"@id\":\"https:\\\/\\\/imperioelectrodomesticos.uy\\\/#website\",\"url\":\"https:\\\/\\\/imperioelectrodomesticos.uy\\\/\",\"name\":\"Imperio Electrodom\u00e9sticos\",\"description\":\"Todo en electrodom\u00e9sticos y art\u00edculos para el hogar\",\"publisher\":{\"@id\":\"https:\\\/\\\/imperioelectrodomesticos.uy\\\/#organization\"},\"alternateName\":\"Imperio Electrodom\u00e9sticos\",\"potentialAction\":[{\"@type\":\"SearchAction\",\"target\":{\"@type\":\"EntryPoint\",\"urlTemplate\":\"https:\\\/\\\/imperioelectrodomesticos.uy\\\/?s={search_term_string}\"},\"query-input\":{\"@type\":\"PropertyValueSpecification\",\"valueRequired\":true,\"valueName\":\"search_term_string\"}}],\"inLanguage\":\"es\"},{\"@type\":\"Organization\",\"@id\":\"https:\\\/\\\/imperioelectrodomesticos.uy\\\/#organization\",\"name\":\"Imperio Electrodom\u00e9sticos\",\"url\":\"https:\\\/\\\/imperioelectrodomesticos.uy\\\/\",\"logo\":{\"@type\":\"ImageObject\",\"inLanguage\":\"es\",\"@id\":\"https:\\\/\\\/imperioelectrodomesticos.uy\\\/#\\\/schema\\\/logo\\\/image\\\/\",\"url\":\"https:\\\/\\\/imperioelectrodomesticos.uy\\\/wp-content\\\/uploads\\\/2025\\\/03\\\/cropped-ELECTRODOMESTICOS-3.png\",\"contentUrl\":\"https:\\\/\\\/imperioelectrodomesticos.uy\\\/wp-content\\\/uploads\\\/2025\\\/03\\\/cropped-ELECTRODOMESTICOS-3.png\",\"width\":1080,\"height\":245,\"caption\":\"Imperio Electrodom\u00e9sticos\"},\"image\":{\"@id\":\"https:\\\/\\\/imperioelectrodomesticos.uy\\\/#\\\/schema\\\/logo\\\/image\\\/\"},\"sameAs\":[\"https:\\\/\\\/www.facebook.com\\\/imperioelectrodomesticos\\\/\",\"https:\\\/\\\/www.instagram.com\\\/imperioelectrodomesticos.uy\\\/\"]}]}<\/script>\n<!-- \/ Yoast SEO plugin. -->","yoast_head_json":{"title":"Corta Pelo De Nariz O\u00eddo Cejas PHILIPS - Imperio Electrodom\u00e9sticos","robots":{"index":"index","follow":"follow","max-snippet":"max-snippet:-1","max-image-preview":"max-image-preview:large","max-video-preview":"max-video-preview:-1"},"canonical":"https:\/\/imperioelectrodomesticos.uy\/index.php\/producto\/corta-pelo-de-nariz-oido-cejas-philips\/","og_locale":"es_ES","og_type":"article","og_title":"Corta Pelo De Nariz O\u00eddo Cejas PHILIPS - Imperio Electrodom\u00e9sticos","og_description":"Marca Philips    Modelo 1650","og_url":"https:\/\/imperioelectrodomesticos.uy\/index.php\/producto\/corta-pelo-de-nariz-oido-cejas-philips\/","og_site_name":"Imperio Electrodom\u00e9sticos","article_publisher":"https:\/\/www.facebook.com\/imperioelectrodomesticos\/","article_modified_time":"2025-07-26T12:57:21+00:00","og_image":[{"width":1200,"height":1200,"url":"https:\/\/imperioelectrodomesticos.uy\/wp-content\/uploads\/2025\/03\/Corta-Pelo-De-Nariz-Oido-Cejas-Trimmer-Philips-Casa-Imperio-2.webp","type":"image\/webp"}],"twitter_card":"summary_large_image","twitter_misc":{"Tiempo de lectura":"1 minuto"},"schema":{"@context":"https:\/\/schema.org","@graph":[{"@type":"WebPage","@id":"https:\/\/imperioelectrodomesticos.uy\/index.php\/producto\/corta-pelo-de-nariz-oido-cejas-philips\/","url":"https:\/\/imperioelectrodomesticos.uy\/index.php\/producto\/corta-pelo-de-nariz-oido-cejas-philips\/","name":"Corta Pelo De Nariz O\u00eddo Cejas PHILIPS - Imperio Electrodom\u00e9sticos","isPartOf":{"@id":"https:\/\/imperioelectrodomesticos.uy\/#website"},"primaryImageOfPage":{"@id":"https:\/\/imperioelectrodomesticos.uy\/index.php\/producto\/corta-pelo-de-nariz-oido-cejas-philips\/#primaryimage"},"image":{"@id":"https:\/\/imperioelectrodomesticos.uy\/index.php\/producto\/corta-pelo-de-nariz-oido-cejas-philips\/#primaryimage"},"thumbnailUrl":"https:\/\/imperioelectrodomesticos.uy\/wp-content\/uploads\/2025\/03\/Corta-Pelo-De-Nariz-Oido-Cejas-Trimmer-Philips-Casa-Imperio-2.webp","datePublished":"2025-03-28T13:59:49+00:00","dateModified":"2025-07-26T12:57:21+00:00","breadcrumb":{"@id":"https:\/\/imperioelectrodomesticos.uy\/index.php\/producto\/corta-pelo-de-nariz-oido-cejas-philips\/#breadcrumb"},"inLanguage":"es","potentialAction":[{"@type":"ReadAction","target":["https:\/\/imperioelectrodomesticos.uy\/index.php\/producto\/corta-pelo-de-nariz-oido-cejas-philips\/"]}]},{"@type":"ImageObject","inLanguage":"es","@id":"https:\/\/imperioelectrodomesticos.uy\/index.php\/producto\/corta-pelo-de-nariz-oido-cejas-philips\/#primaryimage","url":"https:\/\/imperioelectrodomesticos.uy\/wp-content\/uploads\/2025\/03\/Corta-Pelo-De-Nariz-Oido-Cejas-Trimmer-Philips-Casa-Imperio-2.webp","contentUrl":"https:\/\/imperioelectrodomesticos.uy\/wp-content\/uploads\/2025\/03\/Corta-Pelo-De-Nariz-Oido-Cejas-Trimmer-Philips-Casa-Imperio-2.webp","width":1200,"height":1200},{"@type":"BreadcrumbList","@id":"https:\/\/imperioelectrodomesticos.uy\/index.php\/producto\/corta-pelo-de-nariz-oido-cejas-philips\/#breadcrumb","itemListElement":[{"@type":"ListItem","position":1,"name":"Portada","item":"https:\/\/imperioelectrodomesticos.uy\/"},{"@type":"ListItem","position":2,"name":"Tienda","item":"https:\/\/imperioelectrodomesticos.uy\/index.php\/tienda\/"},{"@type":"ListItem","position":3,"name":"Corta Pelo De Nariz O\u00eddo Cejas PHILIPS"}]},{"@type":"WebSite","@id":"https:\/\/imperioelectrodomesticos.uy\/#website","url":"https:\/\/imperioelectrodomesticos.uy\/","name":"Imperio Electrodom\u00e9sticos","description":"Todo en electrodom\u00e9sticos y art\u00edculos para el hogar","publisher":{"@id":"https:\/\/imperioelectrodomesticos.uy\/#organization"},"alternateName":"Imperio Electrodom\u00e9sticos","potentialAction":[{"@type":"SearchAction","target":{"@type":"EntryPoint","urlTemplate":"https:\/\/imperioelectrodomesticos.uy\/?s={search_term_string}"},"query-input":{"@type":"PropertyValueSpecification","valueRequired":true,"valueName":"search_term_string"}}],"inLanguage":"es"},{"@type":"Organization","@id":"https:\/\/imperioelectrodomesticos.uy\/#organization","name":"Imperio Electrodom\u00e9sticos","url":"https:\/\/imperioelectrodomesticos.uy\/","logo":{"@type":"ImageObject","inLanguage":"es","@id":"https:\/\/imperioelectrodomesticos.uy\/#\/schema\/logo\/image\/","url":"https:\/\/imperioelectrodomesticos.uy\/wp-content\/uploads\/2025\/03\/cropped-ELECTRODOMESTICOS-3.png","contentUrl":"https:\/\/imperioelectrodomesticos.uy\/wp-content\/uploads\/2025\/03\/cropped-ELECTRODOMESTICOS-3.png","width":1080,"height":245,"caption":"Imperio Electrodom\u00e9sticos"},"image":{"@id":"https:\/\/imperioelectrodomesticos.uy\/#\/schema\/logo\/image\/"},"sameAs":["https:\/\/www.facebook.com\/imperioelectrodomesticos\/","https:\/\/www.instagram.com\/imperioelectrodomesticos.uy\/"]}]}},"_links":{"self":[{"href":"https:\/\/imperioelectrodomesticos.uy\/index.php\/wp-json\/wp\/v2\/product\/2168","targetHints":{"allow":["GET"]}}],"collection":[{"href":"https:\/\/imperioelectrodomesticos.uy\/index.php\/wp-json\/wp\/v2\/product"}],"about":[{"href":"https:\/\/imperioelectrodomesticos.uy\/index.php\/wp-json\/wp\/v2\/types\/product"}],"wp:featuredmedia":[{"embeddable":true,"href":"https:\/\/imperioelectrodomesticos.uy\/index.php\/wp-json\/wp\/v2\/media\/1933"}],"wp:attachment":[{"href":"https:\/\/imperioelectrodomesticos.uy\/index.php\/wp-json\/wp\/v2\/media?parent=2168"}],"wp:term":[{"taxonomy":"product_brand","embeddable":true,"href":"https:\/\/imperioelectrodomesticos.uy\/index.php\/wp-json\/wp\/v2\/product_brand?post=2168"},{"taxonomy":"product_cat","embeddable":true,"href":"https:\/\/imperioelectrodomesticos.uy\/index.php\/wp-json\/wp\/v2\/product_cat?post=2168"},{"taxonomy":"product_tag","embeddable":true,"href":"https:\/\/imperioelectrodomesticos.uy\/index.php\/wp-json\/wp\/v2\/product_tag?post=2168"}],"curies":[{"name":"wp","href":"https:\/\/api.w.org\/{rel}","templated":true}]}}