{"id":2156,"date":"2025-03-26T18:15:03","date_gmt":"2025-03-26T18:15:03","guid":{"rendered":"https:\/\/imperioelectrodomesticos.uy\/?post_type=product&#038;p=2156"},"modified":"2025-08-05T20:39:31","modified_gmt":"2025-08-05T20:39:31","slug":"bicicleta-rodado-16-para-nina-lola-2","status":"publish","type":"product","link":"https:\/\/imperioelectrodomesticos.uy\/index.php\/producto\/bicicleta-rodado-16-para-nina-lola-2\/","title":{"rendered":"Bicicleta Rodado 16 Kova Lola Blanca"},"content":{"rendered":"<p>Rodado: 16\u201d.<br \/>\ncanasto<br \/>\nSillita para mu\u00f1ecos<br \/>\nrueditas auxiliares<\/p>\n","protected":false},"excerpt":{"rendered":"<div class=\"ui-vpp-striped-specs\">\n<div class=\"ui-vpp-striped-specs__table\">\n<h3 class=\"ui-vpp-striped-specs__header\">Caracter\u00edsticas generales<\/h3>\n<table class=\"andes-table\">\n<tbody class=\"andes-table__body\">\n<tr class=\"andes-table__row ui-vpp-striped-specs__row\">\n<th class=\"andes-table__header andes-table__header--left ui-vpp-striped-specs__row__column ui-vpp-striped-specs__row__column--id\" scope=\"row\">\n<div class=\"andes-table__header__container\">Marca<\/div>\n<\/th>\n<td id=\":R2if5bkulpjm:\" class=\"andes-table__column andes-table__column--left andes-table__column--vertical-align-center ui-vpp-striped-specs__row__column\"><span id=\":R2if5bkulpjm:-value\" class=\"andes-table__column--value\">Kova<\/span><\/td>\n<\/tr>\n<tr class=\"andes-table__row ui-vpp-striped-specs__row\">\n<th class=\"andes-table__header andes-table__header--left ui-vpp-striped-specs__row__column ui-vpp-striped-specs__row__column--id\" scope=\"row\">\n<div class=\"andes-table__header__container\">Modelo<\/div>\n<\/th>\n<td id=\":R2in5bkulpjm:\" class=\"andes-table__column andes-table__column--left andes-table__column--vertical-align-center ui-vpp-striped-specs__row__column\"><span id=\":R2in5bkulpjm:-value\" class=\"andes-table__column--value\">Lola<\/span><\/td>\n<\/tr>\n<tr class=\"andes-table__row ui-vpp-striped-specs__row\">\n<th class=\"andes-table__header andes-table__header--left ui-vpp-striped-specs__row__column ui-vpp-striped-specs__row__column--id\" scope=\"row\">\n<div class=\"andes-table__header__container\">Edad<\/div>\n<\/th>\n<td id=\":R2iv5bkulpjm:\" class=\"andes-table__column andes-table__column--left andes-table__column--vertical-align-center ui-vpp-striped-specs__row__column\"><span id=\":R2iv5bkulpjm:-value\" class=\"andes-table__column--value\">Adultos<\/span><\/td>\n<\/tr>\n<tr class=\"andes-table__row ui-vpp-striped-specs__row\">\n<th class=\"andes-table__header andes-table__header--left ui-vpp-striped-specs__row__column ui-vpp-striped-specs__row__column--id\" scope=\"row\">\n<div class=\"andes-table__header__container\">G\u00e9nero<\/div>\n<\/th>\n<td id=\":R2j75bkulpjm:\" class=\"andes-table__column andes-table__column--left andes-table__column--vertical-align-center ui-vpp-striped-specs__row__column\"><span id=\":R2j75bkulpjm:-value\" class=\"andes-table__column--value\">Mujer<\/span><\/td>\n<\/tr>\n<\/tbody>\n<\/table>\n<\/div>\n<div class=\"ui-vpp-striped-specs__table\">\n<h3 class=\"ui-vpp-striped-specs__header\">Cambios<\/h3>\n<table class=\"andes-table\">\n<tbody class=\"andes-table__body\">\n<tr class=\"andes-table__row ui-vpp-striped-specs__row\">\n<th class=\"andes-table__header andes-table__header--left ui-vpp-striped-specs__row__column ui-vpp-striped-specs__row__column--id\" scope=\"row\">\n<div class=\"andes-table__header__container\">Cantidad de velocidades<\/div>\n<\/th>\n<td id=\":R19f9bkulpjm:\" class=\"andes-table__column andes-table__column--left andes-table__column--vertical-align-center ui-vpp-striped-specs__row__column\"><span id=\":R19f9bkulpjm:-value\" class=\"andes-table__column--value\">1<\/span><\/td>\n<\/tr>\n<tr class=\"andes-table__row ui-vpp-striped-specs__row\">\n<th class=\"andes-table__header andes-table__header--left ui-vpp-striped-specs__row__column ui-vpp-striped-specs__row__column--id\" scope=\"row\">\n<div class=\"andes-table__header__container\">Cambios delanteros<\/div>\n<\/th>\n<td id=\":R19n9bkulpjm:\" class=\"andes-table__column andes-table__column--left andes-table__column--vertical-align-center ui-vpp-striped-specs__row__column\"><span id=\":R19n9bkulpjm:-value\" class=\"andes-table__column--value\">no<\/span><\/td>\n<\/tr>\n<tr class=\"andes-table__row ui-vpp-striped-specs__row\">\n<th class=\"andes-table__header andes-table__header--left ui-vpp-striped-specs__row__column ui-vpp-striped-specs__row__column--id\" scope=\"row\">\n<div class=\"andes-table__header__container\">Cambios traseros<\/div>\n<\/th>\n<td id=\":R19v9bkulpjm:\" class=\"andes-table__column andes-table__column--left andes-table__column--vertical-align-center ui-vpp-striped-specs__row__column\"><span id=\":R19v9bkulpjm:-value\" class=\"andes-table__column--value\">no<\/span><\/td>\n<\/tr>\n<\/tbody>\n<\/table>\n<\/div>\n<div class=\"ui-vpp-striped-specs__table\">\n<h3 class=\"ui-vpp-striped-specs__header\">Otros<\/h3>\n<table class=\"andes-table\">\n<tbody class=\"andes-table__body\">\n<tr class=\"andes-table__row ui-vpp-striped-specs__row\">\n<th class=\"andes-table__header andes-table__header--left ui-vpp-striped-specs__row__column ui-vpp-striped-specs__row__column--id\" scope=\"row\">\n<div class=\"andes-table__header__container\">Con impacto positivo<\/div>\n<\/th>\n<td id=\":Rkvdbkulpjm:\" class=\"andes-table__column andes-table__column--left andes-table__column--vertical-align-center ui-vpp-striped-specs__row__column\"><span id=\":Rkvdbkulpjm:-value\" class=\"andes-table__column--value\">S\u00ed<\/span><\/td>\n<\/tr>\n<\/tbody>\n<\/table>\n<\/div>\n<\/div>\n<div class=\"ui-vpp-striped-specs\">\n<div class=\"ui-vpp-striped-specs__table\">\n<h3 class=\"ui-vpp-striped-specs__header\">Cuadro<\/h3>\n<table class=\"andes-table\">\n<tbody class=\"andes-table__body\">\n<tr class=\"andes-table__row ui-vpp-striped-specs__row\">\n<th class=\"andes-table__header andes-table__header--left ui-vpp-striped-specs__row__column ui-vpp-striped-specs__row__column--id\" scope=\"row\">\n<div class=\"andes-table__header__container\">Materiales del cuadro de la bicicleta<\/div>\n<\/th>\n<td id=\":R19u6bkulpjm:\" class=\"andes-table__column andes-table__column--left andes-table__column--vertical-align-center ui-vpp-striped-specs__row__column\"><span id=\":R19u6bkulpjm:-value\" class=\"andes-table__column--value\">Acero<\/span><\/td>\n<\/tr>\n<\/tbody>\n<\/table>\n<\/div>\n<div class=\"ui-vpp-striped-specs__table\">\n<h3 class=\"ui-vpp-striped-specs__header\">Especificaciones<\/h3>\n<table class=\"andes-table\">\n<tbody class=\"andes-table__body\">\n<tr class=\"andes-table__row ui-vpp-striped-specs__row\">\n<th class=\"andes-table__header andes-table__header--left ui-vpp-striped-specs__row__column ui-vpp-striped-specs__row__column--id\" scope=\"row\">\n<div class=\"andes-table__header__container\">Rodado<\/div>\n<\/th>\n<td id=\":R2iuabkulpjm:\" class=\"andes-table__column andes-table__column--left andes-table__column--vertical-align-center ui-vpp-striped-specs__row__column\"><span id=\":R2iuabkulpjm:-value\" class=\"andes-table__column--value\">16<\/span><\/td>\n<\/tr>\n<tr class=\"andes-table__row ui-vpp-striped-specs__row\">\n<th class=\"andes-table__header andes-table__header--left ui-vpp-striped-specs__row__column ui-vpp-striped-specs__row__column--id\" scope=\"row\">\n<div class=\"andes-table__header__container\">Peso<\/div>\n<\/th>\n<td id=\":R2jeabkulpjm:\" class=\"andes-table__column andes-table__column--left andes-table__column--vertical-align-center ui-vpp-striped-specs__row__column\"><span id=\":R2jeabkulpjm:-value\" class=\"andes-table__column--value\">11,2 kg<\/span><\/td>\n<\/tr>\n<tr class=\"andes-table__row ui-vpp-striped-specs__row\">\n<th class=\"andes-table__header andes-table__header--left ui-vpp-striped-specs__row__column ui-vpp-striped-specs__row__column--id\" scope=\"row\">\n<div class=\"andes-table__header__container\">Tipo de bicicleta<\/div>\n<\/th>\n<td id=\":R2juabkulpjm:\" class=\"andes-table__column andes-table__column--left andes-table__column--vertical-align-center ui-vpp-striped-specs__row__column\"><span id=\":R2juabkulpjm:-value\" class=\"andes-table__column--value\">Paseo<\/span><\/td>\n<\/tr>\n<\/tbody>\n<\/table>\n<\/div>\n<div class=\"ui-vpp-striped-specs__table\">\n<h3 class=\"ui-vpp-striped-specs__header\">Accesorios<\/h3>\n<table class=\"andes-table\">\n<tbody class=\"andes-table__body\">\n<tr class=\"andes-table__row ui-vpp-striped-specs__row\">\n<th class=\"andes-table__header andes-table__header--left ui-vpp-striped-specs__row__column ui-vpp-striped-specs__row__column--id\" scope=\"row\">\n<div class=\"andes-table__header__container\">Con pie de apoyo<\/div>\n<\/th>\n<td id=\":R2iuebkulpjm:\" class=\"andes-table__column andes-table__column--left andes-table__column--vertical-align-center ui-vpp-striped-specs__row__column\"><span id=\":R2iuebkulpjm:-value\" class=\"andes-table__column--value\">No<\/span><\/td>\n<\/tr>\n<tr class=\"andes-table__row ui-vpp-striped-specs__row\">\n<th class=\"andes-table__header andes-table__header--left ui-vpp-striped-specs__row__column ui-vpp-striped-specs__row__column--id\" scope=\"row\">\n<div class=\"andes-table__header__container\">Con guardabarros<\/div>\n<\/th>\n<td id=\":R2jeebkulpjm:\" class=\"andes-table__column andes-table__column--left andes-table__column--vertical-align-center ui-vpp-striped-specs__row__column\"><span id=\":R2jeebkulpjm:-value\" class=\"andes-table__column--value\">S\u00ed<\/span><\/td>\n<\/tr>\n<\/tbody>\n<\/table>\n<\/div>\n<div class=\"ui-vpp-striped-specs__table\">\n<h3 class=\"ui-vpp-striped-specs__header\">Estructura<\/h3>\n<table class=\"andes-table\">\n<tbody class=\"andes-table__body\">\n<tr class=\"andes-table__row ui-vpp-striped-specs__row\">\n<th class=\"andes-table__header andes-table__header--left ui-vpp-striped-specs__row__column ui-vpp-striped-specs__row__column--id\" scope=\"row\">\n<div class=\"andes-table__header__container\">Es plegable<\/div>\n<\/th>\n<td id=\":R2iuibkulpjm:\" class=\"andes-table__column andes-table__column--left andes-table__column--vertical-align-center ui-vpp-striped-specs__row__column\"><span id=\":R2iuibkulpjm:-value\" class=\"andes-table__column--value\">No<\/span><\/td>\n<\/tr>\n<tr class=\"andes-table__row ui-vpp-striped-specs__row\">\n<th class=\"andes-table__header andes-table__header--left ui-vpp-striped-specs__row__column ui-vpp-striped-specs__row__column--id\" scope=\"row\">\n<div class=\"andes-table__header__container\">Requiere ensamblado<\/div>\n<\/th>\n<td id=\":R2jeibkulpjm:\" class=\"andes-table__column andes-table__column--left andes-table__column--vertical-align-center ui-vpp-striped-specs__row__column\"><span id=\":R2jeibkulpjm:-value\" class=\"andes-table__column--value\">No<\/span><\/td>\n<\/tr>\n<\/tbody>\n<\/table>\n<\/div>\n<\/div>\n","protected":false},"featured_media":1584,"template":"","meta":{"site-sidebar-layout":"default","site-content-layout":"","ast-site-content-layout":"default","site-content-style":"default","site-sidebar-style":"default","ast-global-header-display":"","ast-banner-title-visibility":"","ast-main-header-display":"","ast-hfb-above-header-display":"","ast-hfb-below-header-display":"","ast-hfb-mobile-header-display":"","site-post-title":"","ast-breadcrumbs-content":"","ast-featured-img":"","footer-sml-layout":"","ast-disable-related-posts":"","theme-transparent-header-meta":"default","adv-header-id-meta":"","stick-header-meta":"","header-above-stick-meta":"","header-main-stick-meta":"","header-below-stick-meta":"","astra-migrate-meta-layouts":"set","ast-page-background-enabled":"default","ast-page-background-meta":{"desktop":{"background-color":"var(--ast-global-color-5)","background-image":"","background-repeat":"repeat","background-position":"center center","background-size":"auto","background-attachment":"scroll","background-type":"","background-media":"","overlay-type":"","overlay-color":"","overlay-opacity":"","overlay-gradient":""},"tablet":{"background-color":"","background-image":"","background-repeat":"repeat","background-position":"center center","background-size":"auto","background-attachment":"scroll","background-type":"","background-media":"","overlay-type":"","overlay-color":"","overlay-opacity":"","overlay-gradient":""},"mobile":{"background-color":"","background-image":"","background-repeat":"repeat","background-position":"center center","background-size":"auto","background-attachment":"scroll","background-type":"","background-media":"","overlay-type":"","overlay-color":"","overlay-opacity":"","overlay-gradient":""}},"ast-content-background-meta":{"desktop":{"background-color":"var(--ast-global-color-4)","background-image":"","background-repeat":"repeat","background-position":"center center","background-size":"auto","background-attachment":"scroll","background-type":"","background-media":"","overlay-type":"","overlay-color":"","overlay-opacity":"","overlay-gradient":""},"tablet":{"background-color":"var(--ast-global-color-4)","background-image":"","background-repeat":"repeat","background-position":"center center","background-size":"auto","background-attachment":"scroll","background-type":"","background-media":"","overlay-type":"","overlay-color":"","overlay-opacity":"","overlay-gradient":""},"mobile":{"background-color":"var(--ast-global-color-4)","background-image":"","background-repeat":"repeat","background-position":"center center","background-size":"auto","background-attachment":"scroll","background-type":"","background-media":"","overlay-type":"","overlay-color":"","overlay-opacity":"","overlay-gradient":""}}},"product_brand":[],"product_cat":[82,28,32],"product_tag":[116],"class_list":{"0":"post-2156","1":"product","2":"type-product","3":"status-publish","4":"has-post-thumbnail","6":"product_cat-bicicleta-rodado-16","7":"product_cat-bicicletas","8":"product_cat-productos","9":"product_tag-nino","10":"desktop-align-center","11":"tablet-align-left","12":"mobile-align-left","14":"first","15":"instock","16":"shipping-taxable","17":"purchasable","18":"product-type-simple"},"yoast_head":"<!-- This site is optimized with the Yoast SEO plugin v27.3 - https:\/\/yoast.com\/product\/yoast-seo-wordpress\/ -->\n<title>Bicicleta Rodado 16 Kova Lola Blanca - Imperio Electrodom\u00e9sticos<\/title>\n<meta name=\"robots\" content=\"index, follow, max-snippet:-1, max-image-preview:large, max-video-preview:-1\" \/>\n<link rel=\"canonical\" href=\"https:\/\/imperioelectrodomesticos.uy\/index.php\/producto\/bicicleta-rodado-16-para-nina-lola-2\/\" \/>\n<meta property=\"og:locale\" content=\"es_ES\" \/>\n<meta property=\"og:type\" content=\"article\" \/>\n<meta property=\"og:title\" content=\"Bicicleta Rodado 16 Kova Lola Blanca - Imperio Electrodom\u00e9sticos\" \/>\n<meta property=\"og:description\" content=\"Caracter\u00edsticas generales     Marca Kova    Modelo Lola    Edad Adultos    G\u00e9nero Mujer      Cambios     Cantidad de velocidades 1    Cambios delanteros no    Cambios traseros no      Otros     Con impacto positivo S\u00ed        Cuadro     Materiales del cuadro de la bicicleta Acero      Especificaciones     Rodado 16    Peso 11,2 kg    Tipo de bicicleta Paseo      Accesorios     Con pie de apoyo No    Con guardabarros S\u00ed      Estructura     Es plegable No    Requiere ensamblado No\" \/>\n<meta property=\"og:url\" content=\"https:\/\/imperioelectrodomesticos.uy\/index.php\/producto\/bicicleta-rodado-16-para-nina-lola-2\/\" \/>\n<meta property=\"og:site_name\" content=\"Imperio Electrodom\u00e9sticos\" \/>\n<meta property=\"article:publisher\" content=\"https:\/\/www.facebook.com\/imperioelectrodomesticos\/\" \/>\n<meta property=\"article:modified_time\" content=\"2025-08-05T20:39:31+00:00\" \/>\n<meta property=\"og:image\" content=\"https:\/\/imperioelectrodomesticos.uy\/wp-content\/uploads\/2025\/03\/Bicicleta-Rodado-16-Nina-Oferta-Casa-Imperio.webp\" \/>\n\t<meta property=\"og:image:width\" content=\"1000\" \/>\n\t<meta property=\"og:image:height\" content=\"1000\" \/>\n\t<meta property=\"og:image:type\" content=\"image\/webp\" \/>\n<meta name=\"twitter:card\" content=\"summary_large_image\" \/>\n<meta name=\"twitter:label1\" content=\"Tiempo de lectura\" \/>\n\t<meta name=\"twitter:data1\" content=\"1 minuto\" \/>\n<script type=\"application\/ld+json\" class=\"yoast-schema-graph\">{\"@context\":\"https:\\\/\\\/schema.org\",\"@graph\":[{\"@type\":\"WebPage\",\"@id\":\"https:\\\/\\\/imperioelectrodomesticos.uy\\\/index.php\\\/producto\\\/bicicleta-rodado-16-para-nina-lola-2\\\/\",\"url\":\"https:\\\/\\\/imperioelectrodomesticos.uy\\\/index.php\\\/producto\\\/bicicleta-rodado-16-para-nina-lola-2\\\/\",\"name\":\"Bicicleta Rodado 16 Kova Lola Blanca - Imperio Electrodom\u00e9sticos\",\"isPartOf\":{\"@id\":\"https:\\\/\\\/imperioelectrodomesticos.uy\\\/#website\"},\"primaryImageOfPage\":{\"@id\":\"https:\\\/\\\/imperioelectrodomesticos.uy\\\/index.php\\\/producto\\\/bicicleta-rodado-16-para-nina-lola-2\\\/#primaryimage\"},\"image\":{\"@id\":\"https:\\\/\\\/imperioelectrodomesticos.uy\\\/index.php\\\/producto\\\/bicicleta-rodado-16-para-nina-lola-2\\\/#primaryimage\"},\"thumbnailUrl\":\"https:\\\/\\\/imperioelectrodomesticos.uy\\\/wp-content\\\/uploads\\\/2025\\\/03\\\/Bicicleta-Rodado-16-Nina-Oferta-Casa-Imperio.webp\",\"datePublished\":\"2025-03-26T18:15:03+00:00\",\"dateModified\":\"2025-08-05T20:39:31+00:00\",\"breadcrumb\":{\"@id\":\"https:\\\/\\\/imperioelectrodomesticos.uy\\\/index.php\\\/producto\\\/bicicleta-rodado-16-para-nina-lola-2\\\/#breadcrumb\"},\"inLanguage\":\"es\",\"potentialAction\":[{\"@type\":\"ReadAction\",\"target\":[\"https:\\\/\\\/imperioelectrodomesticos.uy\\\/index.php\\\/producto\\\/bicicleta-rodado-16-para-nina-lola-2\\\/\"]}]},{\"@type\":\"ImageObject\",\"inLanguage\":\"es\",\"@id\":\"https:\\\/\\\/imperioelectrodomesticos.uy\\\/index.php\\\/producto\\\/bicicleta-rodado-16-para-nina-lola-2\\\/#primaryimage\",\"url\":\"https:\\\/\\\/imperioelectrodomesticos.uy\\\/wp-content\\\/uploads\\\/2025\\\/03\\\/Bicicleta-Rodado-16-Nina-Oferta-Casa-Imperio.webp\",\"contentUrl\":\"https:\\\/\\\/imperioelectrodomesticos.uy\\\/wp-content\\\/uploads\\\/2025\\\/03\\\/Bicicleta-Rodado-16-Nina-Oferta-Casa-Imperio.webp\",\"width\":1000,\"height\":1000},{\"@type\":\"BreadcrumbList\",\"@id\":\"https:\\\/\\\/imperioelectrodomesticos.uy\\\/index.php\\\/producto\\\/bicicleta-rodado-16-para-nina-lola-2\\\/#breadcrumb\",\"itemListElement\":[{\"@type\":\"ListItem\",\"position\":1,\"name\":\"Portada\",\"item\":\"https:\\\/\\\/imperioelectrodomesticos.uy\\\/\"},{\"@type\":\"ListItem\",\"position\":2,\"name\":\"Tienda\",\"item\":\"https:\\\/\\\/imperioelectrodomesticos.uy\\\/index.php\\\/tienda\\\/\"},{\"@type\":\"ListItem\",\"position\":3,\"name\":\"Bicicleta Rodado 16 Kova Lola Blanca\"}]},{\"@type\":\"WebSite\",\"@id\":\"https:\\\/\\\/imperioelectrodomesticos.uy\\\/#website\",\"url\":\"https:\\\/\\\/imperioelectrodomesticos.uy\\\/\",\"name\":\"Imperio Electrodom\u00e9sticos\",\"description\":\"Todo en electrodom\u00e9sticos y art\u00edculos para el hogar\",\"publisher\":{\"@id\":\"https:\\\/\\\/imperioelectrodomesticos.uy\\\/#organization\"},\"alternateName\":\"Imperio Electrodom\u00e9sticos\",\"potentialAction\":[{\"@type\":\"SearchAction\",\"target\":{\"@type\":\"EntryPoint\",\"urlTemplate\":\"https:\\\/\\\/imperioelectrodomesticos.uy\\\/?s={search_term_string}\"},\"query-input\":{\"@type\":\"PropertyValueSpecification\",\"valueRequired\":true,\"valueName\":\"search_term_string\"}}],\"inLanguage\":\"es\"},{\"@type\":\"Organization\",\"@id\":\"https:\\\/\\\/imperioelectrodomesticos.uy\\\/#organization\",\"name\":\"Imperio Electrodom\u00e9sticos\",\"url\":\"https:\\\/\\\/imperioelectrodomesticos.uy\\\/\",\"logo\":{\"@type\":\"ImageObject\",\"inLanguage\":\"es\",\"@id\":\"https:\\\/\\\/imperioelectrodomesticos.uy\\\/#\\\/schema\\\/logo\\\/image\\\/\",\"url\":\"https:\\\/\\\/imperioelectrodomesticos.uy\\\/wp-content\\\/uploads\\\/2025\\\/03\\\/cropped-ELECTRODOMESTICOS-3.png\",\"contentUrl\":\"https:\\\/\\\/imperioelectrodomesticos.uy\\\/wp-content\\\/uploads\\\/2025\\\/03\\\/cropped-ELECTRODOMESTICOS-3.png\",\"width\":1080,\"height\":245,\"caption\":\"Imperio Electrodom\u00e9sticos\"},\"image\":{\"@id\":\"https:\\\/\\\/imperioelectrodomesticos.uy\\\/#\\\/schema\\\/logo\\\/image\\\/\"},\"sameAs\":[\"https:\\\/\\\/www.facebook.com\\\/imperioelectrodomesticos\\\/\",\"https:\\\/\\\/www.instagram.com\\\/imperioelectrodomesticos.uy\\\/\"]}]}<\/script>\n<!-- \/ Yoast SEO plugin. -->","yoast_head_json":{"title":"Bicicleta Rodado 16 Kova Lola Blanca - Imperio Electrodom\u00e9sticos","robots":{"index":"index","follow":"follow","max-snippet":"max-snippet:-1","max-image-preview":"max-image-preview:large","max-video-preview":"max-video-preview:-1"},"canonical":"https:\/\/imperioelectrodomesticos.uy\/index.php\/producto\/bicicleta-rodado-16-para-nina-lola-2\/","og_locale":"es_ES","og_type":"article","og_title":"Bicicleta Rodado 16 Kova Lola Blanca - Imperio Electrodom\u00e9sticos","og_description":"Caracter\u00edsticas generales     Marca Kova    Modelo Lola    Edad Adultos    G\u00e9nero Mujer      Cambios     Cantidad de velocidades 1    Cambios delanteros no    Cambios traseros no      Otros     Con impacto positivo S\u00ed        Cuadro     Materiales del cuadro de la bicicleta Acero      Especificaciones     Rodado 16    Peso 11,2 kg    Tipo de bicicleta Paseo      Accesorios     Con pie de apoyo No    Con guardabarros S\u00ed      Estructura     Es plegable No    Requiere ensamblado No","og_url":"https:\/\/imperioelectrodomesticos.uy\/index.php\/producto\/bicicleta-rodado-16-para-nina-lola-2\/","og_site_name":"Imperio Electrodom\u00e9sticos","article_publisher":"https:\/\/www.facebook.com\/imperioelectrodomesticos\/","article_modified_time":"2025-08-05T20:39:31+00:00","og_image":[{"width":1000,"height":1000,"url":"https:\/\/imperioelectrodomesticos.uy\/wp-content\/uploads\/2025\/03\/Bicicleta-Rodado-16-Nina-Oferta-Casa-Imperio.webp","type":"image\/webp"}],"twitter_card":"summary_large_image","twitter_misc":{"Tiempo de lectura":"1 minuto"},"schema":{"@context":"https:\/\/schema.org","@graph":[{"@type":"WebPage","@id":"https:\/\/imperioelectrodomesticos.uy\/index.php\/producto\/bicicleta-rodado-16-para-nina-lola-2\/","url":"https:\/\/imperioelectrodomesticos.uy\/index.php\/producto\/bicicleta-rodado-16-para-nina-lola-2\/","name":"Bicicleta Rodado 16 Kova Lola Blanca - Imperio Electrodom\u00e9sticos","isPartOf":{"@id":"https:\/\/imperioelectrodomesticos.uy\/#website"},"primaryImageOfPage":{"@id":"https:\/\/imperioelectrodomesticos.uy\/index.php\/producto\/bicicleta-rodado-16-para-nina-lola-2\/#primaryimage"},"image":{"@id":"https:\/\/imperioelectrodomesticos.uy\/index.php\/producto\/bicicleta-rodado-16-para-nina-lola-2\/#primaryimage"},"thumbnailUrl":"https:\/\/imperioelectrodomesticos.uy\/wp-content\/uploads\/2025\/03\/Bicicleta-Rodado-16-Nina-Oferta-Casa-Imperio.webp","datePublished":"2025-03-26T18:15:03+00:00","dateModified":"2025-08-05T20:39:31+00:00","breadcrumb":{"@id":"https:\/\/imperioelectrodomesticos.uy\/index.php\/producto\/bicicleta-rodado-16-para-nina-lola-2\/#breadcrumb"},"inLanguage":"es","potentialAction":[{"@type":"ReadAction","target":["https:\/\/imperioelectrodomesticos.uy\/index.php\/producto\/bicicleta-rodado-16-para-nina-lola-2\/"]}]},{"@type":"ImageObject","inLanguage":"es","@id":"https:\/\/imperioelectrodomesticos.uy\/index.php\/producto\/bicicleta-rodado-16-para-nina-lola-2\/#primaryimage","url":"https:\/\/imperioelectrodomesticos.uy\/wp-content\/uploads\/2025\/03\/Bicicleta-Rodado-16-Nina-Oferta-Casa-Imperio.webp","contentUrl":"https:\/\/imperioelectrodomesticos.uy\/wp-content\/uploads\/2025\/03\/Bicicleta-Rodado-16-Nina-Oferta-Casa-Imperio.webp","width":1000,"height":1000},{"@type":"BreadcrumbList","@id":"https:\/\/imperioelectrodomesticos.uy\/index.php\/producto\/bicicleta-rodado-16-para-nina-lola-2\/#breadcrumb","itemListElement":[{"@type":"ListItem","position":1,"name":"Portada","item":"https:\/\/imperioelectrodomesticos.uy\/"},{"@type":"ListItem","position":2,"name":"Tienda","item":"https:\/\/imperioelectrodomesticos.uy\/index.php\/tienda\/"},{"@type":"ListItem","position":3,"name":"Bicicleta Rodado 16 Kova Lola Blanca"}]},{"@type":"WebSite","@id":"https:\/\/imperioelectrodomesticos.uy\/#website","url":"https:\/\/imperioelectrodomesticos.uy\/","name":"Imperio Electrodom\u00e9sticos","description":"Todo en electrodom\u00e9sticos y art\u00edculos para el hogar","publisher":{"@id":"https:\/\/imperioelectrodomesticos.uy\/#organization"},"alternateName":"Imperio Electrodom\u00e9sticos","potentialAction":[{"@type":"SearchAction","target":{"@type":"EntryPoint","urlTemplate":"https:\/\/imperioelectrodomesticos.uy\/?s={search_term_string}"},"query-input":{"@type":"PropertyValueSpecification","valueRequired":true,"valueName":"search_term_string"}}],"inLanguage":"es"},{"@type":"Organization","@id":"https:\/\/imperioelectrodomesticos.uy\/#organization","name":"Imperio Electrodom\u00e9sticos","url":"https:\/\/imperioelectrodomesticos.uy\/","logo":{"@type":"ImageObject","inLanguage":"es","@id":"https:\/\/imperioelectrodomesticos.uy\/#\/schema\/logo\/image\/","url":"https:\/\/imperioelectrodomesticos.uy\/wp-content\/uploads\/2025\/03\/cropped-ELECTRODOMESTICOS-3.png","contentUrl":"https:\/\/imperioelectrodomesticos.uy\/wp-content\/uploads\/2025\/03\/cropped-ELECTRODOMESTICOS-3.png","width":1080,"height":245,"caption":"Imperio Electrodom\u00e9sticos"},"image":{"@id":"https:\/\/imperioelectrodomesticos.uy\/#\/schema\/logo\/image\/"},"sameAs":["https:\/\/www.facebook.com\/imperioelectrodomesticos\/","https:\/\/www.instagram.com\/imperioelectrodomesticos.uy\/"]}]}},"_links":{"self":[{"href":"https:\/\/imperioelectrodomesticos.uy\/index.php\/wp-json\/wp\/v2\/product\/2156","targetHints":{"allow":["GET"]}}],"collection":[{"href":"https:\/\/imperioelectrodomesticos.uy\/index.php\/wp-json\/wp\/v2\/product"}],"about":[{"href":"https:\/\/imperioelectrodomesticos.uy\/index.php\/wp-json\/wp\/v2\/types\/product"}],"wp:featuredmedia":[{"embeddable":true,"href":"https:\/\/imperioelectrodomesticos.uy\/index.php\/wp-json\/wp\/v2\/media\/1584"}],"wp:attachment":[{"href":"https:\/\/imperioelectrodomesticos.uy\/index.php\/wp-json\/wp\/v2\/media?parent=2156"}],"wp:term":[{"taxonomy":"product_brand","embeddable":true,"href":"https:\/\/imperioelectrodomesticos.uy\/index.php\/wp-json\/wp\/v2\/product_brand?post=2156"},{"taxonomy":"product_cat","embeddable":true,"href":"https:\/\/imperioelectrodomesticos.uy\/index.php\/wp-json\/wp\/v2\/product_cat?post=2156"},{"taxonomy":"product_tag","embeddable":true,"href":"https:\/\/imperioelectrodomesticos.uy\/index.php\/wp-json\/wp\/v2\/product_tag?post=2156"}],"curies":[{"name":"wp","href":"https:\/\/api.w.org\/{rel}","templated":true}]}}