{"id":2069,"date":"2025-03-26T13:51:38","date_gmt":"2025-03-26T13:51:38","guid":{"rendered":"https:\/\/imperioelectrodomesticos.uy\/?post_type=product&#038;p=2069"},"modified":"2026-04-08T16:05:40","modified_gmt":"2026-04-08T16:05:40","slug":"caloventilador-tem-frio-calor","status":"publish","type":"product","link":"https:\/\/imperioelectrodomesticos.uy\/index.php\/producto\/caloventilador-tem-frio-calor\/","title":{"rendered":"Caloventilador TEM T1FCV2001400"},"content":{"rendered":"<div class=\"ui-pdp-container__col col-3 ui-pdp-container--column-center pb-40\">\n<div class=\"ui-pdp--sticky-wrapper ui-pdp--sticky-wrapper-center\">\n<div class=\"ui-pdp-container__row\">\n<div class=\"ui-pdp-container__col col-1 pl-24 pr-24\">\n<div class=\"ui-pdp-collapsable mt-24 ui-pdp-description-collapse\">\n<div class=\"ui-pdp-collapsable__container\">\n<div class=\"ui-pdp-description\"><\/div>\n<\/div>\n<\/div>\n<\/div>\n<\/div>\n<div class=\"ui-pdp-container__row ui-pdp-recommendations-row\">\n<div class=\"ui-pdp-container__col col-1\">\n<div class=\"ui-pdp-spot-middle\"><\/div>\n<\/div>\n<\/div>\n<\/div>\n<\/div>\n<div class=\"ui-pdp-container__col col-1 ui-pdp-container--column-right mt-24 mr-8 pr-16\">\n<div class=\"ui-pdp--sticky-wrapper ui-pdp--sticky-wrapper-right\">\n<div class=\"ui-pdp-container__row\">\n<form id=\"buybox-form\" class=\"ui-pdp-buybox\" method=\"get\">\n<div>\n<div class=\"ui-pdp-media ui-pdp-shipping ui-pdp-shipping--md mb-12 ui-pdp-color--BLACK ui-pdp-shipping--remaining\">\n<div class=\"ui-pdp-media__body\"><\/div>\n<\/div>\n<\/div>\n<\/form>\n<\/div>\n<\/div>\n<\/div>\n","protected":false},"excerpt":{"rendered":"<div class=\"ui-vpp-striped-specs\">\n<div class=\"ui-vpp-striped-specs__table\">\n<h3 class=\"ui-vpp-striped-specs__header\">Caracter\u00edsticas principales<\/h3>\n<table class=\"andes-table\">\n<tbody class=\"andes-table__body\">\n<tr class=\"andes-table__row ui-vpp-striped-specs__row\">\n<th class=\"andes-table__header andes-table__header--left ui-vpp-striped-specs__row__column ui-vpp-striped-specs__row__column--id\" scope=\"row\">\n<div class=\"andes-table__header__container\">Marca<\/div>\n<\/th>\n<td id=\":R197lbil99gm:\" class=\"andes-table__column andes-table__column--left andes-table__column--vertical-align-center ui-vpp-striped-specs__row__column\"><span id=\":R197lbil99gm:-value\" class=\"andes-table__column--value\">Tem<\/span><\/td>\n<\/tr>\n<tr class=\"andes-table__row ui-vpp-striped-specs__row\">\n<th class=\"andes-table__header andes-table__header--left ui-vpp-striped-specs__row__column ui-vpp-striped-specs__row__column--id\" scope=\"row\">\n<div class=\"andes-table__header__container\">Modelo<\/div>\n<\/th>\n<td id=\":R19blbil99gm:\" class=\"andes-table__column andes-table__column--left andes-table__column--vertical-align-center ui-vpp-striped-specs__row__column\"><span id=\":R19blbil99gm:-value\" class=\"andes-table__column--value\">T1FCV20001400<\/span><\/td>\n<\/tr>\n<tr class=\"andes-table__row ui-vpp-striped-specs__row\">\n<th class=\"andes-table__header andes-table__header--left ui-vpp-striped-specs__row__column ui-vpp-striped-specs__row__column--id\" scope=\"row\">\n<div class=\"andes-table__header__container\">Color<\/div>\n<\/th>\n<td id=\":R19flbil99gm:\" class=\"andes-table__column andes-table__column--left andes-table__column--vertical-align-center ui-vpp-striped-specs__row__column\"><span id=\":R19flbil99gm:-value\" class=\"andes-table__column--value\">Blanco<\/span><\/td>\n<\/tr>\n<tr class=\"andes-table__row ui-vpp-striped-specs__row\">\n<th class=\"andes-table__header andes-table__header--left ui-vpp-striped-specs__row__column ui-vpp-striped-specs__row__column--id\" scope=\"row\">\n<div class=\"andes-table__header__container\">Voltaje<\/div>\n<\/th>\n<td id=\":R19jlbil99gm:\" class=\"andes-table__column andes-table__column--left andes-table__column--vertical-align-center ui-vpp-striped-specs__row__column\"><span id=\":R19jlbil99gm:-value\" class=\"andes-table__column--value\">220V<\/span><\/td>\n<\/tr>\n<\/tbody>\n<\/table>\n<\/div>\n<\/div>\n<div class=\"ui-vpp-striped-specs\">\n<div class=\"ui-vpp-striped-specs__table\">\n<h3 class=\"ui-vpp-striped-specs__header\">Otros<\/h3>\n<table class=\"andes-table\">\n<tbody class=\"andes-table__body\">\n<tr class=\"andes-table__row ui-vpp-striped-specs__row\">\n<th class=\"andes-table__header andes-table__header--left ui-vpp-striped-specs__row__column ui-vpp-striped-specs__row__column--id\" scope=\"row\">\n<div class=\"andes-table__header__container\">Tipo de calefactor el\u00e9ctrico<\/div>\n<\/th>\n<td id=\":R2i7mbil99gm:\" class=\"andes-table__column andes-table__column--left andes-table__column--vertical-align-center ui-vpp-striped-specs__row__column\"><span id=\":R2i7mbil99gm:-value\" class=\"andes-table__column--value\">Caloventor<\/span><\/td>\n<\/tr>\n<tr class=\"andes-table__row ui-vpp-striped-specs__row\">\n<th class=\"andes-table__header andes-table__header--left ui-vpp-striped-specs__row__column ui-vpp-striped-specs__row__column--id\" scope=\"row\">\n<div class=\"andes-table__header__container\">Con oscilaci\u00f3n<\/div>\n<\/th>\n<td id=\":R2ibmbil99gm:\" class=\"andes-table__column andes-table__column--left andes-table__column--vertical-align-center ui-vpp-striped-specs__row__column\"><span id=\":R2ibmbil99gm:-value\" class=\"andes-table__column--value\">No<\/span><\/td>\n<\/tr>\n<tr class=\"andes-table__row ui-vpp-striped-specs__row\">\n<th class=\"andes-table__header andes-table__header--left ui-vpp-striped-specs__row__column ui-vpp-striped-specs__row__column--id\" scope=\"row\">\n<div class=\"andes-table__header__container\">Con funci\u00f3n ventilaci\u00f3n<\/div>\n<\/th>\n<td id=\":R2ifmbil99gm:\" class=\"andes-table__column andes-table__column--left andes-table__column--vertical-align-center ui-vpp-striped-specs__row__column\"><span id=\":R2ifmbil99gm:-value\" class=\"andes-table__column--value\">S\u00ed<\/span><\/td>\n<\/tr>\n<tr class=\"andes-table__row ui-vpp-striped-specs__row\">\n<th class=\"andes-table__header andes-table__header--left ui-vpp-striped-specs__row__column ui-vpp-striped-specs__row__column--id\" scope=\"row\">\n<div class=\"andes-table__header__container\">Con protecci\u00f3n contra sobrecalentamiento<\/div>\n<\/th>\n<td id=\":R2ijmbil99gm:\" class=\"andes-table__column andes-table__column--left andes-table__column--vertical-align-center ui-vpp-striped-specs__row__column\"><span id=\":R2ijmbil99gm:-value\" class=\"andes-table__column--value\">S\u00ed<\/span><\/td>\n<\/tr>\n<tr class=\"andes-table__row ui-vpp-striped-specs__row\">\n<th class=\"andes-table__header andes-table__header--left ui-vpp-striped-specs__row__column ui-vpp-striped-specs__row__column--id\" scope=\"row\">\n<div class=\"andes-table__header__container\">Con funci\u00f3n turbo<\/div>\n<\/th>\n<td id=\":R2inmbil99gm:\" class=\"andes-table__column andes-table__column--left andes-table__column--vertical-align-center ui-vpp-striped-specs__row__column\"><span id=\":R2inmbil99gm:-value\" class=\"andes-table__column--value\">S\u00ed<\/span><\/td>\n<\/tr>\n<tr class=\"andes-table__row ui-vpp-striped-specs__row\">\n<th class=\"andes-table__header andes-table__header--left ui-vpp-striped-specs__row__column ui-vpp-striped-specs__row__column--id\" scope=\"row\">\n<div class=\"andes-table__header__container\">Potencia m\u00e1xima<\/div>\n<\/th>\n<td id=\":R2irmbil99gm:\" class=\"andes-table__column andes-table__column--left andes-table__column--vertical-align-center ui-vpp-striped-specs__row__column\"><span id=\":R2irmbil99gm:-value\" class=\"andes-table__column--value\">2 kW<\/span><\/td>\n<\/tr>\n<tr class=\"andes-table__row ui-vpp-striped-specs__row\">\n<th class=\"andes-table__header andes-table__header--left ui-vpp-striped-specs__row__column ui-vpp-striped-specs__row__column--id\" scope=\"row\">\n<div class=\"andes-table__header__container\">Altura<\/div>\n<\/th>\n<td id=\":R2ivmbil99gm:\" class=\"andes-table__column andes-table__column--left andes-table__column--vertical-align-center ui-vpp-striped-specs__row__column\"><span id=\":R2ivmbil99gm:-value\" class=\"andes-table__column--value\">24 cm<\/span><\/td>\n<\/tr>\n<tr class=\"andes-table__row ui-vpp-striped-specs__row\">\n<th class=\"andes-table__header andes-table__header--left ui-vpp-striped-specs__row__column ui-vpp-striped-specs__row__column--id\" scope=\"row\">\n<div class=\"andes-table__header__container\">Largo<\/div>\n<\/th>\n<td id=\":R2j3mbil99gm:\" class=\"andes-table__column andes-table__column--left andes-table__column--vertical-align-center ui-vpp-striped-specs__row__column\"><span id=\":R2j3mbil99gm:-value\" class=\"andes-table__column--value\">24 cm<\/span><\/td>\n<\/tr>\n<tr class=\"andes-table__row ui-vpp-striped-specs__row\">\n<th class=\"andes-table__header andes-table__header--left ui-vpp-striped-specs__row__column ui-vpp-striped-specs__row__column--id\" scope=\"row\">\n<div class=\"andes-table__header__container\">Ancho<\/div>\n<\/th>\n<td id=\":R2j7mbil99gm:\" class=\"andes-table__column andes-table__column--left andes-table__column--vertical-align-center ui-vpp-striped-specs__row__column\"><span id=\":R2j7mbil99gm:-value\" class=\"andes-table__column--value\">11 cm<\/span><\/td>\n<\/tr>\n<tr class=\"andes-table__row ui-vpp-striped-specs__row\">\n<th class=\"andes-table__header andes-table__header--left ui-vpp-striped-specs__row__column ui-vpp-striped-specs__row__column--id\" scope=\"row\">\n<div class=\"andes-table__header__container\">Con termostato<\/div>\n<\/th>\n<td id=\":R2jbmbil99gm:\" class=\"andes-table__column andes-table__column--left andes-table__column--vertical-align-center ui-vpp-striped-specs__row__column\"><span id=\":R2jbmbil99gm:-value\" class=\"andes-table__column--value\">S\u00ed<\/span><\/td>\n<\/tr>\n<\/tbody>\n<\/table>\n<\/div>\n<\/div>\n","protected":false},"featured_media":1633,"template":"","meta":{"site-sidebar-layout":"default","site-content-layout":"","ast-site-content-layout":"default","site-content-style":"default","site-sidebar-style":"default","ast-global-header-display":"","ast-banner-title-visibility":"","ast-main-header-display":"","ast-hfb-above-header-display":"","ast-hfb-below-header-display":"","ast-hfb-mobile-header-display":"","site-post-title":"","ast-breadcrumbs-content":"","ast-featured-img":"","footer-sml-layout":"","ast-disable-related-posts":"","theme-transparent-header-meta":"default","adv-header-id-meta":"","stick-header-meta":"","header-above-stick-meta":"","header-main-stick-meta":"","header-below-stick-meta":"","astra-migrate-meta-layouts":"set","ast-page-background-enabled":"default","ast-page-background-meta":{"desktop":{"background-color":"var(--ast-global-color-5)","background-image":"","background-repeat":"repeat","background-position":"center center","background-size":"auto","background-attachment":"scroll","background-type":"","background-media":"","overlay-type":"","overlay-color":"","overlay-opacity":"","overlay-gradient":""},"tablet":{"background-color":"","background-image":"","background-repeat":"repeat","background-position":"center center","background-size":"auto","background-attachment":"scroll","background-type":"","background-media":"","overlay-type":"","overlay-color":"","overlay-opacity":"","overlay-gradient":""},"mobile":{"background-color":"","background-image":"","background-repeat":"repeat","background-position":"center center","background-size":"auto","background-attachment":"scroll","background-type":"","background-media":"","overlay-type":"","overlay-color":"","overlay-opacity":"","overlay-gradient":""}},"ast-content-background-meta":{"desktop":{"background-color":"var(--ast-global-color-4)","background-image":"","background-repeat":"repeat","background-position":"center center","background-size":"auto","background-attachment":"scroll","background-type":"","background-media":"","overlay-type":"","overlay-color":"","overlay-opacity":"","overlay-gradient":""},"tablet":{"background-color":"var(--ast-global-color-4)","background-image":"","background-repeat":"repeat","background-position":"center center","background-size":"auto","background-attachment":"scroll","background-type":"","background-media":"","overlay-type":"","overlay-color":"","overlay-opacity":"","overlay-gradient":""},"mobile":{"background-color":"var(--ast-global-color-4)","background-image":"","background-repeat":"repeat","background-position":"center center","background-size":"auto","background-attachment":"scroll","background-type":"","background-media":"","overlay-type":"","overlay-color":"","overlay-opacity":"","overlay-gradient":""}}},"product_brand":[],"product_cat":[66,23,65,32],"product_tag":[],"class_list":{"0":"post-2069","1":"product","2":"type-product","3":"status-publish","4":"has-post-thumbnail","6":"product_cat-caloventiladores","7":"product_cat-climatizacion","8":"product_cat-estufas","9":"product_cat-productos","10":"desktop-align-center","11":"tablet-align-left","12":"mobile-align-left","14":"first","15":"instock","16":"shipping-taxable","17":"purchasable","18":"product-type-simple"},"yoast_head":"<!-- This site is optimized with the Yoast SEO plugin v27.4 - https:\/\/yoast.com\/product\/yoast-seo-wordpress\/ -->\n<title>Caloventilador TEM T1FCV2001400 - Imperio Electrodom\u00e9sticos<\/title>\n<meta name=\"robots\" content=\"index, follow, max-snippet:-1, max-image-preview:large, max-video-preview:-1\" \/>\n<link rel=\"canonical\" href=\"https:\/\/imperioelectrodomesticos.uy\/index.php\/producto\/caloventilador-tem-frio-calor\/\" \/>\n<meta property=\"og:locale\" content=\"es_ES\" \/>\n<meta property=\"og:type\" content=\"article\" \/>\n<meta property=\"og:title\" content=\"Caloventilador TEM T1FCV2001400 - Imperio Electrodom\u00e9sticos\" \/>\n<meta property=\"og:description\" content=\"Caracter\u00edsticas principales     Marca Tem    Modelo T1FCV20001400    Color Blanco    Voltaje 220V        Otros     Tipo de calefactor el\u00e9ctrico Caloventor    Con oscilaci\u00f3n No    Con funci\u00f3n ventilaci\u00f3n S\u00ed    Con protecci\u00f3n contra sobrecalentamiento S\u00ed    Con funci\u00f3n turbo S\u00ed    Potencia m\u00e1xima 2 kW    Altura 24 cm    Largo 24 cm    Ancho 11 cm    Con termostato S\u00ed\" \/>\n<meta property=\"og:url\" content=\"https:\/\/imperioelectrodomesticos.uy\/index.php\/producto\/caloventilador-tem-frio-calor\/\" \/>\n<meta property=\"og:site_name\" content=\"Imperio Electrodom\u00e9sticos\" \/>\n<meta property=\"article:publisher\" content=\"https:\/\/www.facebook.com\/imperioelectrodomesticos\/\" \/>\n<meta property=\"article:modified_time\" content=\"2026-04-08T16:05:40+00:00\" \/>\n<meta property=\"og:image\" content=\"https:\/\/imperioelectrodomesticos.uy\/wp-content\/uploads\/2025\/03\/Caloventilador-Tem-T1fcv20001400-2000w-Frio-calor-Termostato-Color-Blanco.webp\" \/>\n\t<meta property=\"og:image:width\" content=\"1000\" \/>\n\t<meta property=\"og:image:height\" content=\"1000\" \/>\n\t<meta property=\"og:image:type\" content=\"image\/webp\" \/>\n<meta name=\"twitter:card\" content=\"summary_large_image\" \/>\n<meta name=\"twitter:label1\" content=\"Tiempo de lectura\" \/>\n\t<meta name=\"twitter:data1\" content=\"1 minuto\" \/>\n<script type=\"application\/ld+json\" class=\"yoast-schema-graph\">{\"@context\":\"https:\\\/\\\/schema.org\",\"@graph\":[{\"@type\":\"WebPage\",\"@id\":\"https:\\\/\\\/imperioelectrodomesticos.uy\\\/index.php\\\/producto\\\/caloventilador-tem-frio-calor\\\/\",\"url\":\"https:\\\/\\\/imperioelectrodomesticos.uy\\\/index.php\\\/producto\\\/caloventilador-tem-frio-calor\\\/\",\"name\":\"Caloventilador TEM T1FCV2001400 - Imperio Electrodom\u00e9sticos\",\"isPartOf\":{\"@id\":\"https:\\\/\\\/imperioelectrodomesticos.uy\\\/#website\"},\"primaryImageOfPage\":{\"@id\":\"https:\\\/\\\/imperioelectrodomesticos.uy\\\/index.php\\\/producto\\\/caloventilador-tem-frio-calor\\\/#primaryimage\"},\"image\":{\"@id\":\"https:\\\/\\\/imperioelectrodomesticos.uy\\\/index.php\\\/producto\\\/caloventilador-tem-frio-calor\\\/#primaryimage\"},\"thumbnailUrl\":\"https:\\\/\\\/imperioelectrodomesticos.uy\\\/wp-content\\\/uploads\\\/2025\\\/03\\\/Caloventilador-Tem-T1fcv20001400-2000w-Frio-calor-Termostato-Color-Blanco.webp\",\"datePublished\":\"2025-03-26T13:51:38+00:00\",\"dateModified\":\"2026-04-08T16:05:40+00:00\",\"breadcrumb\":{\"@id\":\"https:\\\/\\\/imperioelectrodomesticos.uy\\\/index.php\\\/producto\\\/caloventilador-tem-frio-calor\\\/#breadcrumb\"},\"inLanguage\":\"es\",\"potentialAction\":[{\"@type\":\"ReadAction\",\"target\":[\"https:\\\/\\\/imperioelectrodomesticos.uy\\\/index.php\\\/producto\\\/caloventilador-tem-frio-calor\\\/\"]}]},{\"@type\":\"ImageObject\",\"inLanguage\":\"es\",\"@id\":\"https:\\\/\\\/imperioelectrodomesticos.uy\\\/index.php\\\/producto\\\/caloventilador-tem-frio-calor\\\/#primaryimage\",\"url\":\"https:\\\/\\\/imperioelectrodomesticos.uy\\\/wp-content\\\/uploads\\\/2025\\\/03\\\/Caloventilador-Tem-T1fcv20001400-2000w-Frio-calor-Termostato-Color-Blanco.webp\",\"contentUrl\":\"https:\\\/\\\/imperioelectrodomesticos.uy\\\/wp-content\\\/uploads\\\/2025\\\/03\\\/Caloventilador-Tem-T1fcv20001400-2000w-Frio-calor-Termostato-Color-Blanco.webp\",\"width\":1000,\"height\":1000},{\"@type\":\"BreadcrumbList\",\"@id\":\"https:\\\/\\\/imperioelectrodomesticos.uy\\\/index.php\\\/producto\\\/caloventilador-tem-frio-calor\\\/#breadcrumb\",\"itemListElement\":[{\"@type\":\"ListItem\",\"position\":1,\"name\":\"Portada\",\"item\":\"https:\\\/\\\/imperioelectrodomesticos.uy\\\/\"},{\"@type\":\"ListItem\",\"position\":2,\"name\":\"Tienda\",\"item\":\"https:\\\/\\\/imperioelectrodomesticos.uy\\\/index.php\\\/tienda\\\/\"},{\"@type\":\"ListItem\",\"position\":3,\"name\":\"Caloventilador TEM T1FCV2001400\"}]},{\"@type\":\"WebSite\",\"@id\":\"https:\\\/\\\/imperioelectrodomesticos.uy\\\/#website\",\"url\":\"https:\\\/\\\/imperioelectrodomesticos.uy\\\/\",\"name\":\"Imperio Electrodom\u00e9sticos\",\"description\":\"Todo en electrodom\u00e9sticos y art\u00edculos para el hogar\",\"publisher\":{\"@id\":\"https:\\\/\\\/imperioelectrodomesticos.uy\\\/#organization\"},\"alternateName\":\"Imperio Electrodom\u00e9sticos\",\"potentialAction\":[{\"@type\":\"SearchAction\",\"target\":{\"@type\":\"EntryPoint\",\"urlTemplate\":\"https:\\\/\\\/imperioelectrodomesticos.uy\\\/?s={search_term_string}\"},\"query-input\":{\"@type\":\"PropertyValueSpecification\",\"valueRequired\":true,\"valueName\":\"search_term_string\"}}],\"inLanguage\":\"es\"},{\"@type\":\"Organization\",\"@id\":\"https:\\\/\\\/imperioelectrodomesticos.uy\\\/#organization\",\"name\":\"Imperio Electrodom\u00e9sticos\",\"url\":\"https:\\\/\\\/imperioelectrodomesticos.uy\\\/\",\"logo\":{\"@type\":\"ImageObject\",\"inLanguage\":\"es\",\"@id\":\"https:\\\/\\\/imperioelectrodomesticos.uy\\\/#\\\/schema\\\/logo\\\/image\\\/\",\"url\":\"https:\\\/\\\/imperioelectrodomesticos.uy\\\/wp-content\\\/uploads\\\/2025\\\/03\\\/cropped-ELECTRODOMESTICOS-3.png\",\"contentUrl\":\"https:\\\/\\\/imperioelectrodomesticos.uy\\\/wp-content\\\/uploads\\\/2025\\\/03\\\/cropped-ELECTRODOMESTICOS-3.png\",\"width\":1080,\"height\":245,\"caption\":\"Imperio Electrodom\u00e9sticos\"},\"image\":{\"@id\":\"https:\\\/\\\/imperioelectrodomesticos.uy\\\/#\\\/schema\\\/logo\\\/image\\\/\"},\"sameAs\":[\"https:\\\/\\\/www.facebook.com\\\/imperioelectrodomesticos\\\/\",\"https:\\\/\\\/www.instagram.com\\\/imperioelectrodomesticos.uy\\\/\"]}]}<\/script>\n<!-- \/ Yoast SEO plugin. -->","yoast_head_json":{"title":"Caloventilador TEM T1FCV2001400 - Imperio Electrodom\u00e9sticos","robots":{"index":"index","follow":"follow","max-snippet":"max-snippet:-1","max-image-preview":"max-image-preview:large","max-video-preview":"max-video-preview:-1"},"canonical":"https:\/\/imperioelectrodomesticos.uy\/index.php\/producto\/caloventilador-tem-frio-calor\/","og_locale":"es_ES","og_type":"article","og_title":"Caloventilador TEM T1FCV2001400 - Imperio Electrodom\u00e9sticos","og_description":"Caracter\u00edsticas principales     Marca Tem    Modelo T1FCV20001400    Color Blanco    Voltaje 220V        Otros     Tipo de calefactor el\u00e9ctrico Caloventor    Con oscilaci\u00f3n No    Con funci\u00f3n ventilaci\u00f3n S\u00ed    Con protecci\u00f3n contra sobrecalentamiento S\u00ed    Con funci\u00f3n turbo S\u00ed    Potencia m\u00e1xima 2 kW    Altura 24 cm    Largo 24 cm    Ancho 11 cm    Con termostato S\u00ed","og_url":"https:\/\/imperioelectrodomesticos.uy\/index.php\/producto\/caloventilador-tem-frio-calor\/","og_site_name":"Imperio Electrodom\u00e9sticos","article_publisher":"https:\/\/www.facebook.com\/imperioelectrodomesticos\/","article_modified_time":"2026-04-08T16:05:40+00:00","og_image":[{"width":1000,"height":1000,"url":"https:\/\/imperioelectrodomesticos.uy\/wp-content\/uploads\/2025\/03\/Caloventilador-Tem-T1fcv20001400-2000w-Frio-calor-Termostato-Color-Blanco.webp","type":"image\/webp"}],"twitter_card":"summary_large_image","twitter_misc":{"Tiempo de lectura":"1 minuto"},"schema":{"@context":"https:\/\/schema.org","@graph":[{"@type":"WebPage","@id":"https:\/\/imperioelectrodomesticos.uy\/index.php\/producto\/caloventilador-tem-frio-calor\/","url":"https:\/\/imperioelectrodomesticos.uy\/index.php\/producto\/caloventilador-tem-frio-calor\/","name":"Caloventilador TEM T1FCV2001400 - Imperio Electrodom\u00e9sticos","isPartOf":{"@id":"https:\/\/imperioelectrodomesticos.uy\/#website"},"primaryImageOfPage":{"@id":"https:\/\/imperioelectrodomesticos.uy\/index.php\/producto\/caloventilador-tem-frio-calor\/#primaryimage"},"image":{"@id":"https:\/\/imperioelectrodomesticos.uy\/index.php\/producto\/caloventilador-tem-frio-calor\/#primaryimage"},"thumbnailUrl":"https:\/\/imperioelectrodomesticos.uy\/wp-content\/uploads\/2025\/03\/Caloventilador-Tem-T1fcv20001400-2000w-Frio-calor-Termostato-Color-Blanco.webp","datePublished":"2025-03-26T13:51:38+00:00","dateModified":"2026-04-08T16:05:40+00:00","breadcrumb":{"@id":"https:\/\/imperioelectrodomesticos.uy\/index.php\/producto\/caloventilador-tem-frio-calor\/#breadcrumb"},"inLanguage":"es","potentialAction":[{"@type":"ReadAction","target":["https:\/\/imperioelectrodomesticos.uy\/index.php\/producto\/caloventilador-tem-frio-calor\/"]}]},{"@type":"ImageObject","inLanguage":"es","@id":"https:\/\/imperioelectrodomesticos.uy\/index.php\/producto\/caloventilador-tem-frio-calor\/#primaryimage","url":"https:\/\/imperioelectrodomesticos.uy\/wp-content\/uploads\/2025\/03\/Caloventilador-Tem-T1fcv20001400-2000w-Frio-calor-Termostato-Color-Blanco.webp","contentUrl":"https:\/\/imperioelectrodomesticos.uy\/wp-content\/uploads\/2025\/03\/Caloventilador-Tem-T1fcv20001400-2000w-Frio-calor-Termostato-Color-Blanco.webp","width":1000,"height":1000},{"@type":"BreadcrumbList","@id":"https:\/\/imperioelectrodomesticos.uy\/index.php\/producto\/caloventilador-tem-frio-calor\/#breadcrumb","itemListElement":[{"@type":"ListItem","position":1,"name":"Portada","item":"https:\/\/imperioelectrodomesticos.uy\/"},{"@type":"ListItem","position":2,"name":"Tienda","item":"https:\/\/imperioelectrodomesticos.uy\/index.php\/tienda\/"},{"@type":"ListItem","position":3,"name":"Caloventilador TEM T1FCV2001400"}]},{"@type":"WebSite","@id":"https:\/\/imperioelectrodomesticos.uy\/#website","url":"https:\/\/imperioelectrodomesticos.uy\/","name":"Imperio Electrodom\u00e9sticos","description":"Todo en electrodom\u00e9sticos y art\u00edculos para el hogar","publisher":{"@id":"https:\/\/imperioelectrodomesticos.uy\/#organization"},"alternateName":"Imperio Electrodom\u00e9sticos","potentialAction":[{"@type":"SearchAction","target":{"@type":"EntryPoint","urlTemplate":"https:\/\/imperioelectrodomesticos.uy\/?s={search_term_string}"},"query-input":{"@type":"PropertyValueSpecification","valueRequired":true,"valueName":"search_term_string"}}],"inLanguage":"es"},{"@type":"Organization","@id":"https:\/\/imperioelectrodomesticos.uy\/#organization","name":"Imperio Electrodom\u00e9sticos","url":"https:\/\/imperioelectrodomesticos.uy\/","logo":{"@type":"ImageObject","inLanguage":"es","@id":"https:\/\/imperioelectrodomesticos.uy\/#\/schema\/logo\/image\/","url":"https:\/\/imperioelectrodomesticos.uy\/wp-content\/uploads\/2025\/03\/cropped-ELECTRODOMESTICOS-3.png","contentUrl":"https:\/\/imperioelectrodomesticos.uy\/wp-content\/uploads\/2025\/03\/cropped-ELECTRODOMESTICOS-3.png","width":1080,"height":245,"caption":"Imperio Electrodom\u00e9sticos"},"image":{"@id":"https:\/\/imperioelectrodomesticos.uy\/#\/schema\/logo\/image\/"},"sameAs":["https:\/\/www.facebook.com\/imperioelectrodomesticos\/","https:\/\/www.instagram.com\/imperioelectrodomesticos.uy\/"]}]}},"_links":{"self":[{"href":"https:\/\/imperioelectrodomesticos.uy\/index.php\/wp-json\/wp\/v2\/product\/2069","targetHints":{"allow":["GET"]}}],"collection":[{"href":"https:\/\/imperioelectrodomesticos.uy\/index.php\/wp-json\/wp\/v2\/product"}],"about":[{"href":"https:\/\/imperioelectrodomesticos.uy\/index.php\/wp-json\/wp\/v2\/types\/product"}],"wp:featuredmedia":[{"embeddable":true,"href":"https:\/\/imperioelectrodomesticos.uy\/index.php\/wp-json\/wp\/v2\/media\/1633"}],"wp:attachment":[{"href":"https:\/\/imperioelectrodomesticos.uy\/index.php\/wp-json\/wp\/v2\/media?parent=2069"}],"wp:term":[{"taxonomy":"product_brand","embeddable":true,"href":"https:\/\/imperioelectrodomesticos.uy\/index.php\/wp-json\/wp\/v2\/product_brand?post=2069"},{"taxonomy":"product_cat","embeddable":true,"href":"https:\/\/imperioelectrodomesticos.uy\/index.php\/wp-json\/wp\/v2\/product_cat?post=2069"},{"taxonomy":"product_tag","embeddable":true,"href":"https:\/\/imperioelectrodomesticos.uy\/index.php\/wp-json\/wp\/v2\/product_tag?post=2069"}],"curies":[{"name":"wp","href":"https:\/\/api.w.org\/{rel}","templated":true}]}}