{"id":1285,"date":"2025-03-11T17:50:03","date_gmt":"2025-03-11T17:50:03","guid":{"rendered":"https:\/\/imperioelectrodomesticos.uy\/?post_type=product&#038;p=1285"},"modified":"2025-05-17T13:55:14","modified_gmt":"2025-05-17T13:55:14","slug":"extractor-soler-palau","status":"publish","type":"product","link":"https:\/\/imperioelectrodomesticos.uy\/index.php\/producto\/extractor-soler-palau\/","title":{"rendered":"Extractor SOLER &#038; PALAU Decor 300C para ba\u00f1o"},"content":{"rendered":"<div class=\"ui-pdp-container__col col-3 ui-pdp-container--column-center pb-40\">\n<div class=\"ui-pdp--sticky-wrapper ui-pdp--sticky-wrapper-center\">\n<div class=\"ui-pdp-container__row\">\n<div class=\"ui-pdp-container__col col-1 pl-24 pr-24\">\n<div class=\"ui-pdp-collapsable mt-24 ui-pdp-description-collapse\">\n<div class=\"ui-pdp-collapsable__container\">\n<div class=\"ui-pdp-description\">\n<div class=\"ui-pdp-container__col col-3 ui-pdp-container--column-center pb-40\">\n<div class=\"ui-pdp--sticky-wrapper ui-pdp--sticky-wrapper-center\">\n<div class=\"ui-pdp-container__row\">\n<div class=\"ui-pdp-container__col col-1 pl-24 pr-24\">\n<div class=\"ui-pdp-collapsable mt-24 ui-pdp-description-collapse\">\n<div class=\"ui-pdp-collapsable__container\">\n<div class=\"ui-pdp-description\">\n<p class=\"ui-pdp-description__content\" data-testid=\"content\">El Extractor Para Ventanas O Pared Soler &amp; Palau Decor 300c Ub es un dispositivo de ventilaci\u00f3n de alta eficiencia dise\u00f1ado para su instalaci\u00f3n en una variedad de entornos. Con un caudal impresionante de 280 m3\/h y una perforaci\u00f3n est\u00e1ndar de 150mm, este extractor es ideal tanto para vidrio como para pared, asegurando una integraci\u00f3n perfecta en cualquier espacio. La marca Soler &amp; Palau, reconocida por su calidad y durabilidad, garantiza un producto de l\u00ednea profesional que se adapta a las necesidades de ventilaci\u00f3n m\u00e1s exigentes. El modelo DECOR-300C no solo mejora la calidad del aire, sino que tambi\u00e9n cuenta con una compuerta antirretorno inteligente que impide la entrada de aire externo y la p\u00e9rdida de calefacci\u00f3n cuando no est\u00e1 en uso, abri\u00e9ndose \u00fanicamente con la presi\u00f3n del aire durante su funcionamiento. Este extractor es la soluci\u00f3n ideal para mantener un ambiente confortable y libre de humedad o malos olores.<\/p>\n<\/div>\n<\/div>\n<\/div>\n<\/div>\n<\/div>\n<div class=\"ui-pdp-container__row\">\n<div class=\"ui-pdp-container__col col-1\"><\/div>\n<\/div>\n<div class=\"ui-pdp-container__row ui-pdp-recommendations-row\">\n<div class=\"ui-pdp-container__col col-1\">\n<div class=\"ui-pdp-spot-middle\"><\/div>\n<\/div>\n<\/div>\n<\/div>\n<\/div>\n<div class=\"ui-pdp-container__col col-1 ui-pdp-container--column-right mt-24 mr-8 pr-16\">\n<div class=\"ui-pdp--sticky-wrapper ui-pdp--sticky-wrapper-right\">\n<div class=\"ui-pdp-container__row\">\n<form id=\"buybox-form\" class=\"ui-pdp-buybox\" method=\"get\">\n<div>\n<div class=\"ui-pdp-media ui-pdp-shipping ui-pdp-shipping--md mb-12 ui-pdp-color--BLACK ui-pdp-shipping--remaining\">\n<div class=\"ui-pdp-media__body\"><\/div>\n<\/div>\n<\/div>\n<\/form>\n<\/div>\n<\/div>\n<\/div>\n<\/div>\n<\/div>\n<\/div>\n<\/div>\n<\/div>\n<div class=\"ui-pdp-container__row\">\n<div class=\"ui-pdp-container__col col-1\"><\/div>\n<\/div>\n<div class=\"ui-pdp-container__row ui-pdp-recommendations-row\">\n<div class=\"ui-pdp-container__col col-1\">\n<div class=\"ui-pdp-spot-middle\"><\/div>\n<\/div>\n<\/div>\n<\/div>\n<\/div>\n<div class=\"ui-pdp-container__col col-1 ui-pdp-container--column-right mt-24 mr-8 pr-16\">\n<div class=\"ui-pdp--sticky-wrapper ui-pdp--sticky-wrapper-right\">\n<div class=\"ui-pdp-container__row\">\n<form id=\"buybox-form\" class=\"ui-pdp-buybox\" method=\"get\">\n<div>\n<div class=\"ui-pdp-media ui-pdp-shipping ui-pdp-shipping--md mb-12 ui-pdp-color--BLACK ui-pdp-shipping--remaining\">\n<div class=\"ui-pdp-media__body\"><\/div>\n<\/div>\n<\/div>\n<\/form>\n<\/div>\n<\/div>\n<\/div>\n","protected":false},"excerpt":{"rendered":"<p>El Extractor Para Ventanas O Pared Soler &amp; Palau Decor 300c Ub es un dispositivo de ventilaci\u00f3n de alta eficiencia dise\u00f1ado para su instalaci\u00f3n en una variedad de entornos. Con un caudal impresionante de 280 m3\/h y una perforaci\u00f3n est\u00e1ndar de 150mm, este extractor es ideal tanto para vidrio como para pared, asegurando una integraci\u00f3n perfecta en cualquier espacio. La marca Soler &amp; Palau, reconocida por su calidad y durabilidad, garantiza un producto de l\u00ednea profesional que se adapta a las necesidades de ventilaci\u00f3n m\u00e1s exigentes. El modelo DECOR-300C no solo mejora la calidad del aire, sino que tambi\u00e9n cuenta con una compuerta antirretorno inteligente que impide la entrada de aire externo y la p\u00e9rdida de calefacci\u00f3n cuando no est\u00e1 en uso, abri\u00e9ndose \u00fanicamente con la presi\u00f3n del aire durante su funcionamiento. Este extractor es la soluci\u00f3n ideal para mantener un ambiente confortable y libre de humedad o malos olores.<\/p>\n","protected":false},"featured_media":1081,"template":"","meta":{"site-sidebar-layout":"default","site-content-layout":"","ast-site-content-layout":"default","site-content-style":"default","site-sidebar-style":"default","ast-global-header-display":"","ast-banner-title-visibility":"","ast-main-header-display":"","ast-hfb-above-header-display":"","ast-hfb-below-header-display":"","ast-hfb-mobile-header-display":"","site-post-title":"","ast-breadcrumbs-content":"","ast-featured-img":"","footer-sml-layout":"","ast-disable-related-posts":"","theme-transparent-header-meta":"default","adv-header-id-meta":"","stick-header-meta":"","header-above-stick-meta":"","header-main-stick-meta":"","header-below-stick-meta":"","astra-migrate-meta-layouts":"set","ast-page-background-enabled":"default","ast-page-background-meta":{"desktop":{"background-color":"var(--ast-global-color-5)","background-image":"","background-repeat":"repeat","background-position":"center center","background-size":"auto","background-attachment":"scroll","background-type":"","background-media":"","overlay-type":"","overlay-color":"","overlay-opacity":"","overlay-gradient":""},"tablet":{"background-color":"","background-image":"","background-repeat":"repeat","background-position":"center center","background-size":"auto","background-attachment":"scroll","background-type":"","background-media":"","overlay-type":"","overlay-color":"","overlay-opacity":"","overlay-gradient":""},"mobile":{"background-color":"","background-image":"","background-repeat":"repeat","background-position":"center center","background-size":"auto","background-attachment":"scroll","background-type":"","background-media":"","overlay-type":"","overlay-color":"","overlay-opacity":"","overlay-gradient":""}},"ast-content-background-meta":{"desktop":{"background-color":"var(--ast-global-color-4)","background-image":"","background-repeat":"repeat","background-position":"center center","background-size":"auto","background-attachment":"scroll","background-type":"","background-media":"","overlay-type":"","overlay-color":"","overlay-opacity":"","overlay-gradient":""},"tablet":{"background-color":"var(--ast-global-color-4)","background-image":"","background-repeat":"repeat","background-position":"center center","background-size":"auto","background-attachment":"scroll","background-type":"","background-media":"","overlay-type":"","overlay-color":"","overlay-opacity":"","overlay-gradient":""},"mobile":{"background-color":"var(--ast-global-color-4)","background-image":"","background-repeat":"repeat","background-position":"center center","background-size":"auto","background-attachment":"scroll","background-type":"","background-media":"","overlay-type":"","overlay-color":"","overlay-opacity":"","overlay-gradient":""}}},"product_brand":[],"product_cat":[22,32],"product_tag":[],"class_list":{"0":"post-1285","1":"product","2":"type-product","3":"status-publish","4":"has-post-thumbnail","6":"product_cat-campanas-y-extractores","7":"product_cat-productos","8":"desktop-align-center","9":"tablet-align-left","10":"mobile-align-left","12":"first","13":"outofstock","14":"shipping-taxable","15":"purchasable","16":"product-type-simple"},"yoast_head":"<!-- This site is optimized with the Yoast SEO plugin v27.4 - https:\/\/yoast.com\/product\/yoast-seo-wordpress\/ -->\n<title>Extractor SOLER &amp; PALAU Decor 300C para ba\u00f1o - Imperio Electrodom\u00e9sticos<\/title>\n<meta name=\"robots\" content=\"index, follow, max-snippet:-1, max-image-preview:large, max-video-preview:-1\" \/>\n<link rel=\"canonical\" href=\"https:\/\/imperioelectrodomesticos.uy\/index.php\/producto\/extractor-soler-palau\/\" \/>\n<meta property=\"og:locale\" content=\"es_ES\" \/>\n<meta property=\"og:type\" content=\"article\" \/>\n<meta property=\"og:title\" content=\"Extractor SOLER &amp; PALAU Decor 300C para ba\u00f1o - Imperio Electrodom\u00e9sticos\" \/>\n<meta property=\"og:description\" content=\"El Extractor Para Ventanas O Pared Soler &amp; Palau Decor 300c Ub es un dispositivo de ventilaci\u00f3n de alta eficiencia dise\u00f1ado para su instalaci\u00f3n en una variedad de entornos. Con un caudal impresionante de 280 m3\/h y una perforaci\u00f3n est\u00e1ndar de 150mm, este extractor es ideal tanto para vidrio como para pared, asegurando una integraci\u00f3n perfecta en cualquier espacio. La marca Soler &amp; Palau, reconocida por su calidad y durabilidad, garantiza un producto de l\u00ednea profesional que se adapta a las necesidades de ventilaci\u00f3n m\u00e1s exigentes. El modelo DECOR-300C no solo mejora la calidad del aire, sino que tambi\u00e9n cuenta con una compuerta antirretorno inteligente que impide la entrada de aire externo y la p\u00e9rdida de calefacci\u00f3n cuando no est\u00e1 en uso, abri\u00e9ndose \u00fanicamente con la presi\u00f3n del aire durante su funcionamiento. Este extractor es la soluci\u00f3n ideal para mantener un ambiente confortable y libre de humedad o malos olores.\" \/>\n<meta property=\"og:url\" content=\"https:\/\/imperioelectrodomesticos.uy\/index.php\/producto\/extractor-soler-palau\/\" \/>\n<meta property=\"og:site_name\" content=\"Imperio Electrodom\u00e9sticos\" \/>\n<meta property=\"article:publisher\" content=\"https:\/\/www.facebook.com\/imperioelectrodomesticos\/\" \/>\n<meta property=\"article:modified_time\" content=\"2025-05-17T13:55:14+00:00\" \/>\n<meta property=\"og:image\" content=\"https:\/\/imperioelectrodomesticos.uy\/wp-content\/uploads\/2025\/03\/Extractor-Para-Ventanas-O-Pared-Soler-Palau-Decor-300c-Ub.jpg\" \/>\n\t<meta property=\"og:image:width\" content=\"1200\" \/>\n\t<meta property=\"og:image:height\" content=\"1200\" \/>\n\t<meta property=\"og:image:type\" content=\"image\/jpeg\" \/>\n<meta name=\"twitter:card\" content=\"summary_large_image\" \/>\n<meta name=\"twitter:label1\" content=\"Tiempo de lectura\" \/>\n\t<meta name=\"twitter:data1\" content=\"1 minuto\" \/>\n<script type=\"application\/ld+json\" class=\"yoast-schema-graph\">{\"@context\":\"https:\\\/\\\/schema.org\",\"@graph\":[{\"@type\":\"WebPage\",\"@id\":\"https:\\\/\\\/imperioelectrodomesticos.uy\\\/index.php\\\/producto\\\/extractor-soler-palau\\\/\",\"url\":\"https:\\\/\\\/imperioelectrodomesticos.uy\\\/index.php\\\/producto\\\/extractor-soler-palau\\\/\",\"name\":\"Extractor SOLER & PALAU Decor 300C para ba\u00f1o - Imperio Electrodom\u00e9sticos\",\"isPartOf\":{\"@id\":\"https:\\\/\\\/imperioelectrodomesticos.uy\\\/#website\"},\"primaryImageOfPage\":{\"@id\":\"https:\\\/\\\/imperioelectrodomesticos.uy\\\/index.php\\\/producto\\\/extractor-soler-palau\\\/#primaryimage\"},\"image\":{\"@id\":\"https:\\\/\\\/imperioelectrodomesticos.uy\\\/index.php\\\/producto\\\/extractor-soler-palau\\\/#primaryimage\"},\"thumbnailUrl\":\"https:\\\/\\\/imperioelectrodomesticos.uy\\\/wp-content\\\/uploads\\\/2025\\\/03\\\/Extractor-Para-Ventanas-O-Pared-Soler-Palau-Decor-300c-Ub.jpg\",\"datePublished\":\"2025-03-11T17:50:03+00:00\",\"dateModified\":\"2025-05-17T13:55:14+00:00\",\"breadcrumb\":{\"@id\":\"https:\\\/\\\/imperioelectrodomesticos.uy\\\/index.php\\\/producto\\\/extractor-soler-palau\\\/#breadcrumb\"},\"inLanguage\":\"es\",\"potentialAction\":[{\"@type\":\"ReadAction\",\"target\":[\"https:\\\/\\\/imperioelectrodomesticos.uy\\\/index.php\\\/producto\\\/extractor-soler-palau\\\/\"]}]},{\"@type\":\"ImageObject\",\"inLanguage\":\"es\",\"@id\":\"https:\\\/\\\/imperioelectrodomesticos.uy\\\/index.php\\\/producto\\\/extractor-soler-palau\\\/#primaryimage\",\"url\":\"https:\\\/\\\/imperioelectrodomesticos.uy\\\/wp-content\\\/uploads\\\/2025\\\/03\\\/Extractor-Para-Ventanas-O-Pared-Soler-Palau-Decor-300c-Ub.jpg\",\"contentUrl\":\"https:\\\/\\\/imperioelectrodomesticos.uy\\\/wp-content\\\/uploads\\\/2025\\\/03\\\/Extractor-Para-Ventanas-O-Pared-Soler-Palau-Decor-300c-Ub.jpg\",\"width\":1200,\"height\":1200},{\"@type\":\"BreadcrumbList\",\"@id\":\"https:\\\/\\\/imperioelectrodomesticos.uy\\\/index.php\\\/producto\\\/extractor-soler-palau\\\/#breadcrumb\",\"itemListElement\":[{\"@type\":\"ListItem\",\"position\":1,\"name\":\"Portada\",\"item\":\"https:\\\/\\\/imperioelectrodomesticos.uy\\\/\"},{\"@type\":\"ListItem\",\"position\":2,\"name\":\"Tienda\",\"item\":\"https:\\\/\\\/imperioelectrodomesticos.uy\\\/index.php\\\/tienda\\\/\"},{\"@type\":\"ListItem\",\"position\":3,\"name\":\"Extractor SOLER &#038; PALAU Decor 300C para ba\u00f1o\"}]},{\"@type\":\"WebSite\",\"@id\":\"https:\\\/\\\/imperioelectrodomesticos.uy\\\/#website\",\"url\":\"https:\\\/\\\/imperioelectrodomesticos.uy\\\/\",\"name\":\"Imperio Electrodom\u00e9sticos\",\"description\":\"Todo en electrodom\u00e9sticos y art\u00edculos para el hogar\",\"publisher\":{\"@id\":\"https:\\\/\\\/imperioelectrodomesticos.uy\\\/#organization\"},\"alternateName\":\"Imperio Electrodom\u00e9sticos\",\"potentialAction\":[{\"@type\":\"SearchAction\",\"target\":{\"@type\":\"EntryPoint\",\"urlTemplate\":\"https:\\\/\\\/imperioelectrodomesticos.uy\\\/?s={search_term_string}\"},\"query-input\":{\"@type\":\"PropertyValueSpecification\",\"valueRequired\":true,\"valueName\":\"search_term_string\"}}],\"inLanguage\":\"es\"},{\"@type\":\"Organization\",\"@id\":\"https:\\\/\\\/imperioelectrodomesticos.uy\\\/#organization\",\"name\":\"Imperio Electrodom\u00e9sticos\",\"url\":\"https:\\\/\\\/imperioelectrodomesticos.uy\\\/\",\"logo\":{\"@type\":\"ImageObject\",\"inLanguage\":\"es\",\"@id\":\"https:\\\/\\\/imperioelectrodomesticos.uy\\\/#\\\/schema\\\/logo\\\/image\\\/\",\"url\":\"https:\\\/\\\/imperioelectrodomesticos.uy\\\/wp-content\\\/uploads\\\/2025\\\/03\\\/cropped-ELECTRODOMESTICOS-3.png\",\"contentUrl\":\"https:\\\/\\\/imperioelectrodomesticos.uy\\\/wp-content\\\/uploads\\\/2025\\\/03\\\/cropped-ELECTRODOMESTICOS-3.png\",\"width\":1080,\"height\":245,\"caption\":\"Imperio Electrodom\u00e9sticos\"},\"image\":{\"@id\":\"https:\\\/\\\/imperioelectrodomesticos.uy\\\/#\\\/schema\\\/logo\\\/image\\\/\"},\"sameAs\":[\"https:\\\/\\\/www.facebook.com\\\/imperioelectrodomesticos\\\/\",\"https:\\\/\\\/www.instagram.com\\\/imperioelectrodomesticos.uy\\\/\"]}]}<\/script>\n<!-- \/ Yoast SEO plugin. -->","yoast_head_json":{"title":"Extractor SOLER & PALAU Decor 300C para ba\u00f1o - Imperio Electrodom\u00e9sticos","robots":{"index":"index","follow":"follow","max-snippet":"max-snippet:-1","max-image-preview":"max-image-preview:large","max-video-preview":"max-video-preview:-1"},"canonical":"https:\/\/imperioelectrodomesticos.uy\/index.php\/producto\/extractor-soler-palau\/","og_locale":"es_ES","og_type":"article","og_title":"Extractor SOLER & PALAU Decor 300C para ba\u00f1o - Imperio Electrodom\u00e9sticos","og_description":"El Extractor Para Ventanas O Pared Soler &amp; Palau Decor 300c Ub es un dispositivo de ventilaci\u00f3n de alta eficiencia dise\u00f1ado para su instalaci\u00f3n en una variedad de entornos. Con un caudal impresionante de 280 m3\/h y una perforaci\u00f3n est\u00e1ndar de 150mm, este extractor es ideal tanto para vidrio como para pared, asegurando una integraci\u00f3n perfecta en cualquier espacio. La marca Soler &amp; Palau, reconocida por su calidad y durabilidad, garantiza un producto de l\u00ednea profesional que se adapta a las necesidades de ventilaci\u00f3n m\u00e1s exigentes. El modelo DECOR-300C no solo mejora la calidad del aire, sino que tambi\u00e9n cuenta con una compuerta antirretorno inteligente que impide la entrada de aire externo y la p\u00e9rdida de calefacci\u00f3n cuando no est\u00e1 en uso, abri\u00e9ndose \u00fanicamente con la presi\u00f3n del aire durante su funcionamiento. Este extractor es la soluci\u00f3n ideal para mantener un ambiente confortable y libre de humedad o malos olores.","og_url":"https:\/\/imperioelectrodomesticos.uy\/index.php\/producto\/extractor-soler-palau\/","og_site_name":"Imperio Electrodom\u00e9sticos","article_publisher":"https:\/\/www.facebook.com\/imperioelectrodomesticos\/","article_modified_time":"2025-05-17T13:55:14+00:00","og_image":[{"width":1200,"height":1200,"url":"https:\/\/imperioelectrodomesticos.uy\/wp-content\/uploads\/2025\/03\/Extractor-Para-Ventanas-O-Pared-Soler-Palau-Decor-300c-Ub.jpg","type":"image\/jpeg"}],"twitter_card":"summary_large_image","twitter_misc":{"Tiempo de lectura":"1 minuto"},"schema":{"@context":"https:\/\/schema.org","@graph":[{"@type":"WebPage","@id":"https:\/\/imperioelectrodomesticos.uy\/index.php\/producto\/extractor-soler-palau\/","url":"https:\/\/imperioelectrodomesticos.uy\/index.php\/producto\/extractor-soler-palau\/","name":"Extractor SOLER & PALAU Decor 300C para ba\u00f1o - Imperio Electrodom\u00e9sticos","isPartOf":{"@id":"https:\/\/imperioelectrodomesticos.uy\/#website"},"primaryImageOfPage":{"@id":"https:\/\/imperioelectrodomesticos.uy\/index.php\/producto\/extractor-soler-palau\/#primaryimage"},"image":{"@id":"https:\/\/imperioelectrodomesticos.uy\/index.php\/producto\/extractor-soler-palau\/#primaryimage"},"thumbnailUrl":"https:\/\/imperioelectrodomesticos.uy\/wp-content\/uploads\/2025\/03\/Extractor-Para-Ventanas-O-Pared-Soler-Palau-Decor-300c-Ub.jpg","datePublished":"2025-03-11T17:50:03+00:00","dateModified":"2025-05-17T13:55:14+00:00","breadcrumb":{"@id":"https:\/\/imperioelectrodomesticos.uy\/index.php\/producto\/extractor-soler-palau\/#breadcrumb"},"inLanguage":"es","potentialAction":[{"@type":"ReadAction","target":["https:\/\/imperioelectrodomesticos.uy\/index.php\/producto\/extractor-soler-palau\/"]}]},{"@type":"ImageObject","inLanguage":"es","@id":"https:\/\/imperioelectrodomesticos.uy\/index.php\/producto\/extractor-soler-palau\/#primaryimage","url":"https:\/\/imperioelectrodomesticos.uy\/wp-content\/uploads\/2025\/03\/Extractor-Para-Ventanas-O-Pared-Soler-Palau-Decor-300c-Ub.jpg","contentUrl":"https:\/\/imperioelectrodomesticos.uy\/wp-content\/uploads\/2025\/03\/Extractor-Para-Ventanas-O-Pared-Soler-Palau-Decor-300c-Ub.jpg","width":1200,"height":1200},{"@type":"BreadcrumbList","@id":"https:\/\/imperioelectrodomesticos.uy\/index.php\/producto\/extractor-soler-palau\/#breadcrumb","itemListElement":[{"@type":"ListItem","position":1,"name":"Portada","item":"https:\/\/imperioelectrodomesticos.uy\/"},{"@type":"ListItem","position":2,"name":"Tienda","item":"https:\/\/imperioelectrodomesticos.uy\/index.php\/tienda\/"},{"@type":"ListItem","position":3,"name":"Extractor SOLER &#038; PALAU Decor 300C para ba\u00f1o"}]},{"@type":"WebSite","@id":"https:\/\/imperioelectrodomesticos.uy\/#website","url":"https:\/\/imperioelectrodomesticos.uy\/","name":"Imperio Electrodom\u00e9sticos","description":"Todo en electrodom\u00e9sticos y art\u00edculos para el hogar","publisher":{"@id":"https:\/\/imperioelectrodomesticos.uy\/#organization"},"alternateName":"Imperio Electrodom\u00e9sticos","potentialAction":[{"@type":"SearchAction","target":{"@type":"EntryPoint","urlTemplate":"https:\/\/imperioelectrodomesticos.uy\/?s={search_term_string}"},"query-input":{"@type":"PropertyValueSpecification","valueRequired":true,"valueName":"search_term_string"}}],"inLanguage":"es"},{"@type":"Organization","@id":"https:\/\/imperioelectrodomesticos.uy\/#organization","name":"Imperio Electrodom\u00e9sticos","url":"https:\/\/imperioelectrodomesticos.uy\/","logo":{"@type":"ImageObject","inLanguage":"es","@id":"https:\/\/imperioelectrodomesticos.uy\/#\/schema\/logo\/image\/","url":"https:\/\/imperioelectrodomesticos.uy\/wp-content\/uploads\/2025\/03\/cropped-ELECTRODOMESTICOS-3.png","contentUrl":"https:\/\/imperioelectrodomesticos.uy\/wp-content\/uploads\/2025\/03\/cropped-ELECTRODOMESTICOS-3.png","width":1080,"height":245,"caption":"Imperio Electrodom\u00e9sticos"},"image":{"@id":"https:\/\/imperioelectrodomesticos.uy\/#\/schema\/logo\/image\/"},"sameAs":["https:\/\/www.facebook.com\/imperioelectrodomesticos\/","https:\/\/www.instagram.com\/imperioelectrodomesticos.uy\/"]}]}},"_links":{"self":[{"href":"https:\/\/imperioelectrodomesticos.uy\/index.php\/wp-json\/wp\/v2\/product\/1285","targetHints":{"allow":["GET"]}}],"collection":[{"href":"https:\/\/imperioelectrodomesticos.uy\/index.php\/wp-json\/wp\/v2\/product"}],"about":[{"href":"https:\/\/imperioelectrodomesticos.uy\/index.php\/wp-json\/wp\/v2\/types\/product"}],"wp:featuredmedia":[{"embeddable":true,"href":"https:\/\/imperioelectrodomesticos.uy\/index.php\/wp-json\/wp\/v2\/media\/1081"}],"wp:attachment":[{"href":"https:\/\/imperioelectrodomesticos.uy\/index.php\/wp-json\/wp\/v2\/media?parent=1285"}],"wp:term":[{"taxonomy":"product_brand","embeddable":true,"href":"https:\/\/imperioelectrodomesticos.uy\/index.php\/wp-json\/wp\/v2\/product_brand?post=1285"},{"taxonomy":"product_cat","embeddable":true,"href":"https:\/\/imperioelectrodomesticos.uy\/index.php\/wp-json\/wp\/v2\/product_cat?post=1285"},{"taxonomy":"product_tag","embeddable":true,"href":"https:\/\/imperioelectrodomesticos.uy\/index.php\/wp-json\/wp\/v2\/product_tag?post=1285"}],"curies":[{"name":"wp","href":"https:\/\/api.w.org\/{rel}","templated":true}]}}